{"id":622,"date":"2021-08-15T06:31:18","date_gmt":"2021-08-15T06:31:18","guid":{"rendered":"https:\/\/vibetrace.com\/blog\/?page_id=622"},"modified":"2025-03-17T15:16:54","modified_gmt":"2025-03-17T15:16:54","slug":"marketing-automation-integrations","status":"publish","type":"page","link":"https:\/\/vibetrace.com\/ro\/marketing-automatizare-integrari\/","title":{"rendered":"Integrari"},"content":{"rendered":"<div class=\"gb-container gb-container-c2b4f7f7\"><div class=\"gb-inside-container\">\n<div class=\"gb-grid-wrapper gb-grid-wrapper-6934b972\">\n<div class=\"gb-grid-column gb-grid-column-75c68282\"><div class=\"gb-container gb-container-75c68282\"><div class=\"gb-inside-container\">\n\n<h1 class=\"gb-headline gb-headline-91eb2c2e gb-headline-text\">Ad\u0103uga\u021bi automatizarea de marketing \u00een magazinul de comer\u021b electronic<\/h1>\n\n\n\n<p>Integrare cu cele mai comune platforme de comer\u021b electronic folosind module, pluginuri, extensii sau aplica\u021bii.<\/p>\n\n\n\n<p>Dac\u0103 ale tale<strong> platforma de comert electronic<\/strong> nu este listat contactati-ne pentru a o finaliza! <\/p>\n\n\n\n<p>Toate integr\u0103rile sunt furnizate<strong> gratuit ca caracteristici complementare<\/strong>. De\u0219i aceste integr\u0103ri \u00eembun\u0103t\u0103\u021besc func\u021bionalitatea, ele sunt oferite \u201eca atare\u201d \u0219i nu sunt acoperite de asisten\u021ba sau garan\u021bia noastr\u0103.<br><br><br><br><\/p>\n\n<\/div><\/div><\/div>\n\n<div class=\"gb-grid-column gb-grid-column-829ccd04\"><div class=\"gb-container gb-container-829ccd04\"><div class=\"gb-inside-container\">\n\n<figure class=\"wp-block-image size-full\"><img loading=\"lazy\" decoding=\"async\" width=\"976\" height=\"1019\" src=\"https:\/\/vibetrace.com\/blog\/wp-content\/uploads\/2021\/08\/integration2.webp\" alt=\"\" class=\"wp-image-637\" srcset=\"https:\/\/vibetrace.com\/wp-content\/uploads\/2021\/08\/integration2.webp 976w, https:\/\/vibetrace.com\/wp-content\/uploads\/2021\/08\/integration2-287x300.webp 287w, https:\/\/vibetrace.com\/wp-content\/uploads\/2021\/08\/integration2-768x802.webp 768w\" sizes=\"auto, (max-width: 976px) 100vw, 976px\" \/><\/figure>\n\n<\/div><\/div><\/div>\n<\/div>\n<\/div><\/div>\n\n<div class=\"gb-container gb-container-66ff8dcf\"><div class=\"gb-inside-container\">\n<div class=\"gb-grid-wrapper gb-grid-wrapper-45051440\">\n<div class=\"gb-grid-column gb-grid-column-06d791a0\"><div class=\"gb-container gb-container-06d791a0\"><div class=\"gb-inside-container\">\n\n<figure class=\"wp-block-image size-large\"><img loading=\"lazy\" decoding=\"async\" width=\"1024\" height=\"1012\" src=\"https:\/\/vibetrace.com\/blog\/wp-content\/uploads\/2021\/08\/integrations-1024x1012.webp\" alt=\"\" class=\"wp-image-638\" srcset=\"https:\/\/vibetrace.com\/wp-content\/uploads\/2021\/08\/integrations-1024x1012.webp 1024w, https:\/\/vibetrace.com\/wp-content\/uploads\/2021\/08\/integrations-300x297.webp 300w, https:\/\/vibetrace.com\/wp-content\/uploads\/2021\/08\/integrations-768x759.webp 768w, https:\/\/vibetrace.com\/wp-content\/uploads\/2021\/08\/integrations.webp 1056w\" sizes=\"auto, (max-width: 1024px) 100vw, 1024px\" \/><\/figure>\n\n<\/div><\/div><\/div>\n\n<div class=\"gb-grid-column gb-grid-column-e54bac35\"><div class=\"gb-container gb-container-e54bac35\"><div class=\"gb-inside-container\">\n\n<h2 class=\"wp-block-heading\">Toate func\u021biile \u00een doar c\u00e2teva clicuri<\/h2>\n\n\n\n<p>Comunica\u021bi cu clien\u021bii dvs. prin cele mai eficiente canale:<\/p>\n\n\n\n<ul class=\"wp-block-list\">\n<li>marketing prin e-mail<\/li>\n\n\n\n<li>notific\u0103ri webpush<\/li>\n\n\n\n<li>Marketing prin SMS<\/li>\n<\/ul>\n\n\n\n<p>Personaliza\u021bi site-ul web cu:<\/p>\n\n\n\n<ul class=\"wp-block-list\">\n<li>editor inteligent de con\u021binut<\/li>\n\n\n\n<li>recomandari de produse<\/li>\n<\/ul>\n\n\n\n<p>Ghida\u021bi utilizatorii s\u0103 cumpere:<\/p>\n\n\n\n<ul class=\"wp-block-list\">\n<li>mesaje dinamice<\/li>\n\n\n\n<li>ferestre pop-up sau widget-uri<\/li>\n<\/ul>\n\n\n\n<p>Segmentarea clien\u021bilor<\/p>\n\n\n\n<ul class=\"wp-block-list\">\n<li>liste de destinatari<\/li>\n\n\n\n<li>segmente dinamice<\/li>\n\n\n\n<li>audiente inteligente<\/li>\n<\/ul>\n\n<\/div><\/div><\/div>\n<\/div>\n<\/div><\/div>\n\n<div class=\"gb-container gb-container-79335e6f\"><div class=\"gb-inside-container\">\n<div class=\"gb-grid-wrapper gb-grid-wrapper-cad3b67f\">\n<div class=\"gb-grid-column gb-grid-column-300cbee3\"><div class=\"gb-container gb-container-300cbee3\"><div class=\"gb-inside-container\">\n\n<figure class=\"wp-block-image size-large\"><img loading=\"lazy\" decoding=\"async\" width=\"1024\" height=\"506\" src=\"https:\/\/vibetrace.com\/blog\/wp-content\/uploads\/2021\/08\/woocommerce-1024x506.webp\" alt=\"\" class=\"wp-image-25\" srcset=\"https:\/\/vibetrace.com\/wp-content\/uploads\/2021\/08\/woocommerce-1024x506.webp 1024w, https:\/\/vibetrace.com\/wp-content\/uploads\/2021\/08\/woocommerce-300x148.webp 300w, https:\/\/vibetrace.com\/wp-content\/uploads\/2021\/08\/woocommerce-768x379.webp 768w, https:\/\/vibetrace.com\/wp-content\/uploads\/2021\/08\/woocommerce.webp 1029w\" sizes=\"auto, (max-width: 1024px) 100vw, 1024px\" \/><\/figure>\n\n<\/div><\/div><\/div>\n\n<div class=\"gb-grid-column gb-grid-column-dd51dc00\"><div class=\"gb-container gb-container-dd51dc00\"><div class=\"gb-inside-container\">\n\n<figure class=\"wp-block-image size-large\"><img loading=\"lazy\" decoding=\"async\" width=\"1024\" height=\"222\" src=\"https:\/\/vibetrace.com\/blog\/wp-content\/uploads\/2021\/08\/prestashop-1024x222.webp\" alt=\"\" class=\"wp-image-17\" srcset=\"https:\/\/vibetrace.com\/wp-content\/uploads\/2021\/08\/prestashop-1024x222.webp 1024w, https:\/\/vibetrace.com\/wp-content\/uploads\/2021\/08\/prestashop-300x65.webp 300w, https:\/\/vibetrace.com\/wp-content\/uploads\/2021\/08\/prestashop-768x166.webp 768w, https:\/\/vibetrace.com\/wp-content\/uploads\/2021\/08\/prestashop.webp 1174w\" sizes=\"auto, (max-width: 1024px) 100vw, 1024px\" \/><\/figure>\n\n<\/div><\/div><\/div>\n\n<div class=\"gb-grid-column gb-grid-column-bb3d2f62\"><div class=\"gb-container gb-container-bb3d2f62\"><div class=\"gb-inside-container\">\n\n<figure class=\"wp-block-image size-large\"><img loading=\"lazy\" decoding=\"async\" width=\"1024\" height=\"362\" src=\"https:\/\/vibetrace.com\/blog\/wp-content\/uploads\/2021\/08\/magento-1024x362.webp\" alt=\"\" class=\"wp-image-15\" srcset=\"https:\/\/vibetrace.com\/wp-content\/uploads\/2021\/08\/magento-1024x362.webp 1024w, https:\/\/vibetrace.com\/wp-content\/uploads\/2021\/08\/magento-300x106.webp 300w, https:\/\/vibetrace.com\/wp-content\/uploads\/2021\/08\/magento-768x271.webp 768w, https:\/\/vibetrace.com\/wp-content\/uploads\/2021\/08\/magento.webp 1283w\" sizes=\"auto, (max-width: 1024px) 100vw, 1024px\" \/><\/figure>\n\n<\/div><\/div><\/div>\n\n<div class=\"gb-grid-column gb-grid-column-d55643e5\"><div class=\"gb-container gb-container-d55643e5\"><div class=\"gb-inside-container\">\n\n<figure class=\"wp-block-image size-full\"><img loading=\"lazy\" decoding=\"async\" width=\"939\" height=\"507\" src=\"https:\/\/vibetrace.com\/blog\/wp-content\/uploads\/2021\/08\/opencart.webp\" alt=\"\" class=\"wp-image-16\" srcset=\"https:\/\/vibetrace.com\/wp-content\/uploads\/2021\/08\/opencart.webp 939w, https:\/\/vibetrace.com\/wp-content\/uploads\/2021\/08\/opencart-300x162.webp 300w, https:\/\/vibetrace.com\/wp-content\/uploads\/2021\/08\/opencart-768x415.webp 768w\" sizes=\"auto, (max-width: 939px) 100vw, 939px\" \/><\/figure>\n\n<\/div><\/div><\/div>\n\n<div class=\"gb-grid-column gb-grid-column-da51a487\"><div class=\"gb-container gb-container-da51a487\"><div class=\"gb-inside-container\">\n\n<figure class=\"wp-block-image size-large\"><img loading=\"lazy\" decoding=\"async\" width=\"1024\" height=\"367\" src=\"https:\/\/vibetrace.com\/blog\/wp-content\/uploads\/2021\/08\/shopify-gray-1024x367.webp\" alt=\"\" class=\"wp-image-20\" srcset=\"https:\/\/vibetrace.com\/wp-content\/uploads\/2021\/08\/shopify-gray-1024x367.webp 1024w, https:\/\/vibetrace.com\/wp-content\/uploads\/2021\/08\/shopify-gray-300x108.webp 300w, https:\/\/vibetrace.com\/wp-content\/uploads\/2021\/08\/shopify-gray-768x276.webp 768w, https:\/\/vibetrace.com\/wp-content\/uploads\/2021\/08\/shopify-gray.webp 1098w\" sizes=\"auto, (max-width: 1024px) 100vw, 1024px\" \/><\/figure>\n\n<\/div><\/div><\/div>\n<\/div>\n<\/div><\/div>\n\n<div class=\"gb-container gb-container-88195033\"><div class=\"gb-inside-container\">\n<div class=\"gb-grid-wrapper gb-grid-wrapper-33b1bbe2\">\n<div class=\"gb-grid-column gb-grid-column-f7e248d5\"><div class=\"gb-container gb-container-f7e248d5\"><div class=\"gb-inside-container\">\n\n<h2 class=\"wp-block-heading has-text-align-center\">Integrari cu platformele de comert electronic<\/h2>\n\n<\/div><\/div><\/div>\n<\/div>\n<\/div><\/div>\n\n<div class=\"gb-container gb-container-c61238a2\"><div class=\"gb-inside-container\">\n<div class=\"gb-grid-wrapper gb-grid-wrapper-26ab5a29\">\n<div class=\"gb-grid-column gb-grid-column-425d553b\"><div class=\"gb-container gb-container-425d553b\"><div class=\"gb-inside-container\">\n\n<figure class=\"wp-block-image size-large is-resized\"><img loading=\"lazy\" decoding=\"async\" width=\"150\" height=\"42\" src=\"https:\/\/vibetrace.com\/wp-content\/uploads\/2022\/05\/Shopify_logo_2018-1-2.svg\" alt=\"\" class=\"wp-image-14398\" style=\"width:292px;height:82px\"\/><\/figure>\n\n<\/div><\/div><\/div>\n\n<div class=\"gb-grid-column gb-grid-column-b2657ce2\"><div class=\"gb-container gb-container-b2657ce2\"><div class=\"gb-inside-container\">\n\n<h3 class=\"gb-headline gb-headline-0f4f80ed gb-headline-text\">Shopify \u0219i Shopify Plus<\/h3>\n\n\n\n<p>Integrarea Shopify cu Vibetrace va automatiza urm\u0103toarele:<\/p>\n\n\n\n<ul class=\"wp-block-list\">\n<li>Urm\u0103rirea evenimentelor<\/li>\n\n\n\n<li>Date de catalog de produse<\/li>\n\n\n\n<li>Informa\u021bii de profil<\/li>\n\n\n\n<li>Clien\u021bi existen\u021bi (la cerere)<\/li>\n<\/ul>\n\n<\/div><\/div><\/div>\n<\/div>\n<\/div><\/div>\n\n<div class=\"gb-container gb-container-c96be2fe\"><div class=\"gb-inside-container\">\n\n<hr class=\"wp-block-separator has-alpha-channel-opacity\"\/>\n\n\n<div class=\"gb-grid-wrapper gb-grid-wrapper-c3b7a8ac\">\n<div class=\"gb-grid-column gb-grid-column-0e78139e\"><div class=\"gb-container gb-container-0e78139e\"><div class=\"gb-inside-container\">\n\n<figure class=\"wp-block-image size-large is-resized\"><img loading=\"lazy\" decoding=\"async\" width=\"206\" height=\"34\" src=\"https:\/\/vibetrace.com\/wp-content\/uploads\/2022\/05\/prestashop-seeklogo.com-1.svg\" alt=\"\" class=\"wp-image-14394\" style=\"width:307px;height:51px\"\/><\/figure>\n\n<\/div><\/div><\/div>\n\n<div class=\"gb-grid-column gb-grid-column-3bc085dd\"><div class=\"gb-container gb-container-3bc085dd\"><div class=\"gb-inside-container\">\n\n<h3 class=\"gb-headline gb-headline-d796b85e gb-headline-text\">Prestashop <\/h3>\n\n\n\n<p>Vibetrace ofer\u0103 un plugin Prestashop pentru integrare<\/p>\n\n\n\n<ul class=\"wp-block-list\">\n<li>Urm\u0103rirea evenimentelor<\/li>\n\n\n\n<li>Date de catalog de produse<\/li>\n\n\n\n<li>Informa\u021bii de profil<\/li>\n\n\n\n<li>Clien\u021bi existen\u021bi (la cerere)<\/li>\n<\/ul>\n\n<\/div><\/div><\/div>\n<\/div>\n<\/div><\/div>\n\n<div class=\"gb-container gb-container-8df60b3e\"><div class=\"gb-inside-container\">\n\n<hr class=\"wp-block-separator has-alpha-channel-opacity\"\/>\n\n\n<div class=\"gb-grid-wrapper gb-grid-wrapper-255b595a\">\n<div class=\"gb-grid-column gb-grid-column-6dab3a8f\"><div class=\"gb-container gb-container-6dab3a8f\"><div class=\"gb-inside-container\">\n\n<figure class=\"wp-block-image size-large is-resized\"><img loading=\"lazy\" decoding=\"async\" width=\"1200\" height=\"800\" src=\"https:\/\/vibetrace.com\/wp-content\/uploads\/2022\/11\/Magento-Logo.wine_.svg\" alt=\"\" class=\"wp-image-15552\" style=\"width:372px;height:248px\"\/><\/figure>\n\n<\/div><\/div><\/div>\n\n<div class=\"gb-grid-column gb-grid-column-f3c0ee94\"><div class=\"gb-container gb-container-f3c0ee94\"><div class=\"gb-inside-container\">\n\n<h3 class=\"gb-headline gb-headline-ecdc5bde gb-headline-text\">Magento <\/h3>\n\n\n\n<p>Vibetrace ofer\u0103 o extensie Magento pentru integrare. Suport\u0103 \u0219i versiunea 1.9, precum \u0219i 2.x, folosind diferite versiuni ale extensiei<\/p>\n\n\n\n<ul class=\"wp-block-list\">\n<li>Urm\u0103rirea evenimentelor<\/li>\n\n\n\n<li>Date de catalog de produse<\/li>\n\n\n\n<li>Informa\u021bii de profil<\/li>\n\n\n\n<li>Clien\u021bi existen\u021bi (la cerere)<\/li>\n<\/ul>\n\n\n\n<p>De asemenea, func\u021bioneaz\u0103 cu mai multe site-uri \u00een Magento.<\/p>\n\n<\/div><\/div><\/div>\n<\/div>\n<\/div><\/div>\n\n<div class=\"gb-container gb-container-1fa2f518\"><div class=\"gb-inside-container\">\n\n<hr class=\"wp-block-separator has-alpha-channel-opacity\"\/>\n\n\n<div class=\"gb-grid-wrapper gb-grid-wrapper-c83823d2\">\n<div class=\"gb-grid-column gb-grid-column-7a2cf2d3\"><div class=\"gb-container gb-container-7a2cf2d3\"><div class=\"gb-inside-container\">\n\n<figure class=\"wp-block-image size-large is-resized\"><img loading=\"lazy\" decoding=\"async\" width=\"1200\" height=\"800\" src=\"https:\/\/vibetrace.com\/wp-content\/uploads\/2022\/11\/OpenCart-Logo.wine_.svg\" alt=\"\" class=\"wp-image-15551\" style=\"width:342px;height:228px\"\/><\/figure>\n\n<\/div><\/div><\/div>\n\n<div class=\"gb-grid-column gb-grid-column-d0eef0d4\"><div class=\"gb-container gb-container-d0eef0d4\"><div class=\"gb-inside-container\">\n\n<h3 class=\"gb-headline gb-headline-e125f7c2 gb-headline-text\">Opencart <\/h3>\n\n\n\n<p>Vibetrace asigur\u0103 integrarea cu Opencart printr-un modul dedicat. Dac\u0103 rula\u021bi pe Opencart 2.x sau 3.x ar trebui s\u0103 face\u021bi f\u0103r\u0103 probleme. U\u0219or de instalat \u0219i configurat.<\/p>\n\n\n\n<ul class=\"wp-block-list\">\n<li>Urm\u0103rirea evenimentelor<\/li>\n\n\n\n<li>Date de catalog de produse<\/li>\n\n\n\n<li>Informa\u021bii de profil<\/li>\n\n\n\n<li>Clien\u021bi existen\u021bi (la cerere)<\/li>\n<\/ul>\n\n\n\n<p><\/p>\n\n<\/div><\/div><\/div>\n<\/div>\n<\/div><\/div>\n\n<div class=\"gb-container gb-container-4be5ca6f\"><div class=\"gb-inside-container\">\n\n<hr class=\"wp-block-separator has-alpha-channel-opacity\"\/>\n\n\n<div class=\"gb-grid-wrapper gb-grid-wrapper-3f3fde5f\">\n<div class=\"gb-grid-column gb-grid-column-a32a6fb4\"><div class=\"gb-container gb-container-a32a6fb4\"><div class=\"gb-inside-container\">\n\n<figure class=\"wp-block-image size-large is-resized\"><img loading=\"lazy\" decoding=\"async\" width=\"1200\" height=\"800\" src=\"https:\/\/vibetrace.com\/wp-content\/uploads\/2022\/11\/WordPress-Logo.wine_.svg\" alt=\"\" class=\"wp-image-15554\" style=\"width:246px;height:164px\"\/><\/figure>\n\n\n\n<figure class=\"wp-block-image size-large is-resized\"><img loading=\"lazy\" decoding=\"async\" width=\"1200\" height=\"800\" src=\"https:\/\/vibetrace.com\/wp-content\/uploads\/2022\/11\/WooCommerce-Logo.wine_.svg\" alt=\"\" class=\"wp-image-15553\" style=\"width:201px;height:134px\"\/><\/figure>\n\n<\/div><\/div><\/div>\n\n<div class=\"gb-grid-column gb-grid-column-727900f3\"><div class=\"gb-container gb-container-727900f3\"><div class=\"gb-inside-container\">\n\n<h3 class=\"gb-headline gb-headline-d413c56c gb-headline-text\">WordPress + Woocommerce<\/h3>\n\n\n\n<p>Dac\u0103 \u00ee\u021bi administrezi magazinul online pe WordPress + Woocommerce ai 2 module. Unul care func\u021bioneaz\u0103 numai pe site-urile WordPress (f\u0103r\u0103 catalog de produse) \u0219i unul pentru Woocommerce (catalog de produse \u0219i op\u021biuni de comer\u021b electronic)<\/p>\n\n\n\n<ul class=\"wp-block-list\">\n<li>Urm\u0103rirea evenimentelor<\/li>\n\n\n\n<li>Date de catalog de produse<\/li>\n\n\n\n<li>Informa\u021bii de profil<\/li>\n<\/ul>\n\n\n\n<p><\/p>\n\n<\/div><\/div><\/div>\n<\/div>\n<\/div><\/div>\n\n<div class=\"gb-container gb-container-4405b082\"><div class=\"gb-inside-container\">\n\n<hr class=\"wp-block-separator has-alpha-channel-opacity\"\/>\n\n\n<div class=\"gb-grid-wrapper gb-grid-wrapper-c42c355e\">\n<div class=\"gb-grid-column gb-grid-column-f1a07a3e\"><div class=\"gb-container gb-container-f1a07a3e\"><div class=\"gb-inside-container\">\n\n<p>Personalizat <\/p>\n\n<\/div><\/div><\/div>\n\n<div class=\"gb-grid-column gb-grid-column-d3629e29\"><div class=\"gb-container gb-container-d3629e29\"><div class=\"gb-inside-container\">\n\n<h3 class=\"gb-headline gb-headline-e9d8c645 gb-headline-text\">Platform\u0103 personalizat\u0103\/alt\u0103<\/h3>\n\n\n\n<p>Dac\u0103 afacerea dvs. digital\u0103 ruleaz\u0103 pe un alt CMS \u0219i dori\u021bi s\u0103 ad\u0103uga\u021bi Vibetrace Marketing Automation, o putem face (gratuit sau contra cost)<\/p>\n\n\n\n<ul class=\"wp-block-list\">\n<li>Date de catalog de produse<\/li>\n\n\n\n<li>TagManager (integrare JS)<\/li>\n\n\n\n<li>Sincronizarea catalogului de produse<\/li>\n<\/ul>\n\n<\/div><\/div><\/div>\n<\/div>\n<\/div><\/div>\n\n<div class=\"gb-container gb-container-6d36e379\"><div class=\"gb-inside-container\">\n<div class=\"gb-grid-wrapper gb-grid-wrapper-4031ee55\">\n<div class=\"gb-grid-column gb-grid-column-477fa7aa\"><div class=\"gb-container gb-container-477fa7aa\"><div class=\"gb-inside-container\"><\/div><\/div><\/div>\n\n<div class=\"gb-grid-column gb-grid-column-52199f6e\"><div class=\"gb-container gb-container-52199f6e\"><div class=\"gb-inside-container\">\n\n<h2 class=\"gb-headline gb-headline-05fa8b4f gb-headline-text\">Nu \u0219tii cum s\u0103 integrezi? Lua\u021bi leg\u0103tura pentru serviciile noastre gestionate.<\/h2>\n\n\n<div class=\"gb-button-wrapper gb-button-wrapper-cfd29e19\">\n\n<span class=\"gb-button gb-button-a75e6e9d gb-button-text vt-register\">Contacta\u0163i-ne<\/span>\n\n<\/div>\n<\/div><\/div><\/div>\n\n<div class=\"gb-grid-column gb-grid-column-b5a6fc58\"><div class=\"gb-container gb-container-b5a6fc58\"><div class=\"gb-inside-container\"><\/div><\/div><\/div>\n<\/div>\n<\/div><\/div>\n\n<div class=\"gb-container gb-container-59dab31f\"><div class=\"gb-inside-container\">\n<div class=\"gb-grid-wrapper gb-grid-wrapper-9273d0ba\">\n<div class=\"gb-grid-column gb-grid-column-280e37c7\"><div class=\"gb-container gb-container-280e37c7\"><div class=\"gb-inside-container\">\n\n<h2 class=\"gb-headline gb-headline-47392e57 gb-headline-text\">Integrari cu alte programe de marketing<\/h2>\n\n<\/div><\/div><\/div>\n<\/div>\n<\/div><\/div>\n\n<div class=\"gb-container gb-container-3fdfc1f1\"><div class=\"gb-inside-container\">\n\n<hr class=\"wp-block-separator has-alpha-channel-opacity\"\/>\n\n\n<div class=\"gb-grid-wrapper gb-grid-wrapper-01dcaa63\">\n<div class=\"gb-grid-column gb-grid-column-7ccb53cb\"><div class=\"gb-container gb-container-7ccb53cb\"><div class=\"gb-inside-container\">\n\n<figure class=\"wp-block-image size-large is-resized\"><img loading=\"lazy\" decoding=\"async\" width=\"113\" height=\"56\" src=\"https:\/\/vibetrace.com\/wp-content\/uploads\/2022\/05\/google_analytics-ar21-1-1-1.svg\" alt=\"\" class=\"wp-image-14423\" style=\"width:214px;height:106px\"\/><\/figure>\n\n<\/div><\/div><\/div>\n\n<div class=\"gb-grid-column gb-grid-column-30b59197\"><div class=\"gb-container gb-container-30b59197\"><div class=\"gb-inside-container\">\n\n<h3 class=\"gb-headline gb-headline-884d9fdb gb-headline-text\">Google Analytics<\/h3>\n\n\n\n<p>Integra\u021bi software-ul nostru de automatizare a marketingului cu Google Analytics pentru:<\/p>\n\n\n\n<ul class=\"wp-block-list\">\n<li>co-urm\u0103rirea parametrilor UTM<\/li>\n\n\n\n<li>Rapoarte de marketing prin e-mail \u00een Google Analytics<\/li>\n\n\n\n<li>Evenimente \u0219i obiective personalizate<\/li>\n\n\n\n<li>Trimiterile de formulare<\/li>\n\n\n\n<li>ID-ul de utilizator<\/li>\n<\/ul>\n\n<\/div><\/div><\/div>\n<\/div>\n<\/div><\/div>\n\n<div class=\"gb-container gb-container-ac072bd4\"><div class=\"gb-inside-container\">\n\n<hr class=\"wp-block-separator has-alpha-channel-opacity\"\/>\n\n\n<div class=\"gb-grid-wrapper gb-grid-wrapper-625db84f\">\n<div class=\"gb-grid-column gb-grid-column-2f75117b\"><div class=\"gb-container gb-container-2f75117b\"><div class=\"gb-inside-container\">\n\n<p>ESP on premise sau personalizat<\/p>\n\n<\/div><\/div><\/div>\n\n<div class=\"gb-grid-column gb-grid-column-6e5ed89f\"><div class=\"gb-container gb-container-6e5ed89f\"><div class=\"gb-inside-container\">\n\n<h3 class=\"gb-headline gb-headline-c1489d92 gb-headline-text\">Furnizorii de servicii de e-mail<\/h3>\n\n\n\n<p>Suport\u0103m integrarea imediat\u0103 cu:<\/p>\n\n\n\n<ul class=\"wp-block-list\">\n<li>Sparkpost<\/li>\n\n\n\n<li>Mandril<\/li>\n\n\n\n<li>Mailgun<\/li>\n\n\n\n<li>Sendgrid<\/li>\n\n\n\n<li>Amazon SES<\/li>\n\n\n\n<li>Netcore (fostul Pepipost)<\/li>\n\n\n\n<li>orice SMTP<\/li>\n<\/ul>\n\n<\/div><\/div><\/div>\n<\/div>\n<\/div><\/div>\n\n<div class=\"gb-container gb-container-4ff70561\"><div class=\"gb-inside-container\">\n\n<hr class=\"wp-block-separator has-alpha-channel-opacity\"\/>\n\n\n<div class=\"gb-grid-wrapper gb-grid-wrapper-f9c740f6\">\n<div class=\"gb-grid-column gb-grid-column-37124722\"><div class=\"gb-container gb-container-37124722\">\n\n<h3 class=\"gb-headline gb-headline-5125b0fa gb-headline-text\">Furnizori de servicii ter\u021bi<\/h3>\n\n\n\n<p>Construim aplica\u021bii personalizate pentru a se integra cu diver\u0219i furnizori de sisteme:<\/p>\n\n\n\n<ul class=\"wp-block-list\">\n<li><a href=\"https:\/\/clarity.microsoft.com\/\" target=\"_blank\" rel=\"noopener\">Microsoft Clarity<\/a><\/li>\n\n\n\n<li><a href=\"https:\/\/profitmetrics.io\/\" target=\"_blank\" rel=\"noopener\">Profitmetrics.io<\/a><\/li>\n\n\n\n<li><a href=\"https:\/\/mailchimp.com\/\" target=\"_blank\" rel=\"noopener\">Mailchimp<\/a><\/li>\n<\/ul>\n\n<\/div><\/div>\n<\/div>\n<\/div><\/div>","protected":false},"excerpt":{"rendered":"","protected":false},"author":9,"featured_media":0,"parent":0,"menu_order":0,"comment_status":"closed","ping_status":"closed","template":"","meta":{"inline_featured_image":false,"footnotes":""},"class_list":["post-622","page","type-page","status-publish"],"_links":{"self":[{"href":"https:\/\/vibetrace.com\/ro\/wp-json\/wp\/v2\/pages\/622","targetHints":{"allow":["GET"]}}],"collection":[{"href":"https:\/\/vibetrace.com\/ro\/wp-json\/wp\/v2\/pages"}],"about":[{"href":"https:\/\/vibetrace.com\/ro\/wp-json\/wp\/v2\/types\/page"}],"author":[{"embeddable":true,"href":"https:\/\/vibetrace.com\/ro\/wp-json\/wp\/v2\/users\/9"}],"replies":[{"embeddable":true,"href":"https:\/\/vibetrace.com\/ro\/wp-json\/wp\/v2\/comments?post=622"}],"version-history":[{"count":3,"href":"https:\/\/vibetrace.com\/ro\/wp-json\/wp\/v2\/pages\/622\/revisions"}],"predecessor-version":[{"id":26724,"href":"https:\/\/vibetrace.com\/ro\/wp-json\/wp\/v2\/pages\/622\/revisions\/26724"}],"wp:attachment":[{"href":"https:\/\/vibetrace.com\/ro\/wp-json\/wp\/v2\/media?parent=622"}],"curies":[{"name":"wp","href":"https:\/\/api.w.org\/{rel}","templated":true}]}}