{"id":600,"date":"2021-08-14T18:19:47","date_gmt":"2021-08-14T18:19:47","guid":{"rendered":"https:\/\/vibetrace.com\/blog\/?page_id=600"},"modified":"2021-08-23T10:37:02","modified_gmt":"2021-08-23T10:37:02","slug":"why-vibetrace","status":"publish","type":"page","link":"https:\/\/vibetrace.com\/ro\/de-ce-vibetrace\/","title":{"rendered":"De ce Vibetrace"},"content":{"rendered":"<div class=\"gb-container gb-container-65dc0282\"><div class=\"gb-inside-container\">\n\n<h1 class=\"gb-headline gb-headline-c6197b0e gb-headline-text\">De ce noi<\/h1>\n\n\n\n<p class=\"gb-headline gb-headline-3fe98b7a gb-headline-text\">Credem c\u0103 un serviciu uimitor este excelent pentru afaceri<\/p>\n\n<\/div><\/div>\n\n<div class=\"gb-container gb-container-ca70e7d4\"><div class=\"gb-inside-container\">\n<div class=\"gb-grid-wrapper gb-grid-wrapper-2224c9a9\">\n<div class=\"gb-grid-column gb-grid-column-3cb2db8a\"><div class=\"gb-container gb-container-3cb2db8a\"><div class=\"gb-inside-container\">\n\n<h4 class=\"wp-block-heading\">Experien\u021b\u0103 de comer\u021b electronic<\/h4>\n\n\n\n<p class=\"\">Din 2007, am lucrat cu diverse companii online pentru a le ajuta s\u0103 creasc\u0103 rata de conversie. \u00cen acest timp&nbsp;<strong>am folosit mai mult de c\u00e2teva zeci de instrumente pentru clien\u021bii no\u0219tri.<\/strong><\/p>\n\n<\/div><\/div><\/div>\n\n<div class=\"gb-grid-column gb-grid-column-281c305b\"><div class=\"gb-container gb-container-281c305b\"><div class=\"gb-inside-container\">\n\n<h4 class=\"wp-block-heading\">Test\u0103m (\u00eenc\u0103) instrumentele concuren\u021bilor<\/h4>\n\n\n\n<p class=\"\">De la solu\u021bii de marketing prin e-mail la testare A\/B, creatori de formulare de contact la widget-uri de partajare social\u0103, recunoa\u0219teri de produse p\u00e2n\u0103 la bannere bazate pe vreme, le-am \u00eencercat pe toate. Unele au func\u021bionat bine, altele nu. \u00centre timp&nbsp;<strong>am g\u0103sit de ce au nevoie retailerii online, a\u0219a c\u0103 am \u00eenceput s\u0103 ne construim propriul nostru.<\/strong><\/p>\n\n<\/div><\/div><\/div>\n\n<div class=\"gb-grid-column gb-grid-column-51ef2e8e\"><div class=\"gb-container gb-container-51ef2e8e\"><div class=\"gb-inside-container\">\n\n<h4 class=\"wp-block-heading\">Munca grea implicat\u0103<\/h4>\n\n\n\n<p class=\"\">\u00cen prezent, Vibetrace este un&nbsp;<strong>instrument simplu de utilizat, dar puternic<\/strong>&nbsp;care ajut\u0103 comer\u021bul electronic&nbsp;<strong>converti\u021bi traficul \u00een v\u00e2nz\u0103ri folosind personalizarea \u0219i automatizarea.<\/strong><\/p>\n\n<\/div><\/div><\/div>\n\n<div class=\"gb-grid-column gb-grid-column-58f91747\"><div class=\"gb-container gb-container-58f91747\"><div class=\"gb-inside-container\">\n\n<h4 class=\"wp-block-heading\">Specialisti buni<\/h4>\n\n\n\n<p class=\"\">Este munca continu\u0103 a programatorilor foarte pricepu\u021bi, a tehnicienilor inteligen\u021bi \u0219i a unor mari designeri sub \u00eendrum\u0103rile lui&nbsp;<strong>mai mul\u021bi speciali\u0219ti \u00een comer\u021bul electronic<\/strong>, cercet\u0103torii de date \u0219i managerii de produs pentru a o \u00eembun\u0103t\u0103\u021bi \u00een fiecare zi.<\/p>\n\n<\/div><\/div><\/div>\n<\/div>\n<\/div><\/div>\n\n<div class=\"gb-container gb-container-ea29bac9\"><div class=\"gb-inside-container\">\n<div class=\"gb-grid-wrapper gb-grid-wrapper-7eca65fa\">\n<div class=\"gb-grid-column gb-grid-column-a05264a0\"><div class=\"gb-container gb-container-a05264a0\"><div class=\"gb-inside-container\">\n\n<h2 class=\"wp-block-heading\">O scurt\u0103 privire asupra echipei noastre \u0219i a ceea ce am realizat:<\/h2>\n\n\n\n<ul class=\"wp-block-list\"><li>To\u021bi clien\u021bii no\u0219tri ne sunt al\u0103turi de la \u00eenceput.<\/li><li>Avem clien\u021bi de pe trei continente: Europa, Australia \u0219i America<\/li><li>Cea mai mare cre\u0219tere a ratei de conversie a fost de 73,61 TP3T pentru un client mediu. (zeci de comenzi pe zi)<\/li><li>Cea mai bun\u0103 zi \u00een colectarea clien\u021bilor poten\u021biali a fost 27 septembrie 2013, cu 7392 de adrese de e-mail pentru un client<\/li><li>Pentru clien\u021bii mai mici (&lt; 10 comenzi\/zi) cre\u0219terea este mai mare de 100%.<\/li><\/ul>\n\n<\/div><\/div><\/div>\n\n<div class=\"gb-grid-column gb-grid-column-b801391d\"><div class=\"gb-container gb-container-b801391d\"><div class=\"gb-inside-container\"><\/div><\/div><\/div>\n<\/div>\n<\/div><\/div>","protected":false},"excerpt":{"rendered":"<p>De ce noi? Credem c\u0103 serviciile extraordinare sunt excelente pentru afaceri.<\/p>","protected":false},"author":9,"featured_media":0,"parent":0,"menu_order":0,"comment_status":"closed","ping_status":"closed","template":"","meta":{"inline_featured_image":false,"footnotes":""},"class_list":["post-600","page","type-page","status-publish"],"_links":{"self":[{"href":"https:\/\/vibetrace.com\/ro\/wp-json\/wp\/v2\/pages\/600","targetHints":{"allow":["GET"]}}],"collection":[{"href":"https:\/\/vibetrace.com\/ro\/wp-json\/wp\/v2\/pages"}],"about":[{"href":"https:\/\/vibetrace.com\/ro\/wp-json\/wp\/v2\/types\/page"}],"author":[{"embeddable":true,"href":"https:\/\/vibetrace.com\/ro\/wp-json\/wp\/v2\/users\/9"}],"replies":[{"embeddable":true,"href":"https:\/\/vibetrace.com\/ro\/wp-json\/wp\/v2\/comments?post=600"}],"version-history":[{"count":0,"href":"https:\/\/vibetrace.com\/ro\/wp-json\/wp\/v2\/pages\/600\/revisions"}],"wp:attachment":[{"href":"https:\/\/vibetrace.com\/ro\/wp-json\/wp\/v2\/media?parent=600"}],"curies":[{"name":"wp","href":"https:\/\/api.w.org\/{rel}","templated":true}]}}