{"id":26629,"date":"2024-08-07T12:22:32","date_gmt":"2024-08-07T12:22:32","guid":{"rendered":"https:\/\/vibetrace.com\/?page_id=26629"},"modified":"2024-08-07T12:22:33","modified_gmt":"2024-08-07T12:22:33","slug":"essential-resources-for-digital-marketers-and-agencies","status":"publish","type":"page","link":"https:\/\/vibetrace.com\/ro\/resurse-esentiale-pentru-agentii-si-agentii-de-marketing-digital\/","title":{"rendered":"Resurse esen\u021biale pentru agen\u021bii \u0219i agen\u021bii de marketing digital"},"content":{"rendered":"<p>Indiferent dac\u0103 sunte\u021bi un specialist \u00een marketing experimentat sau abia la \u00eenceput, s\u0103 ave\u021bi instrumentele \u0219i resursele potrivite la dispozi\u021bie poate face toat\u0103 diferen\u021ba. De la st\u0103p\u00e2nirea SEO \u0219i PPC p\u00e2n\u0103 la crearea de con\u021binut captivant, analiza datelor sau marketingul prin e-mail, peisajul marketingului digital este vast \u0219i \u00een continu\u0103 evolu\u021bie.<\/p>\n\n\n\n<p>Iat\u0103 ghidul t\u0103u de baz\u0103, care compileaz\u0103 cele mai bune resurse pe care speciali\u0219tii \u00een marketing digital ar trebui s\u0103 le aib\u0103 \u00een setul lor de instrumente. <\/p>\n\n\n\n<p>Am preg\u0103tit o list\u0103 cuprinz\u0103toare de instrumente, site-uri web \u0219i platforme esen\u021biale care acoper\u0103 fiecare aspect al marketingului digital. Aceste resurse v\u0103 vor ajuta s\u0103 v\u0103 \u00eembun\u0103t\u0103\u021bi\u021bi abilit\u0103\u021bile, s\u0103 v\u0103 simplifica\u021bi fluxul de lucru \u0219i, \u00een cele din urm\u0103, s\u0103 ob\u021bine\u021bi rezultate mai bune pentru campaniile dvs.<a href=\"https:\/\/www.reddit.com\/r\/agency\/?f=flair_name%3A%22r%2FAgency%20Updates%22\" target=\"_blank\" rel=\"noopener\"><\/a><\/p>\n\n\n\n<h2 class=\"wp-block-heading\">PPC\/C\u0103utare pl\u0103tit\u0103<\/h2>\n\n\n\n<ul class=\"wp-block-list\">\n<li><a href=\"https:\/\/www.amazon.com\/Becoming-Digital-Marketer-Tech-Driven-Marketing\/dp\/1733794875\/\" target=\"_blank\" rel=\"noreferrer noopener\">A deveni un agent de marketing digital: dob\u00e2ndirea abilit\u0103\u021bilor hard \u0219i soft pentru o carier\u0103 de marketing bazat\u0103 pe tehnologie<\/a>\u00a0de Gil &amp; Anya Gildner<\/li>\n\n\n\n<li><a href=\"https:\/\/www.amazon.com\/Beginners-Guide-Google-Ads-Everything\/dp\/1733794808\" target=\"_blank\" rel=\"noreferrer noopener\">Ghidul pentru \u00eencep\u0103tori pentru Google Ads<\/a>\u00a0de Anya Gildner<\/li>\n\n\n\n<li><a href=\"https:\/\/www.amazon.com\/Unlevel-Playing-Field-Biggest-Mindshift\/dp\/1544523335\/\" target=\"_blank\" rel=\"noreferrer noopener\">Denivela\u021bi terenul de joc: cea mai mare schimbare de minte din istoria PPC<\/a>\u00a0de Frederick Vallaeys<\/li>\n\n\n\n<li><a href=\"https:\/\/www.amazon.com\/Ponderings-Professional-Philosophical-Pay-Click\/dp\/0578770199\/\" target=\"_blank\" rel=\"noreferrer noopener\">G\u00e2ndirile unui profesionist PPC<\/a>\u00a0de Kirk Williams<\/li>\n<\/ul>\n\n\n\n<h2 class=\"wp-block-heading\">Agen\u021bii de pornire\/Afaceri<\/h2>\n\n\n\n<ul class=\"wp-block-list\">\n<li><a href=\"https:\/\/www.amazon.com\/Building-Successful-Micro-Agency-Profitable-Sustainable\/dp\/1733794840\" target=\"_blank\" rel=\"noreferrer noopener\">Construirea unei micro-agen\u021bii de succes: un ghid pentru a \u00eencepe agen\u021bii de marketing digital profitabile \u0219i durabile<\/a>\u00a0de Gil &amp; Anya Gildner<\/li>\n\n\n\n<li><a href=\"https:\/\/www.amazon.com\/Zero-One-Notes-Startups-Future\/dp\/0804139296\/\" target=\"_blank\" rel=\"noreferrer noopener\">Zero To One: Note despre startup-uri sau Cum s\u0103 construi\u021bi viitorul<\/a>\u00a0de Peter Thiel \u0219i Blake Masters<\/li>\n\n\n\n<li><a href=\"https:\/\/www.amazon.com\/Stop-Scale-Building-Digital-Actually\/dp\/B09Z9QZWYL\" target=\"_blank\" rel=\"noreferrer noopener\">Opri\u021bi scara: construi\u021bi o agen\u021bie digital\u0103 care v\u0103 place cu adev\u0103rat<\/a>\u00a0de Kirk Williams<\/li>\n\n\n\n<li><a href=\"https:\/\/www.amazon.com\/Digital-Marketing-AI-World-Futureproofing\/dp\/1544513372\/\" target=\"_blank\" rel=\"noreferrer noopener\">Marketing digital \u00eentr-o lume a inteligen\u021bei artificiale: Agen\u021bia ta PPC pentru viitor<\/a>\u00a0de Fred Vallaeys<\/li>\n\n\n\n<li><a href=\"https:\/\/www.amazon.com\/Good-Great-Some-Companies-Others-ebook\/dp\/B0058DRUV6\" target=\"_blank\" rel=\"noreferrer noopener\">Bun spre grozav<\/a>\u00a0de Jim Collins<\/li>\n<\/ul>\n\n\n\n<h2 class=\"wp-block-heading\">PPC\/C\u0103utare pl\u0103tit\u0103<\/h2>\n\n\n\n<ul class=\"wp-block-list\">\n<li><a href=\"https:\/\/www.discosloth.com\/beginners-guide-to-ppc\/?utm_source=ZATO%20Blog&amp;utm_medium=referral&amp;utm_campaign=where-to-start-in-ppc-blogpost\" target=\"_blank\" rel=\"noreferrer noopener\">Ghidul pentru \u00eencep\u0103tori pentru publicitatea PPC<\/a>\u00a0de Discosloth (gratuit)<\/li>\n\n\n\n<li><a href=\"https:\/\/www.amazon.com\/Beginners-Guide-Google-Ads-Everything\/dp\/1733794808\" target=\"_blank\" rel=\"noreferrer noopener\">Ghidul pentru \u00eencep\u0103tori pentru Google Ads<\/a>\u00a0de Anya Gildner<\/li>\n\n\n\n<li><a href=\"https:\/\/www.godtierads.com\/framework\/\" target=\"_blank\" rel=\"noreferrer noopener\">Anun\u021buri de nivel Dumnezeu<\/a>\u00a0de Ed Leake<\/li>\n\n\n\n<li><a href=\"https:\/\/www.amazon.com\/Ponderings-Professional-Philosophical-Pay-Click\/dp\/0578770199\/\" target=\"_blank\" rel=\"noreferrer noopener\">G\u00e2ndirile unui profesionist PPC<\/a>\u00a0de Kirk Williams<\/li>\n\n\n\n<li><a href=\"https:\/\/www.amazon.com\/Unlevel-Playing-Field-Biggest-Mindshift\/dp\/1544523335\/\" target=\"_blank\" rel=\"noreferrer noopener\">Denivela\u021bi terenul de joc: cea mai mare schimbare de minte din istoria PPC<\/a>\u00a0de Frederick Vallaeys<\/li>\n\n\n\n<li><a href=\"https:\/\/www.udemy.com\/course\/the-ultimate-google-adwords-training-course\/\" target=\"_blank\" rel=\"noreferrer noopener\">Formare suprem\u0103 Google Ads 2021<\/a>\u00a0de Isaac Rudansky (\u00eenvechit)<\/li>\n<\/ul>\n\n\n\n<h2 class=\"wp-block-heading\">SEO<\/h2>\n\n\n\n<ul class=\"wp-block-list\">\n<li><a href=\"https:\/\/moz.com\/beginners-guide-to-seo\" target=\"_blank\" rel=\"noreferrer noopener\">Ghid pentru \u00eencep\u0103tori pentru SEO<\/a>\u00a0de Rand Fishkin<\/li>\n\n\n\n<li><a href=\"https:\/\/zyppy.com\/seo-success-factors\/\" target=\"_blank\" rel=\"noreferrer noopener\">Peste 100 de factori de clasare Google<\/a>\u00a0de Zyppy<\/li>\n\n\n\n<li><a href=\"https:\/\/developers.google.com\/search\/docs\/fundamentals\/seo-starter-guide\" target=\"_blank\" rel=\"noreferrer noopener\">Ghid de \u00eenceput SEO<\/a>\u00a0de la Google<\/li>\n\n\n\n<li><a href=\"https:\/\/blog.hubspot.com\/marketing\/seo\" target=\"_blank\" rel=\"noreferrer noopener\">Ghidul suprem pentru SEO \u00een 2023<\/a>\u00a0de la Hubspot<\/li>\n<\/ul>\n\n\n\n<h2 class=\"wp-block-heading\">E-mail<\/h2>\n\n\n\n<p>Orice a\u021bi face prin e-mail, exist\u0103 2 mari categorii: e-mail rece (sensibilizare) \u0219i marketing prin e-mail. Modul simplu de a \u00een\u021belege diferen\u021ba este c\u0103, pentru e-mailurile reci, achizi\u021biona\u021bi\/g\u0103si\u021bi liste de e-mailuri pentru a \u00eencerca s\u0103 le vinde\u021bi ceva, \u00een care marketingul prin e-mail real este construirea de liste \u0219i implicarea cu abona\u021bii \u00een timp.<\/p>\n\n\n\n<ul class=\"wp-block-list\">\n<li><a href=\"https:\/\/backlinko.com\/email-marketing-guide\" target=\"_blank\" rel=\"noopener\">Ghid de marketing prin e-mail<\/a> Backlinko<\/li>\n\n\n\n<li><a href=\"https:\/\/www.litmus.com\/blog\/\" target=\"_blank\" rel=\"noopener\">Blogul turnesolului<\/a> \u2013 \u00een special pentru partea tehnic\u0103 a e-mailului<\/li>\n\n\n\n<li><a href=\"https:\/\/academy.hubspot.com\/courses\/email-marketing\" target=\"_blank\" rel=\"noopener\">Curs de email marketing<\/a> \u2013 Hubspot<\/li>\n\n\n\n<li><a href=\"https:\/\/www.coursera.org\/learn\/think-outside-the-inbox\" target=\"_blank\" rel=\"noopener\">G\u00e2nde\u0219te-te \u00een afara cutiei: marketing prin e-mail<\/a> \u2013 Google\/Coursera<\/li>\n\n\n\n<li><a href=\"https:\/\/www.linkedin.com\/learning\/email-and-newsletter-marketing-foundations\/welcome\" target=\"_blank\" rel=\"noopener\">Bazele de email marketing<\/a> \u2013 Linkedin<\/li>\n<\/ul>","protected":false},"excerpt":{"rendered":"<p>Indiferent dac\u0103 e\u0219ti un marketer experimentat sau abia \u00eencepi, a avea instrumentele \u0219i resursele potrivite la... <a title=\"Resurse esen\u021biale pentru agen\u021bii \u0219i agen\u021bii de marketing digital\" class=\"read-more\" href=\"https:\/\/vibetrace.com\/ro\/resurse-esentiale-pentru-agentii-si-agentii-de-marketing-digital\/\" aria-label=\"Cite\u0219te mai multe despre Essential Resources for Digital Marketers and Agencies\"> <\/a><\/p>","protected":false},"author":9,"featured_media":0,"parent":0,"menu_order":0,"comment_status":"closed","ping_status":"closed","template":"","meta":{"inline_featured_image":false,"footnotes":""},"class_list":["post-26629","page","type-page","status-publish"],"_links":{"self":[{"href":"https:\/\/vibetrace.com\/ro\/wp-json\/wp\/v2\/pages\/26629","targetHints":{"allow":["GET"]}}],"collection":[{"href":"https:\/\/vibetrace.com\/ro\/wp-json\/wp\/v2\/pages"}],"about":[{"href":"https:\/\/vibetrace.com\/ro\/wp-json\/wp\/v2\/types\/page"}],"author":[{"embeddable":true,"href":"https:\/\/vibetrace.com\/ro\/wp-json\/wp\/v2\/users\/9"}],"replies":[{"embeddable":true,"href":"https:\/\/vibetrace.com\/ro\/wp-json\/wp\/v2\/comments?post=26629"}],"version-history":[{"count":1,"href":"https:\/\/vibetrace.com\/ro\/wp-json\/wp\/v2\/pages\/26629\/revisions"}],"predecessor-version":[{"id":26630,"href":"https:\/\/vibetrace.com\/ro\/wp-json\/wp\/v2\/pages\/26629\/revisions\/26630"}],"wp:attachment":[{"href":"https:\/\/vibetrace.com\/ro\/wp-json\/wp\/v2\/media?parent=26629"}],"curies":[{"name":"wp","href":"https:\/\/api.w.org\/{rel}","templated":true}]}}