{"id":26547,"date":"2024-07-31T07:56:19","date_gmt":"2024-07-31T07:56:19","guid":{"rendered":"https:\/\/vibetrace.com\/?page_id=26547"},"modified":"2024-07-31T08:00:06","modified_gmt":"2024-07-31T08:00:06","slug":"content-partnership","status":"publish","type":"page","link":"https:\/\/vibetrace.com\/ro\/parteneriat-de-continut\/","title":{"rendered":"Parteneriat de con\u021binut"},"content":{"rendered":"<p>Sunte\u021bi interesat s\u0103 ave\u021bi con\u021binut bun \u0219i de calitate produs \u00eempreun\u0103? A\u0219a suntem \u0219i noi!<\/p>\n\n\n\n<p>\u00cen lumea online, parteneriatele func\u021bioneaz\u0103 foarte bine atunci c\u00e2nd ambele p\u0103r\u021bi beneficiaz\u0103 de ele. Dac\u0103 dori\u021bi s\u0103 colabora\u021bi la un con\u021binut, experien\u021ba noastr\u0103 este legat\u0103 de:<\/p>\n\n\n\n<ul class=\"wp-block-list\">\n<li>informa\u021bii despre date, analize, \u00een special legate de comer\u021bul electronic, c\u0103l\u0103toriile online \u0219i serviciile financiare<\/li>\n\n\n\n<li>automatizare de marketing, omnicanal: marketing prin e-mail, SMS, notific\u0103ri push, marketing whatsapp<\/li>\n\n\n\n<li>experien\u021ba clien\u021bilor: personalizare, rata de conversie, p\u0103strare<\/li>\n\n\n\n<li>platforme de date despre clien\u021bi: analiz\u0103 de date, segmente de clien\u021bi, modele de clien\u021bi<\/li>\n<\/ul>\n\n\n\n<p><\/p>\n\n\n\n<p><strong>Beneficiile unui parteneriat de con\u021binut<\/strong><\/p>\n\n\n\n<ul class=\"wp-block-list\">\n<li>Expunerea la un public mai larg.<\/li>\n\n\n\n<li>Cre\u0219terea credibilit\u0103\u021bii m\u0103rcii dvs<\/li>\n\n\n\n<li>Cre\u0219tere reciproc\u0103 \u0219i oportunit\u0103\u021bi de \u00eenv\u0103\u021bare<\/li>\n\n\n\n<li>Acces la informa\u021biile noastre despre date, resursele \u0219i instrumentele exper\u021bilor interni<\/li>\n<\/ul>\n\n\n\n<p><strong>Ce C\u0103ut\u0103m<\/strong><\/p>\n\n\n\n<ul class=\"wp-block-list\">\n<li>Standarde de con\u021binut de calitate (de exemplu, originalitate, relevan\u021b\u0103, valoare)<\/li>\n\n\n\n<li>Publicul \u021bint\u0103 \u0219i relevan\u021ba industriei. Aici ne concentr\u0103m pe urm\u0103toarele audien\u021be: agen\u021bii digitale, comer\u021b electronic, servicii online, retail. <\/li>\n\n\n\n<li>Nu conteaz\u0103 c\u00e2t de mare sau mic e\u0219ti, ia leg\u0103tura \u0219i hai s\u0103 \u00eencepem s\u0103 vorbim<\/li>\n\n\n\n<li>Seriozitate <\/li>\n<\/ul>\n\n\n\n<p>C\u0103ut\u0103m parteneriate care s\u0103 aduc\u0103 con\u021binut proasp\u0103t, original \u0219i valoros publicului nostru. Acestea includ post\u0103ri pe blog, videoclipuri, studii de caz \u0219i alte forme de con\u021binut relevante pentru industria noastr\u0103. Accentul nostru principal este pe con\u021binutul care se aliniaz\u0103 cu interesele publicului nostru \u0219i ofer\u0103 valoare real\u0103.<\/p>\n\n\n\n<p><strong>Cum s\u0103 colaborezi<\/strong><\/p>\n\n\n\n<ul class=\"wp-block-list\">\n<li>E\u0219ti gata s\u0103 te asociezi cu noi? Iat\u0103 cum:\n<ol class=\"wp-block-list\">\n<li><strong>Atinge\u021bi:<\/strong> Trimite-ne un e-mail la <strong>contact@vibetrace.com<\/strong> cu ideea sau propunerea ta. Include\u021bi ceea ce crede\u021bi c\u0103 ve\u021bi avea nevoie de la noi<\/li>\n\n\n\n<li><strong>Recenzie:<\/strong> Echipa noastr\u0103 v\u0103 va examina propunerea \u0219i v\u0103 va reveni \u00een termen de 1 s\u0103pt\u0103m\u00e2n\u0103.<\/li>\n\n\n\n<li><strong>Colabora:<\/strong> Odat\u0103 convenit, vom lucra \u00eempreun\u0103 pentru a crea \u0219i promova con\u021binutul.<\/li>\n\n\n\n<li><strong>Publica:<\/strong> Vom publica con\u021binutul pe platforma noastr\u0103 \u0219i \u00eel vom promova prin canalele noastre (social media + e-mail + publicitate)<\/li>\n<\/ol>\n<\/li>\n<\/ul>\n\n\n\n<p>Dac\u0103 e\u0219ti interesat de post\u0103rile pentru invita\u021bi, po\u021bi <a href=\"https:\/\/vibetrace.com\/ro\/guest-post-scrie-pentru-noi\/\" data-type=\"page\" data-id=\"20855\">citi\u021bi cerin\u021bele noastre aici<\/a>.<\/p>","protected":false},"excerpt":{"rendered":"<p>E\u0219ti interesat s\u0103 producem \u00eempreun\u0103 con\u021binut bun \u0219i de calitate? \u0218i noi la fel! \u00cen... <a title=\"Parteneriat de con\u021binut\" class=\"read-more\" href=\"https:\/\/vibetrace.com\/ro\/parteneriat-de-continut\/\" aria-label=\"Cite\u0219te mai multe despre Content Partnership\"> <\/a><\/p>","protected":false},"author":9,"featured_media":0,"parent":0,"menu_order":0,"comment_status":"closed","ping_status":"closed","template":"","meta":{"inline_featured_image":false,"footnotes":""},"class_list":["post-26547","page","type-page","status-publish"],"_links":{"self":[{"href":"https:\/\/vibetrace.com\/ro\/wp-json\/wp\/v2\/pages\/26547","targetHints":{"allow":["GET"]}}],"collection":[{"href":"https:\/\/vibetrace.com\/ro\/wp-json\/wp\/v2\/pages"}],"about":[{"href":"https:\/\/vibetrace.com\/ro\/wp-json\/wp\/v2\/types\/page"}],"author":[{"embeddable":true,"href":"https:\/\/vibetrace.com\/ro\/wp-json\/wp\/v2\/users\/9"}],"replies":[{"embeddable":true,"href":"https:\/\/vibetrace.com\/ro\/wp-json\/wp\/v2\/comments?post=26547"}],"version-history":[{"count":2,"href":"https:\/\/vibetrace.com\/ro\/wp-json\/wp\/v2\/pages\/26547\/revisions"}],"predecessor-version":[{"id":26550,"href":"https:\/\/vibetrace.com\/ro\/wp-json\/wp\/v2\/pages\/26547\/revisions\/26550"}],"wp:attachment":[{"href":"https:\/\/vibetrace.com\/ro\/wp-json\/wp\/v2\/media?parent=26547"}],"curies":[{"name":"wp","href":"https:\/\/api.w.org\/{rel}","templated":true}]}}