{"id":25843,"date":"2024-03-26T11:44:13","date_gmt":"2024-03-26T11:44:13","guid":{"rendered":"https:\/\/vibetrace.com\/?page_id=25843"},"modified":"2024-03-26T11:45:34","modified_gmt":"2024-03-26T11:45:34","slug":"connected-media","status":"publish","type":"page","link":"https:\/\/vibetrace.com\/ro\/media-conectata\/","title":{"rendered":"Media conectat\u0103"},"content":{"rendered":"<p>\u201eMedia conectat\u0103\u201d se refer\u0103 la integrarea diferitelor canale \u0219i dispozitive digitale pentru a oferi consumatorilor experien\u021be perfecte \u0219i personalizate. <\/p>\n\n\n\n<p>\u00cen contextul marketingului \u0219i al publicit\u0103\u021bii, media conectat\u0103 ofer\u0103 m\u0103rcilor oportunit\u0103\u021bi semnificative de a interac\u021biona cu publicul \u021bint\u0103 prin mai multe puncte de contact, inclusiv smartphone-uri, tablete, desktop-uri, televizoare inteligente, dispozitive portabile \u0219i multe altele. <\/p>\n\n\n\n<p>\u00centr-o lume \u00een care consumatorii folosesc diverse canale de comunicare pe care trebuie s\u0103 le po\u021bi folosi: e-mail, text, site web, whatsapp \u0219i ce mai lipse\u0219te.<\/p>\n\n\n\n<p>Caracteristicile \u0219i oportunit\u0103\u021bile cheie ale mass-media conectate \u00een marketing \u0219i publicitate includ:<\/p>\n\n\n\n<ol class=\"wp-block-list\">\n<li><strong>Integrare multicanal:<\/strong> Media conectat\u0103 permite m\u0103rcilor s\u0103-\u0219i integreze eforturile de marketing pe diferite canale, cum ar fi re\u021belele sociale, e-mailul, motoarele de c\u0103utare, reclamele grafice \u0219i aplica\u021biile mobile. Aceast\u0103 integrare permite consumatorilor o experien\u021b\u0103 de brand coerent\u0103 \u0219i consecvent\u0103, \u00een timp ce ace\u0219tia interac\u021bioneaz\u0103 cu marca pe diverse platforme.<\/li>\n\n\n\n<li><strong>Personalizare \u0219i direc\u021bionare:<\/strong> Cu acces la date bogate despre consumatori \u0219i capabilit\u0103\u021bi avansate de direc\u021bionare, media conectat\u0103 permite m\u0103rcilor s\u0103 livreze con\u021binut personalizat \u0219i reclame adaptate preferin\u021belor, comportamentelor \u0219i datelor demografice ale consumatorilor individuali. Aceast\u0103 abordare personalizat\u0103 \u00eembun\u0103t\u0103\u021be\u0219te implicarea \u0219i cre\u0219te relevan\u021ba mesajelor de marketing, ceea ce duce la rate de conversie \u0219i rentabilitate mai mare a investi\u021biei.<\/li>\n\n\n\n<li><strong>Urm\u0103rire pe mai multe dispozitive:<\/strong> Media conectat\u0103 permite urm\u0103rirea pe mai multe dispozitive, permi\u021b\u00e2nd marketerilor s\u0103 \u00een\u021beleag\u0103 cum interac\u021bioneaz\u0103 consumatorii cu marca lor pe diferite dispozitive \u0219i canale. Aceast\u0103 viziune cuprinz\u0103toare a comportamentului consumatorilor permite modelarea mai precis\u0103 a atribuirii \u0219i optimizarea campaniilor de marketing pentru a maximiza eficacitatea \u0219i eficien\u021ba.<\/li>\n\n\n\n<li><strong>Comunicare \u00een timp real:<\/strong> Media conectat\u0103 faciliteaz\u0103 comunicarea \u00een timp real \u00eentre m\u0103rci \u0219i consumatori, permi\u021b\u00e2nd feedback instantaneu, asisten\u021b\u0103 pentru clien\u021bi \u0219i implicare. M\u0103rcile pot folosi date \u00een timp real pentru a r\u0103spunde rapid la \u00eentreb\u0103rile consumatorilor, pentru a r\u0103spunde preocup\u0103rilor \u0219i pentru a valorifica oportunit\u0103\u021bile emergente de pe pia\u021b\u0103.<\/li>\n\n\n\n<li><strong>Experien\u021be interactive:<\/strong> Media conectat\u0103 ofer\u0103 oportunit\u0103\u021bi pentru experien\u021be interactive \u0219i imersive, cum ar fi realitatea augmentat\u0103 (AR), realitatea virtual\u0103 (VR), streaming live \u0219i gamification. Aceste experien\u021be interactive captiveaz\u0103 publicul \u0219i aprofundeaz\u0103 angajamentul de brand, stimul\u00e2nd loialitatea \u0219i sus\u021binerea m\u0103rcii.<\/li>\n\n\n\n<li><strong>M\u0103surare \u0219i analiz\u0103:<\/strong> Media conectat\u0103 ofer\u0103 capabilit\u0103\u021bi solide de m\u0103surare \u0219i analiz\u0103, permi\u021b\u00e2nd marketerilor s\u0103 urm\u0103reasc\u0103 \u0219i s\u0103 analizeze performan\u021ba campaniilor lor \u00een timp real. Prin valori precum afi\u0219\u0103rile, clicurile, conversiile \u0219i ratele de implicare, m\u0103rcile pot ob\u021bine informa\u021bii valoroase despre eficacitatea eforturilor lor de marketing \u0219i \u00ee\u0219i pot optimiza strategiile \u00een consecin\u021b\u0103.<\/li>\n<\/ol>","protected":false},"excerpt":{"rendered":"<p>\u201eMedia conectat\u0103\u201d se refer\u0103 la integrarea diferitelor canale \u0219i dispozitive digitale pentru a oferi f\u0103r\u0103 probleme\u2026 <a title=\"Media conectat\u0103\" class=\"read-more\" href=\"https:\/\/vibetrace.com\/ro\/media-conectata\/\" aria-label=\"Cite\u0219te mai multe despre Connected Media\"> <\/a><\/p>","protected":false},"author":9,"featured_media":0,"parent":0,"menu_order":0,"comment_status":"closed","ping_status":"closed","template":"","meta":{"inline_featured_image":false,"footnotes":""},"class_list":["post-25843","page","type-page","status-publish"],"_links":{"self":[{"href":"https:\/\/vibetrace.com\/ro\/wp-json\/wp\/v2\/pages\/25843","targetHints":{"allow":["GET"]}}],"collection":[{"href":"https:\/\/vibetrace.com\/ro\/wp-json\/wp\/v2\/pages"}],"about":[{"href":"https:\/\/vibetrace.com\/ro\/wp-json\/wp\/v2\/types\/page"}],"author":[{"embeddable":true,"href":"https:\/\/vibetrace.com\/ro\/wp-json\/wp\/v2\/users\/9"}],"replies":[{"embeddable":true,"href":"https:\/\/vibetrace.com\/ro\/wp-json\/wp\/v2\/comments?post=25843"}],"version-history":[{"count":3,"href":"https:\/\/vibetrace.com\/ro\/wp-json\/wp\/v2\/pages\/25843\/revisions"}],"predecessor-version":[{"id":25847,"href":"https:\/\/vibetrace.com\/ro\/wp-json\/wp\/v2\/pages\/25843\/revisions\/25847"}],"wp:attachment":[{"href":"https:\/\/vibetrace.com\/ro\/wp-json\/wp\/v2\/media?parent=25843"}],"curies":[{"name":"wp","href":"https:\/\/api.w.org\/{rel}","templated":true}]}}