{"id":25402,"date":"2024-02-21T09:20:10","date_gmt":"2024-02-21T09:20:10","guid":{"rendered":"https:\/\/vibetrace.com\/?page_id=25402"},"modified":"2024-02-21T10:14:33","modified_gmt":"2024-02-21T10:14:33","slug":"marketing-automation-roi-calculator","status":"publish","type":"page","link":"https:\/\/vibetrace.com\/ro\/calculator-roi-de-automatizare-a-marketingului\/","title":{"rendered":"Calculator ROI"},"content":{"rendered":"<p>Introduce\u021bi numerele de mai jos \u0219i afla\u021bi c\u00e2\u021bi bani l\u0103sa\u021bi pe mas\u0103 f\u0103r\u0103 Vibetrace<\/p>\n\n\n\n<style>\n.roi-pricing p.has-medium-font-size {margin-bottom:4px; margin-top:12px}\n.roi-pricing p.has-medium-font-size {margin-bottom:4px; margin-top:12px}\n<\/style>\n\n\n<div class=\"gb-container gb-container-ae3b4f52 roi-pricing\">\n<div class=\"gb-grid-wrapper gb-grid-wrapper-4307aaaf\">\n<div class=\"gb-grid-column gb-grid-column-8af595c2\"><div class=\"gb-container gb-container-8af595c2\">\n\n<p class=\"has-medium-font-size\" style=\"letter-spacing:0px\">Num\u0103rul de vizitatori lunar<\/p>\n\n\n\n<input type=\"number\" min=\"0\" value=\"200000\" id=\"input_calc1\" class=\"input\" required=\"\">\n\n\n\n<p class=\"has-medium-font-size\">Num\u0103rul de comenzi pe lun\u0103<\/p>\n\n\n\n<input type=\"number\" min=\"0\" value=\"1400\" id=\"input_calc2\" class=\"input\" required=\"\">\n\n\n\n<p class=\"has-medium-font-size\">Valoarea medie a comenzii<\/p>\n\n\n\n<input type=\"number\" min=\"0\" value=\"220\" id=\"input_calc3\" class=\"input\" required=\"\">\n\n\n\n<p class=\"has-medium-font-size\">Conduce la tariful pentru clien\u021bi<\/p>\n\n\n\n<p class=\"has-small-font-size\">Dac\u0103 nu ave\u021bi date, v\u0103 rug\u0103m s\u0103 l\u0103sa\u021bi necompletat. <\/p>\n\n\n\n<input type=\"number\" min=\"0\" max=\"100\" step=\"0.1\" value=\"0.5\" id=\"input_calc4\" class=\"input\" required=\"\">\n\n\n\n<p class=\"has-medium-font-size\">Rata de reten\u021bie a clien\u021bilor<\/p>\n\n\n\n<p class=\"has-small-font-size\">Dac\u0103 nu ave\u021bi date, v\u0103 rug\u0103m s\u0103 l\u0103sa\u021bi necompletat.<\/p>\n\n\n\n<input type=\"number\" min=\"0\" max=\"100\" step=\"1\" value=\"40\" id=\"input_calc5\" class=\"input\" required=\"\">\n\n\n\n<div style=\"height:50px\" aria-hidden=\"true\" class=\"wp-block-spacer\"><\/div>\n\n\n\n<div class=\"wp-block-buttons is-horizontal is-layout-flex wp-block-buttons-is-layout-flex\">\n<div class=\"wp-block-button\"><a class=\"wp-block-button__link wp-element-button\" href=\"javascript:calculateResult()\">calculati<\/a><\/div>\n<\/div>\n\n<\/div><\/div>\n\n<div class=\"gb-grid-column gb-grid-column-e762286a\"><div class=\"gb-container gb-container-e762286a\">\n\n<p class=\"has-text-align-left has-medium-font-size\">Rat\u0103 de conversie poten\u021bial\u0103 cu Vibetrace<\/p>\n\n\n\n<p class=\"gb-headline gb-headline-text\" id=\"result_html1\">1 <\/p>\n\n\n\n<p class=\"has-text-align-left has-medium-font-size\">Poten\u021biale v\u00e2nz\u0103ri suplimentare<\/p>\n\n\n\n<p class=\"gb-headline gb-headline-text\" id=\"result_html2\">1 <\/p>\n\n\n\n<p class=\"has-text-align-left has-medium-font-size\">AOV poten\u021bial cu Vibetrace<\/p>\n\n\n\n<p class=\"gb-headline gb-headline-text\" id=\"result_html3\">1<\/p>\n\n\n\n<p class=\"has-text-align-left has-medium-font-size\">Conducere poten\u021bial\u0103 la rata clien\u021bilor<\/p>\n\n\n\n<p class=\"has-text-align-left has-small-font-size\">O rat\u0103 bun\u0103 a conducerii c\u0103tre client este de cel pu\u021bin 1% (media este de 2,5%)<\/p>\n\n\n\n<p class=\"gb-headline gb-headline-text\" id=\"result_html5\">1<\/p>\n\n\n\n<p class=\"has-text-align-left has-medium-font-size\">Rata poten\u021bial\u0103 de reten\u021bie a clien\u021bilor<\/p>\n\n\n\n<p class=\"has-text-align-left has-small-font-size\">O rat\u0103 bun\u0103 de re\u021binere a clien\u021bilor este de cel pu\u021bin 50%. (Media este 60%)<\/p>\n\n\n\n<p class=\"gb-headline gb-headline-text\" id=\"result_html6\">1<\/p>\n\n\n\n<p class=\"has-text-align-left has-medium-font-size\">Costul lunar estimat al abonamentului<\/p>\n\n\n\n<p class=\"gb-headline gb-headline-text\" id=\"result_html7\">1<\/p>\n\n\n\n<p class=\"has-text-align-left has-medium-font-size\">ROI estimat<\/p>\n\n\n\n<p class=\"gb-headline gb-headline-text\" id=\"result_html8\">1<\/p>\n\n\n\n<script>\n      function calculateResult() {\nvar calc1 = document.getElementById('input_calc1').value;\nvar calc2 = document.getElementById('input_calc2').value;\nvar calc3 = document.getElementById('input_calc3').value;\nvar calc4 = document.getElementById('input_calc4').value;\nvar calc5 = document.getElementById('input_calc5').value;\n        \nvar result1=((calc2 \/ calc1) * 100);\nresult1 = result1*1.08;\n\/\/conversio rate\ndocument.getElementById('result_html1').innerHTML = result1.toFixed(2) + '%';\n\n\/\/aov\nvar result3=(calc3 * 1.14);\ndocument.getElementById('result_html3').innerHTML = result3.toFixed(2) + '';\n\/\/ additional sales\nresult2 = calc2*1.08 - calc2;\ndocument.getElementById('result_html2').innerHTML = result2 + '  = [$' + result3 * result2  + \"]\";\n\/\/lead to customer\nvar result5 = 2.5;\nif (calc4 > 2 && calc4<4) {\nresult5 = calc4*1.2\n}\nif (calc4 <= 2.5) {\nresult5 = calc4*1.4\n}\nif (calc4 > 4) {\nresult5 = calc4*1.06\n}\nif (result5<1) {result5 = 1}\ndocument.getElementById('result_html5').innerHTML = result5.toFixed(2) + '%';\nvar result6 = 55;\nif (calc5 > 50 && calc5<65) {\nresult6 = calc5*1.15\n}\nif (calc5 <= 50) {\nresult6 = calc5*1.3\n}\nif (calc4 > 70) {\nresult6 = calc5*1.08\n}\ndocument.getElementById('result_html6').innerHTML = result6.toFixed(2) + '%';\n\/\/costs\nresult7 = (calc1\/1000 * 6 + 15)\ndocument.getElementById('result_html7').innerHTML = \"$\" \n+ result7.toFixed(2) + '';\n\/\/ ROI\nvar result8 = (result3 * result2 ) - result7;\ndocument.getElementById('result_html8').innerHTML = \"$\" \n+ result8.toFixed(2) + '';\n\n      }\n    <\/script>\n\n<\/div><\/div>\n<\/div>\n\n\n<p><\/p>\n\n\n\n<p class=\"has-text-align-center has-medium-font-size\"> Rentabilitatea investi\u021biei Rezultate<\/p>\n\n\n\n<p>Urm\u0103torul tabel este o estimare a randamentelor pe care le ve\u021bi avea cu Vibetrace. Merit\u0103 men\u021bionat c\u0103 aceasta este o estimare la nivel \u00eenalt \u0219i ar putea fi afectat\u0103 de nevoile dvs. unice de afaceri \u0219i de situa\u021bia actual\u0103.<\/p>\n\n\n\n<p><\/p>\n\n<\/div>\n\n\n<div style=\"height:100px\" aria-hidden=\"true\" class=\"wp-block-spacer\"><\/div>\n\n\n\n<p><\/p>\n\n\n\n<h2 class=\"wp-block-heading\">Calculator ROI pentru automatizarea marketingului<\/h2>\n\n\n\n<p>Scopul Calculatorului ROI pentru automatizarea marketingului este de a ajuta la luarea deciziilor informate cu privire la investi\u021bia \u00een tehnologia de automatizare a marketingului prin cuantificarea impactului financiar al acesteia. <\/p>\n\n\n\n<p>Cu toate acestea, este important s\u0103 ne amintim c\u0103 adev\u0103rata valoare a automatiz\u0103rii marketingului poate include \u0219i beneficii intangibile, cum ar fi experien\u021ba \u00eembun\u0103t\u0103\u021bit\u0103 a clien\u021bilor \u0219i percep\u021bia m\u0103rcii, care ar putea s\u0103 nu fie surprinse direct \u00eentr-un calcul al rentabilit\u0103\u021bii investi\u021biei.<\/p>\n\n\n<div id=\"rank-math-faq\" class=\"rank-math-block\">\n<div class=\"rank-math-list\">\n<div id=\"faq-question-1708503817003\" class=\"rank-math-list-item\">\n<h3 class=\"rank-math-question\">Ce costuri ar trebui s\u0103 iau \u00een considerare pentru a evalua Vibetrace?<\/h3>\n<div class=\"rank-math-answer\">\n\n<p>Costuri de intrare<br \/><strong>Costuri software:<\/strong> Taxele lunare sau anuale de abonament pentru platforma de automatizare a marketingului.<br \/><strong>Costuri de implementare:<\/strong> Costuri unice asociate cu configurarea sistemului de automatizare a marketingului, care ar putea include personalizarea software-ului, integrarea \u0219i instruirea personalului.<br \/><strong>Costuri de operare:<\/strong> Costuri continue, cum ar fi personal suplimentar sau consultan\u021bi necesari pentru gestionarea proceselor de automatizare a marketingului.<\/p>\n\n<\/div>\n<\/div>\n<div id=\"faq-question-1708503839701\" class=\"rank-math-list-item\">\n<h3 class=\"rank-math-question\">Ce cre\u0219tere a veniturilor ar trebui s\u0103 iau \u00een considerare<\/h3>\n<div class=\"rank-math-answer\">\n\n<p>Mai multe venituri pot fi determinate de cre\u0219terea veniturilor sau de economii de costuri<\/p>\n<p><strong>Cre\u0219terea genera\u021biei de clien\u021bi poten\u021biali:<\/strong> Estima\u021bi cre\u0219terea clien\u021bilor poten\u021biali datorit\u0103 campaniilor de marketing mai eficiente.<br \/><strong>Rate de conversie \u00eembun\u0103t\u0103\u021bite:<\/strong> Cre\u0219terea ratelor de conversie ca urmare a unui angajament mai personalizat \u0219i mai oportun cu clien\u021bii poten\u021biali.<br \/><strong>C\u00e2\u0219tiguri de eficien\u021b\u0103:<\/strong> Economii de costuri din sarcini manuale reduse \u0219i procese de marketing mai eficiente.<br \/><strong>Reten\u021bie client:<\/strong> Impactul financiar al fideliz\u0103rii \u0219i fideliz\u0103rii clien\u021bilor, determinate de implicarea personalizat\u0103 a clien\u021bilor.<\/p>\n\n<\/div>\n<\/div>\n<div id=\"faq-question-1708503897183\" class=\"rank-math-list-item\">\n<h3 class=\"rank-math-question\">Ce este Formula ROI?<\/h3>\n<div class=\"rank-math-answer\">\n\n<p>ROI este calculat prin compararea c\u00e2\u0219tigurilor financiare cu costurile. O formul\u0103 de baz\u0103 pentru rentabilitatea investi\u021biei este:<br \/>ROI = (( C\u00e2\u0219tiguri totale \u2212 Costuri totale) \/ Costuri totale ) \u00d7 100<\/p>\n\n<\/div>\n<\/div>\n<div id=\"faq-question-1708503989234\" class=\"rank-math-list-item\">\n<h3 class=\"rank-math-question\">Alte considera\u021bii<\/h3>\n<div class=\"rank-math-answer\">\n\n<p><strong>Perioada de timp:<\/strong> Calculatorul poate permite specificarea unei perioade de timp \u00een care s\u0103 se m\u0103soare rentabilitatea investi\u021biei, cum ar fi un an, pentru a \u021bine seama de faptul c\u0103 beneficiile din automatizarea marketingului se acumuleaz\u0103 \u00een timp.<br \/><strong>Valori personalizate:<\/strong> Unele calculatoare permit ad\u0103ugarea de valori personalizate relevante pentru afacerea sau industria dvs. specific\u0103, oferind o estimare mai personalizat\u0103 a rentabilit\u0103\u021bii investi\u021biei.<br \/><strong>Precizia intr\u0103rilor:<\/strong> Fiabilitatea calculului ROI depinde \u00een mare m\u0103sur\u0103 de acurate\u021bea datelor de intrare. Estim\u0103rile ar trebui s\u0103 fie c\u00e2t mai realiste posibil.<br \/><strong>Evaluare comparativ\u0103:<\/strong> Poate fi util s\u0103 compara\u021bi rentabilitatea investi\u021biei calculat\u0103 cu valorile de referin\u021b\u0103 din industrie sau cu valorile anterioare de performan\u021b\u0103 pentru a evalua eficacitatea investi\u021biei dvs. \u00een automatizarea marketingului.<\/p>\n\n<\/div>\n<\/div>\n<div id=\"faq-question-1708506492488\" class=\"rank-math-list-item\">\n<h3 class=\"rank-math-question\">Unde pot g\u0103si mai multe despre valorile men\u021bionate<\/h3>\n<div class=\"rank-math-answer\">\n\n<p>Dac\u0103 dori\u021bi s\u0103 afla\u021bi mai multe despre cum s\u0103 v\u0103 calcula\u021bi valorile, pute\u021bi citi paginile noastre dedicate:<br \/><a href=\"https:\/\/vibetrace.com\/ro\/raportul-dintre-plumb-client\/\">Lead to Customer Ratio<\/a> <\/p>\n\n<\/div>\n<\/div>\n<\/div>\n<\/div>","protected":false},"excerpt":{"rendered":"<p>Introduce\u021bi numerele de mai jos \u0219i afla\u021bi c\u00e2\u021bi bani l\u0103sa\u021bi pe mas\u0103 f\u0103r\u0103... <a title=\"Calculator ROI\" class=\"read-more\" href=\"https:\/\/vibetrace.com\/ro\/calculator-roi-de-automatizare-a-marketingului\/\" aria-label=\"Cite\u0219te mai multe despre ROI Calculator\"> <\/a><\/p>","protected":false},"author":9,"featured_media":0,"parent":0,"menu_order":0,"comment_status":"closed","ping_status":"closed","template":"","meta":{"inline_featured_image":false,"footnotes":""},"class_list":["post-25402","page","type-page","status-publish"],"_links":{"self":[{"href":"https:\/\/vibetrace.com\/ro\/wp-json\/wp\/v2\/pages\/25402","targetHints":{"allow":["GET"]}}],"collection":[{"href":"https:\/\/vibetrace.com\/ro\/wp-json\/wp\/v2\/pages"}],"about":[{"href":"https:\/\/vibetrace.com\/ro\/wp-json\/wp\/v2\/types\/page"}],"author":[{"embeddable":true,"href":"https:\/\/vibetrace.com\/ro\/wp-json\/wp\/v2\/users\/9"}],"replies":[{"embeddable":true,"href":"https:\/\/vibetrace.com\/ro\/wp-json\/wp\/v2\/comments?post=25402"}],"version-history":[{"count":54,"href":"https:\/\/vibetrace.com\/ro\/wp-json\/wp\/v2\/pages\/25402\/revisions"}],"predecessor-version":[{"id":25469,"href":"https:\/\/vibetrace.com\/ro\/wp-json\/wp\/v2\/pages\/25402\/revisions\/25469"}],"wp:attachment":[{"href":"https:\/\/vibetrace.com\/ro\/wp-json\/wp\/v2\/media?parent=25402"}],"curies":[{"name":"wp","href":"https:\/\/api.w.org\/{rel}","templated":true}]}}