{"id":20297,"date":"2023-03-18T06:39:23","date_gmt":"2023-03-18T06:39:23","guid":{"rendered":"https:\/\/vibetrace.com\/?page_id=20297"},"modified":"2023-03-22T13:48:29","modified_gmt":"2023-03-22T13:48:29","slug":"lp-white-label-agencies2","status":"publish","type":"page","link":"https:\/\/vibetrace.com\/ro\/lp-agentii-marca-alba2\/","title":{"rendered":"Solu\u021bie etichet\u0103 alb\u0103 pentru agen\u021bii"},"content":{"rendered":"<p><img decoding=\"async\" src=\"https:\/\/vibetrace.com\/wp-content\/uploads\/2023\/02\/logo_vibetrace_white@3x-300x65.png\" title=\"\" alt=\"\" loading=\"lazy\"><\/p>\n<h2>Propria dvs. platform\u0103 de marketing omnicanal de marc\u0103!<\/h2>\n<p>Marketing prin e-mail, SMS, publicitate pl\u0103tit\u0103, sondaje \u0219i analize \u2013 sincroniza\u021bi-v\u0103 marketingul cu o singur\u0103 platform\u0103 puternic\u0103 inclus\u0103 \u00een lista alb\u0103!<\/p>\n<h2>Programa\u021bi o demonstra\u021bie live ast\u0103zi!<\/h2>\n<style>\n.lp-input-container input.wp-lp-input {width:100%}<br \/>.lp-input-container {margin:10px 0}<br \/><\/style>\n<form id=\"demo_list_form\" action=\"https:\/\/pages.vtcdn.net\/lists\/213\/2693\/7ZPO5yLnxNeP\/subscribe\" method=\"POST\" target=\"_blank\" data-trp-original-action=\"https:\/\/pages.vtcdn.net\/lists\/213\/2693\/7ZPO5yLnxNeP\/subscribe\">\n<input name=\"name\" required=\"\" type=\"text\" placeholder=\"Numele dumneavoastr\u0103 *\"><br \/>\n<input name=\"email\" required=\"\" type=\"text\" placeholder=\"Adresa dvs. de e-mail *\"><br \/>\n<input name=\"tel\" type=\"text\" placeholder=\"Num\u0103r de telefon\"><br \/>\n<input name=\"source\" type=\"hidden\" value=\"lp_agency\"><br \/>\n<input style=\"display: none;\" name=\"__em\" type=\"text\" value=\"\"><br \/>\n<input style=\"display: none;\" name=\"__name\" type=\"text\" value=\"\"><br \/>\n<button>Vede\u021bi-l \u00een ac\u021biune<\/button><br \/>\n<input type=\"hidden\" name=\"trp-form-language\" value=\"ro\"\/><\/form>\n<p>* Lasa-ne informatiile tale si te vom contacta in cel mai scurt timp!<\/p>\n<h2>De \u00eencredere de peste 100 de m\u0103rci<\/h2>\n<p>\u201eAm trecut la Vibetrace de la Klaviyo \u0219i avem rezultate mai bune cu o abordare de marketing integrat\u0103\u201d<br \/>\n<img decoding=\"async\" width=\"608\" height=\"612\" src=\"https:\/\/vibetrace.com\/wp-content\/uploads\/2023\/03\/Screenshot-2023-03-18-at-10.24.03-AM.png\" alt=\"\" loading=\"lazy\"><br \/>\nAlina, ia MARA<br \/>\nOpera\u021biuni<br \/>\n<i>\ue934<\/i><i>\ue934<\/i><i>\ue934<\/i><i>\ue934<\/i><i>\ue934<\/i> 5\/5<br \/>\n\u201eAm trecut la Vibetrace de la Klaviyo \u0219i avem rezultate mai bune cu o abordare de marketing integrat\u0103\u201d Clien\u021bii no\u0219tri ne pre\u021buiesc mult mai mult \u0219i nu am pierdut al\u021bi clien\u021bi pentru c\u0103 \u201eo vor ob\u021bine mai ieftin\u201d cu un freelancer.<br \/>\nDe asemenea, serviciile cu etichet\u0103 alb\u0103 ne-au ajutat s\u0103 ob\u021binem venituri suplimentare \u00een a doua zi.\u201d<br \/>\n<img decoding=\"async\" src=\"https:\/\/vibetrace.com\/wp-content\/uploads\/2023\/02\/image-69.png\" title=\"\" alt=\"\" loading=\"lazy\"><br \/>\nMike, VebaMarketing<br \/>\nFondator<br \/>\n<i>\ue934<\/i><i>\ue934<\/i><i>\ue934<\/i><i>\ue934<\/i><i>\ue934<\/i> 5\/5<\/p>\n<h2>Deveni\u021bi de ne\u00eenlocuit.<br \/>\nCu propria dvs. solu\u021bie de marc\u0103.<\/h2>\n<p>Prea multe instrumente iti fac viata mai grea? Utiliza\u021bi Vibetrace ca solu\u021bie de marketing unic\u0103.<\/p>\n<p><img decoding=\"async\" width=\"1024\" height=\"1024\" src=\"https:\/\/vibetrace.com\/wp-content\/uploads\/2022\/05\/Whitelabel-for-Agencies-Hero-2.svg\" alt=\"Alternativa Klaviyo\" loading=\"lazy\"><\/p>\n<h2>Utiliza\u021bi Vibetrace ca solu\u021bie de marketing unic\u0103.<\/h2>\n<ul>\n<li>\n\t\t\t\t\t\t\t\t\t\tIe\u0219i \u00een eviden\u021b\u0103 \u00eentr-un ocean de agen\u021bii \u201e\u0219i eu\u201d.<\/li>\n<li>\n\t\t\t\t\t\t\t\t\t\tClien\u021bii stau cu tine mai mult timp pentru c\u0103 \u00ee\u021bi plac platforma.<\/li>\n<li>\n\t\t\t\t\t\t\t\t\t\tLTV ridicat v\u0103 permite s\u0103 oferi\u021bi un serviciu de top.<\/li>\n<\/ul>\n<p><a href=\"#\" role=\"button\"><br \/>\nVede\u021bi-l \u00een ac\u021biune<br \/>\n<\/a><\/p>\n<h2>Marketing Omni Channel, u\u0219or<\/h2>\n<h3>\n\t\t\t\t\t\tMarketing prin e-mail \u0219i fluxuri de automatizare<\/h3>\n<p>Fluxuri de bun venit, secven\u021be de hr\u0103nire, fluxuri de abandon de v\u00e2nz\u0103ri \u0219i multe altele! Configura\u021bi declan\u0219atoare personalizate pentru a cre\u0219te rentabilitatea investi\u021biei campaniei.<\/p>\n<h3>\n\t\t\t\t\t\tSMS \u0219i Web Push<\/h3>\n<p>Implica\u021bi-v\u0103 clien\u021bii \u0219i \u00eendrepta\u021bi-le aten\u021bia<br \/>\n\u00een rentabilitatea investi\u021biei.<\/p>\n<h3>\n\t\t\t\t\t\tPersonalizare avansat\u0103<\/h3>\n<p>Folose\u0219te puterea AI pentru a lovi coarda potrivit\u0103!<br \/>\nRecomanda\u021bi produse pe baza comportamentului utilizatorului.<\/p>\n<h3>\n\t\t\t\t\t\tPopup-uri de pe site<\/h3>\n<p>Fiecare vizitator conteaz\u0103. Folosi\u021bi ferestre pop-up pentru a promova oferte interesante<br \/>\n\u0219i transform\u0103 vizitatorii \u00een clien\u021bi poten\u021biali sau clien\u021bi.<\/p>\n<h3>\n\t\t\t\t\t\tSondaje \u0219i Sondaje<\/h3>\n<p>Asculta\u021bi feedback-ul clien\u021bilor dvs. prin sondaje \u0219i sondaje.<br \/>\nCre\u0219te\u021bi-v\u0103 rentabilitatea investi\u021biei cu date de \u00eenalt\u0103 calitate.<\/p>\n<h3>\n\t\t\t\t\t\tPublicitate pe Facebook<\/h3>\n<p>Scala\u021bi campaniile p\u00e2n\u0103 la lun\u0103 cu publicitate pl\u0103tit\u0103. Folosi\u021bi o direc\u021bionare puternic\u0103<br \/>\npentru a angaja perspective necunoscute.<\/p>\n<h3>\n\t\t\t\t\t\tRapoarte \u00een timp real<\/h3>\n<p>Rapoartele \u00eencorporate \u00eel fac u\u0219or de urm\u0103rit<br \/>\n\u0219i analiza\u021bi performan\u021ba campaniei.<\/p>\n<h3>\n\t\t\t\t\t\tBranding<\/h3>\n<p>Ad\u0103uga\u021bi adrese URL de marc\u0103 \u0219i branding personalizat la<br \/>\ncomunic\u0103rile dvs. de marketing.<\/p>\n<h2>Integrare perfect\u0103 a datelor<\/h2>\n<p>Spune-\u021bi la revedere tablourilor de bord nepl\u0103cute!<\/p>\n<p>Fie c\u0103 este vorba de date despre produse, utilizator, comand\u0103 sau comportament, p\u0103stra\u021bi totul \u00eentr-o singur\u0103 baz\u0103 de date \u0219i conecta\u021bi-l la campaniile dvs. \u00een c\u00e2teva secunde.<\/p>\n<p><img decoding=\"async\" width=\"934\" height=\"416\" src=\"https:\/\/vibetrace.com\/wp-content\/uploads\/2023\/03\/Imagereporting-tool-white-label-automation.png\" alt=\"\" loading=\"lazy\" srcset=\"https:\/\/vibetrace.com\/wp-content\/uploads\/2023\/03\/Imagereporting-tool-white-label-automation.png 934w, https:\/\/vibetrace.com\/wp-content\/uploads\/2023\/03\/Imagereporting-tool-white-label-automation-300x134.png 300w, https:\/\/vibetrace.com\/wp-content\/uploads\/2023\/03\/Imagereporting-tool-white-label-automation-768x342.png 768w, https:\/\/vibetrace.com\/wp-content\/uploads\/2023\/03\/Imagereporting-tool-white-label-automation-18x8.png 18w\" sizes=\"auto, (max-width: 934px) 100vw, 934px\"><\/p>\n<h2>E\u0219ti gata s\u0103 c\u00e2\u0219tigi avantajul t\u0103u competitiv?<\/h2>\n<p>Vezi Vibetrace \u00een ac\u021biune. Afla\u021bi cum poate duce campaniile clien\u021bilor dvs. la urm\u0103torul nivel.<\/p>\n<p><a href=\"#\" role=\"button\"><br \/>\nVede\u021bi-l \u00een ac\u021biune<br \/>\n<\/a><\/p>\n<p>2023 \u2013 Vibetrace \u2013 Zurich Elve\u021bia<\/p>\n<p>Solu\u021bia noastr\u0103 Etichet\u0103 alb\u0103 alimenteaz\u0103 \u00een prezent mul\u021bi dintre primii 500 de retaileri online \u0219i site-uri web de comer\u021b electronic. Vibetrace este o companie de produse axat\u0103 pe agen\u021bii \u0219i clien\u021bi mari.<\/p>","protected":false},"excerpt":{"rendered":"<p>Propria ta platform\u0103 de marketing omnicanal personalizat\u0103! Marketing prin e-mail, SMS-uri, publicitate pl\u0103tit\u0103, sondaje \u0219i analize \u2013 \u2026 <a title=\"Solu\u021bie etichet\u0103 alb\u0103 pentru agen\u021bii\" class=\"read-more\" href=\"https:\/\/vibetrace.com\/ro\/lp-agentii-marca-alba2\/\" aria-label=\"Cite\u0219te mai multe despre White Label Solution for Agencies\"> <\/a><\/p>","protected":false},"author":9,"featured_media":0,"parent":0,"menu_order":0,"comment_status":"closed","ping_status":"closed","template":"","meta":{"inline_featured_image":false,"footnotes":""},"class_list":["post-20297","page","type-page","status-publish"],"_links":{"self":[{"href":"https:\/\/vibetrace.com\/ro\/wp-json\/wp\/v2\/pages\/20297","targetHints":{"allow":["GET"]}}],"collection":[{"href":"https:\/\/vibetrace.com\/ro\/wp-json\/wp\/v2\/pages"}],"about":[{"href":"https:\/\/vibetrace.com\/ro\/wp-json\/wp\/v2\/types\/page"}],"author":[{"embeddable":true,"href":"https:\/\/vibetrace.com\/ro\/wp-json\/wp\/v2\/users\/9"}],"replies":[{"embeddable":true,"href":"https:\/\/vibetrace.com\/ro\/wp-json\/wp\/v2\/comments?post=20297"}],"version-history":[{"count":0,"href":"https:\/\/vibetrace.com\/ro\/wp-json\/wp\/v2\/pages\/20297\/revisions"}],"wp:attachment":[{"href":"https:\/\/vibetrace.com\/ro\/wp-json\/wp\/v2\/media?parent=20297"}],"curies":[{"name":"wp","href":"https:\/\/api.w.org\/{rel}","templated":true}]}}