{"id":19301,"date":"2023-02-20T18:22:27","date_gmt":"2023-02-20T18:22:27","guid":{"rendered":"https:\/\/vibetrace.com\/?page_id=19301"},"modified":"2023-03-22T13:50:29","modified_gmt":"2023-03-22T13:50:29","slug":"lp-white-label-agencies","status":"publish","type":"page","link":"https:\/\/vibetrace.com\/ro\/lp-agentii-eticheta-alba\/","title":{"rendered":"Agen\u021bii LP White Label"},"content":{"rendered":"<div class=\"gb-container gb-container-dbaba807\"><div class=\"gb-inside-container\">\n<div class=\"gb-container gb-container-aca22789\"><div class=\"gb-inside-container\">\n<div class=\"gb-grid-wrapper gb-grid-wrapper-3fbb2bd4\">\n<div class=\"gb-grid-column gb-grid-column-eb5d4634\"><div class=\"gb-container gb-container-eb5d4634\"><div class=\"gb-inside-container\">\n\n<figure class=\"wp-block-image size-large is-resized\"><a href=\"https:\/\/vibetrace.com\/ro\/\"><img loading=\"lazy\" decoding=\"async\" src=\"https:\/\/vibetrace.com\/wp-content\/uploads\/2023\/02\/logo_vibetrace_white@3x-1024x221.png\" alt=\"\" class=\"wp-image-19377\" width=\"228\" height=\"49\" srcset=\"https:\/\/vibetrace.com\/wp-content\/uploads\/2023\/02\/logo_vibetrace_white@3x-1024x221.png 1024w, https:\/\/vibetrace.com\/wp-content\/uploads\/2023\/02\/logo_vibetrace_white@3x-300x65.png 300w, https:\/\/vibetrace.com\/wp-content\/uploads\/2023\/02\/logo_vibetrace_white@3x-768x166.png 768w, https:\/\/vibetrace.com\/wp-content\/uploads\/2023\/02\/logo_vibetrace_white@3x-1536x332.png 1536w, https:\/\/vibetrace.com\/wp-content\/uploads\/2023\/02\/logo_vibetrace_white@3x-2048x442.png 2048w, https:\/\/vibetrace.com\/wp-content\/uploads\/2023\/02\/logo_vibetrace_white@3x-18x4.png 18w\" sizes=\"auto, (max-width: 228px) 100vw, 228px\" \/><\/a><\/figure>\n\n<\/div><\/div><\/div>\n\n<div class=\"gb-grid-column gb-grid-column-e40872a1\"><div class=\"gb-container gb-container-e40872a1\"><div class=\"gb-inside-container\"><\/div><\/div><\/div>\n<\/div>\n<\/div><\/div>\n\n<div class=\"gb-container gb-container-e28b46d5\"><div class=\"gb-inside-container\">\n<div class=\"gb-grid-wrapper gb-grid-wrapper-e86a6f43\">\n<div class=\"gb-grid-column gb-grid-column-e51f5970\"><div class=\"gb-container gb-container-e51f5970\"><div class=\"gb-inside-container\">\n\n<h2 class=\"gb-headline gb-headline-e5abb250 gb-headline-text\">Cre\u0219te\u021bi veniturile p\u0103str\u00e2ndu-v\u0103 clien\u021bii mai mult timp<\/h2>\n\n\n\n<p class=\"has-base-3-color has-text-color\">S\u0103-l ai pe al t\u0103u <strong>software complet de automatizare a marketingului cu etichet\u0103 alb\u0103<\/strong> pentru clien\u021bii agen\u021biei dvs.<\/p>\n\n\n\n<p class=\"has-base-3-color has-text-color\">P\u0103stra\u021bi mai mul\u021bi clien\u021bi \u0219i ag\u0103\u021ba\u021bi-i pentru o reten\u021bie sporit\u0103 \u0219i o valoare pe via\u021b\u0103.<\/p>\n\n<\/div><\/div><\/div>\n\n<div class=\"gb-grid-column gb-grid-column-988b9c58\"><div class=\"gb-container gb-container-988b9c58\"><div class=\"gb-inside-container\">\n\n<figure class=\"wp-block-image size-full\"><img loading=\"lazy\" decoding=\"async\" width=\"984\" height=\"566\" src=\"https:\/\/vibetrace.com\/wp-content\/uploads\/2023\/02\/white-label-customer-database-marketing-platform-2.png\" alt=\"\" class=\"wp-image-19426\" srcset=\"https:\/\/vibetrace.com\/wp-content\/uploads\/2023\/02\/white-label-customer-database-marketing-platform-2.png 984w, https:\/\/vibetrace.com\/wp-content\/uploads\/2023\/02\/white-label-customer-database-marketing-platform-2-300x173.png 300w, https:\/\/vibetrace.com\/wp-content\/uploads\/2023\/02\/white-label-customer-database-marketing-platform-2-768x442.png 768w, https:\/\/vibetrace.com\/wp-content\/uploads\/2023\/02\/white-label-customer-database-marketing-platform-2-18x10.png 18w\" sizes=\"auto, (max-width: 984px) 100vw, 984px\" \/><\/figure>\n\n<\/div><\/div><\/div>\n<\/div>\n<\/div><\/div>\n<\/div><\/div>\n\n<div class=\"gb-container gb-container-20d46cfa\"><div class=\"gb-inside-container\">\n\n<h2 class=\"gb-headline gb-headline-7f21273f gb-headline-text\">Cre\u0219te\u021bi \u0219i p\u0103stra\u021bi veniturile, r\u0103m\u00e2n\u00e2nd \u00een acela\u0219i timp relevant<\/h2>\n\n\n\n<script>window.vt_stopcampaigns=true;<\/script>\n\n\n\n<p><\/p>\n\n\n<div class=\"gb-grid-wrapper gb-grid-wrapper-0f10da0d\">\n<div class=\"gb-grid-column gb-grid-column-f7960c80\"><div class=\"gb-container gb-container-f7960c80\"><div class=\"gb-inside-container\">\n\n<h3 class=\"wp-block-heading\">Ce vei primi:<\/h3>\n\n\n\n<ol class=\"wp-block-list\">\n<li>Al tau <strong>Platforma de automatizare a marketingului<\/strong><\/li>\n\n\n\n<li>Nu mai schimba\u021bi \u0219i \u00eenv\u0103\u021ba\u021bi mai multe solu\u021bii software<\/li>\n\n\n\n<li><strong>Mai pu\u021bin\u0103 munc\u0103<\/strong> integrarea datelor \u0219i solu\u021biilor tehnice.<\/li>\n\n\n\n<li>Fi <strong>mai competitiv<\/strong> cu ultimele tendin\u021be \u0219i tehnologie<\/li>\n<\/ol>\n\n\n\n<p>Caracteristici incluse:<\/p>\n\n\n\n<ul class=\"wp-block-list\">\n<li>Marketing prin e-mail<\/li>\n\n\n\n<li>SMS \u0219i Webpush<\/li>\n\n\n\n<li>Fluxuri de lucru de automatizare<\/li>\n\n\n\n<li>Recomand\u0103ri de produse<\/li>\n\n\n\n<li>Popup-uri ale site-ului web, con\u021binut dinamic<\/li>\n\n\n\n<li>Sondaje, sondaje \u0219i formulare<\/li>\n\n\n\n<li>Publicitate pe Facebook <\/li>\n<\/ul>\n\n\n\n<p>Pe deasupra, ai<strong> control deplin asupra pre\u021burilor, factur\u0103rii \u0219i pl\u0103\u021bilor<\/strong>. Clien\u021bii sunt factura\u021bi automat cu acurate\u021be, astfel \u00eenc\u00e2t s\u0103 v\u0103 pute\u021bi concentra pe noi afaceri.<\/p>\n\n\n\n<p>Aplica\u021bi pentru utilizarea solu\u021biei noastre \u0219i face\u021bi <strong>cu p\u00e2n\u0103 la 30% mai multe profituri<\/strong>.<\/p>\n\n\n\n<p>Integrare u\u0219oar\u0103 cu: Shopify, Magento, Prestashop, Woocommerce, Opencart pentru clien\u021bii dvs.<\/p>\n\n<\/div><\/div><\/div>\n\n<div class=\"gb-grid-column gb-grid-column-fca872b4\"><div class=\"gb-container gb-container-fca872b4\"><div class=\"gb-inside-container\">\n\n<h3 class=\"gb-headline gb-headline-cb47f91b gb-headline-text\">Vrei un demo?<\/h3>\n\n\n\n<p>Lasa-ne informatiile tale si te vom contacta in cel mai scurt timp!<\/p>\n\n\n\n<style>\n.lp-input-container input.wp-lp-input {width:100%}\n.lp-input-container {margin:10px 0}\n<\/style>\n<form id=\"demo_list_form\" class=\"book-form\" action=\"https:\/\/pages.vtcdn.net\/lists\/213\/2693\/7ZPO5yLnxNeP\/subscribe\" method=\"POST\" target=\"_blank\" data-trp-original-action=\"https:\/\/pages.vtcdn.net\/lists\/213\/2693\/7ZPO5yLnxNeP\/subscribe\">\n<div class=\"lp-input-container\">\n<input class=\"wp-block-search__input wp-block-search__input wp-lp-input\" placeholder=\"Numele dumneavoastr\u0103 *\" name=\"name\" required=\"\">\n<\/div>\n<div class=\"lp-input-container\">\n<input class=\"wp-block-search__input wp-block-search__input wp-lp-input\" placeholder=\"Adresa dvs. de e-mail *\" name=\"email\" required=\"\">\n<\/div>\n<div class=\"lp-input-container\">\n<input class=\"wp-block-search__input wp-block-search__input wp-lp-input\" placeholder=\"Num\u0103r de telefon\" name=\"tel\">\n<\/div>\n<input type=\"hidden\" value=\"lp_agency\" name=\"source\">\n<input type=\"text\" style=\"display:none\" name=\"__em\" value=\"\">\n<input type=\"text\" style=\"display:none\" name=\"__name\" value=\"\">\n<div class=\"lp-input-container\">\n<button class=\"\">Trimite\u021bi informa\u021bii<\/button>\n<\/div>\n<input type=\"hidden\" name=\"trp-form-language\" value=\"ro\"\/><\/form>\n\n<\/div><\/div><\/div>\n<\/div>\n<\/div><\/div>\n\n<div class=\"gb-container gb-container-8bfaa8b3\"><div class=\"gb-inside-container\">\n\n<p class=\"has-text-align-center has-large-font-size\">Au mai r\u0103mas \u00eentreb\u0103ri?<\/p>\n\n\n\n<p class=\"has-text-align-center has-medium-font-size\">Vom fi bucuro\u0219i s\u0103 vorbim cu dvs. la telefon:<\/p>\n\n\n\n<p class=\"has-text-align-center has-medium-font-size\"><a href=\"tel: 41764656765\">+41 764 65 67 65<\/a> (CH)<\/p>\n\n<\/div><\/div>\n\n<div class=\"gb-container gb-container-40117758\"><div class=\"gb-inside-container\">\n<div class=\"gb-container gb-container-11add892\"><div class=\"gb-inside-container\">\n<div class=\"gb-grid-wrapper gb-grid-wrapper-b8d9abbf\">\n<div class=\"gb-grid-column gb-grid-column-c84977b6\"><div class=\"gb-container gb-container-c84977b6\"><div class=\"gb-inside-container\">\n\n<p class=\"has-text-align-center has-large-font-size\">1<\/p>\n\n\n\n<p class=\"has-text-align-center\">Personalizare complet\u0103, branding \u0219i adrese URL<\/p>\n\n<\/div><\/div><\/div>\n\n<div class=\"gb-grid-column gb-grid-column-b31fd408\"><div class=\"gb-container gb-container-b31fd408\"><div class=\"gb-inside-container\">\n\n<p class=\"has-text-align-center has-large-font-size\">2 <\/p>\n\n\n\n<p class=\"has-text-align-center\">Integrari rapide \u0219i integrare client<\/p>\n\n<\/div><\/div><\/div>\n\n<div class=\"gb-grid-column gb-grid-column-16d1af56\"><div class=\"gb-container gb-container-16d1af56\"><div class=\"gb-inside-container\">\n\n<p class=\"has-text-align-center has-large-font-size\">3<\/p>\n\n\n\n<p class=\"has-text-align-center\">Servicii marca alb\u0103 (marketing + dezvoltare)<\/p>\n\n<\/div><\/div><\/div>\n\n<div class=\"gb-grid-column gb-grid-column-512e3db4\"><div class=\"gb-container gb-container-512e3db4\"><div class=\"gb-inside-container\">\n\n<p class=\"has-text-align-center has-large-font-size\">4<\/p>\n\n\n\n<p class=\"has-text-align-center\">Reduceri de volum, pre\u021buri personalizate \u0219i facturare automat\u0103<\/p>\n\n<\/div><\/div><\/div>\n<\/div>\n<\/div><\/div>\n<\/div><\/div>\n\n<div class=\"gb-container gb-container-c038a6c8\"><div class=\"gb-inside-container\">\n\n<h3 class=\"wp-block-heading\">Ce spun agen\u021biile actuale.<\/h3>\n\n\n<div class=\"gb-grid-wrapper gb-grid-wrapper-478292e2\">\n<div class=\"gb-grid-column gb-grid-column-c309719d\"><div class=\"gb-container gb-container-c309719d\"><div class=\"gb-inside-container\">\n<div class=\"wp-block-image\">\n<figure class=\"alignleft size-large is-resized\"><img loading=\"lazy\" decoding=\"async\" src=\"https:\/\/vibetrace.com\/wp-content\/uploads\/2023\/02\/image-34-1024x1024.png\" alt=\"\" class=\"wp-image-19370\" width=\"131\" height=\"131\" srcset=\"https:\/\/vibetrace.com\/wp-content\/uploads\/2023\/02\/image-34.png 1024w, https:\/\/vibetrace.com\/wp-content\/uploads\/2023\/02\/image-34-300x300.png 300w, https:\/\/vibetrace.com\/wp-content\/uploads\/2023\/02\/image-34-150x150.png 150w, https:\/\/vibetrace.com\/wp-content\/uploads\/2023\/02\/image-34-768x768.png 768w, https:\/\/vibetrace.com\/wp-content\/uploads\/2023\/02\/image-34-12x12.png 12w\" sizes=\"auto, (max-width: 131px) 100vw, 131px\" \/><\/figure>\n<\/div>\n\n\n<p>Am trecut la Vibetrace de la utilizarea Klaviyo pentru clien\u021bii no\u0219tri \u0219i avem rezultate mai bune cu o abordare de marketing integrat\u0103. <\/p>\n\n\n\n<p>Nu este nevoie s\u0103 aduce\u021bi diferite instrumente, iar utilizatorii v\u0103d totul a\u0219a cum este SOFTWARE-UL NOSTRU!<\/p>\n\n\n\n<p>Alina, Opera\u021biuni @getMARA<\/p>\n\n\n\n<p><\/p>\n\n<\/div><\/div><\/div>\n\n<div class=\"gb-grid-column gb-grid-column-79a9b593\"><div class=\"gb-container gb-container-79a9b593\"><div class=\"gb-inside-container\">\n<div class=\"wp-block-image\">\n<figure class=\"alignleft size-large is-resized\"><img decoding=\"async\" src=\"https:\/\/vibetrace.com\/wp-content\/uploads\/2023\/02\/image-69-1024x1024.png\" alt=\"\" class=\"wp-image-19503\" width=\"131\" srcset=\"https:\/\/vibetrace.com\/wp-content\/uploads\/2023\/02\/image-69.png 1024w, https:\/\/vibetrace.com\/wp-content\/uploads\/2023\/02\/image-69-300x300.png 300w, https:\/\/vibetrace.com\/wp-content\/uploads\/2023\/02\/image-69-150x150.png 150w, https:\/\/vibetrace.com\/wp-content\/uploads\/2023\/02\/image-69-768x768.png 768w, https:\/\/vibetrace.com\/wp-content\/uploads\/2023\/02\/image-69-12x12.png 12w\" sizes=\"(max-width: 1024px) 100vw, 1024px\" \/><\/figure>\n<\/div>\n\n\n<p>Clien\u021bii no\u0219tri ne pre\u021buiesc mult mai mult \u0219i nu am pierdut niciun alt client pentru c\u0103 \u201eo vor lua mai ieftin\u201d cu un freelancer. <\/p>\n\n\n\n<p>De asemenea, serviciile marca alb\u0103 ne-au ajutat s\u0103 ob\u021binem venituri suplimentare \u00een a doua zi.<\/p>\n\n\n\n<p>Mike, fondatorul VebaMarketing<\/p>\n\n<\/div><\/div><\/div>\n<\/div>\n\n\n<p><\/p>\n\n\n\n<p>2023 \u2013 Vibetrace \u2013 Zurich Elve\u021bia<\/p>\n\n\n\n<p>Solu\u021bia noastr\u0103 Etichet\u0103 alb\u0103 alimenteaz\u0103 \u00een prezent mul\u021bi dintre cei mai mari 500 de retaileri online \u0219i site-uri de comer\u021b electronic. Vibetrace este o companie de produse axat\u0103 pe agen\u021bii \u0219i clien\u021bi mari.<\/p>\n\n<\/div><\/div>","protected":false},"excerpt":{"rendered":"<p>Grow and retain revenues while staying relevant Any questions left? We will be happy to &#8230; <a title=\"Agen\u021bii LP White Label\" class=\"read-more\" href=\"https:\/\/vibetrace.com\/ro\/lp-agentii-eticheta-alba\/\" aria-label=\"Cite\u0219te mai multe despre LP White Label Agencies\"> <\/a><\/p>","protected":false},"author":9,"featured_media":0,"parent":0,"menu_order":0,"comment_status":"closed","ping_status":"closed","template":"","meta":{"inline_featured_image":false,"footnotes":""},"class_list":["post-19301","page","type-page","status-publish"],"_links":{"self":[{"href":"https:\/\/vibetrace.com\/ro\/wp-json\/wp\/v2\/pages\/19301","targetHints":{"allow":["GET"]}}],"collection":[{"href":"https:\/\/vibetrace.com\/ro\/wp-json\/wp\/v2\/pages"}],"about":[{"href":"https:\/\/vibetrace.com\/ro\/wp-json\/wp\/v2\/types\/page"}],"author":[{"embeddable":true,"href":"https:\/\/vibetrace.com\/ro\/wp-json\/wp\/v2\/users\/9"}],"replies":[{"embeddable":true,"href":"https:\/\/vibetrace.com\/ro\/wp-json\/wp\/v2\/comments?post=19301"}],"version-history":[{"count":0,"href":"https:\/\/vibetrace.com\/ro\/wp-json\/wp\/v2\/pages\/19301\/revisions"}],"wp:attachment":[{"href":"https:\/\/vibetrace.com\/ro\/wp-json\/wp\/v2\/media?parent=19301"}],"curies":[{"name":"wp","href":"https:\/\/api.w.org\/{rel}","templated":true}]}}