{"id":18406,"date":"2023-02-02T14:52:17","date_gmt":"2023-02-02T14:52:17","guid":{"rendered":"https:\/\/vibetrace.com\/?page_id=18406"},"modified":"2023-02-02T16:30:50","modified_gmt":"2023-02-02T16:30:50","slug":"email-subject-lines-generator","status":"publish","type":"page","link":"https:\/\/vibetrace.com\/ro\/generator-linii-subiect-e-mail\/","title":{"rendered":"Generator de linii de subiect pentru e-mail"},"content":{"rendered":"<h3 class=\"wp-block-heading\">S\u0103 gener\u0103m \u0219i s\u0103 \u00eembun\u0103t\u0103\u021bim subiecte folosind AI:<\/h3>\n\n\n\n<p>Te-ai s\u0103turat s\u0103 cau\u021bi subiectul perfect pentru e-mailul t\u0103u? Crea\u021bi linii de subiect unice sau evalua\u021bi-v\u0103 ideile cu generatorul nostru de linii de subiect pentru e-mail bazat pe tehnologia OpenAI \u0219i GPT:<\/p>\n\n\n\n<iframe src=\"https:\/\/subjectlines.vibetrace.com\/\" style=\"border:0px; width:100%; height:1000px\"><\/iframe>\n\n\n\n<p>Un bun generator de linii de subiect pentru e-mail ar trebui s\u0103 fie capabil s\u0103 genereze linii de subiect creative, captivante \u0219i care s\u0103 atrag\u0103 aten\u021bia, care sunt adaptate con\u021binutului e-mailului.<\/p>\n\n\n\n<p>De asemenea, ar trebui s\u0103 poat\u0103 sugera linii de subiect pe baza cuvintelor cheie utilizate \u00een corpul e-mailului. Generatorul nostru de subiect al e-mailului ar trebui s\u0103 poat\u0103 recomanda anumite cuvinte, expresii \u0219i semne de punctua\u021bie care pot fi folosite pentru a face subiectul mai eficient.<\/p>\n\n\n\n<p>Un subiect bun are oricum lungimea \u00eentre 10 \u0219i 50 de caractere. Genera\u021bi unul folosind inteligen\u021ba artificial\u0103 oferit\u0103 de Vibetrace Email Marketing \u00eempreun\u0103 cu OpenAi \u0219i ChatGPT<\/p>\n\n\n\n<p>Liniile de subiect ale e-mailului este un subiect important \u00een marketingul prin e-mail \u0219i am creat c\u00e2teva articole pentru&nbsp;<a href=\"https:\/\/vibetrace.com\/ro\/tag\/email-subject-lines\/\" target=\"_blank\" rel=\"noreferrer noopener\">s\u0103rb\u0103tori speciale<\/a>.<\/p>","protected":false},"excerpt":{"rendered":"<p>S\u0103 gener\u0103m \u0219i s\u0103 \u00eembun\u0103t\u0103\u021bim liniile de subiect folosind AI: M-am s\u0103turat s\u0103 cau\u021bi subiectul perfect... <a title=\"Generator de linii de subiect pentru e-mail\" class=\"read-more\" href=\"https:\/\/vibetrace.com\/ro\/generator-linii-subiect-e-mail\/\" aria-label=\"Cite\u0219te mai multe despre Email Subject Lines Generator\"> <\/a><\/p>","protected":false},"author":9,"featured_media":18427,"parent":0,"menu_order":0,"comment_status":"closed","ping_status":"closed","template":"","meta":{"inline_featured_image":false,"footnotes":""},"class_list":["post-18406","page","type-page","status-publish","has-post-thumbnail"],"_links":{"self":[{"href":"https:\/\/vibetrace.com\/ro\/wp-json\/wp\/v2\/pages\/18406","targetHints":{"allow":["GET"]}}],"collection":[{"href":"https:\/\/vibetrace.com\/ro\/wp-json\/wp\/v2\/pages"}],"about":[{"href":"https:\/\/vibetrace.com\/ro\/wp-json\/wp\/v2\/types\/page"}],"author":[{"embeddable":true,"href":"https:\/\/vibetrace.com\/ro\/wp-json\/wp\/v2\/users\/9"}],"replies":[{"embeddable":true,"href":"https:\/\/vibetrace.com\/ro\/wp-json\/wp\/v2\/comments?post=18406"}],"version-history":[{"count":0,"href":"https:\/\/vibetrace.com\/ro\/wp-json\/wp\/v2\/pages\/18406\/revisions"}],"wp:featuredmedia":[{"embeddable":true,"href":"https:\/\/vibetrace.com\/ro\/wp-json\/wp\/v2\/media\/18427"}],"wp:attachment":[{"href":"https:\/\/vibetrace.com\/ro\/wp-json\/wp\/v2\/media?parent=18406"}],"curies":[{"name":"wp","href":"https:\/\/api.w.org\/{rel}","templated":true}]}}