{"id":168,"date":"2021-08-12T09:55:01","date_gmt":"2021-08-12T09:55:01","guid":{"rendered":"https:\/\/vibetrace.com\/blog\/?page_id=168"},"modified":"2023-06-14T08:15:55","modified_gmt":"2023-06-14T08:15:55","slug":"refund-policy","status":"publish","type":"page","link":"https:\/\/vibetrace.com\/ro\/politica-de-rambursare\/","title":{"rendered":"Politica de rambursare"},"content":{"rendered":"<div class=\"gb-container gb-container-f62b97ef\"><div class=\"gb-inside-container\">\n\n<h3 class=\"gb-headline gb-headline-c663a4db gb-headline-text\">Politica de rambursare<\/h3>\n\n\n\n<p><strong>Abonamente lunare:<\/strong>&nbsp;Ave\u021bi la dispozi\u021bie TREIZECI (30) de zile de la data achizi\u021biei ini\u021biale pentru a solicita o rambursare pentru abonamentul lunar. Orice cerere de rambursare dup\u0103 limita de timp de TREIZEI (30) ZILE nu va fi procesat\u0103. Pute\u021bi anula \u00een orice moment dup\u0103 ce au trecut primele TREEI (30) de zile.<\/p>\n\n\n\n<p><strong>Abonamente anuale:<\/strong>&nbsp;Pentru achizi\u021biile anuale cu abonament, ave\u021bi la dispozi\u021bie TREIZEI (30) de zile de la data achizi\u021biei ini\u021biale pentru a solicita o rambursare pentru abonamentul anual. Orice solicitare de rambursare dup\u0103 30 de zile va fi propor\u021bional\u0103 cu timpul r\u0103mas \u00een perioada ini\u021bial\u0103 a abonamentului anual. Exemplu: dac\u0103 achizi\u021biona\u021bi un abonament anual \u00een ianuarie a acestui an \u0219i decide\u021bi c\u0103 dori\u021bi o rambursare la 6 luni de la data achizi\u021biei, rambursarea propor\u021bional\u0103 va fi de 50% din pre\u021bul de achizi\u021bie. Odat\u0103 ce este primit\u0103 o retur sau o cerere de rambursare valid\u0103 trimis\u0103, procesul de rambursare nu va dura mai mult de 30 de zile. Toate ramburs\u0103rile vor fi fie returnate pe cardul de credit original \u2013 SAU- trimise prin po\u0219t\u0103 sub form\u0103 de cec la numele \u0219i adresa de facturare. Comenzile interna\u021bionale care vor fi rambursate \u00eenapoi pe cardul de credit original, iar comenzile PayPal vor fi creditate \u00eenapoi \u00een contul PayPal.<\/p>\n\n\n\n<p><\/p>\n\n\n\n<p>Din suma total\u0103 de rambursat vom deduce resursele utilizate care trebuie pl\u0103tite contractorilor no\u0219tri: credite SMS, utilizarea e-mailului, costuri de publicitate.<\/p>\n\n<\/div><\/div>","protected":false},"excerpt":{"rendered":"<p>Politica de rambursare Abonamente lunare: ave\u021bi treizeci (30) de zile de la data achizi\u021biei ini\u021biale... <a title=\"Politica de rambursare\" class=\"read-more\" href=\"https:\/\/vibetrace.com\/ro\/politica-de-rambursare\/\" aria-label=\"Cite\u0219te mai multe despre Refund Policy\"> <\/a><\/p>","protected":false},"author":9,"featured_media":0,"parent":0,"menu_order":0,"comment_status":"closed","ping_status":"closed","template":"","meta":{"inline_featured_image":false,"footnotes":""},"class_list":["post-168","page","type-page","status-publish"],"_links":{"self":[{"href":"https:\/\/vibetrace.com\/ro\/wp-json\/wp\/v2\/pages\/168","targetHints":{"allow":["GET"]}}],"collection":[{"href":"https:\/\/vibetrace.com\/ro\/wp-json\/wp\/v2\/pages"}],"about":[{"href":"https:\/\/vibetrace.com\/ro\/wp-json\/wp\/v2\/types\/page"}],"author":[{"embeddable":true,"href":"https:\/\/vibetrace.com\/ro\/wp-json\/wp\/v2\/users\/9"}],"replies":[{"embeddable":true,"href":"https:\/\/vibetrace.com\/ro\/wp-json\/wp\/v2\/comments?post=168"}],"version-history":[{"count":0,"href":"https:\/\/vibetrace.com\/ro\/wp-json\/wp\/v2\/pages\/168\/revisions"}],"wp:attachment":[{"href":"https:\/\/vibetrace.com\/ro\/wp-json\/wp\/v2\/media?parent=168"}],"curies":[{"name":"wp","href":"https:\/\/api.w.org\/{rel}","templated":true}]}}