{"id":166,"date":"2021-08-12T09:55:01","date_gmt":"2021-08-12T09:55:01","guid":{"rendered":"https:\/\/vibetrace.com\/blog\/?page_id=166"},"modified":"2023-06-14T08:15:19","modified_gmt":"2023-06-14T08:15:19","slug":"cookie-policy","status":"publish","type":"page","link":"https:\/\/vibetrace.com\/ro\/politica-de-cookie-uri\/","title":{"rendered":"Politica de cookie-uri"},"content":{"rendered":"<div class=\"gb-container gb-container-1d3c9211\"><div class=\"gb-inside-container\">\n\n<h1 class=\"gb-headline gb-headline-c7d43197 gb-headline-text\">Politica de cookie-uri<\/h1>\n\n\n\n<p class=\"gb-headline gb-headline-d3ef2b05 gb-headline-text\">Cum gestioneaz\u0103 Vibetrace cookie-urile.<\/p>\n\n\n\n<p>Ultima modificare: mai 2018<\/p>\n\n\n\n<p>Acest site web sau instrumentele sale ter\u021be utilizeaz\u0103 cookie-uri, care sunt necesare func\u021bion\u0103rii sale \u0219i necesare pentru atingerea scopurilor ilustrate \u00een aceast\u0103 politic\u0103 privind cookie-urile. \u00cenchiz\u00e2nd bannerul de avertizare privind cookie-urile, derul\u00e2nd pagina, f\u0103c\u00e2nd clic pe un link sau continu\u00e2nd navigarea \u00een alt mod, sunte\u021bi de acord cu utilizarea cookie-urilor.<\/p>\n\n<\/div><\/div>\n\n<div class=\"gb-container gb-container-3c618fce\"><div class=\"gb-inside-container\">\n\n<h2 class=\"gb-headline gb-headline-6ab5fe31 gb-headline-text\">Ce sunt cookie-urile?<\/h2>\n\n\n\n<p>Pentru ca site-urile web moderne s\u0103 func\u021bioneze conform a\u0219tept\u0103rilor vizitatorilor, ace\u0219tia trebuie s\u0103 colecteze anumite informa\u021bii de baz\u0103 despre vizitatori. Pentru a face acest lucru, un site va crea fi\u0219iere text mici care sunt plasate pe dispozitivele vizitatorilor - aceste fi\u0219iere sunt cunoscute ca cookie-uri. Cookie-urile sunt atribuite \u00een mod unic fiec\u0103rui vizitator \u0219i pot fi citite doar de un server web din domeniul care a emis cookie-ul vizitatorului. Cookie-urile nu pot fi folosite pentru a rula programe sau pentru a furniza viru\u0219i pe dispozitivul unui vizitator.<\/p>\n\n\n\n<p>Cookie-urile efectueaz\u0103 diverse sarcini care fac experien\u021ba vizitatorului pe internet mult mai fluid\u0103 \u0219i mai interactiv\u0103. De exemplu, cookie-urile sunt folosite pentru a re\u021bine preferin\u021bele vizitatorului pe site-urile pe care le viziteaz\u0103 des, pentru a re\u021bine preferin\u021bele de limb\u0103 \u0219i pentru a ajuta la navigarea mai eficient\u0103 \u00eentre pagini. Multe dintre datele colectate, de\u0219i nu toate, sunt anonime, de\u0219i unele dintre ele sunt concepute pentru a detecta tiparele de navigare \u0219i loca\u021bia geografic\u0103 aproximativ\u0103 pentru a \u00eembun\u0103t\u0103\u021bi experien\u021ba vizitatorilor.<\/p>\n\n\n\n<h2 class=\"gb-headline gb-headline-8e136e62 gb-headline-text\">Cum sunt utilizate cookie-urile pe vibetrace.com?<\/h2>\n\n\n\n<p>Vibetrace plaseaz\u0103 cookie-uri pentru a stoca \u0219i apoi a prelua mici fragmente de informa\u021bii de pe computer atunci c\u00e2nd vizita\u021bi. Acest lucru este pentru a ne asigura c\u0103 con\u021binutul nostru este adaptat specifica\u021biilor dvs., \u00eembun\u0103t\u0103\u021bind astfel experien\u021ba vizitatorilor site-ului. Printre altele, cookie-urile pe care le folosim permit vizitatorilor s\u0103 se \u00eenscrie pe site \u0219i ne permit s\u0103 calcul\u0103m (anonimat) c\u00e2\u021bi vizitatori are site-ul.<\/p>\n\n\n\n<p>Consider\u0103m c\u0103 experien\u021ba vizitatorilor site-ului web ar fi afectat\u0103 negativ dac\u0103 vizitatorii renun\u021b\u0103 la cookie-urile pe care le folosim.<\/p>\n\n\n\n<h2 class=\"gb-headline gb-headline-7a48a6d9 gb-headline-text\">Ce tipuri de cookie-uri exist\u0103 \u0219i pe care le folosim?<\/h2>\n\n\n\n<p>Cookie-urile pot fi clasificate dup\u0103 c\u00e2t timp sunt stocate \u0219i func\u021bia lor.<\/p>\n\n\n\n<h3 class=\"gb-headline gb-headline-029c37a4 gb-headline-text\">Cookie-uri clasificate \u00een func\u021bie de durata de stocare:<\/h3>\n\n\n\n<h4 class=\"gb-headline gb-headline-6b95bc84 gb-headline-text\">Cookie-uri persistente<\/h4>\n\n\n\n<p>Cookie-urile persistente r\u0103m\u00e2n pe dispozitivul unui vizitator pentru o anumit\u0103 perioad\u0103 de timp specificat\u0103 \u00een cookie. Acestea sunt activate de fiecare dat\u0103 c\u00e2nd vizitatorul viziteaz\u0103 site-ul web care a creat acel cookie particular.<\/p>\n\n\n\n<p>Exemple de modul \u00een care folosim cookie-uri persistente:<\/p>\n\n\n\n<ul class=\"wp-block-list\">\n<li>Permite vizitatorilor s\u0103 se \u00eenscrie<\/li>\n\n\n\n<li>Calcularea num\u0103rului de vizitatori ai site-ului<\/li>\n<\/ul>\n\n\n\n<h4 class=\"gb-headline gb-headline-aa22531c gb-headline-text\">Cookie-uri de sesiune<\/h4>\n\n\n\n<p>Cookie-urile de sesiune sunt temporare. Acestea permit operatorilor de site-uri web s\u0103 conecteze ac\u021biunile unui vizitator \u00een timpul unei sesiuni de browser. O sesiune de browser \u00eencepe c\u00e2nd un vizitator deschide o fereastr\u0103 de browser \u0219i se termin\u0103 c\u00e2nd o \u00eenchide. Odat\u0103 ce \u00eenchide\u021bi browserul, toate modulele cookie de sesiune sunt \u0219terse.<\/p>\n\n\n\n<p>Exemple de modul \u00een care folosim module cookie de sesiune:<\/p>\n\n\n\n<ul class=\"wp-block-list\">\n<li>Pentru a \u00eembun\u0103t\u0103\u021bi gradul de utilizare a site-ului nostru<\/li>\n\n\n\n<li>Pentru a direc\u021biona vizitatorul c\u0103tre cel mai disponibil server web<\/li>\n<\/ul>\n\n\n\n<h3 class=\"gb-headline gb-headline-78dd96e0 gb-headline-text\">Cookie-uri clasificate \u00een func\u021bie de func\u021bie:<\/h3>\n\n\n\n<h4 class=\"gb-headline gb-headline-13d6fc6a gb-headline-text\">Cookie-uri strict necesare<\/h4>\n\n\n\n<p>Cookie-urile strict necesare sunt esen\u021biale pentru a naviga pe un site web \u0219i pentru a utiliza func\u021biile acestuia. F\u0103r\u0103 ele, vizitatorii nu ar putea folosi servicii de baz\u0103 precum \u00eenregistrarea. Aceste cookie-uri nu adun\u0103 informa\u021bii despre vizitatori care ar putea fi utilizate pentru marketing sau pentru a aminti unde a fost un vizitator pe internet.<\/p>\n\n\n\n<p>Exemple de modul \u00een care Vibetrace utilizeaz\u0103 module cookie \u201estrict necesare\u201d includ:<\/p>\n\n\n\n<ul class=\"wp-block-list\">\n<li>Permite vizitatorilor s\u0103 se conecteze la site ca utilizator \u00eenregistrat<\/li>\n<\/ul>\n\n\n\n<h4 class=\"gb-headline gb-headline-e7d44885 gb-headline-text\">Cookie-uri neesen\u021biale<\/h4>\n\n\n\n<p>Acestea sunt orice cookie-uri care nu se \u00eencadreaz\u0103 \u00een defini\u021bia cookie-urilor esen\u021biale, cum ar fi cookie-urile utilizate pentru a analiza comportamentul dumneavoastr\u0103 pe un site web (cookie-uri \u201eanalitice\u201d) sau cookie-uri utilizate pentru a v\u0103 afi\u0219a reclame (cookie-uri \u201ereclame\u201d)<\/p>\n\n\n\n<p>Cookie-urile de performan\u021b\u0103 colecteaz\u0103 date anonime \u00een scopuri statistice despre modul \u00een care vizitatorii folosesc un site web \u0219i sunt folosite pentru a \u00eembun\u0103t\u0103\u021bi experien\u021ba vizitatorilor. De asemenea, exist\u0103 cookie-uri neesen\u021biale care identific\u0103 utilizatorii pentru a personaliza modul \u00een care un site web \u00eei arat\u0103 \u0219i pentru a oferi personalizare site-ului web \u0219i pentru a \u00eembun\u0103t\u0103\u021bi marketingul.<\/p>\n\n\n\n<p>Exemple de modul \u00een care Vibetrace utilizeaz\u0103 module cookie de performan\u021b\u0103 includ:<\/p>\n\n\n\n<ul class=\"wp-block-list\">\n<li>Colectarea de date despre vizitele pe site, inclusiv num\u0103rul de vizitatori \u0219i vizite, durata de timp petrecut\u0103 pe site, paginile pe care s-a f\u0103cut clic sau de unde au venit vizitatorii<\/li>\n\n\n\n<li>Informa\u021biile furnizate de cookie-urile de performan\u021b\u0103 ne ajut\u0103 s\u0103 \u00een\u021belegem cum folosesc vizitatorii site-ul web; de exemplu, dac\u0103 vizitatorii au mai vizitat sau nu, la ce s-au uitat sau au f\u0103cut clic vizitatorii \u0219i cum ne-au g\u0103sit<\/li>\n\n\n\n<li>Informa\u021biile furnizate de cookie-urile de performan\u021b\u0103 sunt utilizate \u00een activit\u0103\u021bi de (re)marketing.<\/li>\n\n\n\n<li>Amintirea alegerii lingvistice a unui vizitator<\/li>\n\n\n\n<li>Amintirea numelui de utilizator pentru pagina de conectare.<\/li>\n<\/ul>\n\n\n\n<h2 class=\"gb-headline gb-headline-493b2fba gb-headline-text\">Cum pot vizitatorii s\u0103 controleze cookie-urile?<\/h2>\n\n\n\n<p>Vizitatorii trebuie s\u0103 fie con\u0219tien\u021bi de faptul c\u0103 orice preferin\u021be se vor pierde dac\u0103 cookie-urile sunt \u0219terse, iar multe site-uri web nu vor func\u021biona corect sau func\u021bionalitatea se va pierde. Prin urmare, Vibetrace nu recomand\u0103 dezactivarea cookie-urilor atunci c\u00e2nd utiliza\u021bi vibetrace.com.<\/p>\n\n\n\n<p>Majoritatea browserelor accept\u0103 cookie-uri automat, dar vizitatorii pot modifica set\u0103rile browserului lor pentru a \u0219terge cookie-urile sau pentru a preveni acceptarea automat\u0103. Browserele ofer\u0103, \u00een general, op\u021biunea de a vedea modulele cookie stocate \u00een prezent \u0219i de a accepta, respinge sau \u0219terge modulele cookie, blocarea modulelor cookie de la ter\u021bi, blocarea modulelor cookie de pe anumite site-uri, acceptarea tuturor modulelor cookie \u0219i abonamentul la o notificare c\u00e2nd este emis un cookie. O vizit\u0103 la meniul \u201eop\u021biuni\u201d sau \u201epreferin\u021be\u201d din browserul lor va permite vizitatorilor s\u0103 modifice set\u0103rile. Sec\u021biunea de ajutor pentru browser ofer\u0103 de obicei informa\u021bii detaliate despre cum se realizeaz\u0103 acest lucru.<\/p>\n\n\n\n<h3 class=\"gb-headline gb-headline-38daf538 gb-headline-text\">Gestionarea cookie-urilor de performan\u021b\u0103<\/h3>\n\n\n\n<p>Este posibil s\u0103 renun\u021ba\u021bi la \u00eenregistrarea activit\u0103\u021bii dvs. anonime de navigare pe site-uri prin cookie-uri de performan\u021b\u0103. Vizitatorii pot \u00eempiedica utilizarea datelor lor instal\u00e2nd un supliment de browser care blocheaz\u0103 func\u021bionalitatea.<\/p>\n\n\n\n<p>Vibetrace.com folose\u0219te diverse instrumente pentru \u00eenregistrarea cookie-urilor de performan\u021b\u0103:<\/p>\n\n\n\n<ul class=\"wp-block-list\">\n<li>Google Analytics<\/li>\n\n\n\n<li>Google Adwords (DoubleClick)<\/li>\n\n\n\n<li>Facebook Pixel<\/li>\n\n\n\n<li>Alte servicii similare ter\u021bilor<\/li>\n<\/ul>\n\n\n\n<p>Nu uita\u021bi c\u0103, nepermi\u021b\u00e2nd cookie-uri de performan\u021b\u0103, acest lucru ne \u00eempiedic\u0103 s\u0103 putem afla ce le place sau ce nu le place oamenilor la site-ul nostru, astfel \u00eenc\u00e2t s\u0103 \u00eel putem \u00eembun\u0103t\u0103\u021bi.<\/p>\n\n\n\n<h2 class=\"gb-headline gb-headline-fc46a9f1 gb-headline-text\">Consim\u021b\u0103m\u00e2ntul vizitatorului<\/h2>\n\n\n\n<p>Continu\u00e2nd s\u0103 utiliza\u021bi site-ul, sunte\u021bi de acord cu plasarea cookie-urilor pe dispozitivul dumneavoastr\u0103. Dac\u0103 alege\u021bi s\u0103 nu primi\u021bi cookie-urile noastre, nu v\u0103 putem garanta c\u0103 experien\u021ba dumneavoastr\u0103 va fi la fel de satisf\u0103c\u0103toare cum ar fi altfel.<\/p>\n\n<\/div><\/div>","protected":false},"excerpt":{"rendered":"<p>Politica privind cookie-urile Cum gestioneaz\u0103 Vibetrace cookie-urile. Ultima modificare: mai 2018 Acest site web sau ter\u021bii s\u0103i \u2026 <a title=\"Politica de cookie-uri\" class=\"read-more\" href=\"https:\/\/vibetrace.com\/ro\/politica-de-cookie-uri\/\" aria-label=\"Cite\u0219te mai multe despre Cookie Policy\"> <\/a><\/p>","protected":false},"author":9,"featured_media":0,"parent":0,"menu_order":0,"comment_status":"closed","ping_status":"closed","template":"","meta":{"inline_featured_image":false,"footnotes":""},"class_list":["post-166","page","type-page","status-publish"],"_links":{"self":[{"href":"https:\/\/vibetrace.com\/ro\/wp-json\/wp\/v2\/pages\/166","targetHints":{"allow":["GET"]}}],"collection":[{"href":"https:\/\/vibetrace.com\/ro\/wp-json\/wp\/v2\/pages"}],"about":[{"href":"https:\/\/vibetrace.com\/ro\/wp-json\/wp\/v2\/types\/page"}],"author":[{"embeddable":true,"href":"https:\/\/vibetrace.com\/ro\/wp-json\/wp\/v2\/users\/9"}],"replies":[{"embeddable":true,"href":"https:\/\/vibetrace.com\/ro\/wp-json\/wp\/v2\/comments?post=166"}],"version-history":[{"count":0,"href":"https:\/\/vibetrace.com\/ro\/wp-json\/wp\/v2\/pages\/166\/revisions"}],"wp:attachment":[{"href":"https:\/\/vibetrace.com\/ro\/wp-json\/wp\/v2\/media?parent=166"}],"curies":[{"name":"wp","href":"https:\/\/api.w.org\/{rel}","templated":true}]}}