{"id":15099,"date":"2022-09-21T12:43:52","date_gmt":"2022-09-21T12:43:52","guid":{"rendered":"https:\/\/vibetrace.com\/?page_id=15099"},"modified":"2022-09-21T12:44:27","modified_gmt":"2022-09-21T12:44:27","slug":"hosted-marketing-automation","status":"publish","type":"page","link":"https:\/\/vibetrace.com\/ro\/automatizare-de-marketing-gazduita\/","title":{"rendered":"Automatizare de marketing g\u0103zduit\u0103"},"content":{"rendered":"<p><\/p>\n\n\n\n<p>Aceast\u0103 pagin\u0103 arat\u0103 op\u021biunea pentru automatizarea de marketing g\u0103zduit\u0103.<\/p>\n\n\n\n<p>Viz\u00e2nd companii \u0219i \u00eentreprinderi mari.<\/p>\n\n\n\n<p>Cel pu\u021bin 5 milioane de utilizatori activi lunar.<\/p>","protected":false},"excerpt":{"rendered":"<p>Aceast\u0103 pagin\u0103 arat\u0103 op\u021biunea pentru automatizarea de marketing g\u0103zduit\u0103. Viz\u00e2nd companii \u0219i \u00eentreprinderi mari. \u2026 <a title=\"Automatizare de marketing g\u0103zduit\u0103\" class=\"read-more\" href=\"https:\/\/vibetrace.com\/ro\/automatizare-de-marketing-gazduita\/\" aria-label=\"Cite\u0219te mai multe despre Hosted Marketing Automation\"> <\/a><\/p>","protected":false},"author":9,"featured_media":0,"parent":0,"menu_order":0,"comment_status":"closed","ping_status":"closed","template":"","meta":{"inline_featured_image":false,"footnotes":""},"class_list":["post-15099","page","type-page","status-publish"],"_links":{"self":[{"href":"https:\/\/vibetrace.com\/ro\/wp-json\/wp\/v2\/pages\/15099","targetHints":{"allow":["GET"]}}],"collection":[{"href":"https:\/\/vibetrace.com\/ro\/wp-json\/wp\/v2\/pages"}],"about":[{"href":"https:\/\/vibetrace.com\/ro\/wp-json\/wp\/v2\/types\/page"}],"author":[{"embeddable":true,"href":"https:\/\/vibetrace.com\/ro\/wp-json\/wp\/v2\/users\/9"}],"replies":[{"embeddable":true,"href":"https:\/\/vibetrace.com\/ro\/wp-json\/wp\/v2\/comments?post=15099"}],"version-history":[{"count":0,"href":"https:\/\/vibetrace.com\/ro\/wp-json\/wp\/v2\/pages\/15099\/revisions"}],"wp:attachment":[{"href":"https:\/\/vibetrace.com\/ro\/wp-json\/wp\/v2\/media?parent=15099"}],"curies":[{"name":"wp","href":"https:\/\/api.w.org\/{rel}","templated":true}]}}