{"id":120,"date":"2021-08-11T08:36:45","date_gmt":"2021-08-11T08:36:45","guid":{"rendered":"https:\/\/vibetrace.com\/blog\/?page_id=120"},"modified":"2021-08-14T14:34:22","modified_gmt":"2021-08-14T14:34:22","slug":"ecommerce-crm","status":"publish","type":"page","link":"https:\/\/vibetrace.com\/ro\/ecommerce-crm\/","title":{"rendered":"E-commerce CRM"},"content":{"rendered":"<div class=\"gb-container gb-container-6b1c7030\"><div class=\"gb-inside-container\">\n<div class=\"gb-grid-wrapper gb-grid-wrapper-c2668a42\">\n<div class=\"gb-grid-column gb-grid-column-e9f2de89\"><div class=\"gb-container gb-container-e9f2de89\"><div class=\"gb-inside-container\">\n\n<h1 class=\"gb-headline gb-headline-6198c2a0 gb-headline-text\">E-commerce CRM<\/h1>\n\n\n\n<p class=\"gb-headline gb-headline-c7d89497\"><span class=\"gb-icon\"><svg style=\"fill-rule:evenodd;clip-rule:evenodd;stroke-linejoin:round;stroke-miterlimit:2;\" xml:space=\"preserve\" xmlns:xlink=\"http:\/\/www.w3.org\/1999\/xlink\" xmlns=\"http:\/\/www.w3.org\/2000\/svg\" version=\"1.1\" viewbox=\"0 0 600 456\" height=\"100%\" width=\"100%\"><path style=\"fill-rule:nonzero;\" d=\"M214.5,443.5c-7.7,7.7 -16.4,11.6 -26.1,11.6c-9.7,0 -18.4,-3.9 -26.1,-11.6l-162.3,-162.3l52.2,-52.2l136.2,136.2l362.3,-365.2l49.3,52.2l-385.5,391.3Z\"><\/path><\/svg><\/span><span class=\"gb-headline-text\">Cre\u0219te\u021bi rentabilitatea investi\u021biei campaniilor de marketing cu informa\u021bii bogate despre clien\u021bi<\/span><\/p>\n\n\n\n<p class=\"gb-headline gb-headline-7d862e64\"><span class=\"gb-icon\"><svg style=\"fill-rule:evenodd;clip-rule:evenodd;stroke-linejoin:round;stroke-miterlimit:2;\" xml:space=\"preserve\" xmlns:xlink=\"http:\/\/www.w3.org\/1999\/xlink\" xmlns=\"http:\/\/www.w3.org\/2000\/svg\" version=\"1.1\" viewbox=\"0 0 600 456\" height=\"100%\" width=\"100%\"><path style=\"fill-rule:nonzero;\" d=\"M214.5,443.5c-7.7,7.7 -16.4,11.6 -26.1,11.6c-9.7,0 -18.4,-3.9 -26.1,-11.6l-162.3,-162.3l52.2,-52.2l136.2,136.2l362.3,-365.2l49.3,52.2l-385.5,391.3Z\"><\/path><\/svg><\/span><span class=\"gb-headline-text\"><strong>Personaliza\u021bi comunicarea<\/strong>\u00a0cu fiecare client<\/span><\/p>\n\n\n\n<p class=\"gb-headline gb-headline-8511c2f6\"><span class=\"gb-icon\"><svg style=\"fill-rule:evenodd;clip-rule:evenodd;stroke-linejoin:round;stroke-miterlimit:2;\" xml:space=\"preserve\" xmlns:xlink=\"http:\/\/www.w3.org\/1999\/xlink\" xmlns=\"http:\/\/www.w3.org\/2000\/svg\" version=\"1.1\" viewbox=\"0 0 600 456\" height=\"100%\" width=\"100%\"><path style=\"fill-rule:nonzero;\" d=\"M214.5,443.5c-7.7,7.7 -16.4,11.6 -26.1,11.6c-9.7,0 -18.4,-3.9 -26.1,-11.6l-162.3,-162.3l52.2,-52.2l136.2,136.2l362.3,-365.2l49.3,52.2l-385.5,391.3Z\"><\/path><\/svg><\/span><span class=\"gb-headline-text\"><strong>Cre\u0219te\u021bi implicarea<\/strong>\u00a0\u0219i optimiza\u021bi pentru loialitate<\/span><\/p>\n\n\n\n<p class=\"gb-headline gb-headline-3d67146b\"><span class=\"gb-icon\"><svg style=\"fill-rule:evenodd;clip-rule:evenodd;stroke-linejoin:round;stroke-miterlimit:2;\" xml:space=\"preserve\" xmlns:xlink=\"http:\/\/www.w3.org\/1999\/xlink\" xmlns=\"http:\/\/www.w3.org\/2000\/svg\" version=\"1.1\" viewbox=\"0 0 600 456\" height=\"100%\" width=\"100%\"><path style=\"fill-rule:nonzero;\" d=\"M214.5,443.5c-7.7,7.7 -16.4,11.6 -26.1,11.6c-9.7,0 -18.4,-3.9 -26.1,-11.6l-162.3,-162.3l52.2,-52.2l136.2,136.2l362.3,-365.2l49.3,52.2l-385.5,391.3Z\"><\/path><\/svg><\/span><span class=\"gb-headline-text\">Segmenta\u021bi utilizatorii \u00een func\u021bie de valoarea clientului, de activitatea ciclului de via\u021b\u0103 sau de implicare<\/span><\/p>\n\n\n\n<p class=\"gb-headline gb-headline-1d94a96e\"><span class=\"gb-icon\"><svg style=\"fill-rule:evenodd;clip-rule:evenodd;stroke-linejoin:round;stroke-miterlimit:2;\" xml:space=\"preserve\" xmlns:xlink=\"http:\/\/www.w3.org\/1999\/xlink\" xmlns=\"http:\/\/www.w3.org\/2000\/svg\" version=\"1.1\" viewbox=\"0 0 600 456\" height=\"100%\" width=\"100%\"><path style=\"fill-rule:nonzero;\" d=\"M214.5,443.5c-7.7,7.7 -16.4,11.6 -26.1,11.6c-9.7,0 -18.4,-3.9 -26.1,-11.6l-162.3,-162.3l52.2,-52.2l136.2,136.2l362.3,-365.2l49.3,52.2l-385.5,391.3Z\"><\/path><\/svg><\/span><span class=\"gb-headline-text\">Profita\u021bi la maximum de fiecare client \u0219i crea\u021bi\u00a0<strong>comportamentul de cump\u0103rare repetat<\/strong><\/span><\/p>\n\n<\/div><\/div><\/div>\n\n<div class=\"gb-grid-column gb-grid-column-bf84404e\"><div class=\"gb-container gb-container-bf84404e\"><div class=\"gb-inside-container\">\n\n<figure class=\"wp-block-image size-full\"><img loading=\"lazy\" decoding=\"async\" width=\"598\" height=\"376\" src=\"https:\/\/vibetrace.com\/blog\/wp-content\/uploads\/2021\/08\/ecommerce-crm.webp\" alt=\"\" class=\"wp-image-443\" srcset=\"https:\/\/vibetrace.com\/wp-content\/uploads\/2021\/08\/ecommerce-crm.webp 598w, https:\/\/vibetrace.com\/wp-content\/uploads\/2021\/08\/ecommerce-crm-300x189.webp 300w\" sizes=\"auto, (max-width: 598px) 100vw, 598px\" \/><\/figure>\n\n<\/div><\/div><\/div>\n<\/div>\n<\/div><\/div>\n\n<div class=\"gb-container gb-container-3c675f5c\"><div class=\"gb-inside-container\">\n<div class=\"gb-grid-wrapper gb-grid-wrapper-9aa1cfd1\">\n<div class=\"gb-grid-column gb-grid-column-d47fa173\"><div class=\"gb-container gb-container-d47fa173 box-shadow\"><div class=\"gb-inside-container\">\n<div class=\"gb-button-wrapper gb-button-wrapper-b1932e92\">\n\n<a class=\"gb-button gb-button-90d9518b gb-button-text\" href=\"https:\/\/vibetrace.com\/ro\/blog\/pricing\/\">Vede\u021bi pre\u021burile<\/a>\n\n<\/div>\n\n\n<div class=\"gb-headline gb-headline-5039b65d gb-headline-text\">Clien\u021bii t\u0103i sunt cel mai important atu al t\u0103u. Profita\u021bi la maximum \u0219i cre\u0219te\u021bi v\u00e2nz\u0103rile.<\/div>\n\n<\/div><\/div><\/div>\n<\/div>\n<\/div><\/div>\n\n<div class=\"gb-container gb-container-4b9794f7\"><div class=\"gb-inside-container\">\n<div class=\"gb-grid-wrapper gb-grid-wrapper-41e9f2fa\">\n<div class=\"gb-grid-column gb-grid-column-25d49cf4\"><div class=\"gb-container gb-container-25d49cf4\"><div class=\"gb-inside-container\">\n\n<h3 class=\"wp-block-heading\">Comunica\u021bi la nivel personal<\/h3>\n\n\n\n<ul class=\"wp-block-list\"><li><strong>Cre\u0219te\u021bi-v\u0103 rentabilitatea investi\u021biei pe canale cu o abordare personalizat\u0103 de comunicare cu clien\u021bii.<\/strong><\/li><li><strong>Cre\u0219te\u021bi v\u00e2nz\u0103rile \u0219i ratele de conversie<\/strong>&nbsp;pun\u00e2nd clientul \u00een centrul strategiei dvs. de retail.<\/li><li>Furnizeaza un&nbsp;<strong>experien\u021b\u0103 de cump\u0103r\u0103turi personalizat\u0103<\/strong>&nbsp;pentru a implica clien\u021bii \u0219i pentru a construi loialitate.<\/li><\/ul>\n\n\n\n<h3 class=\"wp-block-heading\">Motor de inteligen\u021b\u0103 pentru clien\u021bi<\/h3>\n\n\n\n<p>Toate informa\u021biile despre utilizator, activitatea, achizi\u021biile sunt reunite \u00een ceea ce am numit Customer Intelligence Engine. Este coloana vertebral\u0103 a Vibetrace, conectat la magazinul t\u0103u&nbsp;<strong>cre\u0219te veniturile, rata de conversie prin automatizare \u0219i personalizare.<\/strong><\/p>\n\n<\/div><\/div><\/div>\n\n<div class=\"gb-grid-column gb-grid-column-b670558e\"><div class=\"gb-container gb-container-b670558e\"><div class=\"gb-inside-container\">\n\n<figure class=\"wp-block-image size-full\"><img loading=\"lazy\" decoding=\"async\" width=\"489\" height=\"436\" src=\"https:\/\/vibetrace.com\/blog\/wp-content\/uploads\/2021\/08\/personalized-communication-1.webp\" alt=\"\" class=\"wp-image-510\" srcset=\"https:\/\/vibetrace.com\/wp-content\/uploads\/2021\/08\/personalized-communication-1.webp 489w, https:\/\/vibetrace.com\/wp-content\/uploads\/2021\/08\/personalized-communication-1-300x267.webp 300w\" sizes=\"auto, (max-width: 489px) 100vw, 489px\" \/><\/figure>\n\n<\/div><\/div><\/div>\n<\/div>\n<\/div><\/div>\n\n<div class=\"gb-container gb-container-00c0c01c\"><div class=\"gb-inside-container\">\n<div class=\"gb-container gb-container-8a4fbb37\"><div class=\"gb-inside-container\">\n<div class=\"gb-grid-wrapper gb-grid-wrapper-07335223\">\n<div class=\"gb-grid-column gb-grid-column-d5084e57\"><div class=\"gb-container gb-container-d5084e57\"><div class=\"gb-inside-container\">\n\n<h4 class=\"has-text-align-center wp-block-heading\">Colecta\u021bi informa\u021bii<\/h4>\n\n\n\n<p>Vibetrace ia \u00een considerare \u00een mod inteligent fiecare vizitator \u00een c\u0103l\u0103toria sa prin site-ul dvs. Acesta urm\u0103re\u0219te cum ajung pe site-ul dvs., produsele vizualizate, cele pe care le selecteaz\u0103 sau le ignor\u0103, cump\u0103r\u0103turile pe care le finalizeaz\u0103 \u0219i cele pe care le abandoneaz\u0103.<\/p>\n\n<\/div><\/div><\/div>\n\n<div class=\"gb-grid-column gb-grid-column-85af019a\"><div class=\"gb-container gb-container-85af019a\"><div class=\"gb-inside-container\">\n\n<h4 class=\"has-text-align-center wp-block-heading\">Analiza\u021bi datele<\/h4>\n\n\n\n<p>Analiz\u0103m comportamentul utilizatorilor pe site-ul dvs., activitatea de e-mail, fluxul de vizite \u0219i le combin\u0103m \u00een tehnici de modelare comportamental\u0103 de v\u00e2rf pentru a anticipa dorin\u021bele \u0219i nevoile cump\u0103r\u0103torului. Pe m\u0103sur\u0103 ce datele sunt colectate, se creeaz\u0103 un profil bogat de consumator.<\/p>\n\n<\/div><\/div><\/div>\n\n<div class=\"gb-grid-column gb-grid-column-8dc97181\"><div class=\"gb-container gb-container-8dc97181\"><div class=\"gb-inside-container\">\n\n<h5 class=\"has-text-align-center wp-block-heading\">Oferi\u021bi personalizare<\/h5>\n\n\n\n<p>Acest profil combinat cu activitatea altor cump\u0103r\u0103tori st\u0103 la baza recomand\u0103rilor de produse \u0219i personaliz\u0103rii site-ului. Rezultatul este o experien\u021b\u0103 de cump\u0103r\u0103turi personalizat\u0103 pentru fiecare vizitator: de la pagina de destina\u021bie p\u00e2n\u0103 la finalizare.<\/p>\n\n<\/div><\/div><\/div>\n<\/div>\n<\/div><\/div>\n<\/div><\/div>\n\n<div class=\"gb-container gb-container-7ffa1e8f\"><div class=\"gb-inside-container\">\n<div class=\"gb-grid-wrapper gb-grid-wrapper-d6af49d5\">\n<div class=\"gb-grid-column gb-grid-column-84ef6882\"><div class=\"gb-container gb-container-84ef6882\"><div class=\"gb-inside-container\">\n\n<h2 class=\"gb-headline gb-headline-357a88bf gb-headline-text\">Dori\u021bi s\u0103 afla\u021bi mai multe despre utilizatorii dvs.?<\/h2>\n\n<\/div><\/div><\/div>\n\n<div class=\"gb-grid-column gb-grid-column-4584798e\"><div class=\"gb-container gb-container-4584798e\"><div class=\"gb-inside-container\">\n<div class=\"gb-button-wrapper gb-button-wrapper-8d6a8be0\">\n\n<span class=\"gb-button gb-button-771305e4 gb-button-text\">Cunoa\u0219te-\u021bi clien\u021bii, solicit\u0103 un demo<\/span>\n\n<\/div>\n<\/div><\/div><\/div>\n<\/div>\n\n\n<p class=\"has-text-align-center\">Prima e pe seama noastr\u0103 \u0219i cunoa\u0219tem destul de multe locuri frumoase<\/p>\n\n<\/div><\/div>","protected":false},"excerpt":{"rendered":"<p>Prima e pe seama noastr\u0103 \u0219i cunoa\u0219tem destul de multe locuri frumoase<\/p>","protected":false},"author":9,"featured_media":0,"parent":0,"menu_order":0,"comment_status":"closed","ping_status":"closed","template":"","meta":{"inline_featured_image":false,"footnotes":""},"class_list":["post-120","page","type-page","status-publish"],"_links":{"self":[{"href":"https:\/\/vibetrace.com\/ro\/wp-json\/wp\/v2\/pages\/120","targetHints":{"allow":["GET"]}}],"collection":[{"href":"https:\/\/vibetrace.com\/ro\/wp-json\/wp\/v2\/pages"}],"about":[{"href":"https:\/\/vibetrace.com\/ro\/wp-json\/wp\/v2\/types\/page"}],"author":[{"embeddable":true,"href":"https:\/\/vibetrace.com\/ro\/wp-json\/wp\/v2\/users\/9"}],"replies":[{"embeddable":true,"href":"https:\/\/vibetrace.com\/ro\/wp-json\/wp\/v2\/comments?post=120"}],"version-history":[{"count":0,"href":"https:\/\/vibetrace.com\/ro\/wp-json\/wp\/v2\/pages\/120\/revisions"}],"wp:attachment":[{"href":"https:\/\/vibetrace.com\/ro\/wp-json\/wp\/v2\/media?parent=120"}],"curies":[{"name":"wp","href":"https:\/\/api.w.org\/{rel}","templated":true}]}}