{"id":622,"date":"2021-08-15T06:31:18","date_gmt":"2021-08-15T06:31:18","guid":{"rendered":"https:\/\/vibetrace.com\/blog\/?page_id=622"},"modified":"2025-03-17T15:16:54","modified_gmt":"2025-03-17T15:16:54","slug":"marketing-automation-integrations","status":"publish","type":"page","link":"https:\/\/vibetrace.com\/pt\/integracoes-de-automacao-de-marketing\/","title":{"rendered":"Integra\u00e7\u00f5es"},"content":{"rendered":"<div class=\"gb-container gb-container-c2b4f7f7\"><div class=\"gb-inside-container\">\n<div class=\"gb-grid-wrapper gb-grid-wrapper-6934b972\">\n<div class=\"gb-grid-column gb-grid-column-75c68282\"><div class=\"gb-container gb-container-75c68282\"><div class=\"gb-inside-container\">\n\n<h1 class=\"gb-headline gb-headline-91eb2c2e gb-headline-text\">Adicionar automa\u00e7\u00e3o de marketing \u00e0 loja de com\u00e9rcio eletr\u00f4nico<\/h1>\n\n\n\n<p>Integra\u00e7\u00e3o com as plataformas de ecommerce mais comuns atrav\u00e9s de m\u00f3dulos, plugins, extens\u00f5es ou apps.<\/p>\n\n\n\n<p>Se seu<strong> plataforma de com\u00e9rcio eletr\u00f4nico<\/strong> n\u00e3o estiver listado entre em contato conosco para fazer isso! <\/p>\n\n\n\n<p>Todas as integra\u00e7\u00f5es s\u00e3o fornecidas<strong> gratuitamente como recursos complementares<\/strong>. Embora essas integra\u00e7\u00f5es melhorem a funcionalidade, elas s\u00e3o oferecidas &quot;no estado em que se encontram&quot; e n\u00e3o s\u00e3o cobertas por nosso suporte ou garantia.<br><br><br><br><\/p>\n\n<\/div><\/div><\/div>\n\n<div class=\"gb-grid-column gb-grid-column-829ccd04\"><div class=\"gb-container gb-container-829ccd04\"><div class=\"gb-inside-container\">\n\n<figure class=\"wp-block-image size-full\"><img loading=\"lazy\" decoding=\"async\" width=\"976\" height=\"1019\" src=\"https:\/\/vibetrace.com\/blog\/wp-content\/uploads\/2021\/08\/integration2.webp\" alt=\"\" class=\"wp-image-637\" srcset=\"https:\/\/vibetrace.com\/wp-content\/uploads\/2021\/08\/integration2.webp 976w, https:\/\/vibetrace.com\/wp-content\/uploads\/2021\/08\/integration2-287x300.webp 287w, https:\/\/vibetrace.com\/wp-content\/uploads\/2021\/08\/integration2-768x802.webp 768w\" sizes=\"auto, (max-width: 976px) 100vw, 976px\" \/><\/figure>\n\n<\/div><\/div><\/div>\n<\/div>\n<\/div><\/div>\n\n<div class=\"gb-container gb-container-66ff8dcf\"><div class=\"gb-inside-container\">\n<div class=\"gb-grid-wrapper gb-grid-wrapper-45051440\">\n<div class=\"gb-grid-column gb-grid-column-06d791a0\"><div class=\"gb-container gb-container-06d791a0\"><div class=\"gb-inside-container\">\n\n<figure class=\"wp-block-image size-large\"><img loading=\"lazy\" decoding=\"async\" width=\"1024\" height=\"1012\" src=\"https:\/\/vibetrace.com\/blog\/wp-content\/uploads\/2021\/08\/integrations-1024x1012.webp\" alt=\"\" class=\"wp-image-638\" srcset=\"https:\/\/vibetrace.com\/wp-content\/uploads\/2021\/08\/integrations-1024x1012.webp 1024w, https:\/\/vibetrace.com\/wp-content\/uploads\/2021\/08\/integrations-300x297.webp 300w, https:\/\/vibetrace.com\/wp-content\/uploads\/2021\/08\/integrations-768x759.webp 768w, https:\/\/vibetrace.com\/wp-content\/uploads\/2021\/08\/integrations.webp 1056w\" sizes=\"auto, (max-width: 1024px) 100vw, 1024px\" \/><\/figure>\n\n<\/div><\/div><\/div>\n\n<div class=\"gb-grid-column gb-grid-column-e54bac35\"><div class=\"gb-container gb-container-e54bac35\"><div class=\"gb-inside-container\">\n\n<h2 class=\"wp-block-heading\">Todos os recursos em apenas alguns cliques<\/h2>\n\n\n\n<p>Comunique-se com seus clientes atrav\u00e9s dos canais mais eficientes:<\/p>\n\n\n\n<ul class=\"wp-block-list\">\n<li>marketing de email<\/li>\n\n\n\n<li>notifica\u00e7\u00f5es webpush<\/li>\n\n\n\n<li>SMS marketing<\/li>\n<\/ul>\n\n\n\n<p>Personalize o site com:<\/p>\n\n\n\n<ul class=\"wp-block-list\">\n<li>editor de conte\u00fado inteligente<\/li>\n\n\n\n<li>recomenda\u00e7\u00f5es de produtos<\/li>\n<\/ul>\n\n\n\n<p>Orientar os usu\u00e1rios a comprar:<\/p>\n\n\n\n<ul class=\"wp-block-list\">\n<li>mensagens din\u00e2micas<\/li>\n\n\n\n<li>pop-ups ou widgets<\/li>\n<\/ul>\n\n\n\n<p>Segmenta\u00e7\u00e3o de clientes<\/p>\n\n\n\n<ul class=\"wp-block-list\">\n<li>listas de destinat\u00e1rios<\/li>\n\n\n\n<li>segmentos din\u00e2micos<\/li>\n\n\n\n<li>audi\u00eancias inteligentes<\/li>\n<\/ul>\n\n<\/div><\/div><\/div>\n<\/div>\n<\/div><\/div>\n\n<div class=\"gb-container gb-container-79335e6f\"><div class=\"gb-inside-container\">\n<div class=\"gb-grid-wrapper gb-grid-wrapper-cad3b67f\">\n<div class=\"gb-grid-column gb-grid-column-300cbee3\"><div class=\"gb-container gb-container-300cbee3\"><div class=\"gb-inside-container\">\n\n<figure class=\"wp-block-image size-large\"><img loading=\"lazy\" decoding=\"async\" width=\"1024\" height=\"506\" src=\"https:\/\/vibetrace.com\/blog\/wp-content\/uploads\/2021\/08\/woocommerce-1024x506.webp\" alt=\"\" class=\"wp-image-25\" srcset=\"https:\/\/vibetrace.com\/wp-content\/uploads\/2021\/08\/woocommerce-1024x506.webp 1024w, https:\/\/vibetrace.com\/wp-content\/uploads\/2021\/08\/woocommerce-300x148.webp 300w, https:\/\/vibetrace.com\/wp-content\/uploads\/2021\/08\/woocommerce-768x379.webp 768w, https:\/\/vibetrace.com\/wp-content\/uploads\/2021\/08\/woocommerce.webp 1029w\" sizes=\"auto, (max-width: 1024px) 100vw, 1024px\" \/><\/figure>\n\n<\/div><\/div><\/div>\n\n<div class=\"gb-grid-column gb-grid-column-dd51dc00\"><div class=\"gb-container gb-container-dd51dc00\"><div class=\"gb-inside-container\">\n\n<figure class=\"wp-block-image size-large\"><img loading=\"lazy\" decoding=\"async\" width=\"1024\" height=\"222\" src=\"https:\/\/vibetrace.com\/blog\/wp-content\/uploads\/2021\/08\/prestashop-1024x222.webp\" alt=\"\" class=\"wp-image-17\" srcset=\"https:\/\/vibetrace.com\/wp-content\/uploads\/2021\/08\/prestashop-1024x222.webp 1024w, https:\/\/vibetrace.com\/wp-content\/uploads\/2021\/08\/prestashop-300x65.webp 300w, https:\/\/vibetrace.com\/wp-content\/uploads\/2021\/08\/prestashop-768x166.webp 768w, https:\/\/vibetrace.com\/wp-content\/uploads\/2021\/08\/prestashop.webp 1174w\" sizes=\"auto, (max-width: 1024px) 100vw, 1024px\" \/><\/figure>\n\n<\/div><\/div><\/div>\n\n<div class=\"gb-grid-column gb-grid-column-bb3d2f62\"><div class=\"gb-container gb-container-bb3d2f62\"><div class=\"gb-inside-container\">\n\n<figure class=\"wp-block-image size-large\"><img loading=\"lazy\" decoding=\"async\" width=\"1024\" height=\"362\" src=\"https:\/\/vibetrace.com\/blog\/wp-content\/uploads\/2021\/08\/magento-1024x362.webp\" alt=\"\" class=\"wp-image-15\" srcset=\"https:\/\/vibetrace.com\/wp-content\/uploads\/2021\/08\/magento-1024x362.webp 1024w, https:\/\/vibetrace.com\/wp-content\/uploads\/2021\/08\/magento-300x106.webp 300w, https:\/\/vibetrace.com\/wp-content\/uploads\/2021\/08\/magento-768x271.webp 768w, https:\/\/vibetrace.com\/wp-content\/uploads\/2021\/08\/magento.webp 1283w\" sizes=\"auto, (max-width: 1024px) 100vw, 1024px\" \/><\/figure>\n\n<\/div><\/div><\/div>\n\n<div class=\"gb-grid-column gb-grid-column-d55643e5\"><div class=\"gb-container gb-container-d55643e5\"><div class=\"gb-inside-container\">\n\n<figure class=\"wp-block-image size-full\"><img loading=\"lazy\" decoding=\"async\" width=\"939\" height=\"507\" src=\"https:\/\/vibetrace.com\/blog\/wp-content\/uploads\/2021\/08\/opencart.webp\" alt=\"\" class=\"wp-image-16\" srcset=\"https:\/\/vibetrace.com\/wp-content\/uploads\/2021\/08\/opencart.webp 939w, https:\/\/vibetrace.com\/wp-content\/uploads\/2021\/08\/opencart-300x162.webp 300w, https:\/\/vibetrace.com\/wp-content\/uploads\/2021\/08\/opencart-768x415.webp 768w\" sizes=\"auto, (max-width: 939px) 100vw, 939px\" \/><\/figure>\n\n<\/div><\/div><\/div>\n\n<div class=\"gb-grid-column gb-grid-column-da51a487\"><div class=\"gb-container gb-container-da51a487\"><div class=\"gb-inside-container\">\n\n<figure class=\"wp-block-image size-large\"><img loading=\"lazy\" decoding=\"async\" width=\"1024\" height=\"367\" src=\"https:\/\/vibetrace.com\/blog\/wp-content\/uploads\/2021\/08\/shopify-gray-1024x367.webp\" alt=\"\" class=\"wp-image-20\" srcset=\"https:\/\/vibetrace.com\/wp-content\/uploads\/2021\/08\/shopify-gray-1024x367.webp 1024w, https:\/\/vibetrace.com\/wp-content\/uploads\/2021\/08\/shopify-gray-300x108.webp 300w, https:\/\/vibetrace.com\/wp-content\/uploads\/2021\/08\/shopify-gray-768x276.webp 768w, https:\/\/vibetrace.com\/wp-content\/uploads\/2021\/08\/shopify-gray.webp 1098w\" sizes=\"auto, (max-width: 1024px) 100vw, 1024px\" \/><\/figure>\n\n<\/div><\/div><\/div>\n<\/div>\n<\/div><\/div>\n\n<div class=\"gb-container gb-container-88195033\"><div class=\"gb-inside-container\">\n<div class=\"gb-grid-wrapper gb-grid-wrapper-33b1bbe2\">\n<div class=\"gb-grid-column gb-grid-column-f7e248d5\"><div class=\"gb-container gb-container-f7e248d5\"><div class=\"gb-inside-container\">\n\n<h2 class=\"wp-block-heading has-text-align-center\">Integra\u00e7\u00f5es com plataformas de com\u00e9rcio eletr\u00f4nico<\/h2>\n\n<\/div><\/div><\/div>\n<\/div>\n<\/div><\/div>\n\n<div class=\"gb-container gb-container-c61238a2\"><div class=\"gb-inside-container\">\n<div class=\"gb-grid-wrapper gb-grid-wrapper-26ab5a29\">\n<div class=\"gb-grid-column gb-grid-column-425d553b\"><div class=\"gb-container gb-container-425d553b\"><div class=\"gb-inside-container\">\n\n<figure class=\"wp-block-image size-large is-resized\"><img loading=\"lazy\" decoding=\"async\" width=\"150\" height=\"42\" src=\"https:\/\/vibetrace.com\/wp-content\/uploads\/2022\/05\/Shopify_logo_2018-1-2.svg\" alt=\"\" class=\"wp-image-14398\" style=\"width:292px;height:82px\"\/><\/figure>\n\n<\/div><\/div><\/div>\n\n<div class=\"gb-grid-column gb-grid-column-b2657ce2\"><div class=\"gb-container gb-container-b2657ce2\"><div class=\"gb-inside-container\">\n\n<h3 class=\"gb-headline gb-headline-0f4f80ed gb-headline-text\">Shopify e Shopify Plus<\/h3>\n\n\n\n<p>A integra\u00e7\u00e3o do Shopify com o Vibetrace automatizar\u00e1 o seguinte:<\/p>\n\n\n\n<ul class=\"wp-block-list\">\n<li>Rastreamento de eventos<\/li>\n\n\n\n<li>Dados do Cat\u00e1logo de Produtos<\/li>\n\n\n\n<li>Informa\u00e7\u00e3o do Perfil<\/li>\n\n\n\n<li>Clientes existentes (a pedido)<\/li>\n<\/ul>\n\n<\/div><\/div><\/div>\n<\/div>\n<\/div><\/div>\n\n<div class=\"gb-container gb-container-c96be2fe\"><div class=\"gb-inside-container\">\n\n<hr class=\"wp-block-separator has-alpha-channel-opacity\"\/>\n\n\n<div class=\"gb-grid-wrapper gb-grid-wrapper-c3b7a8ac\">\n<div class=\"gb-grid-column gb-grid-column-0e78139e\"><div class=\"gb-container gb-container-0e78139e\"><div class=\"gb-inside-container\">\n\n<figure class=\"wp-block-image size-large is-resized\"><img loading=\"lazy\" decoding=\"async\" width=\"206\" height=\"34\" src=\"https:\/\/vibetrace.com\/wp-content\/uploads\/2022\/05\/prestashop-seeklogo.com-1.svg\" alt=\"\" class=\"wp-image-14394\" style=\"width:307px;height:51px\"\/><\/figure>\n\n<\/div><\/div><\/div>\n\n<div class=\"gb-grid-column gb-grid-column-3bc085dd\"><div class=\"gb-container gb-container-3bc085dd\"><div class=\"gb-inside-container\">\n\n<h3 class=\"gb-headline gb-headline-d796b85e gb-headline-text\">Prestashop <\/h3>\n\n\n\n<p>Vibetrace fornece um plug-in Prestashop para integra\u00e7\u00e3o<\/p>\n\n\n\n<ul class=\"wp-block-list\">\n<li>Rastreamento de eventos<\/li>\n\n\n\n<li>Dados do Cat\u00e1logo de Produtos<\/li>\n\n\n\n<li>Informa\u00e7\u00e3o do Perfil<\/li>\n\n\n\n<li>Clientes existentes (a pedido)<\/li>\n<\/ul>\n\n<\/div><\/div><\/div>\n<\/div>\n<\/div><\/div>\n\n<div class=\"gb-container gb-container-8df60b3e\"><div class=\"gb-inside-container\">\n\n<hr class=\"wp-block-separator has-alpha-channel-opacity\"\/>\n\n\n<div class=\"gb-grid-wrapper gb-grid-wrapper-255b595a\">\n<div class=\"gb-grid-column gb-grid-column-6dab3a8f\"><div class=\"gb-container gb-container-6dab3a8f\"><div class=\"gb-inside-container\">\n\n<figure class=\"wp-block-image size-large is-resized\"><img loading=\"lazy\" decoding=\"async\" width=\"1200\" height=\"800\" src=\"https:\/\/vibetrace.com\/wp-content\/uploads\/2022\/11\/Magento-Logo.wine_.svg\" alt=\"\" class=\"wp-image-15552\" style=\"width:372px;height:248px\"\/><\/figure>\n\n<\/div><\/div><\/div>\n\n<div class=\"gb-grid-column gb-grid-column-f3c0ee94\"><div class=\"gb-container gb-container-f3c0ee94\"><div class=\"gb-inside-container\">\n\n<h3 class=\"gb-headline gb-headline-ecdc5bde gb-headline-text\">magento <\/h3>\n\n\n\n<p>Vibetrace fornece uma extens\u00e3o Magento para integra\u00e7\u00e3o. Ele suporta tamb\u00e9m a vers\u00e3o 1.9 e 2.x, usando diferentes vers\u00f5es da extens\u00e3o<\/p>\n\n\n\n<ul class=\"wp-block-list\">\n<li>Rastreamento de eventos<\/li>\n\n\n\n<li>Dados do Cat\u00e1logo de Produtos<\/li>\n\n\n\n<li>Informa\u00e7\u00e3o do Perfil<\/li>\n\n\n\n<li>Clientes existentes (a pedido)<\/li>\n<\/ul>\n\n\n\n<p>Tamb\u00e9m funciona com v\u00e1rios sites no Magento.<\/p>\n\n<\/div><\/div><\/div>\n<\/div>\n<\/div><\/div>\n\n<div class=\"gb-container gb-container-1fa2f518\"><div class=\"gb-inside-container\">\n\n<hr class=\"wp-block-separator has-alpha-channel-opacity\"\/>\n\n\n<div class=\"gb-grid-wrapper gb-grid-wrapper-c83823d2\">\n<div class=\"gb-grid-column gb-grid-column-7a2cf2d3\"><div class=\"gb-container gb-container-7a2cf2d3\"><div class=\"gb-inside-container\">\n\n<figure class=\"wp-block-image size-large is-resized\"><img loading=\"lazy\" decoding=\"async\" width=\"1200\" height=\"800\" src=\"https:\/\/vibetrace.com\/wp-content\/uploads\/2022\/11\/OpenCart-Logo.wine_.svg\" alt=\"\" class=\"wp-image-15551\" style=\"width:342px;height:228px\"\/><\/figure>\n\n<\/div><\/div><\/div>\n\n<div class=\"gb-grid-column gb-grid-column-d0eef0d4\"><div class=\"gb-container gb-container-d0eef0d4\"><div class=\"gb-inside-container\">\n\n<h3 class=\"gb-headline gb-headline-e125f7c2 gb-headline-text\">Opencart <\/h3>\n\n\n\n<p>O Vibetrace fornece integra\u00e7\u00e3o com o Opencart por meio de um m\u00f3dulo dedicado. Se rodar no Opencart 2.x ou 3.x deve funcionar sem problemas. F\u00e1cil de instalar e configurar.<\/p>\n\n\n\n<ul class=\"wp-block-list\">\n<li>Rastreamento de eventos<\/li>\n\n\n\n<li>Dados do Cat\u00e1logo de Produtos<\/li>\n\n\n\n<li>Informa\u00e7\u00e3o do Perfil<\/li>\n\n\n\n<li>Clientes existentes (a pedido)<\/li>\n<\/ul>\n\n\n\n<p><\/p>\n\n<\/div><\/div><\/div>\n<\/div>\n<\/div><\/div>\n\n<div class=\"gb-container gb-container-4be5ca6f\"><div class=\"gb-inside-container\">\n\n<hr class=\"wp-block-separator has-alpha-channel-opacity\"\/>\n\n\n<div class=\"gb-grid-wrapper gb-grid-wrapper-3f3fde5f\">\n<div class=\"gb-grid-column gb-grid-column-a32a6fb4\"><div class=\"gb-container gb-container-a32a6fb4\"><div class=\"gb-inside-container\">\n\n<figure class=\"wp-block-image size-large is-resized\"><img loading=\"lazy\" decoding=\"async\" width=\"1200\" height=\"800\" src=\"https:\/\/vibetrace.com\/wp-content\/uploads\/2022\/11\/WordPress-Logo.wine_.svg\" alt=\"\" class=\"wp-image-15554\" style=\"width:246px;height:164px\"\/><\/figure>\n\n\n\n<figure class=\"wp-block-image size-large is-resized\"><img loading=\"lazy\" decoding=\"async\" width=\"1200\" height=\"800\" src=\"https:\/\/vibetrace.com\/wp-content\/uploads\/2022\/11\/WooCommerce-Logo.wine_.svg\" alt=\"\" class=\"wp-image-15553\" style=\"width:201px;height:134px\"\/><\/figure>\n\n<\/div><\/div><\/div>\n\n<div class=\"gb-grid-column gb-grid-column-727900f3\"><div class=\"gb-container gb-container-727900f3\"><div class=\"gb-inside-container\">\n\n<h3 class=\"gb-headline gb-headline-d413c56c gb-headline-text\">WordPress + Woocommerce<\/h3>\n\n\n\n<p>Se voc\u00ea administra sua loja online no WordPress + Woocommerce, voc\u00ea tem 2 m\u00f3dulos. Um que funciona apenas em sites WordPress (sem cat\u00e1logo de produtos) e outro para Woocommerce (cat\u00e1logo de produtos e op\u00e7\u00f5es de com\u00e9rcio eletr\u00f4nico)<\/p>\n\n\n\n<ul class=\"wp-block-list\">\n<li>Rastreamento de eventos<\/li>\n\n\n\n<li>Dados do Cat\u00e1logo de Produtos<\/li>\n\n\n\n<li>Informa\u00e7\u00e3o do Perfil<\/li>\n<\/ul>\n\n\n\n<p><\/p>\n\n<\/div><\/div><\/div>\n<\/div>\n<\/div><\/div>\n\n<div class=\"gb-container gb-container-4405b082\"><div class=\"gb-inside-container\">\n\n<hr class=\"wp-block-separator has-alpha-channel-opacity\"\/>\n\n\n<div class=\"gb-grid-wrapper gb-grid-wrapper-c42c355e\">\n<div class=\"gb-grid-column gb-grid-column-f1a07a3e\"><div class=\"gb-container gb-container-f1a07a3e\"><div class=\"gb-inside-container\">\n\n<p>Personalizado <\/p>\n\n<\/div><\/div><\/div>\n\n<div class=\"gb-grid-column gb-grid-column-d3629e29\"><div class=\"gb-container gb-container-d3629e29\"><div class=\"gb-inside-container\">\n\n<h3 class=\"gb-headline gb-headline-e9d8c645 gb-headline-text\">Plataforma personalizada\/outra<\/h3>\n\n\n\n<p>Se o seu neg\u00f3cio digital for executado em um CMS diferente e voc\u00ea quiser adicionar o Vibetrace Marketing Automation a ele, podemos fazer isso (gr\u00e1tis ou por uma taxa)<\/p>\n\n\n\n<ul class=\"wp-block-list\">\n<li>Dados do Cat\u00e1logo de Produtos<\/li>\n\n\n\n<li>TagManager (Integra\u00e7\u00e3o JS)<\/li>\n\n\n\n<li>Sincroniza\u00e7\u00e3o do cat\u00e1logo de produtos<\/li>\n<\/ul>\n\n<\/div><\/div><\/div>\n<\/div>\n<\/div><\/div>\n\n<div class=\"gb-container gb-container-6d36e379\"><div class=\"gb-inside-container\">\n<div class=\"gb-grid-wrapper gb-grid-wrapper-4031ee55\">\n<div class=\"gb-grid-column gb-grid-column-477fa7aa\"><div class=\"gb-container gb-container-477fa7aa\"><div class=\"gb-inside-container\"><\/div><\/div><\/div>\n\n<div class=\"gb-grid-column gb-grid-column-52199f6e\"><div class=\"gb-container gb-container-52199f6e\"><div class=\"gb-inside-container\">\n\n<h2 class=\"gb-headline gb-headline-05fa8b4f gb-headline-text\">N\u00e3o sabe integrar? Entre em contato para nossos servi\u00e7os gerenciados.<\/h2>\n\n\n<div class=\"gb-button-wrapper gb-button-wrapper-cfd29e19\">\n\n<span class=\"gb-button gb-button-a75e6e9d gb-button-text vt-register\">Contate-nos<\/span>\n\n<\/div>\n<\/div><\/div><\/div>\n\n<div class=\"gb-grid-column gb-grid-column-b5a6fc58\"><div class=\"gb-container gb-container-b5a6fc58\"><div class=\"gb-inside-container\"><\/div><\/div><\/div>\n<\/div>\n<\/div><\/div>\n\n<div class=\"gb-container gb-container-59dab31f\"><div class=\"gb-inside-container\">\n<div class=\"gb-grid-wrapper gb-grid-wrapper-9273d0ba\">\n<div class=\"gb-grid-column gb-grid-column-280e37c7\"><div class=\"gb-container gb-container-280e37c7\"><div class=\"gb-inside-container\">\n\n<h2 class=\"gb-headline gb-headline-47392e57 gb-headline-text\">Integra\u00e7\u00f5es com outros Softwares de Marketing<\/h2>\n\n<\/div><\/div><\/div>\n<\/div>\n<\/div><\/div>\n\n<div class=\"gb-container gb-container-3fdfc1f1\"><div class=\"gb-inside-container\">\n\n<hr class=\"wp-block-separator has-alpha-channel-opacity\"\/>\n\n\n<div class=\"gb-grid-wrapper gb-grid-wrapper-01dcaa63\">\n<div class=\"gb-grid-column gb-grid-column-7ccb53cb\"><div class=\"gb-container gb-container-7ccb53cb\"><div class=\"gb-inside-container\">\n\n<figure class=\"wp-block-image size-large is-resized\"><img loading=\"lazy\" decoding=\"async\" width=\"113\" height=\"56\" src=\"https:\/\/vibetrace.com\/wp-content\/uploads\/2022\/05\/google_analytics-ar21-1-1-1.svg\" alt=\"\" class=\"wp-image-14423\" style=\"width:214px;height:106px\"\/><\/figure>\n\n<\/div><\/div><\/div>\n\n<div class=\"gb-grid-column gb-grid-column-30b59197\"><div class=\"gb-container gb-container-30b59197\"><div class=\"gb-inside-container\">\n\n<h3 class=\"gb-headline gb-headline-884d9fdb gb-headline-text\">Google Analytics<\/h3>\n\n\n\n<p>Integre nosso software de automa\u00e7\u00e3o de marketing com o Google Analytics para:<\/p>\n\n\n\n<ul class=\"wp-block-list\">\n<li>co-rastreamento de par\u00e2metros UTM<\/li>\n\n\n\n<li>Relat\u00f3rios de Email Marketing no Google Analytics<\/li>\n\n\n\n<li>Eventos e objetivos personalizados<\/li>\n\n\n\n<li>Envios de formul\u00e1rio<\/li>\n\n\n\n<li>ID do usu\u00e1rio<\/li>\n<\/ul>\n\n<\/div><\/div><\/div>\n<\/div>\n<\/div><\/div>\n\n<div class=\"gb-container gb-container-ac072bd4\"><div class=\"gb-inside-container\">\n\n<hr class=\"wp-block-separator has-alpha-channel-opacity\"\/>\n\n\n<div class=\"gb-grid-wrapper gb-grid-wrapper-625db84f\">\n<div class=\"gb-grid-column gb-grid-column-2f75117b\"><div class=\"gb-container gb-container-2f75117b\"><div class=\"gb-inside-container\">\n\n<p>ESP no local ou personalizado<\/p>\n\n<\/div><\/div><\/div>\n\n<div class=\"gb-grid-column gb-grid-column-6e5ed89f\"><div class=\"gb-container gb-container-6e5ed89f\"><div class=\"gb-inside-container\">\n\n<h3 class=\"gb-headline gb-headline-c1489d92 gb-headline-text\">Provedores de servi\u00e7os de e-mail<\/h3>\n\n\n\n<p>Oferecemos suporte para integra\u00e7\u00e3o pronta para uso com:<\/p>\n\n\n\n<ul class=\"wp-block-list\">\n<li>Sparkpost<\/li>\n\n\n\n<li>mandril<\/li>\n\n\n\n<li>Mailgun<\/li>\n\n\n\n<li>Sendgrid<\/li>\n\n\n\n<li>Amazon SES<\/li>\n\n\n\n<li>Netcore (antigo Pepipost)<\/li>\n\n\n\n<li>qualquer SMTP<\/li>\n<\/ul>\n\n<\/div><\/div><\/div>\n<\/div>\n<\/div><\/div>\n\n<div class=\"gb-container gb-container-4ff70561\"><div class=\"gb-inside-container\">\n\n<hr class=\"wp-block-separator has-alpha-channel-opacity\"\/>\n\n\n<div class=\"gb-grid-wrapper gb-grid-wrapper-f9c740f6\">\n<div class=\"gb-grid-column gb-grid-column-37124722\"><div class=\"gb-container gb-container-37124722\">\n\n<h3 class=\"gb-headline gb-headline-5125b0fa gb-headline-text\">Prestadores de servi\u00e7os terceirizados<\/h3>\n\n\n\n<p>Estamos construindo aplicativos personalizados para integra\u00e7\u00e3o com v\u00e1rios provedores de sistema:<\/p>\n\n\n\n<ul class=\"wp-block-list\">\n<li><a href=\"https:\/\/clarity.microsoft.com\/\" target=\"_blank\" rel=\"noopener\">Clareza da Microsoft<\/a><\/li>\n\n\n\n<li><a href=\"https:\/\/profitmetrics.io\/\" target=\"_blank\" rel=\"noopener\">Profitmetrics.io<\/a><\/li>\n\n\n\n<li><a href=\"https:\/\/mailchimp.com\/\" target=\"_blank\" rel=\"noopener\">Mailchimp<\/a><\/li>\n<\/ul>\n\n<\/div><\/div>\n<\/div>\n<\/div><\/div>","protected":false},"excerpt":{"rendered":"","protected":false},"author":9,"featured_media":0,"parent":0,"menu_order":0,"comment_status":"closed","ping_status":"closed","template":"","meta":{"inline_featured_image":false,"footnotes":""},"class_list":["post-622","page","type-page","status-publish"],"_links":{"self":[{"href":"https:\/\/vibetrace.com\/pt\/wp-json\/wp\/v2\/pages\/622","targetHints":{"allow":["GET"]}}],"collection":[{"href":"https:\/\/vibetrace.com\/pt\/wp-json\/wp\/v2\/pages"}],"about":[{"href":"https:\/\/vibetrace.com\/pt\/wp-json\/wp\/v2\/types\/page"}],"author":[{"embeddable":true,"href":"https:\/\/vibetrace.com\/pt\/wp-json\/wp\/v2\/users\/9"}],"replies":[{"embeddable":true,"href":"https:\/\/vibetrace.com\/pt\/wp-json\/wp\/v2\/comments?post=622"}],"version-history":[{"count":3,"href":"https:\/\/vibetrace.com\/pt\/wp-json\/wp\/v2\/pages\/622\/revisions"}],"predecessor-version":[{"id":26724,"href":"https:\/\/vibetrace.com\/pt\/wp-json\/wp\/v2\/pages\/622\/revisions\/26724"}],"wp:attachment":[{"href":"https:\/\/vibetrace.com\/pt\/wp-json\/wp\/v2\/media?parent=622"}],"curies":[{"name":"wp","href":"https:\/\/api.w.org\/{rel}","templated":true}]}}