{"id":600,"date":"2021-08-14T18:19:47","date_gmt":"2021-08-14T18:19:47","guid":{"rendered":"https:\/\/vibetrace.com\/blog\/?page_id=600"},"modified":"2021-08-23T10:37:02","modified_gmt":"2021-08-23T10:37:02","slug":"why-vibetrace","status":"publish","type":"page","link":"https:\/\/vibetrace.com\/pt\/porque-vibetrace\/","title":{"rendered":"Por que Vibetrace"},"content":{"rendered":"<div class=\"gb-container gb-container-65dc0282\"><div class=\"gb-inside-container\">\n\n<h1 class=\"gb-headline gb-headline-c6197b0e gb-headline-text\">Por que n\u00f3s<\/h1>\n\n\n\n<p class=\"gb-headline gb-headline-3fe98b7a gb-headline-text\">Acreditamos que um servi\u00e7o incr\u00edvel \u00e9 \u00f3timo para os neg\u00f3cios<\/p>\n\n<\/div><\/div>\n\n<div class=\"gb-container gb-container-ca70e7d4\"><div class=\"gb-inside-container\">\n<div class=\"gb-grid-wrapper gb-grid-wrapper-2224c9a9\">\n<div class=\"gb-grid-column gb-grid-column-3cb2db8a\"><div class=\"gb-container gb-container-3cb2db8a\"><div class=\"gb-inside-container\">\n\n<h4 class=\"wp-block-heading\">Experi\u00eancia de com\u00e9rcio eletr\u00f4nico<\/h4>\n\n\n\n<p class=\"\">Desde 2007, trabalhamos com v\u00e1rias empresas on-line para ajud\u00e1-las a aumentar a taxa de convers\u00e3o. Neste momento&nbsp;<strong>usamos mais de algumas dezenas de ferramentas para nossos clientes.<\/strong><\/p>\n\n<\/div><\/div><\/div>\n\n<div class=\"gb-grid-column gb-grid-column-281c305b\"><div class=\"gb-container gb-container-281c305b\"><div class=\"gb-inside-container\">\n\n<h4 class=\"wp-block-heading\">N\u00f3s (ainda) testamos ferramentas concorrentes<\/h4>\n\n\n\n<p class=\"\">De solu\u00e7\u00f5es de marketing por e-mail a testes A\/B, construtores de formul\u00e1rios de contato a widgets de compartilhamento social, registros de produtos a banners baseados no clima, n\u00f3s tentamos todos eles. Alguns funcionaram bem, outros n\u00e3o. Enquanto isso&nbsp;<strong>descobrimos o que os varejistas on-line realmente precisam, ent\u00e3o come\u00e7amos a criar o nosso pr\u00f3prio.<\/strong><\/p>\n\n<\/div><\/div><\/div>\n\n<div class=\"gb-grid-column gb-grid-column-51ef2e8e\"><div class=\"gb-container gb-container-51ef2e8e\"><div class=\"gb-inside-container\">\n\n<h4 class=\"wp-block-heading\">Trabalho duro envolvido<\/h4>\n\n\n\n<p class=\"\">Atualmente o Vibetrace \u00e9 um&nbsp;<strong>ferramenta simples de usar, mas poderosa<\/strong>&nbsp;que ajuda os profissionais de marketing de com\u00e9rcio eletr\u00f4nico&nbsp;<strong>converter o tr\u00e1fego em vendas usando personaliza\u00e7\u00e3o e automa\u00e7\u00e3o.<\/strong><\/p>\n\n<\/div><\/div><\/div>\n\n<div class=\"gb-grid-column gb-grid-column-58f91747\"><div class=\"gb-container gb-container-58f91747\"><div class=\"gb-inside-container\">\n\n<h4 class=\"wp-block-heading\">Bons especialistas<\/h4>\n\n\n\n<p class=\"\">\u00c9 o trabalho cont\u00ednuo de programadores muito qualificados, t\u00e9cnicos inteligentes e grandes designers sob a dire\u00e7\u00e3o de&nbsp;<strong>v\u00e1rios especialistas em com\u00e9rcio eletr\u00f4nico<\/strong>, cientistas de dados e gerentes de produto para torn\u00e1-lo melhor a cada dia.<\/p>\n\n<\/div><\/div><\/div>\n<\/div>\n<\/div><\/div>\n\n<div class=\"gb-container gb-container-ea29bac9\"><div class=\"gb-inside-container\">\n<div class=\"gb-grid-wrapper gb-grid-wrapper-7eca65fa\">\n<div class=\"gb-grid-column gb-grid-column-a05264a0\"><div class=\"gb-container gb-container-a05264a0\"><div class=\"gb-inside-container\">\n\n<h2 class=\"wp-block-heading\">Um r\u00e1pido vislumbre de nossa equipe e o que conquistamos:<\/h2>\n\n\n\n<ul class=\"wp-block-list\"><li>Todos os nossos clientes est\u00e3o conosco desde o in\u00edcio.<\/li><li>Temos clientes em tr\u00eas continentes: Europa, Austr\u00e1lia e Am\u00e9rica<\/li><li>O maior aumento na taxa de convers\u00e3o foi de 73,6% para um cliente m\u00e9dio. (dezenas de pedidos por dia)<\/li><li>O maior dia na coleta de leads foi 27 de setembro de 2013, com 7.392 endere\u00e7os de e-mail para um cliente<\/li><li>Para clientes menores (&lt; 10 pedidos\/dia) o aumento \u00e9 superior a 100%.<\/li><\/ul>\n\n<\/div><\/div><\/div>\n\n<div class=\"gb-grid-column gb-grid-column-b801391d\"><div class=\"gb-container gb-container-b801391d\"><div class=\"gb-inside-container\"><\/div><\/div><\/div>\n<\/div>\n<\/div><\/div>","protected":false},"excerpt":{"rendered":"<p>Por que n\u00f3s Acreditamos que um servi\u00e7o incr\u00edvel \u00e9 \u00f3timo para os neg\u00f3cios<\/p>","protected":false},"author":9,"featured_media":0,"parent":0,"menu_order":0,"comment_status":"closed","ping_status":"closed","template":"","meta":{"inline_featured_image":false,"footnotes":""},"class_list":["post-600","page","type-page","status-publish"],"_links":{"self":[{"href":"https:\/\/vibetrace.com\/pt\/wp-json\/wp\/v2\/pages\/600","targetHints":{"allow":["GET"]}}],"collection":[{"href":"https:\/\/vibetrace.com\/pt\/wp-json\/wp\/v2\/pages"}],"about":[{"href":"https:\/\/vibetrace.com\/pt\/wp-json\/wp\/v2\/types\/page"}],"author":[{"embeddable":true,"href":"https:\/\/vibetrace.com\/pt\/wp-json\/wp\/v2\/users\/9"}],"replies":[{"embeddable":true,"href":"https:\/\/vibetrace.com\/pt\/wp-json\/wp\/v2\/comments?post=600"}],"version-history":[{"count":0,"href":"https:\/\/vibetrace.com\/pt\/wp-json\/wp\/v2\/pages\/600\/revisions"}],"wp:attachment":[{"href":"https:\/\/vibetrace.com\/pt\/wp-json\/wp\/v2\/media?parent=600"}],"curies":[{"name":"wp","href":"https:\/\/api.w.org\/{rel}","templated":true}]}}