{"id":26629,"date":"2024-08-07T12:22:32","date_gmt":"2024-08-07T12:22:32","guid":{"rendered":"https:\/\/vibetrace.com\/?page_id=26629"},"modified":"2024-08-07T12:22:33","modified_gmt":"2024-08-07T12:22:33","slug":"essential-resources-for-digital-marketers-and-agencies","status":"publish","type":"page","link":"https:\/\/vibetrace.com\/pt\/recursos-essenciais-para-profissionais-e-agencias-de-marketing-digital\/","title":{"rendered":"Recursos essenciais para profissionais e ag\u00eancias de marketing digital"},"content":{"rendered":"<p>Seja voc\u00ea um profissional de marketing experiente ou apenas iniciante, ter as ferramentas e os recursos certos \u00e0 sua disposi\u00e7\u00e3o pode fazer toda a diferen\u00e7a. Do dom\u00ednio de SEO e PPC \u00e0 cria\u00e7\u00e3o de conte\u00fado envolvente, an\u00e1lise de dados ou marketing por e-mail, o cen\u00e1rio do marketing digital \u00e9 vasto e est\u00e1 em constante evolu\u00e7\u00e3o.<\/p>\n\n\n\n<p>Este \u00e9 o seu guia pr\u00e1tico, compilando os melhores recursos que os profissionais de marketing digital devem ter em seu kit de ferramentas. <\/p>\n\n\n\n<p>N\u00f3s selecionamos uma lista abrangente de ferramentas, sites e plataformas essenciais que cobrem todos os aspectos do marketing digital. Esses recursos ajudar\u00e3o voc\u00ea a aprimorar suas habilidades, otimizar seu fluxo de trabalho e, por fim, gerar melhores resultados para suas campanhas.<a href=\"https:\/\/www.reddit.com\/r\/agency\/?f=flair_name%3A%22r%2FAgency%20Updates%22\" target=\"_blank\" rel=\"noopener\"><\/a><\/p>\n\n\n\n<h2 class=\"wp-block-heading\">PPC\/Pesquisa paga<\/h2>\n\n\n\n<ul class=\"wp-block-list\">\n<li><a href=\"https:\/\/www.amazon.com\/Becoming-Digital-Marketer-Tech-Driven-Marketing\/dp\/1733794875\/\" target=\"_blank\" rel=\"noreferrer noopener\">Tornando-se um profissional de marketing digital: adquirindo as habilidades t\u00e9cnicas e interpessoais para uma carreira em marketing voltada para a tecnologia<\/a>\u00a0por Gil e Anya Gildner<\/li>\n\n\n\n<li><a href=\"https:\/\/www.amazon.com\/Beginners-Guide-Google-Ads-Everything\/dp\/1733794808\" target=\"_blank\" rel=\"noreferrer noopener\">Guia do iniciante para an\u00fancios do Google<\/a>\u00a0por Anya Gildner<\/li>\n\n\n\n<li><a href=\"https:\/\/www.amazon.com\/Unlevel-Playing-Field-Biggest-Mindshift\/dp\/1544523335\/\" target=\"_blank\" rel=\"noreferrer noopener\">Desnivelar o campo de jogo: a maior mudan\u00e7a de mentalidade na hist\u00f3ria do PPC<\/a>\u00a0por Frederick Vallaeys<\/li>\n\n\n\n<li><a href=\"https:\/\/www.amazon.com\/Ponderings-Professional-Philosophical-Pay-Click\/dp\/0578770199\/\" target=\"_blank\" rel=\"noreferrer noopener\">Reflex\u00f5es de um profissional de PPC<\/a>\u00a0por Kirk Williams<\/li>\n<\/ul>\n\n\n\n<h2 class=\"wp-block-heading\">Iniciando Ag\u00eancias\/Neg\u00f3cios<\/h2>\n\n\n\n<ul class=\"wp-block-list\">\n<li><a href=\"https:\/\/www.amazon.com\/Building-Successful-Micro-Agency-Profitable-Sustainable\/dp\/1733794840\" target=\"_blank\" rel=\"noreferrer noopener\">Construindo uma microag\u00eancia de sucesso: um guia para iniciar ag\u00eancias de marketing digital lucrativas e sustent\u00e1veis<\/a>\u00a0por Gil e Anya Gildner<\/li>\n\n\n\n<li><a href=\"https:\/\/www.amazon.com\/Zero-One-Notes-Startups-Future\/dp\/0804139296\/\" target=\"_blank\" rel=\"noreferrer noopener\">Zero a um: notas sobre startups ou como construir o futuro<\/a>\u00a0por Peter Thiel e Blake Masters<\/li>\n\n\n\n<li><a href=\"https:\/\/www.amazon.com\/Stop-Scale-Building-Digital-Actually\/dp\/B09Z9QZWYL\" target=\"_blank\" rel=\"noreferrer noopener\">Pare a Escala: Construindo uma Ag\u00eancia Digital da Qual Voc\u00ea Realmente Gosta<\/a>\u00a0por Kirk Williams<\/li>\n\n\n\n<li><a href=\"https:\/\/www.amazon.com\/Digital-Marketing-AI-World-Futureproofing\/dp\/1544513372\/\" target=\"_blank\" rel=\"noreferrer noopener\">Marketing digital em um mundo de IA: preparando sua ag\u00eancia de PPC para o futuro<\/a>\u00a0por Fred Vallaeys<\/li>\n\n\n\n<li><a href=\"https:\/\/www.amazon.com\/Good-Great-Some-Companies-Others-ebook\/dp\/B0058DRUV6\" target=\"_blank\" rel=\"noreferrer noopener\">Bom para \u00f3timo<\/a>\u00a0por Jim Collins<\/li>\n<\/ul>\n\n\n\n<h2 class=\"wp-block-heading\">PPC\/Pesquisa paga<\/h2>\n\n\n\n<ul class=\"wp-block-list\">\n<li><a href=\"https:\/\/www.discosloth.com\/beginners-guide-to-ppc\/?utm_source=ZATO%20Blog&amp;utm_medium=referral&amp;utm_campaign=where-to-start-in-ppc-blogpost\" target=\"_blank\" rel=\"noreferrer noopener\">Guia do iniciante para publicidade PPC<\/a>\u00a0por Discosloth (gr\u00e1tis)<\/li>\n\n\n\n<li><a href=\"https:\/\/www.amazon.com\/Beginners-Guide-Google-Ads-Everything\/dp\/1733794808\" target=\"_blank\" rel=\"noreferrer noopener\">Guia do iniciante para an\u00fancios do Google<\/a>\u00a0por Anya Gildner<\/li>\n\n\n\n<li><a href=\"https:\/\/www.godtierads.com\/framework\/\" target=\"_blank\" rel=\"noreferrer noopener\">An\u00fancios de n\u00edvel de Deus<\/a>\u00a0por Ed Leake<\/li>\n\n\n\n<li><a href=\"https:\/\/www.amazon.com\/Ponderings-Professional-Philosophical-Pay-Click\/dp\/0578770199\/\" target=\"_blank\" rel=\"noreferrer noopener\">Reflex\u00f5es de um profissional de PPC<\/a>\u00a0por Kirk Williams<\/li>\n\n\n\n<li><a href=\"https:\/\/www.amazon.com\/Unlevel-Playing-Field-Biggest-Mindshift\/dp\/1544523335\/\" target=\"_blank\" rel=\"noreferrer noopener\">Desnivelar o campo de jogo: a maior mudan\u00e7a de mentalidade na hist\u00f3ria do PPC<\/a>\u00a0por Frederick Vallaeys<\/li>\n\n\n\n<li><a href=\"https:\/\/www.udemy.com\/course\/the-ultimate-google-adwords-training-course\/\" target=\"_blank\" rel=\"noreferrer noopener\">Treinamento definitivo do Google Ads 2021<\/a>\u00a0por Isaac Rudansky (desatualizado)<\/li>\n<\/ul>\n\n\n\n<h2 class=\"wp-block-heading\">SEO<\/h2>\n\n\n\n<ul class=\"wp-block-list\">\n<li><a href=\"https:\/\/moz.com\/beginners-guide-to-seo\" target=\"_blank\" rel=\"noreferrer noopener\">Guia para iniciantes em SEO<\/a>\u00a0por Rand Fishkin<\/li>\n\n\n\n<li><a href=\"https:\/\/zyppy.com\/seo-success-factors\/\" target=\"_blank\" rel=\"noreferrer noopener\">Mais de 100 fatores de classifica\u00e7\u00e3o do Google<\/a>\u00a0por Zyppy<\/li>\n\n\n\n<li><a href=\"https:\/\/developers.google.com\/search\/docs\/fundamentals\/seo-starter-guide\" target=\"_blank\" rel=\"noreferrer noopener\">Guia de inicia\u00e7\u00e3o em SEO<\/a>\u00a0do Google<\/li>\n\n\n\n<li><a href=\"https:\/\/blog.hubspot.com\/marketing\/seo\" target=\"_blank\" rel=\"noreferrer noopener\">O guia definitivo para SEO em 2023<\/a>\u00a0do Hubspot<\/li>\n<\/ul>\n\n\n\n<h2 class=\"wp-block-heading\">E-mail<\/h2>\n\n\n\n<p>N\u00e3o importa o que voc\u00ea fa\u00e7a por e-mail, h\u00e1 duas grandes categorias: e-mail frio (divulga\u00e7\u00e3o) e marketing por e-mail. A maneira simples de entender a diferen\u00e7a \u00e9 que, para o e-mail frio, voc\u00ea compra\/encontra listas de e-mails para tentar vender algo a eles, enquanto o verdadeiro marketing por e-mail \u00e9 construir listas e interagir com os assinantes ao longo do tempo.<\/p>\n\n\n\n<ul class=\"wp-block-list\">\n<li><a href=\"https:\/\/backlinko.com\/email-marketing-guide\" target=\"_blank\" rel=\"noopener\">Guia de marketing por e-mail<\/a> Link de retorno<\/li>\n\n\n\n<li><a href=\"https:\/\/www.litmus.com\/blog\/\" target=\"_blank\" rel=\"noopener\">Blog Litmus<\/a> \u2013 especialmente para a parte t\u00e9cnica do e-mail<\/li>\n\n\n\n<li><a href=\"https:\/\/academy.hubspot.com\/courses\/email-marketing\" target=\"_blank\" rel=\"noopener\">Curso de Email Marketing<\/a> \u2013 HubSpot<\/li>\n\n\n\n<li><a href=\"https:\/\/www.coursera.org\/learn\/think-outside-the-inbox\" target=\"_blank\" rel=\"noopener\">Pense fora da caixa: marketing por e-mail<\/a> \u2013 Google\/Coursera<\/li>\n\n\n\n<li><a href=\"https:\/\/www.linkedin.com\/learning\/email-and-newsletter-marketing-foundations\/welcome\" target=\"_blank\" rel=\"noopener\">Fundamentos do marketing por e-mail<\/a> \u2013 Linkedin<\/li>\n<\/ul>","protected":false},"excerpt":{"rendered":"<p>Seja voc\u00ea um profissional de marketing experiente ou iniciante, ter as ferramentas e os recursos certos \u00e0 sua disposi\u00e7\u00e3o... <a title=\"Recursos essenciais para profissionais e ag\u00eancias de marketing digital\" class=\"read-more\" href=\"https:\/\/vibetrace.com\/pt\/recursos-essenciais-para-profissionais-e-agencias-de-marketing-digital\/\" aria-label=\"Leia mais sobre Recursos essenciais para profissionais e ag\u00eancias de marketing digital\"> <\/a><\/p>","protected":false},"author":9,"featured_media":0,"parent":0,"menu_order":0,"comment_status":"closed","ping_status":"closed","template":"","meta":{"inline_featured_image":false,"footnotes":""},"class_list":["post-26629","page","type-page","status-publish"],"_links":{"self":[{"href":"https:\/\/vibetrace.com\/pt\/wp-json\/wp\/v2\/pages\/26629","targetHints":{"allow":["GET"]}}],"collection":[{"href":"https:\/\/vibetrace.com\/pt\/wp-json\/wp\/v2\/pages"}],"about":[{"href":"https:\/\/vibetrace.com\/pt\/wp-json\/wp\/v2\/types\/page"}],"author":[{"embeddable":true,"href":"https:\/\/vibetrace.com\/pt\/wp-json\/wp\/v2\/users\/9"}],"replies":[{"embeddable":true,"href":"https:\/\/vibetrace.com\/pt\/wp-json\/wp\/v2\/comments?post=26629"}],"version-history":[{"count":1,"href":"https:\/\/vibetrace.com\/pt\/wp-json\/wp\/v2\/pages\/26629\/revisions"}],"predecessor-version":[{"id":26630,"href":"https:\/\/vibetrace.com\/pt\/wp-json\/wp\/v2\/pages\/26629\/revisions\/26630"}],"wp:attachment":[{"href":"https:\/\/vibetrace.com\/pt\/wp-json\/wp\/v2\/media?parent=26629"}],"curies":[{"name":"wp","href":"https:\/\/api.w.org\/{rel}","templated":true}]}}