{"id":26547,"date":"2024-07-31T07:56:19","date_gmt":"2024-07-31T07:56:19","guid":{"rendered":"https:\/\/vibetrace.com\/?page_id=26547"},"modified":"2024-07-31T08:00:06","modified_gmt":"2024-07-31T08:00:06","slug":"content-partnership","status":"publish","type":"page","link":"https:\/\/vibetrace.com\/pt\/parceria-de-conteudo\/","title":{"rendered":"Parceria de Conte\u00fado"},"content":{"rendered":"<p>Tem interesse em ter conte\u00fado de boa qualidade produzido em conjunto? N\u00f3s tamb\u00e9m!<\/p>\n\n\n\n<p>No mundo online, as parcerias funcionam muito bem quando ambas as partes beneficiam delas. Se voc\u00ea deseja colaborar em algum conte\u00fado, nossa experi\u00eancia est\u00e1 relacionada a:<\/p>\n\n\n\n<ul class=\"wp-block-list\">\n<li>insights de dados, an\u00e1lises, especialmente relacionadas a com\u00e9rcio eletr\u00f4nico, viagens on-line e servi\u00e7os financeiros<\/li>\n\n\n\n<li>automa\u00e7\u00e3o de marketing, omnicanal: email marketing, SMS, notifica\u00e7\u00f5es push, marketing por WhatsApp<\/li>\n\n\n\n<li>experi\u00eancia do cliente: personaliza\u00e7\u00e3o, taxa de convers\u00e3o, reten\u00e7\u00e3o<\/li>\n\n\n\n<li>plataformas de dados de clientes: an\u00e1lise de dados, segmentos de clientes, modelos de clientes<\/li>\n<\/ul>\n\n\n\n<p><\/p>\n\n\n\n<p><strong>Benef\u00edcios de fazer uma parceria de conte\u00fado<\/strong><\/p>\n\n\n\n<ul class=\"wp-block-list\">\n<li>Exposi\u00e7\u00e3o a um p\u00fablico mais amplo.<\/li>\n\n\n\n<li>Aumentando a credibilidade da sua marca<\/li>\n\n\n\n<li>Crescimento m\u00fatuo e oportunidades de aprendizagem<\/li>\n\n\n\n<li>Acesso aos nossos insights de dados, recursos e ferramentas especializadas internas<\/li>\n<\/ul>\n\n\n\n<p><strong>O que n\u00f3s estamos procurando<\/strong><\/p>\n\n\n\n<ul class=\"wp-block-list\">\n<li>Padr\u00f5es de conte\u00fado de qualidade (por exemplo, originalidade, relev\u00e2ncia, valor)<\/li>\n\n\n\n<li>P\u00fablico-alvo e relev\u00e2ncia do setor. Aqui focamos nos seguintes p\u00fablicos: ag\u00eancias digitais, com\u00e9rcio eletr\u00f4nico, servi\u00e7os online, varejo. <\/li>\n\n\n\n<li>N\u00e3o importa qu\u00e3o grande ou pequeno voc\u00ea seja, entre em contato e vamos come\u00e7ar a conversar<\/li>\n\n\n\n<li>Seriedade <\/li>\n<\/ul>\n\n\n\n<p>Buscamos parcerias que tragam conte\u00fado novo, original e valioso ao nosso p\u00fablico. Isso inclui postagens em blogs, v\u00eddeos, estudos de caso e outras formas de conte\u00fado relevantes para o nosso setor. Nosso foco principal \u00e9 em conte\u00fado que se alinhe aos interesses do nosso p\u00fablico e forne\u00e7a valor genu\u00edno.<\/p>\n\n\n\n<p><strong>Como colaborar<\/strong><\/p>\n\n\n\n<ul class=\"wp-block-list\">\n<li>Pronto para ser nosso parceiro? Veja como:\n<ol class=\"wp-block-list\">\n<li><strong>Alcan\u00e7ar:<\/strong> Envie-nos um e-mail para <strong>contato@vibetrace.com<\/strong> com a sua ideia ou proposta. Inclua o que voc\u00ea acha que precisar\u00e1 de n\u00f3s<\/li>\n\n\n\n<li><strong>An\u00e1lise:<\/strong> Nossa equipe analisar\u00e1 sua proposta e entrar\u00e1 em contato com voc\u00ea em at\u00e9 1 semana.<\/li>\n\n\n\n<li><strong>Colaborar:<\/strong> Uma vez acordado, trabalharemos juntos para criar e promover o conte\u00fado.<\/li>\n\n\n\n<li><strong>Publicar:<\/strong> Publicaremos o conte\u00fado em nossa plataforma e divulgaremos atrav\u00e9s de nossos canais (redes sociais + email + publicidade)<\/li>\n<\/ol>\n<\/li>\n<\/ul>\n\n\n\n<p>Se voc\u00ea estiver interessado em postagens de convidados, voc\u00ea pode <a href=\"https:\/\/vibetrace.com\/pt\/guest-post-escreva-para-nos\/\" data-type=\"page\" data-id=\"20855\">leia nossos requisitos aqui<\/a>.<\/p>","protected":false},"excerpt":{"rendered":"<p>Voc\u00ea est\u00e1 interessado em ter conte\u00fado bom e de qualidade produzido em conjunto? N\u00f3s tamb\u00e9m! No \u2026 <a title=\"Parceria de Conte\u00fado\" class=\"read-more\" href=\"https:\/\/vibetrace.com\/pt\/parceria-de-conteudo\/\" aria-label=\"Leia mais sobre Parceria de Conte\u00fado\"> <\/a><\/p>","protected":false},"author":9,"featured_media":0,"parent":0,"menu_order":0,"comment_status":"closed","ping_status":"closed","template":"","meta":{"inline_featured_image":false,"footnotes":""},"class_list":["post-26547","page","type-page","status-publish"],"_links":{"self":[{"href":"https:\/\/vibetrace.com\/pt\/wp-json\/wp\/v2\/pages\/26547","targetHints":{"allow":["GET"]}}],"collection":[{"href":"https:\/\/vibetrace.com\/pt\/wp-json\/wp\/v2\/pages"}],"about":[{"href":"https:\/\/vibetrace.com\/pt\/wp-json\/wp\/v2\/types\/page"}],"author":[{"embeddable":true,"href":"https:\/\/vibetrace.com\/pt\/wp-json\/wp\/v2\/users\/9"}],"replies":[{"embeddable":true,"href":"https:\/\/vibetrace.com\/pt\/wp-json\/wp\/v2\/comments?post=26547"}],"version-history":[{"count":2,"href":"https:\/\/vibetrace.com\/pt\/wp-json\/wp\/v2\/pages\/26547\/revisions"}],"predecessor-version":[{"id":26550,"href":"https:\/\/vibetrace.com\/pt\/wp-json\/wp\/v2\/pages\/26547\/revisions\/26550"}],"wp:attachment":[{"href":"https:\/\/vibetrace.com\/pt\/wp-json\/wp\/v2\/media?parent=26547"}],"curies":[{"name":"wp","href":"https:\/\/api.w.org\/{rel}","templated":true}]}}