{"id":25843,"date":"2024-03-26T11:44:13","date_gmt":"2024-03-26T11:44:13","guid":{"rendered":"https:\/\/vibetrace.com\/?page_id=25843"},"modified":"2024-03-26T11:45:34","modified_gmt":"2024-03-26T11:45:34","slug":"connected-media","status":"publish","type":"page","link":"https:\/\/vibetrace.com\/pt\/midia-conectada\/","title":{"rendered":"M\u00eddia Conectada"},"content":{"rendered":"<p>\u201cM\u00eddia conectada\u201d refere-se \u00e0 integra\u00e7\u00e3o de v\u00e1rios canais e dispositivos digitais para oferecer experi\u00eancias cont\u00ednuas e personalizadas aos consumidores. <\/p>\n\n\n\n<p>No contexto do marketing e da publicidade, os meios conectados apresentam oportunidades significativas para as marcas interagirem com os seus p\u00fablicos-alvo atrav\u00e9s de m\u00faltiplos pontos de contacto, incluindo smartphones, tablets, desktops, smart TVs, wearables e muito mais. <\/p>\n\n\n\n<p>Em um mundo onde os consumidores utilizam v\u00e1rios canais de comunica\u00e7\u00e3o voc\u00ea precisa saber usar: e-mail, texto, site, whatsapp e o que mais faltar.<\/p>\n\n\n\n<p>Os principais recursos e oportunidades da m\u00eddia conectada em marketing e publicidade incluem:<\/p>\n\n\n\n<ol class=\"wp-block-list\">\n<li><strong>Integra\u00e7\u00e3o multicanal:<\/strong> A m\u00eddia conectada permite que as marcas integrem seus esfor\u00e7os de marketing em diferentes canais, como m\u00eddias sociais, e-mail, mecanismos de pesquisa, publicidade gr\u00e1fica e aplicativos m\u00f3veis. Essa integra\u00e7\u00e3o permite uma experi\u00eancia de marca coesa e consistente para os consumidores \u00e0 medida que interagem com a marca em diversas plataformas.<\/li>\n\n\n\n<li><strong>Personaliza\u00e7\u00e3o e segmenta\u00e7\u00e3o:<\/strong> Com acesso a dados valiosos do consumidor e capacidades avan\u00e7adas de segmenta\u00e7\u00e3o, a m\u00eddia conectada permite que as marcas forne\u00e7am conte\u00fado personalizado e an\u00fancios adaptados \u00e0s prefer\u00eancias, comportamentos e dados demogr\u00e1ficos de consumidores individuais. Esta abordagem personalizada melhora o envolvimento e aumenta a relev\u00e2ncia das mensagens de marketing, levando a maiores taxas de convers\u00e3o e ROI.<\/li>\n\n\n\n<li><strong>Rastreamento entre dispositivos:<\/strong> A m\u00eddia conectada permite o rastreamento entre dispositivos, permitindo que os profissionais de marketing entendam como os consumidores interagem com sua marca em diferentes dispositivos e canais. Essa vis\u00e3o abrangente do comportamento do consumidor permite modelagem de atribui\u00e7\u00e3o mais precisa e otimiza\u00e7\u00e3o de campanhas de marketing para maximizar a efic\u00e1cia e a efici\u00eancia.<\/li>\n\n\n\n<li><strong>Comunica\u00e7\u00e3o em tempo real:<\/strong> A m\u00eddia conectada facilita a comunica\u00e7\u00e3o em tempo real entre marcas e consumidores, permitindo feedback instant\u00e2neo, suporte ao cliente e engajamento. As marcas podem aproveitar dados em tempo real para responder rapidamente \u00e0s d\u00favidas dos consumidores, responder \u00e0s preocupa\u00e7\u00f5es e capitalizar as oportunidades emergentes no mercado.<\/li>\n\n\n\n<li><strong>Experi\u00eancias interativas:<\/strong> A m\u00eddia conectada abre oportunidades para experi\u00eancias interativas e imersivas, como realidade aumentada (AR), realidade virtual (VR), transmiss\u00e3o ao vivo e gamifica\u00e7\u00e3o. Estas experi\u00eancias interativas cativam o p\u00fablico e aprofundam o envolvimento com a marca, promovendo a fidelidade e a defesa da marca.<\/li>\n\n\n\n<li><strong>Medi\u00e7\u00e3o e An\u00e1lise:<\/strong> A m\u00eddia conectada fornece recursos robustos de medi\u00e7\u00e3o e an\u00e1lise, permitindo que os profissionais de marketing acompanhem e analisem o desempenho de suas campanhas em tempo real. Por meio de m\u00e9tricas como impress\u00f5es, cliques, convers\u00f5es e taxas de engajamento, as marcas podem obter insights valiosos sobre a efic\u00e1cia de seus esfor\u00e7os de marketing e otimizar suas estrat\u00e9gias de acordo.<\/li>\n<\/ol>","protected":false},"excerpt":{"rendered":"<p>\u201cM\u00eddia conectada\u201d refere-se \u00e0 integra\u00e7\u00e3o de v\u00e1rios canais e dispositivos digitais para fornecer\u2026 <a title=\"M\u00eddia Conectada\" class=\"read-more\" href=\"https:\/\/vibetrace.com\/pt\/midia-conectada\/\" aria-label=\"Leia mais sobre M\u00eddia Conectada\"> <\/a><\/p>","protected":false},"author":9,"featured_media":0,"parent":0,"menu_order":0,"comment_status":"closed","ping_status":"closed","template":"","meta":{"inline_featured_image":false,"footnotes":""},"class_list":["post-25843","page","type-page","status-publish"],"_links":{"self":[{"href":"https:\/\/vibetrace.com\/pt\/wp-json\/wp\/v2\/pages\/25843","targetHints":{"allow":["GET"]}}],"collection":[{"href":"https:\/\/vibetrace.com\/pt\/wp-json\/wp\/v2\/pages"}],"about":[{"href":"https:\/\/vibetrace.com\/pt\/wp-json\/wp\/v2\/types\/page"}],"author":[{"embeddable":true,"href":"https:\/\/vibetrace.com\/pt\/wp-json\/wp\/v2\/users\/9"}],"replies":[{"embeddable":true,"href":"https:\/\/vibetrace.com\/pt\/wp-json\/wp\/v2\/comments?post=25843"}],"version-history":[{"count":3,"href":"https:\/\/vibetrace.com\/pt\/wp-json\/wp\/v2\/pages\/25843\/revisions"}],"predecessor-version":[{"id":25847,"href":"https:\/\/vibetrace.com\/pt\/wp-json\/wp\/v2\/pages\/25843\/revisions\/25847"}],"wp:attachment":[{"href":"https:\/\/vibetrace.com\/pt\/wp-json\/wp\/v2\/media?parent=25843"}],"curies":[{"name":"wp","href":"https:\/\/api.w.org\/{rel}","templated":true}]}}