{"id":25402,"date":"2024-02-21T09:20:10","date_gmt":"2024-02-21T09:20:10","guid":{"rendered":"https:\/\/vibetrace.com\/?page_id=25402"},"modified":"2024-02-21T10:14:33","modified_gmt":"2024-02-21T10:14:33","slug":"marketing-automation-roi-calculator","status":"publish","type":"page","link":"https:\/\/vibetrace.com\/pt\/calculadora-de-roi-de-automacao-de-marketing\/","title":{"rendered":"Calculadora de ROI"},"content":{"rendered":"<p>Insira seus n\u00fameros abaixo e descubra quanto dinheiro voc\u00ea est\u00e1 deixando na mesa sem o Vibetrace<\/p>\n\n\n\n<style>\n.roi-pricing p.has-medium-font-size {margin-bottom:4px; margin-top:12px}\n.roi-pricing p.has-medium-font-size {margin-bottom:4px; margin-top:12px}\n<\/style>\n\n\n<div class=\"gb-container gb-container-ae3b4f52 roi-pricing\">\n<div class=\"gb-grid-wrapper gb-grid-wrapper-4307aaaf\">\n<div class=\"gb-grid-column gb-grid-column-8af595c2\"><div class=\"gb-container gb-container-8af595c2\">\n\n<p class=\"has-medium-font-size\" style=\"letter-spacing:0px\">N\u00famero de visitantes mensais<\/p>\n\n\n\n<input type=\"number\" min=\"0\" value=\"200000\" id=\"input_calc1\" class=\"input\" required=\"\">\n\n\n\n<p class=\"has-medium-font-size\">N\u00famero de pedidos por m\u00eas<\/p>\n\n\n\n<input type=\"number\" min=\"0\" value=\"1400\" id=\"input_calc2\" class=\"input\" required=\"\">\n\n\n\n<p class=\"has-medium-font-size\">Valor m\u00e9dio do pedido<\/p>\n\n\n\n<input type=\"number\" min=\"0\" value=\"220\" id=\"input_calc3\" class=\"input\" required=\"\">\n\n\n\n<p class=\"has-medium-font-size\">Taxa de lead para cliente<\/p>\n\n\n\n<p class=\"has-small-font-size\">Se voc\u00ea n\u00e3o tiver dados, deixe em branco. <\/p>\n\n\n\n<input type=\"number\" min=\"0\" max=\"100\" step=\"0.1\" value=\"0.5\" id=\"input_calc4\" class=\"input\" required=\"\">\n\n\n\n<p class=\"has-medium-font-size\">Taxa de Reten\u00e7\u00e3o de Clientes<\/p>\n\n\n\n<p class=\"has-small-font-size\">Se voc\u00ea n\u00e3o tiver dados, deixe em branco.<\/p>\n\n\n\n<input type=\"number\" min=\"0\" max=\"100\" step=\"1\" value=\"40\" id=\"input_calc5\" class=\"input\" required=\"\">\n\n\n\n<div style=\"height:50px\" aria-hidden=\"true\" class=\"wp-block-spacer\"><\/div>\n\n\n\n<div class=\"wp-block-buttons is-horizontal is-layout-flex wp-block-buttons-is-layout-flex\">\n<div class=\"wp-block-button\"><a class=\"wp-block-button__link wp-element-button\" href=\"javascript:calculateResult()\">Calcular<\/a><\/div>\n<\/div>\n\n<\/div><\/div>\n\n<div class=\"gb-grid-column gb-grid-column-e762286a\"><div class=\"gb-container gb-container-e762286a\">\n\n<p class=\"has-text-align-left has-medium-font-size\">Taxa de convers\u00e3o potencial com Vibetrace<\/p>\n\n\n\n<p class=\"gb-headline gb-headline-text\" id=\"result_html1\">1 <\/p>\n\n\n\n<p class=\"has-text-align-left has-medium-font-size\">Vendas adicionais potenciais<\/p>\n\n\n\n<p class=\"gb-headline gb-headline-text\" id=\"result_html2\">1 <\/p>\n\n\n\n<p class=\"has-text-align-left has-medium-font-size\">Potencial AOV com Vibetrace<\/p>\n\n\n\n<p class=\"gb-headline gb-headline-text\" id=\"result_html3\">1<\/p>\n\n\n\n<p class=\"has-text-align-left has-medium-font-size\">Taxa potencial de lead para cliente<\/p>\n\n\n\n<p class=\"has-text-align-left has-small-font-size\">Uma boa taxa de lead para cliente \u00e9 de pelo menos 1% (a m\u00e9dia \u00e9 2,5%)<\/p>\n\n\n\n<p class=\"gb-headline gb-headline-text\" id=\"result_html5\">1<\/p>\n\n\n\n<p class=\"has-text-align-left has-medium-font-size\">Taxa potencial de reten\u00e7\u00e3o de clientes<\/p>\n\n\n\n<p class=\"has-text-align-left has-small-font-size\">Uma boa taxa de reten\u00e7\u00e3o de clientes \u00e9 de pelo menos 50%. (A m\u00e9dia \u00e9 60%)<\/p>\n\n\n\n<p class=\"gb-headline gb-headline-text\" id=\"result_html6\">1<\/p>\n\n\n\n<p class=\"has-text-align-left has-medium-font-size\">Custo estimado de assinatura mensal<\/p>\n\n\n\n<p class=\"gb-headline gb-headline-text\" id=\"result_html7\">1<\/p>\n\n\n\n<p class=\"has-text-align-left has-medium-font-size\">ROI estimado<\/p>\n\n\n\n<p class=\"gb-headline gb-headline-text\" id=\"result_html8\">1<\/p>\n\n\n\n<script>\n      function calculateResult() {\nvar calc1 = document.getElementById('input_calc1').value;\nvar calc2 = document.getElementById('input_calc2').value;\nvar calc3 = document.getElementById('input_calc3').value;\nvar calc4 = document.getElementById('input_calc4').value;\nvar calc5 = document.getElementById('input_calc5').value;\n        \nvar result1=((calc2 \/ calc1) * 100);\nresult1 = result1*1.08;\n\/\/conversio rate\ndocument.getElementById('result_html1').innerHTML = result1.toFixed(2) + '%';\n\n\/\/aov\nvar result3=(calc3 * 1.14);\ndocument.getElementById('result_html3').innerHTML = result3.toFixed(2) + '';\n\/\/ additional sales\nresult2 = calc2*1.08 - calc2;\ndocument.getElementById('result_html2').innerHTML = result2 + '  = [$' + result3 * result2  + \"]\";\n\/\/lead to customer\nvar result5 = 2.5;\nif (calc4 > 2 && calc4<4) {\nresult5 = calc4*1.2\n}\nif (calc4 <= 2.5) {\nresult5 = calc4*1.4\n}\nif (calc4 > 4) {\nresult5 = calc4*1.06\n}\nif (result5<1) {result5 = 1}\ndocument.getElementById('result_html5').innerHTML = result5.toFixed(2) + '%';\nvar result6 = 55;\nif (calc5 > 50 && calc5<65) {\nresult6 = calc5*1.15\n}\nif (calc5 <= 50) {\nresult6 = calc5*1.3\n}\nif (calc4 > 70) {\nresult6 = calc5*1.08\n}\ndocument.getElementById('result_html6').innerHTML = result6.toFixed(2) + '%';\n\/\/costs\nresult7 = (calc1\/1000 * 6 + 15)\ndocument.getElementById('result_html7').innerHTML = \"$\" \n+ result7.toFixed(2) + '';\n\/\/ ROI\nvar result8 = (result3 * result2 ) - result7;\ndocument.getElementById('result_html8').innerHTML = \"$\" \n+ result8.toFixed(2) + '';\n\n      }\n    <\/script>\n\n<\/div><\/div>\n<\/div>\n\n\n<p><\/p>\n\n\n\n<p class=\"has-text-align-center has-medium-font-size\"> Resultados de retorno do investimento<\/p>\n\n\n\n<p>A tabela a seguir \u00e9 uma estimativa dos retornos que voc\u00ea ter\u00e1 com o Vibetrace. Vale ressaltar que esta \u00e9 uma estimativa de alto n\u00edvel e pode ser afetada pelas necessidades espec\u00edficas do seu neg\u00f3cio e pela situa\u00e7\u00e3o atual.<\/p>\n\n\n\n<p><\/p>\n\n<\/div>\n\n\n<div style=\"height:100px\" aria-hidden=\"true\" class=\"wp-block-spacer\"><\/div>\n\n\n\n<p><\/p>\n\n\n\n<h2 class=\"wp-block-heading\">Calculadora de ROI de automa\u00e7\u00e3o de marketing<\/h2>\n\n\n\n<p>O objetivo de nossa Calculadora de ROI de Automa\u00e7\u00e3o de Marketing \u00e9 auxiliar na tomada de decis\u00f5es informadas sobre o investimento em tecnologia de automa\u00e7\u00e3o de marketing, quantificando seu impacto financeiro. <\/p>\n\n\n\n<p>No entanto, \u00e9 importante lembrar que o verdadeiro valor da automa\u00e7\u00e3o de marketing tamb\u00e9m pode incluir benef\u00edcios intang\u00edveis, como a melhoria da experi\u00eancia do cliente e da percep\u00e7\u00e3o da marca, que podem n\u00e3o ser captados diretamente no c\u00e1lculo do ROI.<\/p>\n\n\n<div id=\"rank-math-faq\" class=\"rank-math-block\">\n<div class=\"rank-math-list\">\n<div id=\"faq-question-1708503817003\" class=\"rank-math-list-item\">\n<h3 class=\"rank-math-question\">Que custos devo considerar para avaliar o Vibetrace?<\/h3>\n<div class=\"rank-math-answer\">\n\n<p>Custos de entrada<br \/><strong>Custos de software:<\/strong> As taxas de assinatura mensais ou anuais da plataforma de automa\u00e7\u00e3o de marketing.<br \/><strong>Custos de implementa\u00e7\u00e3o:<\/strong> Custos \u00fanicos associados \u00e0 configura\u00e7\u00e3o do sistema de automa\u00e7\u00e3o de marketing, que podem incluir personaliza\u00e7\u00e3o de software, integra\u00e7\u00e3o e treinamento de equipe.<br \/><strong>Custos operacionais:<\/strong> Custos cont\u00ednuos, como pessoal adicional ou consultores necess\u00e1rios para gerenciar os processos de automa\u00e7\u00e3o de marketing.<\/p>\n\n<\/div>\n<\/div>\n<div id=\"faq-question-1708503839701\" class=\"rank-math-list-item\">\n<h3 class=\"rank-math-question\">Que aumento de receita devo considerar<\/h3>\n<div class=\"rank-math-answer\">\n\n<p>Mais receita pode ser determinada pelo aumento da receita ou economia de custos<\/p>\n<p><strong>Maior gera\u00e7\u00e3o de leads:<\/strong> Estime o aumento de leads devido a campanhas de marketing mais eficazes.<br \/><strong>Taxas de convers\u00e3o aprimoradas:<\/strong> O aumento nas taxas de convers\u00e3o como resultado de um envolvimento mais personalizado e oportuno com os clientes potenciais.<br \/><strong>Ganhos de efici\u00eancia:<\/strong> Economia de custos com a redu\u00e7\u00e3o de tarefas manuais e processos de marketing mais eficientes.<br \/><strong>Fideliza\u00e7\u00e3o de clientes:<\/strong> O impacto financeiro da melhoria da reten\u00e7\u00e3o e fidelidade do cliente, impulsionado pelo envolvimento personalizado do cliente.<\/p>\n\n<\/div>\n<\/div>\n<div id=\"faq-question-1708503897183\" class=\"rank-math-list-item\">\n<h3 class=\"rank-math-question\">O que \u00e9 a F\u00f3rmula ROI?<\/h3>\n<div class=\"rank-math-answer\">\n\n<p>O ROI \u00e9 calculado comparando os ganhos financeiros com os custos. Uma f\u00f3rmula b\u00e1sica para ROI \u00e9:<br \/>ROI = ((Ganhos Totais - Custos Totais) \/ Custos Totais) \u00d7 100<\/p>\n\n<\/div>\n<\/div>\n<div id=\"faq-question-1708503989234\" class=\"rank-math-list-item\">\n<h3 class=\"rank-math-question\">Outras considera\u00e7\u00f5es<\/h3>\n<div class=\"rank-math-answer\">\n\n<p><strong>Per\u00edodo de tempo:<\/strong> A calculadora pode permitir especificar um per\u00edodo de tempo para medir o ROI, como um ano, para levar em conta o fato de que os benef\u00edcios da automa\u00e7\u00e3o de marketing se acumulam ao longo do tempo.<br \/><strong>M\u00e9tricas personalizadas:<\/strong> Algumas calculadoras permitem adicionar m\u00e9tricas personalizadas relevantes para o seu neg\u00f3cio ou setor espec\u00edfico, oferecendo uma estimativa de ROI mais personalizada.<br \/><strong>Precis\u00e3o das entradas:<\/strong> A confiabilidade do c\u00e1lculo do ROI depende muito da precis\u00e3o dos dados de entrada. As estimativas devem ser t\u00e3o realistas quanto poss\u00edvel.<br \/><strong>Avalia\u00e7\u00e3o comparativa:<\/strong> Pode ser \u00fatil comparar o ROI calculado com benchmarks do setor ou m\u00e9tricas de desempenho anteriores para avaliar a efic\u00e1cia do seu investimento em automa\u00e7\u00e3o de marketing.<\/p>\n\n<\/div>\n<\/div>\n<div id=\"faq-question-1708506492488\" class=\"rank-math-list-item\">\n<h3 class=\"rank-math-question\">Onde posso encontrar mais sobre as m\u00e9tricas mencionadas<\/h3>\n<div class=\"rank-math-answer\">\n\n<p>Se quiser saber mais como calcular suas m\u00e9tricas, voc\u00ea pode ler nossas p\u00e1ginas dedicadas:<br \/><a href=\"https:\/\/vibetrace.com\/pt\/proporcao-de-leads-para-clientes\/\">Propor\u00e7\u00e3o de Leads para Clientes<\/a> <\/p>\n\n<\/div>\n<\/div>\n<\/div>\n<\/div>","protected":false},"excerpt":{"rendered":"<p>Insira seus n\u00fameros abaixo e descubra quanto dinheiro voc\u00ea est\u00e1 deixando na mesa sem \u2026 <a title=\"Calculadora de ROI\" class=\"read-more\" href=\"https:\/\/vibetrace.com\/pt\/calculadora-de-roi-de-automacao-de-marketing\/\" aria-label=\"Leia mais sobre Calculadora de ROI\"> <\/a><\/p>","protected":false},"author":9,"featured_media":0,"parent":0,"menu_order":0,"comment_status":"closed","ping_status":"closed","template":"","meta":{"inline_featured_image":false,"footnotes":""},"class_list":["post-25402","page","type-page","status-publish"],"_links":{"self":[{"href":"https:\/\/vibetrace.com\/pt\/wp-json\/wp\/v2\/pages\/25402","targetHints":{"allow":["GET"]}}],"collection":[{"href":"https:\/\/vibetrace.com\/pt\/wp-json\/wp\/v2\/pages"}],"about":[{"href":"https:\/\/vibetrace.com\/pt\/wp-json\/wp\/v2\/types\/page"}],"author":[{"embeddable":true,"href":"https:\/\/vibetrace.com\/pt\/wp-json\/wp\/v2\/users\/9"}],"replies":[{"embeddable":true,"href":"https:\/\/vibetrace.com\/pt\/wp-json\/wp\/v2\/comments?post=25402"}],"version-history":[{"count":54,"href":"https:\/\/vibetrace.com\/pt\/wp-json\/wp\/v2\/pages\/25402\/revisions"}],"predecessor-version":[{"id":25469,"href":"https:\/\/vibetrace.com\/pt\/wp-json\/wp\/v2\/pages\/25402\/revisions\/25469"}],"wp:attachment":[{"href":"https:\/\/vibetrace.com\/pt\/wp-json\/wp\/v2\/media?parent=25402"}],"curies":[{"name":"wp","href":"https:\/\/api.w.org\/{rel}","templated":true}]}}