{"id":20297,"date":"2023-03-18T06:39:23","date_gmt":"2023-03-18T06:39:23","guid":{"rendered":"https:\/\/vibetrace.com\/?page_id=20297"},"modified":"2023-03-22T13:48:29","modified_gmt":"2023-03-22T13:48:29","slug":"lp-white-label-agencies2","status":"publish","type":"page","link":"https:\/\/vibetrace.com\/pt\/agencias-de-marca-branca-lp2\/","title":{"rendered":"Solu\u00e7\u00e3o White Label para Ag\u00eancias"},"content":{"rendered":"<p><img decoding=\"async\" src=\"https:\/\/vibetrace.com\/wp-content\/uploads\/2023\/02\/logo_vibetrace_white@3x-300x65.png\" title=\"\" alt=\"\" loading=\"lazy\"><\/p>\n<h2>Sua pr\u00f3pria plataforma de marketing Omni-Channel de marca!<\/h2>\n<p>Marketing por e-mail, SMS, publicidade paga, pesquisas e an\u00e1lises \u2013 sincronize seu marketing com uma plataforma poderosa na lista de permiss\u00f5es!<\/p>\n<h2>Agende uma demonstra\u00e7\u00e3o ao vivo hoje!<\/h2>\n<style>\n.lp-input-container input.wp-lp-input {width:100%}<br \/>.lp-input-container {margin:10px 0}<br \/><\/style>\n<form id=\"demo_list_form\" action=\"https:\/\/pages.vtcdn.net\/lists\/213\/2693\/7ZPO5yLnxNeP\/subscribe\" method=\"POST\" target=\"_blank\" data-trp-original-action=\"https:\/\/pages.vtcdn.net\/lists\/213\/2693\/7ZPO5yLnxNeP\/subscribe\">\n<input name=\"name\" required=\"\" type=\"text\" placeholder=\"Seu nome *\"><br \/>\n<input name=\"email\" required=\"\" type=\"text\" placeholder=\"Seu endere\u00e7o de email *\"><br \/>\n<input name=\"tel\" type=\"text\" placeholder=\"N\u00famero de telefone\"><br \/>\n<input name=\"source\" type=\"hidden\" value=\"lp_agency\"><br \/>\n<input style=\"display: none;\" name=\"__em\" type=\"text\" value=\"\"><br \/>\n<input style=\"display: none;\" name=\"__name\" type=\"text\" value=\"\"><br \/>\n<button>Veja-o em a\u00e7\u00e3o<\/button><br \/>\n<input type=\"hidden\" name=\"trp-form-language\" value=\"pt\"\/><\/form>\n<p>* Deixe-nos seus dados e entraremos em contato o mais r\u00e1pido poss\u00edvel!<\/p>\n<h2>Aprovado por mais de 100 marcas<\/h2>\n<p>\u201cMudamos de Klaviyo para o Vibetrace e obtivemos melhores resultados com uma abordagem de marketing integrada\u201d<br \/>\n<img decoding=\"async\" width=\"608\" height=\"612\" src=\"https:\/\/vibetrace.com\/wp-content\/uploads\/2023\/03\/Screenshot-2023-03-18-at-10.24.03-AM.png\" alt=\"\" loading=\"lazy\"><br \/>\nAlina, pegueMARA<br \/>\nOpera\u00e7\u00f5es<br \/>\n<i>\ue934<\/i><i>\ue934<\/i><i>\ue934<\/i><i>\ue934<\/i><i>\ue934<\/i> 5\/5<br \/>\n\u201cMudamos de Klaviyo para Vibetrace e temos melhores resultados com uma abordagem de marketing integrada\u201dNossos clientes nos valorizam muito mais e n\u00e3o perdemos nenhum outro cliente porque \u201celes v\u00e3o conseguir mais barato\u201d com um freelancer.<br \/>\nAl\u00e9m disso, os servi\u00e7os de marca branca nos ajudaram a obter receitas extras no segundo dia.\u201d<br \/>\n<img decoding=\"async\" src=\"https:\/\/vibetrace.com\/wp-content\/uploads\/2023\/02\/image-69.png\" title=\"\" alt=\"\" loading=\"lazy\"><br \/>\nMike, VebaMarketing<br \/>\nFundador<br \/>\n<i>\ue934<\/i><i>\ue934<\/i><i>\ue934<\/i><i>\ue934<\/i><i>\ue934<\/i> 5\/5<\/p>\n<h2>Torne-se insubstitu\u00edvel.<br \/>\nCom sua pr\u00f3pria solu\u00e7\u00e3o de marca.<\/h2>\n<p>Muitas ferramentas dificultando sua vida? Use o Vibetrace como sua solu\u00e7\u00e3o de marketing completa.<\/p>\n<p><img decoding=\"async\" width=\"1024\" height=\"1024\" src=\"https:\/\/vibetrace.com\/wp-content\/uploads\/2022\/05\/Whitelabel-for-Agencies-Hero-2.svg\" alt=\"Alternativa Klaviyo\" loading=\"lazy\"><\/p>\n<h2>Use o Vibetrace como sua solu\u00e7\u00e3o de marketing completa.<\/h2>\n<ul>\n<li>\n\t\t\t\t\t\t\t\t\t\tDestaque-se em um oceano de ag\u00eancias \u201ceu tamb\u00e9m\u201d.<\/li>\n<li>\n\t\t\t\t\t\t\t\t\t\tOs clientes ficam com voc\u00ea por mais tempo porque amam sua plataforma.<\/li>\n<li>\n\t\t\t\t\t\t\t\t\t\tO alto LTV permite que voc\u00ea forne\u00e7a um servi\u00e7o de primeira linha.<\/li>\n<\/ul>\n<p><a href=\"#\" role=\"button\"><br \/>\nVeja-o em a\u00e7\u00e3o<br \/>\n<\/a><\/p>\n<h2>Marketing Omni Channel, facilitado<\/h2>\n<h3>\n\t\t\t\t\t\tFluxos de Email Marketing e Automa\u00e7\u00e3o<\/h3>\n<p>Fluxos de boas-vindas, sequ\u00eancias de incentivo, fluxos de abandono de carrinho de vendas e muito mais! Configure gatilhos personalizados para aumentar o ROI da campanha.<\/p>\n<h3>\n\t\t\t\t\t\tSMS e Web Push<\/h3>\n<p>Envolva seus clientes e chame sua aten\u00e7\u00e3o<br \/>\nem ROI.<\/p>\n<h3>\n\t\t\t\t\t\tPersonaliza\u00e7\u00e3o avan\u00e7ada<\/h3>\n<p>Use o poder da IA para acertar o acorde certo!<br \/>\nRecomende produtos com base no comportamento do usu\u00e1rio.<\/p>\n<h3>\n\t\t\t\t\t\tPop-ups de sites<\/h3>\n<p>Cada visitante conta. Use pop-ups para promover ofertas interessantes<br \/>\ne transformar visitantes em leads ou clientes.<\/p>\n<h3>\n\t\t\t\t\t\tEnquetes e pesquisas<\/h3>\n<p>Ou\u00e7a o feedback do seu cliente com enquetes e pesquisas.<br \/>\nAumente seu ROI com dados de alta qualidade.<\/p>\n<h3>\n\t\t\t\t\t\tPublicidade no Facebook<\/h3>\n<p>Dimensione campanhas at\u00e9 a lua com publicidade paga. Aproveite uma segmenta\u00e7\u00e3o poderosa<br \/>\npara envolver clientes potenciais inconscientes.<\/p>\n<h3>\n\t\t\t\t\t\tRelat\u00f3rios em tempo real<\/h3>\n<p>Relat\u00f3rios integrados facilitam o rastreamento<br \/>\ne analisar o desempenho da campanha.<\/p>\n<h3>\n\t\t\t\t\t\tMarca<\/h3>\n<p>Adicione URLs de marca e branding personalizado a<br \/>\nsuas comunica\u00e7\u00f5es de marketing.<\/p>\n<h2>Integra\u00e7\u00e3o perfeita de dados<\/h2>\n<p>Diga adeus aos pain\u00e9is desajeitados!<\/p>\n<p>Sejam dados de produtos, usu\u00e1rios, pedidos ou comportamentais, mantenha tudo em um \u00fanico banco de dados e conecte-os \u00e0s suas campanhas em segundos.<\/p>\n<p><img decoding=\"async\" width=\"934\" height=\"416\" src=\"https:\/\/vibetrace.com\/wp-content\/uploads\/2023\/03\/Imagereporting-tool-white-label-automation.png\" alt=\"\" loading=\"lazy\" srcset=\"https:\/\/vibetrace.com\/wp-content\/uploads\/2023\/03\/Imagereporting-tool-white-label-automation.png 934w, https:\/\/vibetrace.com\/wp-content\/uploads\/2023\/03\/Imagereporting-tool-white-label-automation-300x134.png 300w, https:\/\/vibetrace.com\/wp-content\/uploads\/2023\/03\/Imagereporting-tool-white-label-automation-768x342.png 768w, https:\/\/vibetrace.com\/wp-content\/uploads\/2023\/03\/Imagereporting-tool-white-label-automation-18x8.png 18w\" sizes=\"auto, (max-width: 934px) 100vw, 934px\"><\/p>\n<h2>Pronto para obter vantagem competitiva?<\/h2>\n<p>Veja o Vibetrace em a\u00e7\u00e3o. Saiba como isso pode levar as campanhas de seus clientes para o pr\u00f3ximo n\u00edvel.<\/p>\n<p><a href=\"#\" role=\"button\"><br \/>\nVeja-o em a\u00e7\u00e3o<br \/>\n<\/a><\/p>\n<p>2023 \u2013 Vibetrace \u2013 Zurique Su\u00ed\u00e7a<\/p>\n<p>Nossa solu\u00e7\u00e3o White Label atualmente atende muitos dos 500 maiores varejistas on-line e sites de com\u00e9rcio eletr\u00f4nico. A Vibetrace \u00e9 uma empresa de produtos focada em ag\u00eancias e clientes de grande porte.<\/p>","protected":false},"excerpt":{"rendered":"<p>Sua pr\u00f3pria plataforma de marketing omnicanal! E-mail marketing, SMS, publicidade paga, pesquisas e an\u00e1lises \u2013 \u2026 <a title=\"Solu\u00e7\u00e3o White Label para Ag\u00eancias\" class=\"read-more\" href=\"https:\/\/vibetrace.com\/pt\/agencias-de-marca-branca-lp2\/\" aria-label=\"Leia mais sobre Solu\u00e7\u00e3o White Label para Ag\u00eancias\"> <\/a><\/p>","protected":false},"author":9,"featured_media":0,"parent":0,"menu_order":0,"comment_status":"closed","ping_status":"closed","template":"","meta":{"inline_featured_image":false,"footnotes":""},"class_list":["post-20297","page","type-page","status-publish"],"_links":{"self":[{"href":"https:\/\/vibetrace.com\/pt\/wp-json\/wp\/v2\/pages\/20297","targetHints":{"allow":["GET"]}}],"collection":[{"href":"https:\/\/vibetrace.com\/pt\/wp-json\/wp\/v2\/pages"}],"about":[{"href":"https:\/\/vibetrace.com\/pt\/wp-json\/wp\/v2\/types\/page"}],"author":[{"embeddable":true,"href":"https:\/\/vibetrace.com\/pt\/wp-json\/wp\/v2\/users\/9"}],"replies":[{"embeddable":true,"href":"https:\/\/vibetrace.com\/pt\/wp-json\/wp\/v2\/comments?post=20297"}],"version-history":[{"count":0,"href":"https:\/\/vibetrace.com\/pt\/wp-json\/wp\/v2\/pages\/20297\/revisions"}],"wp:attachment":[{"href":"https:\/\/vibetrace.com\/pt\/wp-json\/wp\/v2\/media?parent=20297"}],"curies":[{"name":"wp","href":"https:\/\/api.w.org\/{rel}","templated":true}]}}