{"id":18406,"date":"2023-02-02T14:52:17","date_gmt":"2023-02-02T14:52:17","guid":{"rendered":"https:\/\/vibetrace.com\/?page_id=18406"},"modified":"2023-02-02T16:30:50","modified_gmt":"2023-02-02T16:30:50","slug":"email-subject-lines-generator","status":"publish","type":"page","link":"https:\/\/vibetrace.com\/pt\/gerador-de-linhas-de-assunto-de-e-mail\/","title":{"rendered":"Gerador de linhas de assunto de e-mail"},"content":{"rendered":"<h3 class=\"wp-block-heading\">Vamos gerar e melhorar linhas de assunto usando IA:<\/h3>\n\n\n\n<p>Cansado de procurar a linha de assunto perfeita para o seu e-mail? Crie linhas de assunto exclusivas ou avalie suas ideias com nosso gerador de linha de assunto de e-mail baseado na tecnologia OpenAI e GPT:<\/p>\n\n\n\n<iframe src=\"https:\/\/subjectlines.vibetrace.com\/\" style=\"border:0px; width:100%; height:1000px\"><\/iframe>\n\n\n\n<p>Um bom gerador de linhas de assunto de e-mail deve ser capaz de gerar linhas de assunto criativas, cativantes e atraentes, adaptadas ao conte\u00fado do e-mail.<\/p>\n\n\n\n<p>Ele tamb\u00e9m deve ser capaz de sugerir linhas de assunto com base nas palavras-chave usadas no corpo do e-mail. Nosso gerador de linha de assunto de e-mail deve ser capaz de recomendar palavras, frases e sinais de pontua\u00e7\u00e3o espec\u00edficos que podem ser usados para tornar a linha de assunto mais eficaz.<\/p>\n\n\n\n<p>Uma boa linha de assunto tem de 10 a 50 caracteres. Gere um usando Intelig\u00eancia Artificial fornecida pelo Vibetrace Email Marketing junto com OpenAi e ChatGPT<\/p>\n\n\n\n<p>As linhas de assunto do e-mail s\u00e3o um t\u00f3pico importante no marketing por e-mail e criamos alguns artigos para&nbsp;<a href=\"https:\/\/vibetrace.com\/pt\/tag\/email-subject-lines\/\" target=\"_blank\" rel=\"noreferrer noopener\">feriados especiais<\/a>.<\/p>","protected":false},"excerpt":{"rendered":"<p>Vamos gerar e melhorar linhas de assunto usando IA: Cansado de procurar o assunto perfeito\u2026 <a title=\"Gerador de linhas de assunto de e-mail\" class=\"read-more\" href=\"https:\/\/vibetrace.com\/pt\/gerador-de-linhas-de-assunto-de-e-mail\/\" aria-label=\"Leia mais sobre Gerador de linhas de assunto de e-mail\"> <\/a><\/p>","protected":false},"author":9,"featured_media":18427,"parent":0,"menu_order":0,"comment_status":"closed","ping_status":"closed","template":"","meta":{"inline_featured_image":false,"footnotes":""},"class_list":["post-18406","page","type-page","status-publish","has-post-thumbnail"],"_links":{"self":[{"href":"https:\/\/vibetrace.com\/pt\/wp-json\/wp\/v2\/pages\/18406","targetHints":{"allow":["GET"]}}],"collection":[{"href":"https:\/\/vibetrace.com\/pt\/wp-json\/wp\/v2\/pages"}],"about":[{"href":"https:\/\/vibetrace.com\/pt\/wp-json\/wp\/v2\/types\/page"}],"author":[{"embeddable":true,"href":"https:\/\/vibetrace.com\/pt\/wp-json\/wp\/v2\/users\/9"}],"replies":[{"embeddable":true,"href":"https:\/\/vibetrace.com\/pt\/wp-json\/wp\/v2\/comments?post=18406"}],"version-history":[{"count":0,"href":"https:\/\/vibetrace.com\/pt\/wp-json\/wp\/v2\/pages\/18406\/revisions"}],"wp:featuredmedia":[{"embeddable":true,"href":"https:\/\/vibetrace.com\/pt\/wp-json\/wp\/v2\/media\/18427"}],"wp:attachment":[{"href":"https:\/\/vibetrace.com\/pt\/wp-json\/wp\/v2\/media?parent=18406"}],"curies":[{"name":"wp","href":"https:\/\/api.w.org\/{rel}","templated":true}]}}