{"id":168,"date":"2021-08-12T09:55:01","date_gmt":"2021-08-12T09:55:01","guid":{"rendered":"https:\/\/vibetrace.com\/blog\/?page_id=168"},"modified":"2023-06-14T08:15:55","modified_gmt":"2023-06-14T08:15:55","slug":"refund-policy","status":"publish","type":"page","link":"https:\/\/vibetrace.com\/pt\/politica-de-reembolso\/","title":{"rendered":"Politica de reembolso"},"content":{"rendered":"<div class=\"gb-container gb-container-f62b97ef\"><div class=\"gb-inside-container\">\n\n<h3 class=\"gb-headline gb-headline-c663a4db gb-headline-text\">Politica de reembolso<\/h3>\n\n\n\n<p><strong>Assinaturas Mensais:<\/strong>&nbsp;Voc\u00ea tem TRINTA (30) dias a partir da data da compra original para solicitar o reembolso de sua assinatura mensal. Qualquer solicita\u00e7\u00e3o de reembolso ap\u00f3s o prazo de TRINTA (30) DIAS n\u00e3o ser\u00e1 processada. Voc\u00ea pode cancelar a qualquer momento ap\u00f3s os TRINTA (30) dias iniciais.<\/p>\n\n\n\n<p><strong>Assinaturas anuais:<\/strong>&nbsp;Para compras de assinaturas anuais, voc\u00ea tem TRINTA (30) dias a partir da data da compra original para solicitar o reembolso de sua assinatura anual. Quaisquer solicita\u00e7\u00f5es de reembolso ap\u00f3s 30 dias ser\u00e3o rateadas pelo tempo restante do per\u00edodo de assinatura anual original. Exemplo: se voc\u00ea adquirir uma assinatura anual em janeiro deste ano e decidir que deseja um reembolso 6 meses a partir da data da compra, seu reembolso rateado ser\u00e1 de 50% do pre\u00e7o de compra. Depois que uma devolu\u00e7\u00e3o for recebida ou uma solicita\u00e7\u00e3o de reembolso v\u00e1lida for enviada, o processo de reembolso n\u00e3o levar\u00e1 mais de 30 dias. Todos os reembolsos ser\u00e3o devolvidos ao cart\u00e3o de cr\u00e9dito original \u2013OU- enviado em forma de cheque para o nome e endere\u00e7o de cobran\u00e7a. Pedidos internacionais que ser\u00e3o reembolsados no cart\u00e3o de cr\u00e9dito original e pedidos do PayPal ser\u00e3o creditados de volta na conta do PayPal.<\/p>\n\n\n\n<p><\/p>\n\n\n\n<p>Do valor total a reembolsar deduziremos os recursos utilizados que devem ser pagos aos nossos contratantes: cr\u00e9ditos de SMS, uso de e-mail, custos de publicidade.<\/p>\n\n<\/div><\/div>","protected":false},"excerpt":{"rendered":"<p>Pol\u00edtica de reembolso Assinaturas mensais: Voc\u00ea tem TRINTA (30) dias a partir da data da compra original\u2026 <a title=\"Politica de reembolso\" class=\"read-more\" href=\"https:\/\/vibetrace.com\/pt\/politica-de-reembolso\/\" aria-label=\"Leia mais sobre Pol\u00edtica de Reembolso\"> <\/a><\/p>","protected":false},"author":9,"featured_media":0,"parent":0,"menu_order":0,"comment_status":"closed","ping_status":"closed","template":"","meta":{"inline_featured_image":false,"footnotes":""},"class_list":["post-168","page","type-page","status-publish"],"_links":{"self":[{"href":"https:\/\/vibetrace.com\/pt\/wp-json\/wp\/v2\/pages\/168","targetHints":{"allow":["GET"]}}],"collection":[{"href":"https:\/\/vibetrace.com\/pt\/wp-json\/wp\/v2\/pages"}],"about":[{"href":"https:\/\/vibetrace.com\/pt\/wp-json\/wp\/v2\/types\/page"}],"author":[{"embeddable":true,"href":"https:\/\/vibetrace.com\/pt\/wp-json\/wp\/v2\/users\/9"}],"replies":[{"embeddable":true,"href":"https:\/\/vibetrace.com\/pt\/wp-json\/wp\/v2\/comments?post=168"}],"version-history":[{"count":0,"href":"https:\/\/vibetrace.com\/pt\/wp-json\/wp\/v2\/pages\/168\/revisions"}],"wp:attachment":[{"href":"https:\/\/vibetrace.com\/pt\/wp-json\/wp\/v2\/media?parent=168"}],"curies":[{"name":"wp","href":"https:\/\/api.w.org\/{rel}","templated":true}]}}