{"id":166,"date":"2021-08-12T09:55:01","date_gmt":"2021-08-12T09:55:01","guid":{"rendered":"https:\/\/vibetrace.com\/blog\/?page_id=166"},"modified":"2023-06-14T08:15:19","modified_gmt":"2023-06-14T08:15:19","slug":"cookie-policy","status":"publish","type":"page","link":"https:\/\/vibetrace.com\/pt\/politica-de-cookies\/","title":{"rendered":"Pol\u00edtica de Cookies"},"content":{"rendered":"<div class=\"gb-container gb-container-1d3c9211\"><div class=\"gb-inside-container\">\n\n<h1 class=\"gb-headline gb-headline-c7d43197 gb-headline-text\">Pol\u00edtica de Cookies<\/h1>\n\n\n\n<p class=\"gb-headline gb-headline-d3ef2b05 gb-headline-text\">Como o Vibetrace gerencia os cookies.<\/p>\n\n\n\n<p>\u00daltima modifica\u00e7\u00e3o: maio de 2018<\/p>\n\n\n\n<p>Este site ou suas ferramentas de terceiros usam cookies, que s\u00e3o necess\u00e1rios para o seu funcionamento e necess\u00e1rios para alcan\u00e7ar os prop\u00f3sitos ilustrados nesta pol\u00edtica de cookies. Ao fechar o banner de aviso de cookies, rolar a p\u00e1gina, clicar em um link ou continuar navegando, voc\u00ea concorda com o uso de cookies.<\/p>\n\n<\/div><\/div>\n\n<div class=\"gb-container gb-container-3c618fce\"><div class=\"gb-inside-container\">\n\n<h2 class=\"gb-headline gb-headline-6ab5fe31 gb-headline-text\">O que s\u00e3o cookies?<\/h2>\n\n\n\n<p>Para que sites modernos funcionem de acordo com as expectativas dos visitantes, eles precisam coletar algumas informa\u00e7\u00f5es b\u00e1sicas sobre os visitantes. Para fazer isso, um site criar\u00e1 pequenos arquivos de texto que s\u00e3o colocados nos dispositivos do visitante \u2013 esses arquivos s\u00e3o conhecidos como cookies. Os cookies s\u00e3o atribu\u00eddos exclusivamente a cada visitante e s\u00f3 podem ser lidos por um servidor da web no dom\u00ednio que emitiu o cookie para o visitante. Os cookies n\u00e3o podem ser usados para executar programas ou enviar v\u00edrus para o dispositivo de um visitante.<\/p>\n\n\n\n<p>Os cookies fazem v\u00e1rios trabalhos que tornam a experi\u00eancia do visitante na Internet muito mais suave e interativa. Por exemplo, os cookies s\u00e3o usados para lembrar as prefer\u00eancias do visitante em sites que eles visitam com frequ\u00eancia, para lembrar a prefer\u00eancia de idioma e para ajudar a navegar entre as p\u00e1ginas com mais efici\u00eancia. Muitos dos dados coletados, embora n\u00e3o todos, s\u00e3o an\u00f4nimos, embora alguns deles sejam projetados para detectar padr\u00f5es de navega\u00e7\u00e3o e localiza\u00e7\u00e3o geogr\u00e1fica aproximada para melhorar a experi\u00eancia do visitante.<\/p>\n\n\n\n<h2 class=\"gb-headline gb-headline-8e136e62 gb-headline-text\">Como os cookies s\u00e3o usados no vibetrace.com?<\/h2>\n\n\n\n<p>O Vibetrace coloca cookies para armazenar e, em seguida, recuperar pequenas informa\u00e7\u00f5es em seu computador quando voc\u00ea o visita. Isso \u00e9 para garantir que nosso conte\u00fado seja adaptado \u00e0s suas especifica\u00e7\u00f5es, melhorando assim a experi\u00eancia do visitante no site. Entre outras coisas, os cookies que usamos permitem que os visitantes se inscrevam no site e nos permitem calcular (anonimamente) quantos visitantes o site tem.<\/p>\n\n\n\n<p>Acreditamos que a experi\u00eancia do visitante no site seria prejudicada se os visitantes optassem por n\u00e3o usar os cookies que usamos.<\/p>\n\n\n\n<h2 class=\"gb-headline gb-headline-7a48a6d9 gb-headline-text\">Que tipo de cookies existem e quais utilizamos?<\/h2>\n\n\n\n<p>Os cookies podem ser categorizados por quanto tempo eles s\u00e3o armazenados e sua fun\u00e7\u00e3o.<\/p>\n\n\n\n<h3 class=\"gb-headline gb-headline-029c37a4 gb-headline-text\">Cookies categorizados por dura\u00e7\u00e3o de armazenamento:<\/h3>\n\n\n\n<h4 class=\"gb-headline gb-headline-6b95bc84 gb-headline-text\">Cookies persistentes<\/h4>\n\n\n\n<p>Os cookies persistentes permanecem no dispositivo de um visitante por um determinado per\u00edodo de tempo especificado no cookie. Eles s\u00e3o ativados cada vez que o visitante visita o site que criou esse cookie espec\u00edfico.<\/p>\n\n\n\n<p>Exemplos de como usamos cookies persistentes:<\/p>\n\n\n\n<ul class=\"wp-block-list\">\n<li>Permitir que os visitantes se inscrevam<\/li>\n\n\n\n<li>Calculando o n\u00famero de visitantes do site<\/li>\n<\/ul>\n\n\n\n<h4 class=\"gb-headline gb-headline-aa22531c gb-headline-text\">Cookies de sess\u00e3o<\/h4>\n\n\n\n<p>Os cookies de sess\u00e3o s\u00e3o tempor\u00e1rios. Eles permitem que os operadores do site vinculem as a\u00e7\u00f5es de um visitante durante uma sess\u00e3o do navegador. Uma sess\u00e3o do navegador come\u00e7a quando um visitante abre uma janela do navegador e termina quando ele a fecha. Depois de fechar o navegador, todos os cookies de sess\u00e3o s\u00e3o exclu\u00eddos.<\/p>\n\n\n\n<p>Exemplos de como usamos cookies de sess\u00e3o:<\/p>\n\n\n\n<ul class=\"wp-block-list\">\n<li>Para melhorar a usabilidade do nosso site<\/li>\n\n\n\n<li>Para rotear o visitante para o servidor web mais dispon\u00edvel<\/li>\n<\/ul>\n\n\n\n<h3 class=\"gb-headline gb-headline-78dd96e0 gb-headline-text\">Cookies categorizados de acordo com a fun\u00e7\u00e3o:<\/h3>\n\n\n\n<h4 class=\"gb-headline gb-headline-13d6fc6a gb-headline-text\">Cookies estritamente necess\u00e1rios<\/h4>\n\n\n\n<p>Cookies estritamente necess\u00e1rios s\u00e3o essenciais para navegar em um site e usar seus recursos. Sem eles, os visitantes n\u00e3o poderiam usar servi\u00e7os b\u00e1sicos como o registro. Esses cookies n\u00e3o coletam informa\u00e7\u00f5es sobre os visitantes que possam ser usadas para marketing ou para lembrar onde um visitante esteve na Internet.<\/p>\n\n\n\n<p>Exemplos de como o Vibetrace usa cookies &#039;estritamente necess\u00e1rios&#039; incluem:<\/p>\n\n\n\n<ul class=\"wp-block-list\">\n<li>Permitir que os visitantes fa\u00e7am login no site como um usu\u00e1rio registrado<\/li>\n<\/ul>\n\n\n\n<h4 class=\"gb-headline gb-headline-e7d44885 gb-headline-text\">Cookies n\u00e3o essenciais<\/h4>\n\n\n\n<p>Estes s\u00e3o quaisquer cookies que n\u00e3o se enquadram na defini\u00e7\u00e3o de cookies essenciais, como cookies usados para analisar seu comportamento em um site (cookies &#039;anal\u00edticos&#039;) ou cookies usados para exibir an\u00fancios para voc\u00ea (cookies &#039;publicit\u00e1rios&#039;)<\/p>\n\n\n\n<p>Os cookies de desempenho coletam dados an\u00f4nimos para fins estat\u00edsticos sobre como os visitantes usam um site e s\u00e3o usados para melhorar a experi\u00eancia do visitante. Tamb\u00e9m existem cookies n\u00e3o essenciais que identificam os usu\u00e1rios para personalizar a apar\u00eancia de um site e fornecer personaliza\u00e7\u00e3o do site e melhorar o marketing.<\/p>\n\n\n\n<p>Exemplos de como o Vibetrace usa cookies de desempenho incluem:<\/p>\n\n\n\n<ul class=\"wp-block-list\">\n<li>Coleta de dados sobre visitas ao site, incluindo n\u00famero de visitantes e visitas, tempo gasto no site, p\u00e1ginas clicadas ou de onde os visitantes vieram<\/li>\n\n\n\n<li>As informa\u00e7\u00f5es fornecidas pelos cookies de desempenho nos ajudam a entender como os visitantes usam o site; por exemplo, se os visitantes j\u00e1 visitaram ou n\u00e3o, o que os visitantes viram ou clicaram e como nos encontraram<\/li>\n\n\n\n<li>As informa\u00e7\u00f5es fornecidas pelos cookies de desempenho s\u00e3o usadas em atividades de (re)marketing.<\/li>\n\n\n\n<li>Lembrando a escolha de idioma de um visitante<\/li>\n\n\n\n<li>Lembrando o nome de usu\u00e1rio para a p\u00e1gina de login.<\/li>\n<\/ul>\n\n\n\n<h2 class=\"gb-headline gb-headline-493b2fba gb-headline-text\">Como os visitantes podem controlar os cookies?<\/h2>\n\n\n\n<p>Os visitantes devem estar cientes de que quaisquer prefer\u00eancias ser\u00e3o perdidas se os cookies forem exclu\u00eddos, e muitos sites n\u00e3o funcionar\u00e3o corretamente ou a funcionalidade ser\u00e1 perdida. A Vibetrace, portanto, n\u00e3o recomenda desativar os cookies ao usar o vibetrace.com.<\/p>\n\n\n\n<p>A maioria dos navegadores aceita cookies automaticamente, mas os visitantes podem alterar as configura\u00e7\u00f5es do navegador para apagar os cookies ou impedir a aceita\u00e7\u00e3o autom\u00e1tica. Os navegadores geralmente fornecem a op\u00e7\u00e3o de ver os cookies atualmente armazenados e aceitar, rejeitar ou excluir cookies, bloquear cookies de terceiros, bloquear cookies de determinados sites, aceitar todos os cookies e assinar uma notifica\u00e7\u00e3o quando um cookie \u00e9 emitido. Uma visita ao menu &#039;op\u00e7\u00f5es&#039; ou &#039;prefer\u00eancias&#039; em seu navegador permitir\u00e1 que os visitantes alterem as configura\u00e7\u00f5es. A se\u00e7\u00e3o de ajuda do navegador geralmente fornece informa\u00e7\u00f5es detalhadas sobre como isso \u00e9 feito.<\/p>\n\n\n\n<h3 class=\"gb-headline gb-headline-38daf538 gb-headline-text\">Gerenciando cookies de desempenho<\/h3>\n\n\n\n<p>\u00c9 poss\u00edvel optar por n\u00e3o ter sua atividade de navega\u00e7\u00e3o an\u00f4nima em sites registrados por cookies de desempenho. Os visitantes podem impedir que seus dados sejam usados instalando um complemento do navegador que bloqueia a funcionalidade.<\/p>\n\n\n\n<p>Vibetrace.com usa v\u00e1rias ferramentas para gravar cookies de desempenho:<\/p>\n\n\n\n<ul class=\"wp-block-list\">\n<li>Google Analytics<\/li>\n\n\n\n<li>Google Adwords (DoubleClick)<\/li>\n\n\n\n<li>Pixel do Facebook<\/li>\n\n\n\n<li>Outros servi\u00e7os similares de terceiros<\/li>\n<\/ul>\n\n\n\n<p>N\u00e3o se esque\u00e7a que, ao n\u00e3o permitir cookies de desempenho, isso nos impede de saber o que as pessoas gostam ou n\u00e3o em nosso site, para que possamos melhor\u00e1-lo.<\/p>\n\n\n\n<h2 class=\"gb-headline gb-headline-fc46a9f1 gb-headline-text\">Consentimento do visitante<\/h2>\n\n\n\n<p>Ao continuar a usar o site, voc\u00ea concorda com a coloca\u00e7\u00e3o de cookies em seu dispositivo. Se voc\u00ea optar por n\u00e3o receber nossos cookies, n\u00e3o podemos garantir que sua experi\u00eancia seja t\u00e3o satisfat\u00f3ria quanto seria de outra forma.<\/p>\n\n<\/div><\/div>","protected":false},"excerpt":{"rendered":"<p>Pol\u00edtica de Cookies Como a Vibetrace gerencia os cookies. \u00daltima modifica\u00e7\u00e3o: maio de 2018 Este site ou seu terceiro\u2026 <a title=\"Pol\u00edtica de Cookies\" class=\"read-more\" href=\"https:\/\/vibetrace.com\/pt\/politica-de-cookies\/\" aria-label=\"Leia mais sobre Pol\u00edtica de Cookies\"> <\/a><\/p>","protected":false},"author":9,"featured_media":0,"parent":0,"menu_order":0,"comment_status":"closed","ping_status":"closed","template":"","meta":{"inline_featured_image":false,"footnotes":""},"class_list":["post-166","page","type-page","status-publish"],"_links":{"self":[{"href":"https:\/\/vibetrace.com\/pt\/wp-json\/wp\/v2\/pages\/166","targetHints":{"allow":["GET"]}}],"collection":[{"href":"https:\/\/vibetrace.com\/pt\/wp-json\/wp\/v2\/pages"}],"about":[{"href":"https:\/\/vibetrace.com\/pt\/wp-json\/wp\/v2\/types\/page"}],"author":[{"embeddable":true,"href":"https:\/\/vibetrace.com\/pt\/wp-json\/wp\/v2\/users\/9"}],"replies":[{"embeddable":true,"href":"https:\/\/vibetrace.com\/pt\/wp-json\/wp\/v2\/comments?post=166"}],"version-history":[{"count":0,"href":"https:\/\/vibetrace.com\/pt\/wp-json\/wp\/v2\/pages\/166\/revisions"}],"wp:attachment":[{"href":"https:\/\/vibetrace.com\/pt\/wp-json\/wp\/v2\/media?parent=166"}],"curies":[{"name":"wp","href":"https:\/\/api.w.org\/{rel}","templated":true}]}}