{"id":165,"date":"2021-08-12T09:55:01","date_gmt":"2021-08-12T09:55:01","guid":{"rendered":"https:\/\/vibetrace.com\/blog\/?page_id=165"},"modified":"2023-06-14T08:14:47","modified_gmt":"2023-06-14T08:14:47","slug":"privacy-policy","status":"publish","type":"page","link":"https:\/\/vibetrace.com\/pt\/politica-de-privacidade\/","title":{"rendered":"pol\u00edtica de Privacidade"},"content":{"rendered":"<div class=\"gb-container gb-container-69601c13\"><div class=\"gb-inside-container\">\n\n<h1 class=\"wp-block-heading has-text-align-center\">pol\u00edtica de Privacidade<\/h1>\n\n\n\n<p class=\"has-text-align-center\">\u00daltima atualiza\u00e7\u00e3o: fevereiro de 2022<\/p>\n\n<\/div><\/div>\n\n<div class=\"gb-container gb-container-b0feab63\"><div class=\"gb-inside-container\">\n\n<h2 class=\"gb-headline gb-headline-e2e2670e gb-headline-text\">1. Introdu\u00e7\u00e3o<\/h2>\n\n\n\n<p>A Vibetrace fornece uma plataforma de automa\u00e7\u00e3o de marketing por meio de um modelo de Software como Servi\u00e7o (SaaS). Na Vibetrace, a privacidade e a seguran\u00e7a de nossos clientes e visitantes s\u00e3o de suma import\u00e2ncia. A Vibetrace est\u00e1 empenhada em proteger os dados que voc\u00ea compartilha conosco. Esta pol\u00edtica de privacidade explica como a Vibetrace processa informa\u00e7\u00f5es que podem ser usadas para identificar direta ou indiretamente um indiv\u00edduo (\u201cDados Pessoais\u201d) coletados por meio do uso de seu site e plataforma. Para efeitos desta pol\u00edtica, a Vibetrace define o termo \u201cCliente\u201d ou \u201cCliente\u201d como uma entidade com a qual a Vibetrace tem uma rela\u00e7\u00e3o estabelecida, o termo \u201cVisitante do Cliente\u201d como qualquer indiv\u00edduo que visita qualquer website dos nossos Clientes alimentado pela Vibetrace ou que est\u00e1 inclu\u00eddo como um contato na conta de um cliente e o termo \u201cVisitante\u201d como um indiv\u00edduo que visita nosso site front-end (por exemplo, vibetrace.com). Qualquer informa\u00e7\u00e3o armazenada na plataforma da Vibetrace \u00e9 tratada como confidencial. Todas as informa\u00e7\u00f5es s\u00e3o armazenadas de forma segura e s\u00e3o acessadas apenas por pessoal autorizado. A Vibetrace implementa e mant\u00e9m medidas t\u00e9cnicas, de seguran\u00e7a e organizacionais apropriadas para proteger os Dados Pessoais contra processamento e uso n\u00e3o autorizado ou ilegal e contra perda, destrui\u00e7\u00e3o, dano, roubo ou divulga\u00e7\u00e3o acidental.<\/p>\n\n\n\n<h2 class=\"gb-headline gb-headline-3e27e8f8 gb-headline-text\">2. Coleta e uso<\/h2>\n\n\n\n<h3 class=\"gb-headline gb-headline-016ad7a5 gb-headline-text\">2.1. Geral<\/h3>\n\n\n\n<p>As se\u00e7\u00f5es a seguir abordam as especificidades de cada um dos tr\u00eas grupos dos quais os dados s\u00e3o coletados: Visitantes do site, Visitantes do cliente e Visitantes.<\/p>\n\n\n\n<h3 class=\"gb-headline gb-headline-6804def4 gb-headline-text\">2.2 Visitantes do site<\/h3>\n\n\n\n<p>Se voc\u00ea \u00e9 apenas um visitante do nosso site, esta se\u00e7\u00e3o \u00e9 relevante para voc\u00ea. Ao visitar este site, voc\u00ea concorda com a coleta e uso de seus Dados Pessoais conforme descrito aqui. Se voc\u00ea n\u00e3o concorda com os termos aqui estabelecidos, por favor, n\u00e3o visite este site. Se exigido pela lei aplic\u00e1vel, buscaremos seu consentimento expl\u00edcito para processar os Dados Pessoais coletados neste site ou voluntariamente fornecidos por voc\u00ea. Observe que qualquer consentimento ser\u00e1 totalmente volunt\u00e1rio. No entanto, se n\u00e3o conceder o consentimento solicitado para o tratamento dos seus Dados Pessoais, a utiliza\u00e7\u00e3o deste website poder\u00e1 n\u00e3o ser poss\u00edvel. A Vibetrace pode coletar, registrar e analisar informa\u00e7\u00f5es dos Visitantes de seu site. Podemos registrar seu endere\u00e7o IP e usar cookies. O Vibetrace pode adicionar informa\u00e7\u00f5es coletadas por meio de atividade de exibi\u00e7\u00e3o de p\u00e1gina ou intera\u00e7\u00f5es com elementos de p\u00e1gina. Al\u00e9m disso, a Vibetrace pode coletar e processar quaisquer Dados Pessoais que voc\u00ea nos fornecer voluntariamente nos formul\u00e1rios de nosso site, como quando voc\u00ea se inscreve em eventos ou se inscreve para receber informa\u00e7\u00f5es e boletins informativos. Se voc\u00ea fornecer \u00e0 Vibetrace seus detalhes de m\u00eddia social, a Vibetrace poder\u00e1 recuperar informa\u00e7\u00f5es publicamente dispon\u00edveis sobre voc\u00ea nas m\u00eddias sociais. Esses Dados Pessoais podem incluir seu endere\u00e7o IP, nome e sobrenome, seu endere\u00e7o postal e de e-mail, seu n\u00famero de telefone, seu cargo, dados para redes sociais, suas \u00e1reas de interesse, interesse nos produtos Vibetrace e certas informa\u00e7\u00f5es sobre a empresa que voc\u00ea para a qual trabalha (nome e endere\u00e7o da empresa), bem como informa\u00e7\u00f5es sobre o tipo de relacionamento que existe entre voc\u00ea e a Vibetrace. O Vibetrace coleta dados sobre visitas ao site, incluindo n\u00famero de visitantes e visitas, dados de geolocaliza\u00e7\u00e3o, tempo gasto no site, p\u00e1ginas clicadas ou de onde os visitantes vieram.<\/p>\n\n\n\n<h4 class=\"gb-headline gb-headline-70975dae gb-headline-text\">2.2.1 Finalidade do processamento de dados pessoais<\/h4>\n\n\n\n<p>A Vibetrace usa os dados coletados para se comunicar com os visitantes, personalizar o conte\u00fado para os visitantes, exibir an\u00fancios em outros sites para os visitantes e melhorar seu site analisando como os visitantes navegam em seu site.<\/p>\n\n\n\n<h4 class=\"gb-headline gb-headline-4e3d8d72 gb-headline-text\">2.2.2 Compartilhamento de dados pessoais<\/h4>\n\n\n\n<p>A Vibetrace tamb\u00e9m pode compartilhar essas informa\u00e7\u00f5es com fornecedores de servi\u00e7os ou contratados para fornecer um servi\u00e7o ou transa\u00e7\u00e3o solicitada ou para analisar o comportamento do Visitante em seu site.<\/p>\n\n\n\n<h4 class=\"gb-headline gb-headline-d4260ed2 gb-headline-text\">2.2.3 Cookies<\/h4>\n\n\n\n<p>Cookies s\u00e3o pequenas informa\u00e7\u00f5es enviadas por um site para o disco r\u00edgido de um visitante. Os cookies n\u00e3o podem ser usados para executar programas ou enviar v\u00edrus para o seu computador. Ao continuar a visitar o site, concorda com a coloca\u00e7\u00e3o de cookies no seu dispositivo. Se voc\u00ea optar por n\u00e3o aceitar nossos cookies, n\u00e3o podemos garantir que sua experi\u00eancia seja t\u00e3o satisfat\u00f3ria quanto seria de outra forma. Tamb\u00e9m podemos colocar cookies de terceiros para fins funcionais e de marketing. O uso de cookies \u00e9 generalizado e beneficia o internauta. Para mais informa\u00e7\u00f5es, consulte&nbsp;<a href=\"https:\/\/vibetrace.com\/pt\/static\/cookie-policy.html\/\">Pol\u00edtica de Cookies da Vibetrace.<\/a><\/p>\n\n\n\n<h4 class=\"gb-headline gb-headline-1e269500 gb-headline-text\">2.2.4 Links para outros sites<\/h4>\n\n\n\n<p>Esteja ciente de que, ao visitar nosso site, os visitantes podem seguir links para outros sites que est\u00e3o al\u00e9m de nossa esfera de influ\u00eancia. A Vibetrace n\u00e3o \u00e9 respons\u00e1vel pelo conte\u00fado ou pol\u00edtica de privacidade desses outros sites.<\/p>\n\n\n\n<h3 class=\"gb-headline gb-headline-ae4b50d9 gb-headline-text\">2.3 Visitantes do Cliente<\/h3>\n\n\n\n<p>Os visitantes do cliente devem estar cientes de que, em sua intera\u00e7\u00e3o com nossa solu\u00e7\u00e3o nos sites dos clientes, eles podem divulgar informa\u00e7\u00f5es que podem torn\u00e1-los pessoalmente identific\u00e1veis aos clientes da Vibetrace. A prote\u00e7\u00e3o de seguran\u00e7a e privacidade implementada na plataforma da Vibetrace n\u00e3o abrange este tipo de transfer\u00eancia ou divulga\u00e7\u00e3o de informa\u00e7\u00f5es pessoais. Os visitantes do cliente que interagem com campanhas criadas usando a plataforma Vibetrace devem estar cientes de que s\u00e3o os \u00fanicos respons\u00e1veis pelo conte\u00fado de suas entradas de dados ou respostas \u00e0 pesquisa. Para informa\u00e7\u00f5es mais detalhadas sobre a prote\u00e7\u00e3o da privacidade ao interagir com nossas campanhas, ou responder a Pesquisas de Clientes, os Visitantes podem entrar em contato com a entidade que realiza a pesquisa. \u00c9 da responsabilidade dos Clientes assegurar que a recolha e tratamento dos dados s\u00e3o efetuados de acordo com a legisla\u00e7\u00e3o aplic\u00e1vel. A Vibetrace n\u00e3o processar\u00e1 Dados Pessoais de Clientes Visitantes para outros fins ou por outros meios que n\u00e3o sejam instru\u00eddos por seus Clientes. Verifique a Pol\u00edtica de Privacidade de cada cliente.<\/p>\n\n\n\n<h4 class=\"gb-headline gb-headline-d9457085 gb-headline-text\">2.3.1. Perguntas<\/h4>\n\n\n\n<p>Caso pretenda consultar os seus Dados Pessoais que possam ter sido recolhidos pela Vibetrace, recomendamos que contacte a entidade que os criou ou que com ela tenha liga\u00e7\u00f5es. Como a Vibetrace \u00e9 uma Processadora de Dados, ela controla apenas os Dados Pessoais enviados pelos Clientes e s\u00e3o processados em nome de seus Clientes. Se voc\u00ea n\u00e3o tiver certeza de quem \u00e9 o respons\u00e1vel por cri\u00e1-lo, entre em contato conosco para maiores esclarecimentos.<\/p>\n\n\n\n<h3 class=\"gb-headline gb-headline-7ffd696c gb-headline-text\">2.4 Clientes<\/h3>\n\n\n\n<h4 class=\"gb-headline gb-headline-a73aed0d gb-headline-text\">2.4.1. Em geral<\/h4>\n\n\n\n<p>Para fornecer servi\u00e7os aos seus clientes, a Vibetrace coleta certos tipos de dados deles. Al\u00e9m disso, os clientes da Vibetrace coletam informa\u00e7\u00f5es dos visitantes dos clientes quando eles visitam ou interagem com propriedades digitais ou offline integradas \u00e0 plataforma Vibetrace. Esta se\u00e7\u00e3o descrever\u00e1 como esses dois tipos de dados s\u00e3o coletados e usados pelo Vibetrace, bem como as diferen\u00e7as geogr\u00e1ficas que afetam esta pol\u00edtica. Os dados inseridos ou transferidos para o Vibetrace pelos clientes, como textos, perguntas, contatos, arquivos de m\u00eddia, etc., permanecem propriedade do cliente e n\u00e3o podem ser compartilhados com terceiros pelo Vibetrace sem o consentimento expresso do cliente.<\/p>\n\n\n\n<h4 class=\"gb-headline gb-headline-ecf1cdbc gb-headline-text\">2.4.2 Coleta de dados do cliente<\/h4>\n\n\n\n<p>Durante o cadastro do Cliente e posteriormente na plataforma Vibetrace, ele fornece informa\u00e7\u00f5es como nome, raz\u00e3o social, e-mail, endere\u00e7o, telefone, n\u00famero do cart\u00e3o de cr\u00e9dito e outros dados relevantes. Essas informa\u00e7\u00f5es s\u00e3o usadas pela Vibetrace para identificar o Cliente e fornecer suporte, servi\u00e7os, correspond\u00eancias, a\u00e7\u00f5es de vendas e marketing, cobran\u00e7a e cumprimento de obriga\u00e7\u00f5es contratuais. Os clientes da Vibetrace podem, a qualquer momento, acessar e editar, atualizar ou excluir seus dados de contato fazendo login com seu nome de usu\u00e1rio e senha na plataforma da Vibetrace. O Cliente Vibetrace pode criar mais contas de Cliente com diferentes n\u00edveis de privil\u00e9gio em sua conta. \u00c9 da responsabilidade do Cliente que cria outras contas de Cliente, escolher o n\u00edvel de acesso que cada Cliente dever\u00e1 ter. Depois que esses novos clientes fizerem login no Vibetrace, eles atender\u00e3o \u00e0 defini\u00e7\u00e3o de cliente nesta pol\u00edtica. A Vibetrace n\u00e3o reter\u00e1 os dados do Cliente por mais tempo do que o necess\u00e1rio para cumprir os prop\u00f3sitos para os quais foram coletados ou conforme exigido pelas leis ou regulamentos aplic\u00e1veis.<\/p>\n\n\n\n<h4 class=\"gb-headline gb-headline-3d3bc958 gb-headline-text\">2.4.3 Coleta de dados do Visitante do Cliente<\/h4>\n\n\n\n<p>Campanhas, e-mails, intera\u00e7\u00f5es, sites, intera\u00e7\u00f5es de sites ou pesquisas usadas para coletar dados s\u00e3o criados por clientes, que os disponibilizam para empresas, organiza\u00e7\u00f5es e indiv\u00edduos relevantes. \u00c9 da responsabilidade do Cliente assegurar que a recolha e tratamento dos dados s\u00e3o efetuados de acordo com a legisla\u00e7\u00e3o aplic\u00e1vel. A Vibetrace n\u00e3o processar\u00e1 Dados Pessoais para outros fins ou por outros meios que n\u00e3o sejam instru\u00eddos por seus Clientes. Os dados dos visitantes do cliente incluem dados de indiv\u00edduos sendo rastreados, carregados, transferidos ou inseridos manualmente por um cliente Vibetrace em sua conta para fins de marketing ou neg\u00f3cios para o cliente. Dados pessoais podem incluir informa\u00e7\u00f5es de contato pessoal, como nome, endere\u00e7o residencial, telefone residencial ou n\u00famero de celular, endere\u00e7o de e-mail, informa\u00e7\u00f5es sobre fam\u00edlia, estilo de vida e circunst\u00e2ncias sociais, incluindo idade, data de nascimento, estado civil, n\u00famero de filhos, detalhes do emprego, educa\u00e7\u00e3o \/qualifica\u00e7\u00e3o, detalhes de contato comercial, g\u00eanero, religi\u00e3o, ra\u00e7a, detalhes de sa\u00fade e outros dados pessoais confidenciais. As respostas \u00e0s perguntas dos Clientes Visitantes tamb\u00e9m podem incluir Dados Pessoais. A finalidade da coleta de Dados Pessoais varia de acordo com as necessidades comerciais e de marketing de cada cliente, conforme definido pelos Clientes da Vibetrace. Como o Vibetrace fornece servi\u00e7os para um amplo grupo de clientes e empresas, o objetivo pode variar muito. Para Clientes no EEE, ou para Clientes que prestam servi\u00e7os a pessoas no EEE, os Clientes ser\u00e3o o \u201cControlador de Dados\u201d, conforme definido na Diretiva e no RGPD. A finalidade ser\u00e1 consequentemente definida pelo Cliente da Vibetrace. Se voc\u00ea ou sua organiza\u00e7\u00e3o forem obrigados pelo Regulamento Geral de Prote\u00e7\u00e3o de Dados da Uni\u00e3o Europeia (GDPR) a celebrar um contrato ou outro ato legal vinculativo sob a legisla\u00e7\u00e3o da UE ou do Estado-Membro, com seus processadores de dados,&nbsp;<a href=\"https:\/\/vibetrace.com\/pt\/static\/data-processing.html\/\">revise e aceite o Acordo de Processamento de Dados da Vibetrace<\/a>&nbsp;em sua conta Vibetrace.<\/p>\n\n\n\n<h4 class=\"gb-headline gb-headline-73736007 gb-headline-text\">2.4.4. Localiza\u00e7\u00e3o geogr\u00e1fica<\/h4>\n\n\n\n<p>O Vibetrace oferece v\u00e1rias regi\u00f5es de dados. <\/p>\n\n\n\n<p>Uma \u201cregi\u00e3o de dados\u201d do Vibetrace \u00e9 um conjunto de centros de dados localizados dentro de uma \u00e1rea geogr\u00e1fica definida onde os dados do cliente e do visitante do cliente s\u00e3o armazenados. Os Dados Pessoais podem ser transmitidos entre Regi\u00f5es de Dados. Para clientes da Vibetrace com contas localizadas na regi\u00e3o europeia de dados da Vibetrace, todos os dados pessoais s\u00e3o processados no EEE. Para Clientes com contas nas Regi\u00f5es de Dados: Estados Unidos da Am\u00e9rica (EUA) e Canad\u00e1, todos os Dados Pessoais s\u00e3o processados no EEE ou Estados Unidos da Am\u00e9rica ou Canad\u00e1. Para clientes com contas em nossa regi\u00e3o de dados da \u00c1sia-Pac\u00edfico, todos os dados pessoais s\u00e3o processados em Cingapura, EEE ou Estados Unidos da Am\u00e9rica.<\/p>\n\n\n\n<h4 class=\"gb-headline gb-headline-00522b25 gb-headline-text\">2.4.4. Localiza\u00e7\u00e3o geogr\u00e1fica<\/h4>\n\n\n\n<p>O Vibetrace oferece v\u00e1rias regi\u00f5es de dados. Uma \u201cregi\u00e3o de dados\u201d do Vibetrace \u00e9 um conjunto de centros de dados localizados dentro de uma \u00e1rea geogr\u00e1fica definida onde os dados do cliente e do visitante do cliente s\u00e3o armazenados. Os Dados Pessoais podem ser transmitidos entre Regi\u00f5es de Dados. Para clientes da Vibetrace com contas localizadas na regi\u00e3o europeia de dados da Vibetrace, todos os dados pessoais s\u00e3o processados no EEE. Para Clientes com contas nas Regi\u00f5es de Dados: Estados Unidos da Am\u00e9rica (EUA) e Canad\u00e1, todos os Dados Pessoais s\u00e3o processados no EEE ou Estados Unidos da Am\u00e9rica ou Canad\u00e1. Para clientes com contas em nossa regi\u00e3o de dados da \u00c1sia-Pac\u00edfico, todos os dados pessoais s\u00e3o processados em Cingapura, EEE ou Estados Unidos da Am\u00e9rica.<\/p>\n\n\n\n<h5 class=\"gb-headline gb-headline-f374159c gb-headline-text\">2.4.4.1 Processamento no Espa\u00e7o Econ\u00f4mico Europeu (EEA)<\/h5>\n\n\n\n<p>Para clientes com contas localizadas na Regi\u00e3o Europeia de Dados da Vibetrace, todo o processamento de Dados Pessoais \u00e9 realizado de acordo com os direitos e regulamentos de privacidade seguindo a Diretiva 95\/46\/EC da UE do Parlamento Europeu e do Conselho de 24 de outubro de 1995 (a Diretiva) , e as implementa\u00e7\u00f5es da Diretiva na legisla\u00e7\u00e3o local. A partir de 25 de maio de 2018, a Diretiva e a legisla\u00e7\u00e3o local baseada na Diretiva ser\u00e3o substitu\u00eddas pelos Regulamentos (UE) 2016\/679 do Parlamento Europeu e do Conselho de 27 de abril de 2016 sobre a prote\u00e7\u00e3o de pessoas singulares no que diz respeito ao tratamento de Dados Pessoais e sobre a livre circula\u00e7\u00e3o desses dados, conhecido como Regulamento Geral de Prote\u00e7\u00e3o de Dados (GDPR), e o processamento da Vibetrace ocorrer\u00e1 de acordo com o GDPR.<\/p>\n\n\n\n<h6 class=\"gb-headline gb-headline-5ba3aec1 gb-headline-text\"><strong>2.4.4.1.1 Controlador<\/strong><\/h6>\n\n\n\n<p>A Vibetrace processa Dados Pessoais como Processador e como Controlador, conforme definido na Diretiva e no GDPR: A entidade Vibetrace com a qual voc\u00ea, como Cliente, firmou um contrato ao usar a plataforma da Vibetrace, ser\u00e1 o Controlador dos dados do Cliente, conforme descrito acima na sec\u00e7\u00e3o \u201cRecolha de dados do Cliente\u201d. Para os dados do Visitante do Cliente, conforme descrito na se\u00e7\u00e3o \u201cColeta de dados do Visitante do Cliente\u201d, o Cliente ser\u00e1 o Controlador de acordo com a Diretiva e GDPR, e a Vibetrace ser\u00e1 o Processador. A Vibetrace adere \u00e0 Diretiva de 1995 e ao GDPR de 25 de maio de 2018. Consequentemente, a Vibetrace processa todos os dados fornecidos por seus Clientes com contas em sua Regi\u00e3o Europeia de Dados, apenas no Espa\u00e7o Econ\u00f4mico Europeu (EEA). Todos os dados coletados pelos clientes Vibetrace por meio de nossa plataforma ser\u00e3o armazenados exclusivamente em instala\u00e7\u00f5es de hospedagem seguras fornecidas pela Amazon, Google Microsoft Azure ou Digital Ocean. A Vibetrace possui um contrato de processamento de dados com seus fornecedores, garantindo a conformidade com a Diretiva. Toda a hospedagem \u00e9 realizada de acordo com os mais altos regulamentos de seguran\u00e7a. Todas as transfer\u00eancias de dados internamente na EEA s\u00e3o feitas de acordo com este contrato de processamento de dados.<\/p>\n\n\n\n<h5 class=\"gb-headline gb-headline-558cadd7 gb-headline-text\">2.4.4.2 Processamento de dados<\/h5>\n\n\n\n<p>Para clientes com contas na regi\u00e3o de dados dos EUA da Vibetrace, a Vibetrace processa dados em data centers localizados nos EUA e tamb\u00e9m no EEE. A Vibetrace adotou prote\u00e7\u00f5es f\u00edsicas, t\u00e9cnicas e organizacionais razo\u00e1veis que refletem substancialmente as prote\u00e7\u00f5es da UE contra destrui\u00e7\u00e3o acidental, n\u00e3o autorizada ou ilegal, perda, altera\u00e7\u00e3o, divulga\u00e7\u00e3o, acesso, uso ou processamento dos dados dos clientes em posse da Vibetrace. A Vibetrace notificar\u00e1 prontamente o Cliente no caso de qualquer acesso n\u00e3o autorizado conhecido ou uso dos dados do Cliente. Todos os dados coletados pelos clientes Vibetrace por meio de nossa plataforma ser\u00e3o armazenados exclusivamente em instala\u00e7\u00f5es de hospedagem seguras fornecidas pela Amazon Web Services, Google Cloud, Microsoft Azure ou Digital Ocean. O contrato da Vibetrace com seu provedor de hospedagem garante que toda a hospedagem seja realizada de acordo com os mais altos regulamentos de seguran\u00e7a. A pol\u00edtica da Vibetrace \u00e9 proteger e salvaguardar qualquer informa\u00e7\u00e3o pessoal obtida pela Vibetrace de acordo com as leis estaduais ou federais dos Estados Unidos que regem a prote\u00e7\u00e3o de informa\u00e7\u00f5es e dados pessoais. Assim, a Vibetrace adere a pr\u00e1ticas e pol\u00edticas que visam proteger os dados. Todos os dados coletados pelos clientes Vibetrace por meio de pesquisas ser\u00e3o armazenados exclusivamente em instala\u00e7\u00f5es de hospedagem seguras fornecidas pela Amazon Web Services, Google Cloud, Microsoft Azure ou Digital Ocean. O contrato da Vibetrace com seu provedor de hospedagem garante que toda a hospedagem seja realizada de acordo com os mais altos regulamentos de seguran\u00e7a. A pol\u00edtica da Vibetrace \u00e9 proteger e salvaguardar qualquer informa\u00e7\u00e3o pessoal obtida pela Vibetrace de acordo com as leis canadenses que regem a prote\u00e7\u00e3o de informa\u00e7\u00f5es e dados pessoais. Assim, a Vibetrace adere a pr\u00e1ticas e pol\u00edticas que visam proteger os dados.<\/p>\n\n\n\n<h5 class=\"gb-headline gb-headline-081fb689 gb-headline-text\">2.4.4.4 Processamento em outras regi\u00f5es<\/h5>\n\n\n\n<p>Para clientes com contas em nossa regi\u00e3o de dados do Pac\u00edfico Asi\u00e1tico, o Vibetrace processa dados em centros de dados localizados em Cingapura, Estados Unidos ou EEA. A Vibetrace adotou prote\u00e7\u00f5es f\u00edsicas, t\u00e9cnicas e organizacionais razo\u00e1veis que refletem substancialmente as prote\u00e7\u00f5es da UE contra destrui\u00e7\u00e3o acidental, n\u00e3o autorizada ou ilegal, perda, altera\u00e7\u00e3o, divulga\u00e7\u00e3o, acesso, uso ou processamento dos dados dos clientes em posse da Vibetrace. A Vibetrace notificar\u00e1 prontamente o Cliente no caso de qualquer acesso n\u00e3o autorizado conhecido ou uso dos dados do Cliente. Todos os dados coletados pelos clientes Vibetrace por meio de sua plataforma ser\u00e3o armazenados exclusivamente em instala\u00e7\u00f5es de hospedagem seguras fornecidas pela Amazon Web Services, Google Cloud, Microsoft Azure ou Digital Ocean. O contrato da Vibetrace com seu provedor de hospedagem garante que toda a hospedagem seja realizada de acordo com os mais altos regulamentos de seguran\u00e7a. Assim, a Vibetrace adere a pr\u00e1ticas e pol\u00edticas que visam proteger os dados.<\/p>\n\n\n\n<h2 class=\"gb-headline gb-headline-7c51987d gb-headline-text\">3. Reten\u00e7\u00e3o e exclus\u00e3o<\/h2>\n\n\n\n<p>A Vibetrace n\u00e3o reter\u00e1 dados por mais tempo do que o necess\u00e1rio para cumprir os prop\u00f3sitos para os quais foram coletados ou conforme exigido pelas leis ou regulamentos aplic\u00e1veis. Para os dados do Visitante do Cliente, os Clientes da Vibetrace t\u00eam controle sobre a finalidade da coleta de dados e a dura\u00e7\u00e3o pela qual os Dados Pessoais podem ser mantidos. Para os dados do Visitante do Cliente, os Clientes com uma conta ativa ter\u00e3o, portanto, a responsabilidade de excluir os dados quando necess\u00e1rio. Quando a conta de um Cliente for encerrada ou expirada, todos os Dados Pessoais coletados por meio da plataforma ser\u00e3o exclu\u00eddos, conforme exigido pela lei aplic\u00e1vel.<\/p>\n\n\n\n<h2 class=\"gb-headline gb-headline-db59ab39 gb-headline-text\">4. Aceita\u00e7\u00e3o destas Condi\u00e7\u00f5es<\/h2>\n\n\n\n<p>Assumimos que todos os Visitantes do nosso site, Visitante do Cliente que visitam as propriedades digitais do Cliente fornecidas pela Vibetrace e os Clientes da Vibetrace leram atentamente este documento e concordam com seu conte\u00fado. Caso algu\u00e9m n\u00e3o concorde com esta pol\u00edtica de privacidade, dever\u00e1 abster-se de utilizar o nosso website e plataforma. Reservamo-nos o direito de alterar nossa pol\u00edtica de privacidade conforme a necessidade. O uso continuado do site e da plataforma Vibetrace ap\u00f3s ter sido informado de tais altera\u00e7\u00f5es a estas condi\u00e7\u00f5es implica a aceita\u00e7\u00e3o da pol\u00edtica de privacidade revisada. Esta pol\u00edtica de privacidade \u00e9 parte integrante do Vibetrace&nbsp;<a href=\"https:\/\/vibetrace.com\/pt\/static\/terms-conditions.html\/\">termos de uso.<\/a><\/p>\n\n\n\n<h2 class=\"gb-headline gb-headline-931c6320 gb-headline-text\">5. Nossa obriga\u00e7\u00e3o legal de divulgar informa\u00e7\u00f5es pessoais<\/h2>\n\n\n\n<p>Revelaremos as informa\u00e7\u00f5es pessoais de um usu\u00e1rio sem sua permiss\u00e3o pr\u00e9via apenas quando tivermos motivos para acreditar que a divulga\u00e7\u00e3o dessas informa\u00e7\u00f5es \u00e9 necess\u00e1ria para estabelecer a identidade, entrar em contato ou iniciar um processo legal contra uma pessoa ou pessoas suspeitas de infringir direitos ou propriedades pertencentes \u00e0 Vibetrace ou a outros que possam ser prejudicados pelas atividades do usu\u00e1rio ou de pessoas que possam (deliberadamente ou n\u00e3o) transgredir esses direitos e propriedades. Temos permiss\u00e3o para divulgar informa\u00e7\u00f5es pessoais quando temos boas raz\u00f5es para acreditar que isso \u00e9 legalmente exigido.<\/p>\n\n\n\n<h2 class=\"gb-headline gb-headline-e052a8dc gb-headline-text\">6. Para mais informa\u00e7\u00f5es<\/h2>\n\n\n\n<p>Se voc\u00ea tiver mais d\u00favidas sobre os dados que o Vibetrace coleta ou como os usamos, sinta-se \u00e0 vontade para entrar em contato conosco pelo e-mail: hello@vibetrace.com ou por escrito para: Devant Media SRL, str Regina Maria nr 4, Cozia, sc E, 7, Ramnicu Valcea Rom\u00eania<\/p>\n\n<\/div><\/div>","protected":false},"excerpt":{"rendered":"<p>Pol\u00edtica de Privacidade \u00daltima atualiza\u00e7\u00e3o: fevereiro de 2022 1. Introdu\u00e7\u00e3o Vibetrace fornece uma plataforma de automa\u00e7\u00e3o de marketing por meio de\u2026 <a title=\"pol\u00edtica de Privacidade\" class=\"read-more\" href=\"https:\/\/vibetrace.com\/pt\/politica-de-privacidade\/\" aria-label=\"Leia mais sobre Pol\u00edtica de Privacidade\"> <\/a><\/p>","protected":false},"author":9,"featured_media":0,"parent":0,"menu_order":0,"comment_status":"closed","ping_status":"closed","template":"","meta":{"inline_featured_image":false,"footnotes":""},"class_list":["post-165","page","type-page","status-publish"],"_links":{"self":[{"href":"https:\/\/vibetrace.com\/pt\/wp-json\/wp\/v2\/pages\/165","targetHints":{"allow":["GET"]}}],"collection":[{"href":"https:\/\/vibetrace.com\/pt\/wp-json\/wp\/v2\/pages"}],"about":[{"href":"https:\/\/vibetrace.com\/pt\/wp-json\/wp\/v2\/types\/page"}],"author":[{"embeddable":true,"href":"https:\/\/vibetrace.com\/pt\/wp-json\/wp\/v2\/users\/9"}],"replies":[{"embeddable":true,"href":"https:\/\/vibetrace.com\/pt\/wp-json\/wp\/v2\/comments?post=165"}],"version-history":[{"count":0,"href":"https:\/\/vibetrace.com\/pt\/wp-json\/wp\/v2\/pages\/165\/revisions"}],"wp:attachment":[{"href":"https:\/\/vibetrace.com\/pt\/wp-json\/wp\/v2\/media?parent=165"}],"curies":[{"name":"wp","href":"https:\/\/api.w.org\/{rel}","templated":true}]}}