{"id":15099,"date":"2022-09-21T12:43:52","date_gmt":"2022-09-21T12:43:52","guid":{"rendered":"https:\/\/vibetrace.com\/?page_id=15099"},"modified":"2022-09-21T12:44:27","modified_gmt":"2022-09-21T12:44:27","slug":"hosted-marketing-automation","status":"publish","type":"page","link":"https:\/\/vibetrace.com\/pt\/automacao-de-marketing-hospedada\/","title":{"rendered":"Automa\u00e7\u00e3o de marketing hospedada"},"content":{"rendered":"<p><\/p>\n\n\n\n<p>Esta p\u00e1gina mostra a op\u00e7\u00e3o de automa\u00e7\u00e3o de marketing hospedada.<\/p>\n\n\n\n<p>Visando grandes empresas e empreendimentos.<\/p>\n\n\n\n<p>Pelo menos 5 milh\u00f5es de usu\u00e1rios mensais ativos.<\/p>","protected":false},"excerpt":{"rendered":"<p>Esta p\u00e1gina mostra a op\u00e7\u00e3o de automa\u00e7\u00e3o de marketing hospedada. Visando grandes empresas e empreendimentos. \u2026 <a title=\"Automa\u00e7\u00e3o de marketing hospedada\" class=\"read-more\" href=\"https:\/\/vibetrace.com\/pt\/automacao-de-marketing-hospedada\/\" aria-label=\"Leia mais sobre Automa\u00e7\u00e3o de Marketing Hospedada\"> <\/a><\/p>","protected":false},"author":9,"featured_media":0,"parent":0,"menu_order":0,"comment_status":"closed","ping_status":"closed","template":"","meta":{"inline_featured_image":false,"footnotes":""},"class_list":["post-15099","page","type-page","status-publish"],"_links":{"self":[{"href":"https:\/\/vibetrace.com\/pt\/wp-json\/wp\/v2\/pages\/15099","targetHints":{"allow":["GET"]}}],"collection":[{"href":"https:\/\/vibetrace.com\/pt\/wp-json\/wp\/v2\/pages"}],"about":[{"href":"https:\/\/vibetrace.com\/pt\/wp-json\/wp\/v2\/types\/page"}],"author":[{"embeddable":true,"href":"https:\/\/vibetrace.com\/pt\/wp-json\/wp\/v2\/users\/9"}],"replies":[{"embeddable":true,"href":"https:\/\/vibetrace.com\/pt\/wp-json\/wp\/v2\/comments?post=15099"}],"version-history":[{"count":0,"href":"https:\/\/vibetrace.com\/pt\/wp-json\/wp\/v2\/pages\/15099\/revisions"}],"wp:attachment":[{"href":"https:\/\/vibetrace.com\/pt\/wp-json\/wp\/v2\/media?parent=15099"}],"curies":[{"name":"wp","href":"https:\/\/api.w.org\/{rel}","templated":true}]}}