{"id":25843,"date":"2024-03-26T11:44:13","date_gmt":"2024-03-26T11:44:13","guid":{"rendered":"https:\/\/vibetrace.com\/?page_id=25843"},"modified":"2024-03-26T11:45:34","modified_gmt":"2024-03-26T11:45:34","slug":"connected-media","status":"publish","type":"page","link":"https:\/\/vibetrace.com\/it\/media-connessi\/","title":{"rendered":"Media connessi"},"content":{"rendered":"<p>Per \u201cmedia connessi\u201d si intende l\u2019integrazione di vari canali e dispositivi digitali per offrire ai consumatori esperienze fluide e personalizzate. <\/p>\n\n\n\n<p>Nel contesto del marketing e della pubblicit\u00e0, i media connessi offrono ai brand opportunit\u00e0 significative di interagire con il proprio pubblico target attraverso molteplici punti di contatto, inclusi smartphone, tablet, desktop, smart TV, dispositivi indossabili e altro ancora. <\/p>\n\n\n\n<p>In un mondo in cui i consumatori utilizzano vari canali di comunicazione \u00e8 necessario saper utilizzare: email, sms, sito web, whatsapp e quant&#039;altro manca.<\/p>\n\n\n\n<p>Le principali caratteristiche e opportunit\u00e0 dei media connessi nel marketing e nella pubblicit\u00e0 includono:<\/p>\n\n\n\n<ol class=\"wp-block-list\">\n<li><strong>Integrazione multicanale:<\/strong> I media connessi consentono ai brand di integrare le proprie attivit\u00e0 di marketing su diversi canali come social media, e-mail, motori di ricerca, pubblicit\u00e0 display e app mobili. Questa integrazione consente un&#039;esperienza di marchio coesa e coerente per i consumatori mentre interagiscono con il marchio su varie piattaforme.<\/li>\n\n\n\n<li><strong>Personalizzazione e targeting:<\/strong> Con l\u2019accesso a ricchi dati sui consumatori e funzionalit\u00e0 avanzate di targeting, i media connessi consentono ai marchi di fornire contenuti personalizzati e pubblicit\u00e0 su misura per le preferenze, i comportamenti e i dati demografici dei singoli consumatori. Questo approccio personalizzato migliora il coinvolgimento e aumenta la pertinenza dei messaggi di marketing, portando a tassi di conversione e ROI pi\u00f9 elevati.<\/li>\n\n\n\n<li><strong>Monitoraggio multidispositivo:<\/strong> I media connessi consentono il monitoraggio cross-device, consentendo agli esperti di marketing di comprendere come i consumatori interagiscono con il proprio marchio su diversi dispositivi e canali. Questa visione completa del comportamento dei consumatori consente una modellazione di attribuzione e un&#039;ottimizzazione pi\u00f9 accurate delle campagne di marketing per massimizzare l&#039;efficacia e l&#039;efficienza.<\/li>\n\n\n\n<li><strong>Comunicazione in tempo reale:<\/strong> I media connessi facilitano la comunicazione in tempo reale tra marchi e consumatori, consentendo feedback immediato, assistenza clienti e coinvolgimento. I marchi possono sfruttare i dati in tempo reale per rispondere rapidamente alle richieste dei consumatori, affrontare le preoccupazioni e sfruttare le opportunit\u00e0 emergenti nel mercato.<\/li>\n\n\n\n<li><strong>Esperienze interattive:<\/strong> I media connessi aprono opportunit\u00e0 per esperienze interattive e coinvolgenti, come la realt\u00e0 aumentata (AR), la realt\u00e0 virtuale (VR), lo streaming live e la gamification. Queste esperienze interattive affascinano il pubblico e approfondiscono il coinvolgimento del marchio, favorendo la fedelt\u00e0 e il sostegno al marchio.<\/li>\n\n\n\n<li><strong>Misurazione e analisi:<\/strong> I media connessi offrono solide funzionalit\u00e0 di misurazione e analisi, consentendo agli esperti di marketing di monitorare e analizzare le prestazioni delle loro campagne in tempo reale. Attraverso metriche quali impressioni, clic, conversioni e tassi di coinvolgimento, i marchi possono ottenere informazioni preziose sull&#039;efficacia dei loro sforzi di marketing e ottimizzare di conseguenza le loro strategie.<\/li>\n<\/ol>","protected":false},"excerpt":{"rendered":"<p>Con &quot;media connessi&quot; si intende l&#039;integrazione di vari canali e dispositivi digitali per offrire un&#039;esperienza senza interruzioni... <a title=\"Media connessi\" class=\"read-more\" href=\"https:\/\/vibetrace.com\/it\/media-connessi\/\" aria-label=\"Per saperne di pi\u00f9 su Connected Media\"> <\/a><\/p>","protected":false},"author":9,"featured_media":0,"parent":0,"menu_order":0,"comment_status":"closed","ping_status":"closed","template":"","meta":{"inline_featured_image":false,"footnotes":""},"class_list":["post-25843","page","type-page","status-publish"],"_links":{"self":[{"href":"https:\/\/vibetrace.com\/it\/wp-json\/wp\/v2\/pages\/25843","targetHints":{"allow":["GET"]}}],"collection":[{"href":"https:\/\/vibetrace.com\/it\/wp-json\/wp\/v2\/pages"}],"about":[{"href":"https:\/\/vibetrace.com\/it\/wp-json\/wp\/v2\/types\/page"}],"author":[{"embeddable":true,"href":"https:\/\/vibetrace.com\/it\/wp-json\/wp\/v2\/users\/9"}],"replies":[{"embeddable":true,"href":"https:\/\/vibetrace.com\/it\/wp-json\/wp\/v2\/comments?post=25843"}],"version-history":[{"count":3,"href":"https:\/\/vibetrace.com\/it\/wp-json\/wp\/v2\/pages\/25843\/revisions"}],"predecessor-version":[{"id":25847,"href":"https:\/\/vibetrace.com\/it\/wp-json\/wp\/v2\/pages\/25843\/revisions\/25847"}],"wp:attachment":[{"href":"https:\/\/vibetrace.com\/it\/wp-json\/wp\/v2\/media?parent=25843"}],"curies":[{"name":"wp","href":"https:\/\/api.w.org\/{rel}","templated":true}]}}