{"id":20855,"date":"2023-04-12T08:26:03","date_gmt":"2023-04-12T08:26:03","guid":{"rendered":"https:\/\/vibetrace.com\/?page_id=20855"},"modified":"2024-07-31T08:34:56","modified_gmt":"2024-07-31T08:34:56","slug":"guest-post-write-for-us","status":"publish","type":"page","link":"https:\/\/vibetrace.com\/it\/guest-post-scrivi-per-noi\/","title":{"rendered":"Guest Post \u2013 Scrivi per noi"},"content":{"rendered":"<p>Grazie per il tuo interesse a scrivere un guest post per noi. Felice di vedere che sei interessato!<\/p>\n\n\n\n<p>Per favore <strong>leggi l&#039;intera pagina in dettaglio<\/strong> in quanto spiega le linee guida, il processo di invio e i dettagli per pubblicare il tuo post.<\/p>\n\n\n\n<p>La tua sottomissione <strong>deve soddisfare i nostri requisiti di contenuto <\/strong>e fa in modo che il tuo articolo venga pubblicato sul nostro sito web, con link, immagini e tutto il resto. La pubblicazione del tuo guest post \u00e8 GRATUITA.<\/p>\n\n\n\n<p>Abbiamo anche un <a href=\"https:\/\/vibetrace.com\/it\/partnership-sui-contenuti\/\" data-type=\"page\" data-id=\"26547\">Programma di partnership sui contenuti<\/a>.<\/p>\n\n\n<style>.kb-table-of-content-nav.kb-table-of-content-id20855_0c2f1b-7f .kb-table-of-content-wrap{padding-top:var(--global-kb-spacing-sm, 1.5rem);padding-right:var(--global-kb-spacing-sm, 1.5rem);padding-bottom:var(--global-kb-spacing-sm, 1.5rem);padding-left:var(--global-kb-spacing-sm, 1.5rem);}.kb-table-of-content-nav.kb-table-of-content-id20855_0c2f1b-7f .kb-table-of-contents-title-wrap{padding-top:0px;padding-right:0px;padding-bottom:0px;padding-left:0px;}.kb-table-of-content-nav.kb-table-of-content-id20855_0c2f1b-7f .kb-table-of-contents-title{font-weight:regular;font-style:normal;}.kb-table-of-content-nav.kb-table-of-content-id20855_0c2f1b-7f .kb-table-of-content-wrap .kb-table-of-content-list{font-weight:regular;font-style:normal;margin-top:var(--global-kb-spacing-sm, 1.5rem);margin-right:0px;margin-bottom:0px;margin-left:0px;}<\/style>\n\n<div class=\"gb-grid-wrapper gb-grid-wrapper-ea7203a8\">\n<div class=\"gb-grid-column gb-grid-column-cc3750d1\"><div class=\"gb-container gb-container-cc3750d1\"><div class=\"gb-inside-container\">\n<div class=\"gb-container gb-container-e183e0de\"><div class=\"gb-inside-container\">\n\n<p class=\"gb-headline gb-headline-a0f29df1 gb-headline-text\">Importante!<\/p>\n\n\n\n<p><strong>Non contattare<\/strong> chiederci informazioni sul &quot;prezzo per il casin\u00f2&quot; o su qualsiasi link e articolo sul mercato nero\/grigio che desideri venga pubblicato. &gt; Contrassegna subito come spam.<\/p>\n\n\n\n<p>Non contattarci chiedendo di fornirti argomenti o idee. <\/p>\n\n\n\n<p>Non contattarci chiedendo se \u00e8 gratuito. \u00c8 gratuito, \u00e8 necessario rispettare tutte queste linee guida.<\/p>\n\n\n\n<p>Inoltre, non contattarci se non hai esperienza in settori correlati ai nostri argomenti (vedi sotto). Non accettiamo quei tipi di blogger ospiti che possono scrivere di qualsiasi cosa.<\/p>\n\n\n\n<figure class=\"wp-block-image size-large is-resized\"><img loading=\"lazy\" decoding=\"async\" width=\"1024\" height=\"788\" src=\"https:\/\/vibetrace.com\/wp-content\/uploads\/2024\/02\/image-4-1024x788.png\" alt=\"\" class=\"wp-image-25301\" style=\"width:514px;height:auto\" srcset=\"https:\/\/vibetrace.com\/wp-content\/uploads\/2024\/02\/image-4-1024x788.png 1024w, https:\/\/vibetrace.com\/wp-content\/uploads\/2024\/02\/image-4-300x231.png 300w, https:\/\/vibetrace.com\/wp-content\/uploads\/2024\/02\/image-4-768x591.png 768w, https:\/\/vibetrace.com\/wp-content\/uploads\/2024\/02\/image-4-1536x1182.png 1536w, https:\/\/vibetrace.com\/wp-content\/uploads\/2024\/02\/image-4-2048x1576.png 2048w, https:\/\/vibetrace.com\/wp-content\/uploads\/2024\/02\/image-4-16x12.png 16w\" sizes=\"auto, (max-width: 1024px) 100vw, 1024px\" \/><\/figure>\n\n<\/div><\/div>\n<\/div><\/div><\/div>\n<\/div>\n\n\n<h2 class=\"wp-block-heading\">A proposito del blog Vibetrace<\/h2>\n\n\n\n<p><a href=\"https:\/\/www.ranktracker.com\/blog\/\" target=\"_blank\" rel=\"noopener\">Blog Vibetrace<\/a>&nbsp;fornisce informazioni di alta qualit\u00e0 sul marketing digitale e sulla pubblicit\u00e0. Ecco alcuni dettagli che devi sapere:<\/p>\n\n\n\n<ul class=\"wp-block-list\">\n<li><strong>Pubblico del blog:<\/strong>&nbsp;Operatori di marketing, inserzionisti, imprenditori (e-commerce, agenzie digitali) che cercano di migliorare le conoscenze nello spazio del marketing online.<\/li>\n\n\n\n<li><strong>Il nostro tono:<\/strong>&nbsp;Il nostro blog \u00e8 autorevole e informativo e cerca di fornire valore con ogni pezzo di testo.&nbsp;<strong>La scrittura colloquiale \u00e8 il nostro stile: pensa a un esperto accessibile.<\/strong><\/li>\n\n\n\n<li><strong>I nostri argomenti:<\/strong>&nbsp;marketing e-commerce, pagine di destinazione, <a href=\"https:\/\/vibetrace.com\/it\/tag\/email-marketing-strategy\/\">marketing via email<\/a>, automazione del marketing, tasso di conversione, lifetime value del cliente, casse abbandonate, entrate digitali, PPC, pubblicit\u00e0, idee di marketing, modelli di marketing, <a href=\"https:\/\/vibetrace.com\/it\/tag\/customer-retention\/\" data-type=\"URL\" data-id=\"https:\/\/vibetrace.com\/tag\/customer-retention\/\">fidelizzazione dei clienti<\/a><\/li>\n\n\n\n<li>Inoltre copriamo consulenze di marketing specifiche per:\n<ul class=\"wp-block-list\">\n<li>CMS e-commerce: Shopify, Prestashop, Magento, Opencart...<\/li>\n\n\n\n<li>Settori verticali: Moda, Assicurazioni, Home&amp;Deco \u2026<\/li>\n<\/ul>\n<\/li>\n\n\n\n<li><strong>I nostri articoli:<\/strong>&nbsp;Mentre i post del blog con testo e immagini sono i pi\u00f9 comuni, cerchiamo anche di avere quanto segue:\n<ul class=\"wp-block-list\">\n<li>A vs B, dove gli argomenti possono essere dalle definizioni, alle metriche, alle aziende, alle strategie<\/li>\n\n\n\n<li>esperimenti e test, soprattutto nel marketing<\/li>\n\n\n\n<li>come guide per gli argomenti di cui sopra<\/li>\n\n\n\n<li>cheat sheet per vari obiettivi, piattaforme<\/li>\n\n\n\n<li>casi studio con numeri e clienti reali<\/li>\n\n\n\n<li>esempi su come le idee possono essere implementate, inclusi screenshot dettagliati<\/li>\n\n\n\n<li>confronti prima e dopo<\/li>\n\n\n\n<li>elenchi di qualsiasi cosa per gli argomenti di cui sopra<\/li>\n\n\n\n<li><a href=\"https:\/\/vibetrace.com\/it\/tag\/marketing-statistics\/\">tendenze, approfondimenti o statistiche<\/a><\/li>\n\n\n\n<li>guide e consigli verticali specifici (moda, gaming, assicurazioni\u2026)<\/li>\n\n\n\n<li>esempi, modelli, idee creative per il marketing (<a href=\"https:\/\/vibetrace.com\/it\/tag\/email-design\/\" data-type=\"URL\" data-id=\"https:\/\/vibetrace.com\/tag\/email-design\/\">progettazione e-mail<\/a>, idee per campagne)<\/li>\n<\/ul>\n<\/li>\n<\/ul>\n\n\n\n<p>I nostri partner hanno la priorit\u00e0 nella pubblicazione sui nostri blog. Se sei interessato a diventare un partner, <a href=\"https:\/\/vibetrace.com\/it\/programma-partner\/\">controlla questa pagina.<\/a><\/p>\n\n\n\n<h2 class=\"wp-block-heading\">Linee guida articolo<\/h2>\n\n\n\n<p>Le linee guida per scrivere sul nostro blog devono coprire i seguenti requisiti:<\/p>\n\n\n<div class=\"gb-grid-wrapper gb-grid-wrapper-f3968d8c\">\n<div class=\"gb-grid-column gb-grid-column-141cd14f\"><div class=\"gb-container gb-container-141cd14f\"><div class=\"gb-inside-container\">\n<div class=\"gb-container gb-container-de4e603b\"><div class=\"gb-inside-container\">\n\n<p class=\"gb-headline gb-headline-4914cf85 gb-headline-text\">Molto importante:<\/p>\n\n\n\n<p>Non accettiamo articoli con informazioni generiche e di valore leggero! Cerchiamo principalmente casi di studio, statistiche della tua azienda, screenshot ed esempi di vita reale. <\/p>\n\n\n\n<p>Esempi noi <strong>non accetto<\/strong>:<\/p>\n\n\n\n<ul class=\"wp-block-list\">\n<li>Quali sono le migliori pratiche di email marketing?<\/li>\n\n\n\n<li>Quali sono i tipi di email marketing?<\/li>\n\n\n\n<li>Cos\u2019\u00e8 l\u2019automazione del marketing<\/li>\n\n\n\n<li>Mailchimp vs Hubspot (senza informazioni dettagliate, video, screenshot, confronto molto dettagliato)<\/li>\n\n\n\n<li>Social Media Network pi\u00f9 utilizzati nel 2024 (senza fonti dati dettagliate, grafici, statistiche)<\/li>\n<\/ul>\n\n\n\n<p>Esempi <strong>accetteremo <\/strong>(ancora a seconda del resto delle linee guida)<\/p>\n\n\n\n<ul class=\"wp-block-list\">\n<li>8 migliori pratiche di posta elettronica per rivenditori di casa e design &gt; con campagne e risultati reali, screenshot, grafica e approccio di implementazione dettagliato<\/li>\n\n\n\n<li>Mailchimp vs Hubspot &gt; Caso di studio di un&#039;azienda che passa da Mailchimp a Hubspot, come sono state migrate campagne e utenti<\/li>\n\n\n\n<li>6 casi d&#039;uso dei codici coupon &gt; Esperimenti, dati, risultati di clienti reali per cui hai lavorato.<\/li>\n<\/ul>\n\n<\/div><\/div>\n<\/div><\/div><\/div>\n<\/div>\n\n\n<h3 class=\"wp-block-heading\">Usa un tono di scrittura simile<\/h3>\n\n\n\n<p>Importante!<\/p>\n\n\n\n<p>Per avere una comprensione del nostro contenuto, stile e struttura (brevi introduzioni, molti titoli e sottotitoli, paragrafi concisi, elementi visivi pertinenti, ecc.), leggi attentamente alcuni post e poi scorri e analizza altri.<\/p>\n\n\n\n<h3 class=\"wp-block-heading\" id=\"2-make-sure-we-havent-already-covered-your-idea\">Assicurati che non sia gi\u00e0 coperto<\/h3>\n\n\n\n<p>Vai al nostro <a href=\"https:\/\/vibetrace.com\/it\/blog\/\">pagina principale del blog<\/a> e cerca l&#039;argomento di cui vuoi scrivere. <\/p>\n\n\n\n<p>Un&#039;alternativa sarebbe utilizzare Google per cercare il tuo argomento nel nostro blog.<\/p>\n\n\n\n<pre class=\"wp-block-code\"><code>site:https:\/\/vibetrace.com argomento di cui vuoi scrivere<\/code><\/pre>\n\n\n\n<p>Se trovi contenuti che sono gi\u00e0 stati scritti da qualcun altro, non essere triste! Leggi l&#039;articolo e prova a trovare una nuova prospettiva o a riempire ci\u00f2 che pensi manchi. <strong>Scrivici il link dell&#039;articolo e quale extra vorresti aggiungere.<\/strong><\/p>\n\n\n\n<h3 class=\"wp-block-heading\">Requisiti di scrittura<\/h3>\n\n\n<div class=\"gb-grid-wrapper gb-grid-wrapper-165a1b0b\">\n<div class=\"gb-grid-column gb-grid-column-f33e460e\"><div class=\"gb-container gb-container-f33e460e\"><div class=\"gb-inside-container\">\n<div class=\"gb-container gb-container-d2ab181d\"><div class=\"gb-inside-container\">\n\n<p class=\"gb-headline gb-headline-f71475cc gb-headline-text\">Anche importante<\/p>\n\n\n\n<p>L&#039;articolo deve essere scritto <strong>Inglese<\/strong>. Successivamente verr\u00e0 tradotto nelle altre lingue che supportiamo: tedesco, spagnolo, italiano, francese ecc<\/p>\n\n\n\n<p>Ci ripetiamo:<\/p>\n\n\n\n<ul class=\"wp-block-list\">\n<li>fornire screenshot di lavoro, strumenti, software<\/li>\n\n\n\n<li>casi di studio reali del tuo lavoro relativi all&#039;argomento<\/li>\n\n\n\n<li>ricerche, statistiche (fornire anche la fonte originale)<\/li>\n\n\n\n<li>le immagini non devono essere immagini generiche o generate dall&#039;intelligenza artificiale. <\/li>\n<\/ul>\n\n\n\n<p>Non fornire solo contenuti teorici generici (noti anche come contenuti top of the funnel). Non \u00e8 accettato.<\/p>\n\n\n\n<p><strong>I migliori articoli hanno quanto segue:<\/strong><\/p>\n\n\n\n<ul class=\"wp-block-list\">\n<li>video con prove del lavoro relativo all&#039;argomento menzionato<\/li>\n\n\n\n<li>screenshot dei report, prima e dopo i risultati<\/li>\n\n\n\n<li>casi di studio con nomi di aziende\/attivit\u00e0 con cui hai lavorato.<\/li>\n<\/ul>\n\n<\/div><\/div>\n<\/div><\/div><\/div>\n<\/div>\n\n\n<p>Cosa non vogliamo:<\/p>\n\n\n\n<h4 class=\"wp-block-heading\" id=\"heres-what-we-want\">Ecco cosa vogliamo!<\/h4>\n\n\n\n<p>Formato:<\/p>\n\n\n\n<ul class=\"wp-block-list\">\n<li><strong>Lunghezza:<\/strong>&nbsp;Minimo 1.200 parole. Se davvero non riesci a riempire 1200 parole, non aggiungere confusione, lascia che sia cos\u00ec.<\/li>\n\n\n\n<li><strong>Breve introduzione:<\/strong>&nbsp;~100 parole. Introduci il tuo argomento e poi spiega al lettore di cosa tratter\u00e0 il post. <strong>Pensa a tl; dr<\/strong> O <strong>ci\u00f2 che \u00e8 importante<\/strong><\/li>\n\n\n\n<li><strong>Contorno: <\/strong>con titoli (H1, H2, H3)<\/li>\n\n\n\n<li><strong>Immagine dell&#039;intestazione<\/strong>: 800\u00d7400 (opzionale)<\/li>\n<\/ul>\n\n\n\n<p>Contenuto<\/p>\n\n\n\n<ul class=\"wp-block-list\">\n<li><strong>Spiega accuratamente i tuoi punti \/ idee<\/strong><\/li>\n\n\n\n<li><strong>Dare consigli pratici e attuabili<\/strong><\/li>\n\n\n\n<li><strong>Fai il backup dei tuoi punti con ricerche e dati reali<\/strong><\/li>\n\n\n\n<li><strong>Collegamento a risorse di supporto e altre utili guide online<\/strong>&nbsp;<\/li>\n\n\n\n<li><strong>Aggiungi collegamenti interni ai nostri strumenti, guide e post di blog<\/strong><\/li>\n\n\n\n<li><strong>Non verranno aggiunti collegamenti a siti concorrenti<\/strong><\/li>\n\n\n\n<li><strong>Assicurati che non ci siano errori di ortografia o grammatica<\/strong><\/li>\n\n\n\n<li><strong>Tono amichevole:<\/strong>&nbsp;Conversazionale, non aziendale!<\/li>\n\n\n\n<li><strong>Alta qualit\u00e0:<\/strong>&nbsp;100% Originale, utilizzabile, organizzato e accurato!<\/li>\n\n\n\n<li><strong>Breve biografia<\/strong>: 1-2 frasi. Puoi includere collegamenti al tuo sito Web o account social.<\/li>\n\n\n\n<li><strong>2-3 immagini:<\/strong>&nbsp;NON sono accettate IMMAGINI STOCK. Le immagini dovrebbero aggiungere valore illustrando concetti e dati. Una ricerca di immagini su Google dovrebbe essere pi\u00f9 che sufficiente; assicurati di citare il link alla fonte dell&#039;immagine sotto l&#039;immagine.&nbsp;<\/li>\n\n\n\n<li><strong>Schermate di altri software, grafici, dati sono davvero importanti da aggiungere<\/strong><\/li>\n\n\n\n<li><strong>Invia l&#039;articolo tramite Google docs, link pubblico.<\/strong> Non inviare file, non apriamo alcun documento allegato.<\/li>\n<\/ul>\n\n\n\n<h4 class=\"wp-block-heading\">Cosa non vogliamo:<\/h4>\n\n\n\n<ul class=\"wp-block-list\">\n<li><strong>Contenuti generati dall&#039;intelligenza artificiale<\/strong>: Nessun Jasper, nessun ChatGPT, nessun altro strumento di intelligenza artificiale che scrive per te. <\/li>\n\n\n\n<li><strong>Nessun top, migliore, qualunque elenco<\/strong>. Ci sono eccezioni in cui ci si impegna davvero a costruirlo, con esempi e informazioni molto dettagliate! Come 500-1000 parole per ogni voce dell&#039;elenco, con 5-10 immagini per ciascuna. Significato in totale 5.000-10.000 parole, con 50-100 immagini in totale. I video originali possono sostituire le immagini<\/li>\n\n\n\n<li><strong>Contenuto plagiato<\/strong> o riformulato da altri siti web. <\/li>\n\n\n\n<li><strong>Troppi backlink:<\/strong>&nbsp;Puoi includere un massimo di 2 per post sul TUO sito. Ci\u00f2 include il link nella tua biografia.\n<ul class=\"wp-block-list\">\n<li>I link esterni a siti diversi dal tuo vanno bene per citare immagini e statistiche.<\/li>\n<\/ul>\n<\/li>\n\n\n\n<li><strong>Contenuto sottile<\/strong>&nbsp;che dimostra una mancanza di conoscenza approfondita su un argomento.<\/li>\n\n\n\n<li><strong>Lanugine:<\/strong>&nbsp;parole ridondanti, riempitive, usa molte parole per dire poco.<\/li>\n\n\n\n<li><strong>Troppo promozionale<\/strong>&nbsp;contenuto, come vantarsi di quanto sia buona una soluzione.<\/li>\n\n\n\n<li><strong>Precedentemente pubblicato<\/strong>&nbsp;o contenuti sponsorizzati.<\/li>\n\n\n\n<li><strong>Immagini stock che non sono pertinenti al contenuto.<\/strong><\/li>\n\n\n\n<li><strong>Scrivi esclusivamente per il motore di ricerca<\/strong><\/li>\n\n\n\n<li><strong>Nessun link di affiliazione ad Amazon o altro.<\/strong><\/li>\n\n\n\n<li><strong>Collegamenti a siti Web di bassa qualit\u00e0 o oscuri<\/strong><\/li>\n<\/ul>\n\n\n\n<p>Prima di inviarci le presentazioni dei tuoi articoli, prenditi del tempo per esaminare i nostri contenuti esistenti e assicurarti che le tue idee siano uniche e non plagiate o gi\u00e0 presenti su un altro sito web. <\/p>\n\n\n\n<p><strong>Se determiniamo che il tuo articolo non \u00e8 originale, non lavoreremo pi\u00f9 con te<\/strong> e il tuo indirizzo email viene aggiunto alla nostra lista interna da evitare.<\/p>\n\n\n\n<div style=\"height:100px\" aria-hidden=\"true\" class=\"wp-block-spacer\"><\/div>\n\n\n<div class=\"gb-grid-wrapper gb-grid-wrapper-8e638313\">\n<div class=\"gb-grid-column gb-grid-column-e64f5109\"><div class=\"gb-container gb-container-e64f5109\"><div class=\"gb-inside-container\">\n<div class=\"gb-container gb-container-3001663d\"><div class=\"gb-inside-container\">\n\n<p class=\"gb-headline gb-headline-0e16c555 gb-headline-text\">Ancora una volta, assicuriamoci di capire cosa dovrebbe contenere l&#039;articolo.<\/p>\n\n\n\n<p>Per garantire che il tuo articolo soddisfi i nostri standard e arricchisca l&#039;esperienza dei nostri lettori, richiediamo gentilmente l&#039;inclusione di contenuti completi e illustrativi. Ecco cosa dovresti considerare di aggiungere alla tua presentazione:<\/p>\n\n\n\n<ol class=\"wp-block-list\">\n<li><strong>Esempi dettagliati<\/strong>: includere istanze o scenari specifici in cui sono stati applicati i concetti discussi. Questo aiuta i lettori a comprendere l&#039;applicazione pratica delle tue idee.<\/li>\n\n\n\n<li><strong>Schermate<\/strong>: Gli ausili visivi possono migliorare notevolmente la comprensione, soprattutto per argomenti tecnici o guide passo passo. Fornisci screenshot chiari e di alta qualit\u00e0 per supportare le tue spiegazioni o dimostrare il software e le applicazioni web in uso.<\/li>\n\n\n\n<li><strong>Casi studio<\/strong>: condividi storie di successo o analisi del mondo reale che mostrano l&#039;applicazione, i risultati e l&#039;impatto delle strategie o degli strumenti discussi. Ci\u00f2 aggiunge credibilit\u00e0 e contesto al tuo articolo.<\/li>\n\n\n\n<li><strong>Diagrammi e grafici<\/strong>: informazioni o dati complessi possono essere compresi pi\u00f9 facilmente se presentati visivamente. Incorpora diagrammi, diagrammi o grafici per illustrare relazioni, processi o dati statistici.<\/li>\n\n\n\n<li><strong>Confronti prima\/dopo<\/strong>: Quando si discutono miglioramenti, ottimizzazioni o strategie di risoluzione dei problemi, i confronti prima e dopo possono dimostrare vividamente l&#039;efficacia del proprio approccio.<\/li>\n\n\n\n<li><strong>Risultati dell&#039;implementazione<\/strong>: I risultati concreti o gli esiti dell&#039;implementazione di determinate strategie o tecnologie forniscono preziose informazioni ai nostri lettori. Condividi dati, metriche o risultati qualitativi per evidenziare i vantaggi.<\/li>\n\n\n\n<li><strong>Immagini e media aggiuntivi<\/strong>: qualsiasi altro materiale visivo pertinente che possa aiutarti a trasmettere il tuo messaggio in modo pi\u00f9 efficace o a rendere il tuo articolo pi\u00f9 coinvolgente, come infografiche o brevi videoclip, \u00e8 altamente incoraggiato.<\/li>\n<\/ol>\n\n\n\n<p>Gli articoli privi di tutto questo tipo di valore aggiunto verranno rifiutati.<\/p>\n\n<\/div><\/div>\n<\/div><\/div><\/div>\n<\/div>\n\n\n<h2 class=\"wp-block-heading\">Pronto a inviare un guest post?<\/h2>\n\n\n\n<p>Invia una email a: <strong>content@vibetrace.com<\/strong>.<\/p>\n\n\n\n<p>Linea tematica: <strong>Richiesta di post ospite<\/strong> <\/p>\n\n\n\n<p>Contenuto e-mail: devi presentare almeno argomenti di contenuto o potenziali titoli. Non chiederci di cosa dovresti scrivere.<\/p>\n\n\n\n<p>Tutte le altre email ricevute senza questo <strong>linea tematica<\/strong> la maggior parte delle volte verr\u00e0 ignorato. Lo stesso se nel contenuto mancano i titoli degli articoli o gli argomenti.<\/p>\n\n\n\n<p><\/p>\n\n\n\n<p>Se non hai gi\u00e0 un articolo da inviare, possiamo farlo insieme al nostro team seguendo tutte le linee guida da questa pagina. <\/p>\n\n\n\n<p>Invia un&#039;e-mail con il titolo dell&#039;articolo e la struttura.<\/p>\n\n\n\n<p>Quando un articolo viene selezionato per essere pubblicato, passa attraverso il seguente processo:<\/p>\n\n\n\n<ol class=\"wp-block-list\">\n<li><strong>Risposta del tono:<\/strong>&nbsp;faremo del nostro meglio per rispondere entro 1-2 giorni. Ti preghiamo di ricontattarti entro 1 settimana se non hai ricevuto nostre notizie.<\/li>\n\n\n\n<li><strong>Bozza:<\/strong>&nbsp;Se la bozza soddisfa i nostri standard di qualit\u00e0, la esamineremo e la modificheremo.<\/li>\n\n\n\n<li><strong>Modifiche:<\/strong>&nbsp;Modificheremo il contenuto per allinearlo ai nostri standard e alla guida di stile. Se avremo bisogno di aiuto da parte tua, te lo faremo sapere.<\/li>\n\n\n\n<li><strong>Pubblicazione:<\/strong>&nbsp;A seconda del livello di modifiche necessarie, il tuo post potrebbe essere pubblicato ovunque da 1 a 4 settimane dopo l&#039;invio.<\/li>\n\n\n\n<li><strong>Traduzione<\/strong>: L&#039;articolo viene tradotto automaticamente in una delle lingue del sito disponibili in quel momento. Per la traduzione usiamo <a href=\"https:\/\/www.deepl.com\/\" target=\"_blank\" data-type=\"URL\" data-id=\"https:\/\/www.deepl.com\/\" rel=\"noreferrer noopener\">Deepl<\/a> O <a href=\"https:\/\/translate.google.com\/\" target=\"_blank\" data-type=\"URL\" data-id=\"https:\/\/translate.google.com\/\" rel=\"noreferrer noopener\">Google Traduttore<\/a><\/li>\n<\/ol>\n\n\n\n<p>Assicurati che l&#039;articolo che invii sia la versione finale, poich\u00e9 non permettiamo alcuna modifica o aggiunta di link una volta che l&#039;articolo \u00e8 stato pubblicato. Riceviamo molte richieste, quindi se non rispondiamo subito, non c&#039;\u00e8 motivo di preoccuparsi.<\/p>\n\n\n\n<h3 class=\"wp-block-heading\">Invio della lista di controllo del Guest Post<\/h3>\n\n\n\n<p>Prima di inviarci un&#039;e-mail con il tuo articolo, assicurati di rispondere affermativamente a tutte le domande seguenti<\/p>\n\n\n\n<figure class=\"wp-block-table\"><table><tbody><tr><td>1<\/td><td>L&#039;articolo viene creato su Google Documenti<\/td><td>S\u00ec o no<\/td><\/tr><tr><td>2<\/td><td>Il contenuto non \u00e8 gi\u00e0 coperto da articoli esistenti sul nostro blog<\/td><td>S\u00ec o no<\/td><\/tr><tr><td>3<\/td><td>L&#039;articolo non \u00e8 troppo generico e contiene informazioni molto specifiche: guide pratiche, case study, numeri, esempi<\/td><td>S\u00ec o no<\/td><\/tr><tr><td>4<\/td><td>Il contenuto non sta solo grattando la superficie per quanto riguarda l&#039;argomento. Tu porti valore, competenza, ricerca. <br>(questo \u00e8 il motivo pi\u00f9 comune per cui rifiutiamo il contenuto, quindi ho dovuto scriverlo di nuovo)<\/td><td>S\u00ec o no<\/td><\/tr><tr><td>5<\/td><td>Non ci sono contenuti copiati da altri articoli su Internet<\/td><td>S\u00ec o no<\/td><\/tr><tr><td>6<\/td><td>Non ci sono contenuti generati con l&#039;aiuto dell&#039;intelligenza artificiale<\/td><td>S\u00ec o no<\/td><\/tr><tr><td>7<\/td><td>Il contenuto include un&#039;introduzione<\/td><td>S\u00ec o no<\/td><\/tr><tr><td>8<\/td><td>Il contenuto \u00e8 suddiviso in sezioni utilizzando i titoli (H1, H2, H3)<\/td><td>S\u00ec o no<\/td><\/tr><tr><td>9<\/td><td>Il contenuto ha immagini che non sono immagini stock.<\/td><td>S\u00ec o no<\/td><\/tr><tr><td>10<\/td><td>Non ci sono link di affiliazione all&#039;interno dell&#039;articolo<\/td><td>S\u00ec o no<\/td><\/tr><tr><td>11<\/td><td>Non ci sono collegamenti brevi all&#039;interno dell&#039;articolo.<\/td><td>S\u00ec o no<\/td><\/tr><tr><td>12<\/td><td>Il contenuto \u00e8 originale 100% e non \u00e8 stato aggiunto alcun testo di riempimento solo per raggiungere i 1200 caratteri.<\/td><td>S\u00ec o no<\/td><\/tr><tr><td>13<\/td><td>Hai incluso una breve biografia in fondo all&#039;articolo<\/td><td>S\u00ec o no<\/td><\/tr><\/tbody><\/table><figcaption class=\"wp-element-caption\">Lista di controllo per far accettare il tuo guest post.<\/figcaption><\/figure>\n\n\n\n<div style=\"height:100px\" aria-hidden=\"true\" class=\"wp-block-spacer\"><\/div>\n\n\n\n<h2 class=\"wp-block-heading\" id=\"ownership-and-credit\">Propriet\u00e0 e credito<\/h2>\n\n\n\n<p>Quando il tuo articolo sar\u00e0 pubblicato, le tue informazioni appariranno insieme ad esso. Assicurati di includere anche quanto segue insieme alla presentazione dell&#039;articolo:<\/p>\n\n\n\n<ul class=\"wp-block-list\">\n<li>Link al tuo profilo Linkedin dove copieremo:\n<ul class=\"wp-block-list\">\n<li>foto di te stesso <\/li>\n\n\n\n<li>breve biografia (non pi\u00f9 di 200 parole)<\/li>\n<\/ul>\n<\/li>\n\n\n\n<li>Puoi inviare la foto e la biografia se vuoi essere diverso da quelli su Linkedin<\/li>\n\n\n\n<li>Un link al tuo sito web<\/li>\n\n\n\n<li>Link ai tuoi canali di social media (quelli che vuoi promuovere)<\/li>\n\n\n\n<li>Tu mantieni la propriet\u00e0 di tutti i materiali che ci invii e sei autorizzato a ripubblicarli sul tuo sito web. Si prega di consentire almeno 7 giorni dopo la loro pubblicazione sul nostro sito web. Inviandoci questi materiali, ci concedi il diritto esclusivo di utilizzarli in conformit\u00e0 con l&#039;accordo in questa pagina.<\/li>\n\n\n\n<li>Se non condividi le informazioni di cui sopra, l&#039;articolo menzioner\u00e0 solo il tuo nome e<strong> sar\u00e0 pubblicato come uno dei nostri Content Editor<\/strong>.<\/li>\n<\/ul>\n\n\n\n<div style=\"height:100px\" aria-hidden=\"true\" class=\"wp-block-spacer\"><\/div>\n\n\n\n<h2 class=\"wp-block-heading\" id=\"review-process\">Accettazione dei Termini<\/h2>\n\n\n\n<p>Inviando un Articolo per la pubblicazione sul sito Web, confermi di aver letto e accettato il presente Accordo e accetti di essere vincolato dai suoi termini e condizioni. <\/p>\n\n\n\n<p>Se non si accettano questi termini, non \u00e8 necessario inviare alcun articolo.<\/p>\n\n\n\n<div style=\"height:100px\" aria-hidden=\"true\" class=\"wp-block-spacer\"><\/div>","protected":false},"excerpt":{"rendered":"<p>Grazie per il tuo interesse nello scrivere un guest post per noi. Felice di vedere\u2026 <a title=\"Guest Post \u2013 Scrivi per noi\" class=\"read-more\" href=\"https:\/\/vibetrace.com\/it\/guest-post-scrivi-per-noi\/\" aria-label=\"Per saperne di pi\u00f9 su Guest Post \u2013 Scrivi per noi\"> <\/a><\/p>","protected":false},"author":9,"featured_media":0,"parent":0,"menu_order":0,"comment_status":"closed","ping_status":"closed","template":"","meta":{"inline_featured_image":false,"footnotes":""},"class_list":["post-20855","page","type-page","status-publish"],"_links":{"self":[{"href":"https:\/\/vibetrace.com\/it\/wp-json\/wp\/v2\/pages\/20855","targetHints":{"allow":["GET"]}}],"collection":[{"href":"https:\/\/vibetrace.com\/it\/wp-json\/wp\/v2\/pages"}],"about":[{"href":"https:\/\/vibetrace.com\/it\/wp-json\/wp\/v2\/types\/page"}],"author":[{"embeddable":true,"href":"https:\/\/vibetrace.com\/it\/wp-json\/wp\/v2\/users\/9"}],"replies":[{"embeddable":true,"href":"https:\/\/vibetrace.com\/it\/wp-json\/wp\/v2\/comments?post=20855"}],"version-history":[{"count":10,"href":"https:\/\/vibetrace.com\/it\/wp-json\/wp\/v2\/pages\/20855\/revisions"}],"predecessor-version":[{"id":26551,"href":"https:\/\/vibetrace.com\/it\/wp-json\/wp\/v2\/pages\/20855\/revisions\/26551"}],"wp:attachment":[{"href":"https:\/\/vibetrace.com\/it\/wp-json\/wp\/v2\/media?parent=20855"}],"curies":[{"name":"wp","href":"https:\/\/api.w.org\/{rel}","templated":true}]}}