{"id":165,"date":"2021-08-12T09:55:01","date_gmt":"2021-08-12T09:55:01","guid":{"rendered":"https:\/\/vibetrace.com\/blog\/?page_id=165"},"modified":"2023-06-14T08:14:47","modified_gmt":"2023-06-14T08:14:47","slug":"privacy-policy","status":"publish","type":"page","link":"https:\/\/vibetrace.com\/it\/politica-sulla-riservatezza\/","title":{"rendered":"politica sulla riservatezza"},"content":{"rendered":"<div class=\"gb-container gb-container-69601c13\"><div class=\"gb-inside-container\">\n\n<h1 class=\"wp-block-heading has-text-align-center\">politica sulla riservatezza<\/h1>\n\n\n\n<p class=\"has-text-align-center\">Ultimo aggiornamento: febbraio 2022<\/p>\n\n<\/div><\/div>\n\n<div class=\"gb-container gb-container-b0feab63\"><div class=\"gb-inside-container\">\n\n<h2 class=\"gb-headline gb-headline-e2e2670e gb-headline-text\">1. Introduzione<\/h2>\n\n\n\n<p>Vibetrace fornisce una piattaforma di automazione del marketing attraverso un modello Software as a Service (SaaS). In Vibetrace la privacy e la sicurezza dei nostri clienti e dei loro visitatori sono di fondamentale importanza. Vibetrace si impegna a proteggere i dati che condividi con noi. Questa politica sulla privacy spiega come Vibetrace elabora le informazioni che possono essere utilizzate per identificare direttamente o indirettamente un individuo (&quot;Dati personali&quot;) raccolte attraverso l&#039;uso del suo sito web e della sua piattaforma. Ai fini della presente politica, Vibetrace definisce il termine &quot;Cliente&quot; o &quot;Cliente&quot; come un&#039;entit\u00e0 con cui Vibetrace ha una relazione consolidata, il termine &quot;Visitatore cliente&quot; come qualsiasi individuo che visita qualsiasi sito web dei nostri Clienti alimentato da Vibetrace o che \u00e8 incluso come contatto nell&#039;account di un Cliente e il termine &quot;Visitatore&quot; indica un individuo che visita il nostro sito Web front-end (ad esempio vibetrace.com). Tutte le informazioni memorizzate sulla piattaforma di Vibetrace sono trattate come riservate. Tutte le informazioni sono archiviate in modo sicuro e sono accessibili solo al personale autorizzato. Vibetrace implementa e mantiene adeguate misure tecniche, di sicurezza e organizzative per proteggere i Dati personali da elaborazione e utilizzo non autorizzati o illeciti e da perdita accidentale, distruzione, danneggiamento, furto o divulgazione.<\/p>\n\n\n\n<h2 class=\"gb-headline gb-headline-3e27e8f8 gb-headline-text\">2. Raccolta e utilizzo<\/h2>\n\n\n\n<h3 class=\"gb-headline gb-headline-016ad7a5 gb-headline-text\">2.1 .Generale<\/h3>\n\n\n\n<p>Le seguenti sezioni trattano le specifiche di ciascuno dei tre gruppi da cui vengono raccolti i dati: Visitatori del sito Web, Visitatori dei clienti e Visitatori.<\/p>\n\n\n\n<h3 class=\"gb-headline gb-headline-6804def4 gb-headline-text\">2.2 Visitatori del sito web<\/h3>\n\n\n\n<p>Se sei solo un Visitatore del nostro sito web, allora questa sezione \u00e8 rilevante per te. Visitando questo sito Web, acconsenti alla raccolta e all&#039;utilizzo dei tuoi dati personali come descritto nel presente documento. Se non sei d&#039;accordo con i termini stabiliti nel presente documento, ti preghiamo di non visitare questo sito web. Se richiesto dalla legge applicabile, chiederemo il tuo esplicito consenso al trattamento dei dati personali raccolti su questo sito Web o da te forniti volontariamente. Si prega di notare che qualsiasi consenso sar\u00e0 del tutto volontario. Tuttavia, se Lei non presta il consenso richiesto al trattamento dei Suoi Dati Personali, la fruizione di questo sito web potrebbe non essere possibile. Vibetrace pu\u00f2 raccogliere, registrare e analizzare le informazioni dei visitatori del suo sito web. Potremmo registrare il tuo indirizzo IP e utilizzare i cookie. Vibetrace pu\u00f2 aggiungere informazioni raccolte tramite attivit\u00e0 di visualizzazione della pagina o interazioni con elementi della pagina. Inoltre, Vibetrace pu\u00f2 raccogliere ed elaborare qualsiasi dato personale che ci fornisci volontariamente nei moduli del nostro sito Web, ad esempio quando ti registri per eventi o ti iscrivi per informazioni e newsletter. Se fornisci a Vibetrace i tuoi dettagli sui social media, Vibetrace pu\u00f2 recuperare informazioni pubblicamente disponibili su di te dai social media. Tali dati personali possono comprendere il tuo indirizzo IP, nome e cognome, il tuo indirizzo postale ed e-mail, il tuo numero di telefono, il tuo titolo di lavoro, i dati per i social network, le tue aree di interesse, l&#039;interesse per i prodotti Vibetrace e alcune informazioni sulla societ\u00e0 che stai per cui lavora (nome e indirizzo dell&#039;azienda), nonch\u00e9 informazioni sul tipo di relazione esistente tra te e Vibetrace. Vibetrace raccoglie dati sulle visite al sito Web, inclusi numero di visitatori e visite, dati di geolocalizzazione, durata del tempo trascorso sul sito, pagine cliccate o dove sono arrivati i visitatori.<\/p>\n\n\n\n<h4 class=\"gb-headline gb-headline-70975dae gb-headline-text\">2.2.1 Finalit\u00e0 del trattamento dei dati personali<\/h4>\n\n\n\n<p>Vibetrace utilizza i dati raccolti per comunicare con i Visitatori, per personalizzare i contenuti per i Visitatori, per mostrare annunci su altri siti Web ai Visitatori e per migliorare il proprio sito Web analizzando come i Visitatori navigano nel suo sito Web.<\/p>\n\n\n\n<h4 class=\"gb-headline gb-headline-4e3d8d72 gb-headline-text\">2.2.2 Condivisione dei dati personali<\/h4>\n\n\n\n<p>Vibetrace pu\u00f2 anche condividere tali informazioni con fornitori di servizi o appaltatori al fine di fornire un servizio o transazione richiesta o al fine di analizzare il comportamento del Visitatore sul suo sito web.<\/p>\n\n\n\n<h4 class=\"gb-headline gb-headline-d4260ed2 gb-headline-text\">2.2.3 Cookie<\/h4>\n\n\n\n<p>I cookie sono piccole informazioni inviate da un sito Web al disco rigido di un visitatore. I cookie non possono essere utilizzati per eseguire programmi o fornire virus al tuo computer. Continuando a visitare il sito Web, accetti il posizionamento dei cookie sul tuo dispositivo. Se scegli di non accettare i nostri cookie, non possiamo garantire che la tua esperienza sar\u00e0 soddisfacente come sarebbe altrimenti. Potremmo anche inserire cookie di terze parti per scopi funzionali e di marketing. L&#039;uso dei cookies \u00e8 diffuso e avvantaggia il navigatore. Per ulteriori informazioni, cfr&nbsp;<a href=\"https:\/\/vibetrace.com\/it\/static\/cookie-policy.html\/\">Politica sui cookie di Vibetrace.<\/a><\/p>\n\n\n\n<h4 class=\"gb-headline gb-headline-1e269500 gb-headline-text\">2.2.4 Collegamenti ad altri siti<\/h4>\n\n\n\n<p>Si prega di essere consapevoli del fatto che durante la visita al nostro sito, i visitatori possono seguire collegamenti ad altri siti che sono al di fuori della nostra sfera di influenza. Vibetrace non \u00e8 responsabile del contenuto o della politica sulla privacy di questi altri siti.<\/p>\n\n\n\n<h3 class=\"gb-headline gb-headline-ae4b50d9 gb-headline-text\">2.3 Visitatori dei clienti<\/h3>\n\n\n\n<p>I visitatori dei clienti devono essere consapevoli del fatto che nella loro interazione con la nostra soluzione sui siti Web dei clienti, potrebbero divulgare informazioni che potrebbero renderli identificabili personalmente ai clienti Vibetrace. La protezione della sicurezza e della privacy implementata sulla piattaforma di Vibetrace non copre questo tipo di trasferimento o divulgazione di informazioni personali. I visitatori del cliente che interagiscono con le campagne create utilizzando la piattaforma Vibetrace devono essere consapevoli del fatto che solo loro sono responsabili del contenuto dei loro input di dati o della risposta al sondaggio. Per informazioni pi\u00f9 dettagliate sulla protezione della privacy quando interagiscono con le nostre campagne o rispondono ai sondaggi dei clienti, i visitatori possono contattare l&#039;entit\u00e0 che conduce il sondaggio. \u00c8 responsabilit\u00e0 dei Clienti garantire che la raccolta e l&#039;elaborazione dei dati avvenga in conformit\u00e0 con la legge applicabile. Vibetrace non elaborer\u00e0 i Dati Personali dei Clienti Visitatori per altri scopi o con mezzi diversi da quelli indicati dai suoi Clienti. Si prega di controllare l&#039;informativa sulla privacy di ciascun cliente.<\/p>\n\n\n\n<h4 class=\"gb-headline gb-headline-d9457085 gb-headline-text\">2.3.1. Domande<\/h4>\n\n\n\n<p>Se desideri chiedere informazioni sui tuoi Dati personali che potrebbero essere stati raccolti da Vibetrace, ti consigliamo di contattare l&#039;entit\u00e0 che li ha creati o ha collegamenti con essi. Poich\u00e9 Vibetrace \u00e8 un Responsabile del trattamento, controlla solo i Dati personali inviati dai Clienti e viene elaborato per conto dei propri Clienti. Se non sei sicuro di chi sia responsabile della sua creazione, puoi contattarci per ulteriori chiarimenti.<\/p>\n\n\n\n<h3 class=\"gb-headline gb-headline-7ffd696c gb-headline-text\">2.4 Clienti<\/h3>\n\n\n\n<h4 class=\"gb-headline gb-headline-a73aed0d gb-headline-text\">2.4.1. Generale<\/h4>\n\n\n\n<p>Al fine di fornire servizi ai propri Clienti, Vibetrace raccoglie da loro alcuni tipi di dati. Inoltre, i Clienti di Vibetrace raccolgono informazioni dai Visitatori dei Clienti quando visitano o interagiscono con propriet\u00e0 digitali o offline integrate con la piattaforma Vibetrace. Questa sezione descriver\u00e0 come questi due tipi di dati vengono raccolti e utilizzati da Vibetrace, nonch\u00e9 le differenze geografiche che influenzano questa politica. I dati inseriti o trasferiti in Vibetrace dai Clienti come testi, domande, contatti, file multimediali, ecc., rimangono di propriet\u00e0 del Cliente e non possono essere condivisi con terzi da Vibetrace senza l&#039;espresso consenso del Cliente.<\/p>\n\n\n\n<h4 class=\"gb-headline gb-headline-ecf1cdbc gb-headline-text\">2.4.2 Raccolta dei dati del Cliente<\/h4>\n\n\n\n<p>Durante la registrazione di un Cliente e successivamente sulla piattaforma di Vibetrace, forniscono informazioni quali nome, ragione sociale, e-mail, indirizzo, telefono, numero di carta di credito e altri dati rilevanti. Queste informazioni vengono utilizzate da Vibetrace per identificare il Cliente e fornire loro supporto, servizi, mailing, azioni di vendita e marketing, fatturazione e per soddisfare gli obblighi contrattuali. I Clienti Vibetrace possono in qualsiasi momento accedere e modificare, aggiornare o eliminare i propri dati di contatto accedendo con il proprio nome utente e password alla piattaforma di Vibetrace. Il Cliente Vibetrace pu\u00f2 creare pi\u00f9 account Cliente con diversi livelli di privilegi all&#039;interno del proprio account. \u00c8 responsabilit\u00e0 del Cliente che crea altri account Cliente, scegliere il livello di accesso che ogni Cliente dovrebbe avere. Una volta che questi nuovi Clienti accedono a Vibetrace, soddisfano la definizione di Cliente in questa politica. Vibetrace non conserver\u00e0 i dati del Cliente pi\u00f9 a lungo del necessario per soddisfare gli scopi per i quali sono stati raccolti o come richiesto dalle leggi o dai regolamenti applicabili.<\/p>\n\n\n\n<h4 class=\"gb-headline gb-headline-3d3bc958 gb-headline-text\">2.4.3 Raccolta dati Cliente Visitatore<\/h4>\n\n\n\n<p>Campagne, e-mail, interazioni, siti Web, interazioni con il sito o sondaggi utilizzati per raccogliere dati vengono creati dai clienti, che li rendono disponibili alle aziende, organizzazioni e individui pertinenti. \u00c8 responsabilit\u00e0 del Cliente garantire che la raccolta e l&#039;elaborazione dei dati avvenga in conformit\u00e0 con la legge applicabile. Vibetrace non elaborer\u00e0 i Dati personali per altri scopi o con mezzi diversi da quelli indicati dai suoi Clienti. I dati dei visitatori dei clienti includono i dati delle persone tracciate, caricate, trasferite o inserite manualmente da un cliente Vibetrace nel proprio account per scopi di marketing o commerciali per il cliente. I Dati personali possono includere informazioni di contatto personali come nome, indirizzo di casa, numero di telefono di casa o di cellulare, indirizzo e-mail, informazioni riguardanti la famiglia, lo stile di vita e le circostanze sociali tra cui et\u00e0, data di nascita, stato civile, numero di figli, dettagli sull&#039;occupazione, istruzione \/qualifica, dati di contatto aziendali, genere, religione, razza, dati sanitari e altri dati personali sensibili. Le risposte alle domande dei Clienti Visitatori, possono includere anche Dati Personali. Lo scopo della raccolta dei Dati personali varier\u00e0 a seconda delle esigenze aziendali e di marketing di ciascun cliente, come stabilito dai Clienti di Vibetrace. Poich\u00e9 Vibetrace fornisce servizi a un ampio gruppo di clienti e aziende, lo scopo pu\u00f2 variare notevolmente. Per i Clienti nel SEE, o per i Clienti che forniscono servizi a persone nel SEE, i Clienti saranno il &quot;Titolare del trattamento&quot;, come definito nella Direttiva e nel GDPR. Lo scopo sar\u00e0 conseguentemente definito dal Cliente di Vibetrace. Se tu o la tua organizzazione siete tenuti ai sensi del Regolamento generale sulla protezione dei dati (GDPR) dell&#039;Unione europea a stipulare un contratto o altro atto giuridico vincolante ai sensi del diritto dell&#039;UE o degli Stati membri con i vostri elaboratori di dati,&nbsp;<a href=\"https:\/\/vibetrace.com\/it\/static\/data-processing.html\/\">rivedere e accettare l&#039;accordo sul trattamento dei dati di Vibetrace<\/a>&nbsp;nel tuo account Vibetrace.<\/p>\n\n\n\n<h4 class=\"gb-headline gb-headline-73736007 gb-headline-text\">2.4.4. Posizione geografica<\/h4>\n\n\n\n<p>Vibetrace offre una serie di aree dati. <\/p>\n\n\n\n<p>Una &quot;Regione dati&quot; di Vibetrace \u00e8 un insieme di centri dati situati all&#039;interno di un&#039;area geografica definita in cui sono archiviati i dati dei Clienti e dei Visitatori clienti. I dati personali potrebbero essere trasmessi tra regioni dati. Per i clienti Vibetrace con account situati nella regione europea dei dati di Vibetrace, tutti i dati personali vengono elaborati nel SEE. Per i Clienti con account nelle Regioni dati: Stati Uniti d&#039;America (USA) e Canada, tutti i Dati personali vengono elaborati nel SEE o negli Stati Uniti d&#039;America o in Canada. Per i clienti con account nella nostra area dati Asia-Pacifico, tutti i dati personali vengono elaborati a Singapore, nel SEE o negli Stati Uniti d&#039;America.<\/p>\n\n\n\n<h4 class=\"gb-headline gb-headline-00522b25 gb-headline-text\">2.4.4. Posizione geografica<\/h4>\n\n\n\n<p>Vibetrace offre una serie di aree dati. Una &quot;Regione dati&quot; di Vibetrace \u00e8 un insieme di centri dati situati all&#039;interno di un&#039;area geografica definita in cui sono archiviati i dati dei Clienti e dei Visitatori clienti. I dati personali potrebbero essere trasmessi tra regioni dati. Per i clienti Vibetrace con account situati nella regione europea dei dati di Vibetrace, tutti i dati personali vengono elaborati nel SEE. Per i Clienti con account nelle Regioni dati: Stati Uniti d&#039;America (USA) e Canada, tutti i Dati personali vengono elaborati nel SEE o negli Stati Uniti d&#039;America o in Canada. Per i clienti con account nella nostra area dati Asia-Pacifico, tutti i dati personali vengono elaborati a Singapore, nel SEE o negli Stati Uniti d&#039;America.<\/p>\n\n\n\n<h5 class=\"gb-headline gb-headline-f374159c gb-headline-text\">2.4.4.1 Elaborazione nello Spazio economico europeo (SEE)<\/h5>\n\n\n\n<p>Per i Clienti con account situati nella Regione Europea dei Dati di Vibetrace, tutto il trattamento dei Dati Personali viene eseguito in conformit\u00e0 con i diritti e le normative sulla privacy ai sensi della Direttiva UE 95\/46\/CE del Parlamento Europeo e del Consiglio del 24 ottobre 1995 (la Direttiva) , e le implementazioni della Direttiva nella legislazione locale. Dal 25 maggio 2018, la Direttiva e la legislazione locale basata sulla Direttiva saranno sostituite dal Regolamento (UE) 2016\/679 del Parlamento Europeo e del Consiglio del 27 aprile 2016 relativo alla protezione delle persone fisiche con riguardo al trattamento dei Dati personali e sulla libera circolazione di tali dati, noto come Regolamento generale sulla protezione dei dati (GDPR), e il trattamento da parte di Vibetrace avverr\u00e0 in conformit\u00e0 con il GDPR.<\/p>\n\n\n\n<h6 class=\"gb-headline gb-headline-5ba3aec1 gb-headline-text\"><strong>2.4.4.1.1 Controllore<\/strong><\/h6>\n\n\n\n<p>Vibetrace tratta i Dati personali sia come Processore che come Titolare, come definito nella Direttiva e nel GDPR: l&#039;entit\u00e0 Vibetrace con cui tu come Cliente hai stipulato un accordo quando utilizzi la piattaforma di Vibetrace, sar\u00e0 il Titolare per i dati del Cliente, come indicato sopra nella sezione \u201cRaccolta dati Cliente\u201d. Per i dati dei Clienti Visitatori, come indicato nella sezione &quot;Raccolta dei dati dei Clienti Visitatori&quot;, il Cliente sar\u00e0 il Titolare in conformit\u00e0 con la Direttiva e il GDPR, e Vibetrace sar\u00e0 il Responsabile. Vibetrace aderisce alla Direttiva del 1995 e al GDPR dal 25 maggio 2018. Di conseguenza, Vibetrace elabora tutti i dati forniti dai suoi Clienti con account nella sua Regione dati europea, solo nello Spazio economico europeo (SEE). Tutti i dati raccolti dai Clienti Vibetrace attraverso la nostra piattaforma saranno archiviati esclusivamente in strutture di hosting sicure fornite da Amazon, Google Microsoft Azure o Digital Ocean. Vibetrace ha stipulato un accordo sul trattamento dei dati con i suoi fornitori, garantendo il rispetto della Direttiva. Tutto l&#039;hosting viene eseguito in conformit\u00e0 con le pi\u00f9 alte norme di sicurezza. Tutti i trasferimenti di dati all&#039;interno del SEE vengono effettuati in conformit\u00e0 con questo accordo sul trattamento dei dati.<\/p>\n\n\n\n<h5 class=\"gb-headline gb-headline-558cadd7 gb-headline-text\">2.4.4.2 Trattamento dei dati<\/h5>\n\n\n\n<p>Per i clienti con account nella regione dati statunitense di Vibetrace, Vibetrace elabora i dati nei data center situati negli Stati Uniti e nel SEE. Vibetrace ha adottato ragionevoli garanzie fisiche, tecniche e organizzative che rispecchiano sostanzialmente le garanzie dell&#039;UE contro la distruzione, la perdita, l&#039;alterazione, la divulgazione, l&#039;accesso, l&#039;uso o il trattamento accidentali, non autorizzati o illeciti dei dati dei Clienti in possesso di Vibetrace. Vibetrace informer\u00e0 tempestivamente il Cliente in caso di qualsiasi accesso non autorizzato noto o utilizzo dei dati del Cliente. Tutti i dati raccolti dai Clienti Vibetrace attraverso la nostra piattaforma saranno archiviati esclusivamente in strutture di hosting sicure fornite da Amazon Web Services, Google Cloud, Microsoft Azure o Digital Ocean. Il contratto di Vibetrace con il suo fornitore di hosting garantisce che tutto l&#039;hosting venga eseguito in conformit\u00e0 con le pi\u00f9 elevate norme di sicurezza. La politica di Vibetrace \u00e8 quella di proteggere e salvaguardare qualsiasi informazione personale ottenuta da Vibetrace in conformit\u00e0 con le leggi statali o federali degli Stati Uniti che regolano la protezione delle informazioni e dei dati personali. Di conseguenza, Vibetrace aderisce a pratiche e politiche che mirano a salvaguardare i dati. Tutti i dati raccolti dai Clienti Vibetrace attraverso i sondaggi saranno archiviati esclusivamente in strutture di hosting sicure fornite da Amazon Web Services, Google Cloud, Microsoft Azure o Digital Ocean. Il contratto di Vibetrace con il suo provider di hosting garantisce che tutto l&#039;hosting venga eseguito in conformit\u00e0 con le pi\u00f9 elevate norme di sicurezza. La politica di Vibetrace \u00e8 quella di proteggere e salvaguardare qualsiasi informazione personale ottenuta da Vibetrace in conformit\u00e0 con le leggi canadesi che regolano la protezione delle informazioni e dei dati personali. Di conseguenza, Vibetrace aderisce a pratiche e politiche che mirano a salvaguardare i dati.<\/p>\n\n\n\n<h5 class=\"gb-headline gb-headline-081fb689 gb-headline-text\">2.4.4.4 Lavorazioni in altre regioni<\/h5>\n\n\n\n<p>Per i clienti con account nella nostra area dati Asia-Pacifico, Vibetrace elabora i dati nei data center situati a Singapore, negli Stati Uniti o nel SEE. Vibetrace ha adottato ragionevoli garanzie fisiche, tecniche e organizzative che rispecchiano sostanzialmente le garanzie dell&#039;UE contro la distruzione, la perdita, l&#039;alterazione, la divulgazione, l&#039;accesso, l&#039;uso o il trattamento accidentali, non autorizzati o illeciti dei dati dei Clienti in possesso di Vibetrace. Vibetrace informer\u00e0 tempestivamente il Cliente in caso di qualsiasi accesso non autorizzato noto o utilizzo dei dati del Cliente. Tutti i dati raccolti dai Clienti Vibetrace attraverso la sua piattaforma saranno archiviati esclusivamente in strutture di hosting sicure fornite da Amazon Web Services, Google Cloud, Microsoft Azure o Digital Ocean. Il contratto di Vibetrace con il suo fornitore di hosting garantisce che tutto l&#039;hosting venga eseguito in conformit\u00e0 con le pi\u00f9 elevate norme di sicurezza. Di conseguenza, Vibetrace aderisce a pratiche e politiche che mirano a salvaguardare i dati.<\/p>\n\n\n\n<h2 class=\"gb-headline gb-headline-7c51987d gb-headline-text\">3. Conservazione e cancellazione<\/h2>\n\n\n\n<p>Vibetrace non conserver\u00e0 i dati pi\u00f9 a lungo del necessario per soddisfare gli scopi per i quali sono stati raccolti o come richiesto dalle leggi o dai regolamenti applicabili. Per i dati dei Clienti Visitatori, i Clienti di Vibetrace hanno il controllo dello scopo della raccolta dei dati e della durata per la quale i Dati Personali possono essere conservati. Per i dati dei Clienti Visitatori, i Clienti con un account attivo avranno quindi la responsabilit\u00e0 di cancellare i dati quando richiesto. Quando l&#039;account di un Cliente viene chiuso o scaduto, tutti i Dati personali raccolti tramite la piattaforma verranno eliminati, come richiesto dalla legge applicabile.<\/p>\n\n\n\n<h2 class=\"gb-headline gb-headline-db59ab39 gb-headline-text\">4. Accettazione delle presenti Condizioni<\/h2>\n\n\n\n<p>Partiamo dal presupposto che tutti i Visitatori del nostro sito Web, i Clienti Visitatori che visitano le propriet\u00e0 digitali dei Clienti alimentate da Vibetrace e i Clienti di Vibetrace abbiano letto attentamente questo documento e ne accettino i contenuti. Se qualcuno non \u00e8 d&#039;accordo con questa politica sulla privacy, dovrebbe astenersi dall&#039;utilizzare il nostro sito Web e la nostra piattaforma. Ci riserviamo il diritto di modificare la nostra politica sulla privacy secondo necessit\u00e0. L&#039;uso continuato del sito Web e della piattaforma Vibetrace dopo essere stati informati di tali modifiche a queste condizioni implica l&#039;accettazione della politica sulla privacy rivista. Questa informativa sulla privacy \u00e8 parte integrante di quella di Vibetrace&nbsp;<a href=\"https:\/\/vibetrace.com\/it\/static\/terms-conditions.html\/\">termini di utilizzo.<\/a><\/p>\n\n\n\n<h2 class=\"gb-headline gb-headline-931c6320 gb-headline-text\">5. Il nostro obbligo legale di divulgare informazioni personali<\/h2>\n\n\n\n<p>Riveleremo le informazioni personali di un utente senza il suo previo consenso solo quando abbiamo motivo di ritenere che la divulgazione di tali informazioni sia necessaria per stabilire l&#039;identit\u00e0, contattare o avviare procedimenti legali contro una o pi\u00f9 persone sospettate di violare diritti o propriet\u00e0 appartenenti a Vibetrace o ad altri che potrebbero essere danneggiati dalle attivit\u00e0 dell&#039;utente o di persone che potrebbero (deliberatamente o meno) trasgredire tali diritti e propriet\u00e0. Siamo autorizzati a divulgare informazioni personali quando abbiamo buone ragioni per ritenere che ci\u00f2 sia legalmente richiesto.<\/p>\n\n\n\n<h2 class=\"gb-headline gb-headline-e052a8dc gb-headline-text\">6. Per ulteriori informazioni<\/h2>\n\n\n\n<p>Se hai ulteriori domande sui dati raccolti da Vibetrace o su come li utilizziamo, non esitare a contattarci via e-mail all&#039;indirizzo: hello@vibetrace.com o per iscritto a: Devant Media SRL, str Regina Maria nr 4, Cozia, sc E, 7, Ramnicu Valcea Romania<\/p>\n\n<\/div><\/div>","protected":false},"excerpt":{"rendered":"<p>Informativa sulla privacy Ultimo aggiornamento: febbraio 2022 1. Introduzione Vibetrace fornisce una piattaforma di automazione del marketing attraverso... <a title=\"politica sulla riservatezza\" class=\"read-more\" href=\"https:\/\/vibetrace.com\/it\/politica-sulla-riservatezza\/\" aria-label=\"Per saperne di pi\u00f9 su Privacy Policy\"> <\/a><\/p>","protected":false},"author":9,"featured_media":0,"parent":0,"menu_order":0,"comment_status":"closed","ping_status":"closed","template":"","meta":{"inline_featured_image":false,"footnotes":""},"class_list":["post-165","page","type-page","status-publish"],"_links":{"self":[{"href":"https:\/\/vibetrace.com\/it\/wp-json\/wp\/v2\/pages\/165","targetHints":{"allow":["GET"]}}],"collection":[{"href":"https:\/\/vibetrace.com\/it\/wp-json\/wp\/v2\/pages"}],"about":[{"href":"https:\/\/vibetrace.com\/it\/wp-json\/wp\/v2\/types\/page"}],"author":[{"embeddable":true,"href":"https:\/\/vibetrace.com\/it\/wp-json\/wp\/v2\/users\/9"}],"replies":[{"embeddable":true,"href":"https:\/\/vibetrace.com\/it\/wp-json\/wp\/v2\/comments?post=165"}],"version-history":[{"count":0,"href":"https:\/\/vibetrace.com\/it\/wp-json\/wp\/v2\/pages\/165\/revisions"}],"wp:attachment":[{"href":"https:\/\/vibetrace.com\/it\/wp-json\/wp\/v2\/media?parent=165"}],"curies":[{"name":"wp","href":"https:\/\/api.w.org\/{rel}","templated":true}]}}