{"id":164,"date":"2021-08-12T09:55:01","date_gmt":"2021-08-12T09:55:01","guid":{"rendered":"https:\/\/vibetrace.com\/blog\/?page_id=164"},"modified":"2025-03-17T15:18:58","modified_gmt":"2025-03-17T15:18:58","slug":"terms-and-conditions","status":"publish","type":"page","link":"https:\/\/vibetrace.com\/it\/termini-e-condizioni\/","title":{"rendered":"Termini &amp; Condizioni"},"content":{"rendered":"<div class=\"gb-container gb-container-e7643765\"><div class=\"gb-inside-container\">\n\n<h1 class=\"gb-headline gb-headline-43f892c3 gb-headline-text\">Termini e Condizioni<\/h1>\n\n\n\n<p class=\"gb-headline gb-headline-7f536dbd gb-headline-text\">La privacy e la sicurezza dei dati sono molto importanti per noi.<\/p>\n\n<\/div><\/div>\n\n<div class=\"gb-container gb-container-b72c67b2\"><div class=\"gb-inside-container\">\n\n<p class=\"gb-headline gb-headline-7072ea91 gb-headline-text\">Di seguito troverai i nostri termini e condizioni. Devant Media \u00e8 la societ\u00e0 dietro vibetrace.com (anche &quot;Sito&quot; o &quot;Applicazione&quot;). Questa informativa sulla privacy descrive come Vibetrace raccoglie e utilizza le informazioni personali su di te su http:\/\/vibetrace.com o altri domini di nostra propriet\u00e0. <\/p>\n\n\n\n<p>Descrive inoltre le scelte a tua disposizione in merito all&#039;uso che facciamo dei tuoi dati personali e come puoi accedere a tali informazioni e aggiornarle. <\/p>\n\n\n\n<p>I nostri servizi sono rivolti esclusivamente alle aziende, non accettiamo registrazioni da parte di privati e ci riserviamo il diritto di rimuovere immediatamente gli account.<\/p>\n\n<\/div><\/div>\n\n<div class=\"gb-container gb-container-2ce3a7de\"><div class=\"gb-inside-container\">\n\n<h4 class=\"gb-headline gb-headline-f5583617 gb-headline-text\">Informazioni che raccogliamo<\/h4>\n\n\n\n<p>Vibetrace raccoglie statistiche sul comportamento dei visitatori dei suoi siti web in rete. Queste informazioni possono essere visualizzate pubblicamente o fornite ad altri. Tuttavia, Vibetrace non divulga informazioni di identificazione personale diverse da quelle descritte di seguito.<\/p>\n\n\n\n<p><strong>Informazioni fornite dall&#039;utente:<\/strong>&nbsp;Ci fornisci informazioni su di te, come il tuo nome e indirizzo e-mail, se ti registri per un account utente con il Servizio (incluso &quot;seguendo&quot;, &quot;mi piace&quot;, aggiungendo l&#039;applicazione Vibetrace, collegando il tuo account al servizio Vibetrace , ecc., su un sito Web o una rete di terze parti). Se ci comunichi tramite e-mail, potremmo conservare il contenuto dei tuoi messaggi e-mail, il tuo indirizzo e-mail e le nostre risposte. Potremmo anche conservare tutti i messaggi che invii tramite il Servizio. Puoi fornirci informazioni nei Contenuti dell&#039;utente che pubblichi sul Servizio.<\/p>\n\n\n\n<p><strong>Informazioni persistenti:<\/strong>&nbsp;Come molti siti web, il nostro Sito e la nostra Applicazione utilizzano i &quot;cookie&quot; per raccogliere informazioni. Un cookie \u00e8 un piccolo file di dati che trasferiamo sul disco rigido del tuo computer o dispositivo mobile a scopo di archiviazione. Utilizziamo i cookie per due scopi. Innanzitutto, utilizziamo i cookie persistenti per salvare le informazioni di accesso per accessi futuri al sito e all&#039;applicazione. In secondo luogo, utilizziamo i cookie ID di sessione per abilitare determinate funzionalit\u00e0 del Sito e dell&#039;Applicazione, per comprendere meglio come interagisci con il Sito e l&#039;Applicazione e per monitorare l&#039;utilizzo aggregato da parte degli Utenti di Vibetrace e il routing del traffico web sul Sito e sull&#039;Applicazione. A differenza dei cookie persistenti, i cookie di sessione vengono eliminati dal tuo computer quando ti disconnetti dal Sito, dall&#039;Applicazione e dal Servizio e quindi chiudi il browser. Gli inserzionisti di terze parti sul Sito e sull&#039;Applicazione possono anche inserire o leggere cookie sul tuo browser. Puoi istruire il tuo browser, modificando le sue opzioni, in modo che smetta di accettare i cookie o che ti avvisi prima di accettare un cookie dai siti web che visiti. Se non accetti i cookie, tuttavia, potresti non essere in grado di utilizzare tutte le parti del Sito e dell&#039;Applicazione o tutte le funzionalit\u00e0 del Servizio.<\/p>\n\n\n\n<p><strong>Identificatori del dispositivo:<\/strong>&nbsp;Quando accedi al Servizio da o tramite un dispositivo mobile, potremmo accedere, raccogliere, monitorare e\/o archiviare in remoto uno o pi\u00f9 &quot;identificatori di dispositivo&quot;. Gli identificatori del dispositivo sono piccoli file di dati o strutture di dati simili memorizzati o associati al tuo dispositivo mobile, che identificano in modo univoco il tuo dispositivo mobile e sono utilizzati da Vibetrace per migliorare il tuo utilizzo del Servizio. Un identificatore del dispositivo pu\u00f2 essere costituito da dati memorizzati in connessione con l&#039;hardware del dispositivo, dati memorizzati in connessione con il sistema operativo del dispositivo o altro software o dati inviati al dispositivo da Vibetrace. Un identificatore di dispositivo pu\u00f2 trasmetterci informazioni su come navighi nel Servizio. Un identificatore di dispositivo non raccoglie o condivide alcuna informazione di identificazione personale su di te, tuttavia, un identificatore di dispositivo pu\u00f2 essere utilizzato insieme ad altre informazioni in un modo che pu\u00f2 costituire informazioni di identificazione personale. Un identificatore di dispositivo pu\u00f2 rimanere persistentemente sul tuo dispositivo, per aiutarti ad accedere pi\u00f9 velocemente e migliorare la tua navigazione attraverso il Servizio. Alcune funzionalit\u00e0 del Servizio potrebbero non funzionare correttamente se l&#039;uso o la disponibilit\u00e0 degli identificatori del dispositivo sono compromessi o disabilitati. Vibetrace pu\u00f2 accedere, raccogliere e\/o archiviare gli identificatori del dispositivo una volta abilitati i Servizi di Vibetrace sul tuo dispositivo mobile.<\/p>\n\n\n\n<p><strong>Dati sulla posizione:<\/strong>&nbsp;Quando utilizzi il Servizio da o tramite un dispositivo mobile, potremmo accedere, raccogliere, monitorare e\/o archiviare in remoto i &quot;dati sulla posizione&quot;, che possono includere le coordinate GPS (ad es. latitudine e\/o longitudine) o informazioni simili relative alla posizione del tuo dispositivo mobile. I dati sulla posizione possono trasmetterci informazioni su come navighi nel Servizio. I dati sulla posizione non raccolgono n\u00e9 condividono alcuna informazione di identificazione personale su di te. I dati sulla posizione possono essere utilizzati insieme ad altre informazioni in modo da costituire informazioni di identificazione personale. Alcune funzionalit\u00e0 del Servizio, in particolare i servizi basati sulla posizione, potrebbero non funzionare correttamente se l&#039;uso o la disponibilit\u00e0 dei dati sulla posizione sono compromessi o disabilitati.<\/p>\n\n\n\n<p><strong>Informazioni sul file di registro:<\/strong>&nbsp;Le informazioni sui file di registro vengono segnalate automaticamente dal browser ogni volta che si accede a una pagina Web. Quando utilizzi il Servizio, i nostri server registrano automaticamente determinate informazioni sui file di registro. Questi registri del server possono includere informazioni quali la tua richiesta web, l&#039;indirizzo del protocollo Internet (&quot;IP&quot;), il tipo di browser, le pagine di riferimento\/uscita e gli URL, il numero di clic e il modo in cui interagisci con i collegamenti sul Servizio, i nomi di dominio, le pagine di destinazione, pagine visualizzate e altre informazioni simili.<\/p>\n\n\n\n<p><strong>Cancella informazioni Gif:<\/strong>&nbsp;Quando utilizzi il Servizio, potremmo utilizzare clear gif (noti anche come web beacon) che vengono utilizzati per tracciare in modo anonimo i modelli di utilizzo online dei nostri utenti. Inoltre, potremmo anche utilizzare clear gif nelle e-mail basate su HTML inviate ai nostri utenti per tenere traccia delle e-mail aperte dai destinatari. Le informazioni vengono utilizzate per consentire rapporti pi\u00f9 accurati, migliorare l&#039;efficacia del nostro marketing e rendere Vibetrace migliore per i nostri utenti.<\/p>\n\n\n\n<p><strong>Servizi di terze parti:<\/strong>&nbsp;Vibetrace utilizza servizi di analisi di terze parti, incluso Google Analytics per aiutare a comprendere l&#039;utilizzo del Servizio. Questi servizi raccolgono le informazioni inviate dal tuo browser come parte di una richiesta di pagina web, inclusi i cookie e il tuo indirizzo IP. Il loro utilizzo di tali informazioni \u00e8 regolato dalla loro Informativa sulla privacy.<\/p>\n\n\n\n<p>Tutte le integrazioni e i servizi di terze parti forniti come parte di questo prodotto sono offerti su un &quot;<strong>cos\u00ec com&#039;\u00e8<\/strong>&quot; base, esclusivamente per vostra comodit\u00e0. <\/p>\n\n\n\n<p>Sebbene queste integrazioni possano migliorare la funzionalit\u00e0 e l&#039;esperienza utente, non sono incluse nei nostri impegni di supporto o nella copertura della garanzia. Non garantiamo la loro disponibilit\u00e0 ininterrotta, affidabilit\u00e0, accuratezza o idoneit\u00e0 per uno scopo specifico. Gli utenti riconoscono e accettano che la disponibilit\u00e0, la funzionalit\u00e0 o la compatibilit\u00e0 di queste integrazioni possono cambiare o cessare senza preavviso. L&#039;uso di tali integrazioni \u00e8 interamente a rischio dell&#039;utente e decliniamo qualsiasi responsabilit\u00e0 derivante o correlata al loro utilizzo.<br><br><br><br><\/p>\n\n\n\n<h4 class=\"gb-headline gb-headline-f7c6c6e0 gb-headline-text\">Come utilizziamo le tue informazioni<\/h4>\n\n\n\n<p>Il motivo principale per cui raccogliamo dati cumulativi \u00e8 quello di fornirti un&#039;esperienza migliore sul nostro sito Web e sui siti Web dei clienti. I siti Web dei clienti sono quelli con cui siamo integrati e ci hai fornito l&#039;accesso per raccogliere informazioni sul tuo comportamento su di essi. Raccogliamo dati cumulativi per una serie di motivi, tra cui: marketing e promozioni, analisi statistiche del comportamento dei nostri visitatori, sviluppo del prodotto, miglioramenti dei contenuti e delle funzioni. Tutte le informazioni che raccogliamo sono anche rese anonime generando dati statistici, che potremmo vendere ai Clienti a tuo vantaggio come Utente.<\/p>\n\n\n\n<p>I nostri dati collettivi possono essere condivisi con i nostri partner al fine di fornire un ottimo servizio clienti, sconti per acquisti online o altre attivit\u00e0 di marketing.<\/p>\n\n\n\n<p>Fornendo a Vibetrace il tuo indirizzo e-mail (incluso &quot;seguendo&quot;, &quot;mi piace&quot;, aggiungendo l&#039;applicazione Vibetrace, collegando il tuo account al servizio Vibetrace, ecc., su un sito Web o una rete di terze parti), acconsenti al nostro utilizzo dell&#039;indirizzo e-mail per inviarti avvisi relativi al servizio, inclusi eventuali avvisi richiesti dalla legge, al posto della comunicazione per posta. Accetti inoltre che potremmo inviarti notifiche di attivit\u00e0 sul Servizio all&#039;indirizzo e-mail che ci fornisci, in conformit\u00e0 con qualsiasi impostazione sulla privacy applicabile. Potremmo utilizzare il tuo indirizzo e-mail per inviarti altri messaggi, come newsletter, modifiche alle funzionalit\u00e0 del Servizio o offerte speciali. Se non desideri ricevere tali messaggi e-mail, puoi disattivare o modificare le tue preferenze nella pagina del tuo profilo. La disattivazione potrebbe impedirti di ricevere messaggi e-mail relativi ad aggiornamenti, miglioramenti o offerte. Non puoi scegliere di non ricevere e-mail relative al Servizio.<\/p>\n\n\n\n<p>Dopo la chiusura o la disattivazione del tuo account utente, Vibetrace pu\u00f2 conservare le informazioni del tuo profilo e il contenuto dell&#039;utente per un tempo commercialmente ragionevole a scopo di backup, archiviazione o controllo. Inoltre, Vibetrace pu\u00f2 conservare e continuare a utilizzare a tempo indeterminato tutte le informazioni (compresi i Contenuti dell&#039;Utente) contenute nelle tue comunicazioni ad altri Utenti o pubblicate in aree pubbliche o semi-pubbliche del Servizio dopo la cessazione o la disattivazione del tuo account Utente.<\/p>\n\n\n\n<p>Se scegli di utilizzare il nostro servizio di invito per invitare un amico al Servizio, ti chiederemo le credenziali del tuo account di posta elettronica o di social media. Vibetrace utilizzer\u00e0 queste informazioni per: (i) accedere alla rubrica del tuo account di posta elettronica o all&#039;elenco degli amici del tuo account di social media, (ii) consentirti di selezionare terze parti che desideri invitare al Servizio, (ii) registrare tali terze parti parti se il tuo invito viene accettato e (iv) tenere traccia del successo del nostro servizio di invito. Le terze parti che inviti possono contattarci per richiedere la rimozione delle loro informazioni dal nostro database hello@vibetrace.com.<\/p>\n\n\n\n<p>Vibetrace pu\u00f2 utilizzare internamente determinate informazioni su di te e\/o sui tuoi Contenuti utente per scopi quali l&#039;analisi di come viene utilizzato il Servizio, la diagnosi di problemi tecnici o di servizio, il mantenimento della sicurezza e la personalizzazione dei contenuti.<\/p>\n\n\n\n<p>Vibetrace si riserva il diritto, ma non ha alcun obbligo, di monitorare i Contenuti utente che pubblichi sul Servizio. Ci riserviamo il diritto di rimuovere tali informazioni o materiale per qualsiasi motivo o senza motivo, incluso, a titolo esemplificativo, se a nostro esclusivo parere tali informazioni o materiale violano o possono violare qualsiasi legge applicabile o il nostro Accordo sui termini di utilizzo, o per proteggere o difendere i nostri diritti o propriet\u00e0 o quelli di terzi. Vibetrace si riserva inoltre il diritto di rimuovere le informazioni su richiesta di terzi.<\/p>\n\n\n\n<p>Utilizziamo cookie, clear gif, identificatori di dispositivi, dati sulla posizione e informazioni sui file di registro per: (a) ricordare le informazioni in modo che non sia necessario reinserirle durante la visita o la volta successiva che si visita il sito; (b) fornire contenuti e informazioni personalizzati e personalizzati; (c) monitorare l&#039;efficacia del nostro Servizio; (d) monitorare metriche aggregate come il numero totale di visitatori, il traffico e i modelli demografici; (e) diagnosticare o risolvere problemi tecnologici segnalati dai nostri Utenti o tecnici associati a determinati indirizzi IP; (f) aiutarti ad accedere in modo efficiente alle tue informazioni dopo aver effettuato l&#039;accesso; e (h) tenere traccia dei Contenuti dell&#039;utente e degli Utenti nella misura necessaria per conformarsi come fornitore di servizi al Digital Millennium Copyright Act; e (i) aggiornare automaticamente l&#039;applicazione Vibetrace sul tuo sistema e sui relativi dispositivi.<\/p>\n\n\n\n<h4 class=\"gb-headline gb-headline-14d38170 gb-headline-text\">Come condividiamo le tue informazioni<\/h4>\n\n\n\n<p>Informazioni di identificazione personale: Vibetrace pu\u00f2 condividere le tue informazioni di identificazione personale con terze parti allo scopo di fornirti il Servizio. In tal caso, l&#039;utilizzo delle informazioni dell&#039;utente da parte di tali terze parti sar\u00e0 vincolato dalla presente Informativa sulla privacy. Potremmo archiviare informazioni personali in luoghi al di fuori del controllo diretto di Vibetrace (ad esempio, su server o database co-localizzati con provider di hosting).<\/p>\n\n\n\n<p>Man mano che sviluppiamo la nostra attivit\u00e0, potremmo acquistare o vendere beni o offerte commerciali. Le informazioni su clienti, e-mail e visitatori sono generalmente una delle risorse aziendali trasferite in questi tipi di transazioni. Potremmo anche trasferire o assegnare tali informazioni nel corso di cessioni aziendali, fusioni o scioglimento.<\/p>\n\n\n\n<p>Qualsiasi informazione personale o contenuto che divulghi volontariamente per la pubblicazione sul Servizio, come il Contenuto dell&#039;utente, diventa disponibile al pubblico, come controllato da qualsiasi impostazione sulla privacy applicabile. Testo, immagini o qualsiasi cosa pubblichi sul Servizio vengono automaticamente contrassegnati come pubblici per impostazione predefinita; Se rimuovi le informazioni che hai pubblicato sul Servizio, le copie potrebbero rimanere visualizzabili nelle pagine memorizzate nella cache e archiviate del Servizio, o se altri Utenti hanno copiato o salvato tali informazioni.<\/p>\n\n\n\n<p>Di tanto in tanto, potremmo organizzare concorsi, offerte speciali o altri eventi o attivit\u00e0 (&quot;Eventi&quot;) sul Servizio insieme a un partner terzo. Se fornisci informazioni a tali terze parti, dai loro il permesso di utilizzarle ai fini di tale Evento e qualsiasi altro uso che approvi. Non possiamo controllare l&#039;uso delle tue informazioni da parte di terzi. Se non desideri che le tue informazioni vengano raccolte o condivise con terzi, puoi scegliere di non partecipare a questi Eventi.<\/p>\n\n\n\n<p>Salvo quanto diversamente descritto nella presente Informativa sulla privacy, Vibetrace non divulgher\u00e0 informazioni personali a terzi a meno che non sia richiesto dalla legge o da un mandato di comparizione o se riteniamo che tale azione sia necessaria per (a) conformarsi alla legge, rispettare il procedimento legale servito a noi o ai nostri affiliati, o indagare, prevenire o intraprendere azioni riguardanti attivit\u00e0 illegali sospette o effettive; (b) per far rispettare le nostre Condizioni d&#039;uso [link], prendere precauzioni contro la responsabilit\u00e0, indagare e difenderci da eventuali rivendicazioni o accuse di terze parti, assistere le agenzie governative o proteggere la sicurezza o l&#039;integrit\u00e0 del nostro sito; e (c) per esercitare o proteggere i diritti, la propriet\u00e0 o la sicurezza personale di Vibetrace, dei nostri Utenti o di altri.<\/p>\n\n\n\n<p>Informazioni di identificazione non personale: potremmo condividere informazioni di identificazione non personale (come dati di utilizzo anonimi, pagine e URL di riferimento\/uscita, tipi di piattaforma, numero di clic, ecc.) con terze parti interessate per aiutarle a comprendere i modelli di utilizzo per alcuni servizi Vibetrace.<\/p>\n\n\n\n<p>Vibetrace pu\u00f2 consentire ad server o reti pubblicitarie di terze parti di pubblicare annunci pubblicitari sul Servizio. Questi ad server o reti pubblicitarie di terze parti utilizzano la tecnologia per inviare, direttamente al tuo browser, le pubblicit\u00e0 e i collegamenti che appaiono su Vibetrace. Ricevono automaticamente il tuo indirizzo IP quando ci\u00f2 accade. Possono anche utilizzare altre tecnologie (come cookie, JavaScript o web beacon) per misurare l&#039;efficacia delle loro pubblicit\u00e0 e per personalizzare il contenuto pubblicitario. Vibetrace non fornisce alcuna informazione di identificazione personale a questi ad server o reti pubblicitarie di terze parti senza il tuo consenso. Tuttavia, tieni presente che se un inserzionista chiede a Vibetrace di mostrare un annuncio pubblicitario a un determinato pubblico e tu rispondi a tale annuncio, l&#039;inserzionista o l&#039;ad server potrebbe concludere che corrispondi alla descrizione del pubblico che stanno cercando di raggiungere. L&#039;Informativa sulla privacy di Vibetrace non si applica e non possiamo controllare le attivit\u00e0 degli inserzionisti di terze parti. Si prega di consultare le rispettive politiche sulla privacy di tali inserzionisti per ulteriori informazioni.<\/p>\n\n\n\n<h4 class=\"gb-headline gb-headline-cb92b00b gb-headline-text\">Come proteggiamo le tue informazioni<\/h4>\n\n\n\n<p>Vibetrace ha a cuore l&#039;integrit\u00e0 e la sicurezza delle tue informazioni personali. Non possiamo, tuttavia, assicurare o garantire la sicurezza di qualsiasi informazione che trasmetti a Vibetrace o garantire che le tue informazioni sul Servizio non possano essere accessibili, divulgate, alterate o distrutte in caso di violazione di una qualsiasi delle nostre garanzie fisiche, tecniche o gestionali. Le tue impostazioni sulla privacy potrebbero anche essere influenzate dalle modifiche alla funzionalit\u00e0 dei distributori di Vibetrace, come i social network. Vibetrace non \u00e8 responsabile della funzionalit\u00e0 o delle misure di sicurezza di terze parti.<\/p>\n\n\n\n<p>Per proteggere la tua privacy e sicurezza, adottiamo misure ragionevoli (come la richiesta di una password univoca) per verificare la tua identit\u00e0 prima di concederti l&#039;accesso al tuo account. Sei responsabile del mantenimento della segretezza della tua password univoca e delle informazioni sull&#039;account e del controllo dell&#039;accesso alle tue comunicazioni e-mail da Vibetrace, in ogni momento.<\/p>\n\n\n\n<h4 class=\"gb-headline gb-headline-49dd9697 gb-headline-text\">Trasferimento internazionale<\/h4>\n\n\n\n<p>Le tue informazioni potrebbero essere trasferite e conservate su computer situati al di fuori del tuo stato, provincia, paese o altra giurisdizione governativa in cui le leggi sulla privacy potrebbero non essere cos\u00ec protettive come quelle della tua giurisdizione. <\/p>\n\n\n\n<p>Se ti trovi al di fuori degli Stati Uniti e scegli di fornirci informazioni, Vibetrace LTD trasferisce le Informazioni personali negli Stati Uniti e le elabora l\u00ec. Il tuo consenso alla presente Informativa sulla privacy seguito dall&#039;invio di tali informazioni rappresenta il tuo consenso a tale trasferimento.<\/p>\n\n\n\n<h4 class=\"gb-headline gb-headline-a1562843 gb-headline-text\">Le tue scelte sulle tue informazioni<\/h4>\n\n\n\n<p>Ovviamente puoi rifiutarti di inviare informazioni di identificazione personale attraverso il Servizio, nel qual caso Vibetrace potrebbe non essere in grado di fornirti determinati servizi. Puoi rivedere e correggere le informazioni su di te che Vibetrace conserva in archivio contattandoci direttamente all&#039;indirizzo hello@vibetrace.com.<\/p>\n\n\n\n<h4 class=\"gb-headline gb-headline-22cf3f15 gb-headline-text\">Privacy dei bambini<\/h4>\n\n\n\n<p>Proteggere la privacy dei bambini \u00e8 particolarmente importante. Per questo motivo, Vibetrace non raccoglie o richiede consapevolmente informazioni personali da persone di et\u00e0 inferiore ai 13 anni n\u00e9 consente consapevolmente a tali persone di registrarsi come Utenti. Se hai meno di 13 anni, ti preghiamo di non inviarci alcuna informazione su di te, inclusi nome, indirizzo, numero di telefono o indirizzo e-mail. A nessuno di et\u00e0 inferiore ai 13 anni \u00e8 consentito fornire informazioni personali a o su Vibetrace. Nel caso in cui venissimo a sapere di aver raccolto informazioni personali da un bambino di et\u00e0 inferiore ai 13 anni senza la verifica del consenso dei genitori, elimineremo tali informazioni il pi\u00f9 rapidamente possibile. Se ritieni che potremmo avere informazioni da o su un bambino sotto i 13 anni, ti preghiamo di contattarci hello@vibetrace.com.<\/p>\n\n\n\n<h4 class=\"gb-headline gb-headline-935eb4ac gb-headline-text\">Link ad altri siti web<\/h4>\n\n\n\n<p>Non siamo responsabili delle pratiche utilizzate dai siti Web collegati a o dal Servizio, n\u00e9 delle informazioni o dei contenuti ivi contenuti. Si prega di ricordare che quando si utilizza un collegamento per passare dal Servizio a un altro sito Web, la nostra Informativa sulla privacy non \u00e8 pi\u00f9 in vigore. La tua navigazione e interazione su qualsiasi altro sito Web, inclusi quelli che hanno un collegamento sul nostro sito Web, sono soggette alle regole e alle politiche di quel sito Web. Per favore leggi le seguenti regole e condizioni prima di procedere.<\/p>\n\n\n\n<h4 class=\"gb-headline gb-headline-f663226a gb-headline-text\">Procedure di notifica<\/h4>\n\n\n\n<p>\u00c8 nostra politica fornire notifiche, indipendentemente dal fatto che tali notifiche siano richieste dalla legge o siano per scopi di marketing o altri scopi commerciali, all&#039;utente tramite avviso e-mail, avviso scritto o cartaceo o tramite pubblicazione ben visibile di tale avviso sul Servizio, come stabilito da Vibetrace a sua esclusiva discrezione. Ci riserviamo il diritto di determinare la forma e i mezzi per fornirti le notifiche, a condizione che tu possa rinunciare a determinati mezzi di notifica come descritto nella presente Informativa sulla privacy.<\/p>\n\n\n\n<h4 class=\"gb-headline gb-headline-39576aa8 gb-headline-text\">Modifiche alla nostra politica sulla privacy<\/h4>\n\n\n\n<p>Vibetrace pu\u00f2 aggiornare la sua Informativa sulla privacy di volta in volta, pertanto \u00e8 necessario rivedere periodicamente questa Informativa. Quando modifichiamo la politica in modo sostanziale, aggiorneremo la data dell&#039;ultima modifica nella parte superiore della presente Informativa sulla privacy. Le modifiche alla presente Informativa sulla privacy entrano in vigore quando vengono pubblicate su questa pagina. In caso di domande sulla presente Informativa sulla privacy, sulle pratiche di questo sito o sui tuoi rapporti con questo sito Web, ti preghiamo di contattarci all&#039;indirizzo hello@vibetrace.com.<\/p>\n\n<\/div><\/div>","protected":false},"excerpt":{"rendered":"<p>Termini e condizioni La privacy e la sicurezza dei dati sono molto importanti per noi. Di seguito troverai\u2026 <a title=\"Termini &amp; Condizioni\" class=\"read-more\" href=\"https:\/\/vibetrace.com\/it\/termini-e-condizioni\/\" aria-label=\"Per saperne di pi\u00f9 su Termini e Condizioni\"> <\/a><\/p>","protected":false},"author":9,"featured_media":0,"parent":0,"menu_order":0,"comment_status":"closed","ping_status":"closed","template":"","meta":{"inline_featured_image":false,"footnotes":""},"class_list":["post-164","page","type-page","status-publish"],"_links":{"self":[{"href":"https:\/\/vibetrace.com\/it\/wp-json\/wp\/v2\/pages\/164","targetHints":{"allow":["GET"]}}],"collection":[{"href":"https:\/\/vibetrace.com\/it\/wp-json\/wp\/v2\/pages"}],"about":[{"href":"https:\/\/vibetrace.com\/it\/wp-json\/wp\/v2\/types\/page"}],"author":[{"embeddable":true,"href":"https:\/\/vibetrace.com\/it\/wp-json\/wp\/v2\/users\/9"}],"replies":[{"embeddable":true,"href":"https:\/\/vibetrace.com\/it\/wp-json\/wp\/v2\/comments?post=164"}],"version-history":[{"count":1,"href":"https:\/\/vibetrace.com\/it\/wp-json\/wp\/v2\/pages\/164\/revisions"}],"predecessor-version":[{"id":26726,"href":"https:\/\/vibetrace.com\/it\/wp-json\/wp\/v2\/pages\/164\/revisions\/26726"}],"wp:attachment":[{"href":"https:\/\/vibetrace.com\/it\/wp-json\/wp\/v2\/media?parent=164"}],"curies":[{"name":"wp","href":"https:\/\/api.w.org\/{rel}","templated":true}]}}