{"id":600,"date":"2021-08-14T18:19:47","date_gmt":"2021-08-14T18:19:47","guid":{"rendered":"https:\/\/vibetrace.com\/blog\/?page_id=600"},"modified":"2021-08-23T10:37:02","modified_gmt":"2021-08-23T10:37:02","slug":"why-vibetrace","status":"publish","type":"page","link":"https:\/\/vibetrace.com\/hu\/miert-vibetrace\/","title":{"rendered":"Mi\u00e9rt a Vibetrace?"},"content":{"rendered":"<div class=\"gb-container gb-container-65dc0282\"><div class=\"gb-inside-container\">\n\n<h1 class=\"gb-headline gb-headline-c6197b0e gb-headline-text\">Mi\u00e9rt mi<\/h1>\n\n\n\n<p class=\"gb-headline gb-headline-3fe98b7a gb-headline-text\">Hissz\u00fck, hogy a csod\u00e1latos szolg\u00e1ltat\u00e1s nagyszer\u0171 az \u00fczleti \u00e9letben<\/p>\n\n<\/div><\/div>\n\n<div class=\"gb-container gb-container-ca70e7d4\"><div class=\"gb-inside-container\">\n<div class=\"gb-grid-wrapper gb-grid-wrapper-2224c9a9\">\n<div class=\"gb-grid-column gb-grid-column-3cb2db8a\"><div class=\"gb-container gb-container-3cb2db8a\"><div class=\"gb-inside-container\">\n\n<h4 class=\"wp-block-heading\">E-kereskedelmi tapasztalat<\/h4>\n\n\n\n<p class=\"\">2007 \u00f3ta dolgozunk egy\u00fctt k\u00fcl\u00f6nb\u00f6z\u0151 online v\u00e1llalkoz\u00e1sokkal, hogy seg\u00edts\u00fck \u0151ket a konverzi\u00f3s ar\u00e1ny n\u00f6vel\u00e9s\u00e9ben. Ezid\u0151t\u00e1jt&nbsp;<strong>t\u00f6bb mint n\u00e9h\u00e1ny tucat eszk\u00f6zt haszn\u00e1ltunk \u00fcgyfeleink sz\u00e1m\u00e1ra.<\/strong><\/p>\n\n<\/div><\/div><\/div>\n\n<div class=\"gb-grid-column gb-grid-column-281c305b\"><div class=\"gb-container gb-container-281c305b\"><div class=\"gb-inside-container\">\n\n<h4 class=\"wp-block-heading\">(M\u00e9g mindig) tesztelj\u00fck a versenyt\u00e1rsak eszk\u00f6zeit<\/h4>\n\n\n\n<p class=\"\">Az e-mail marketing megold\u00e1sokt\u00f3l az A\/B tesztel\u00e9sig, a kapcsolatfelv\u00e9teli \u0171rlap-k\u00e9sz\u00edt\u0151k\u00f6n \u00e1t a k\u00f6z\u00f6ss\u00e9gi megoszt\u00f3 widgetekig, a term\u00e9kfelv\u00e9telekt\u0151l az id\u0151j\u00e1r\u00e1s-alap\u00fa szalaghirdet\u00e9sekig \u2013 mindegyiket kipr\u00f3b\u00e1ltuk. N\u00e9h\u00e1nyan j\u00f3l m\u0171k\u00f6dtek, m\u00e1sok nem. K\u00f6zben&nbsp;<strong>megtal\u00e1ltuk, mire van igaz\u00e1n sz\u00fcks\u00e9g\u00fck az online kiskeresked\u0151knek, ez\u00e9rt elkezdt\u00fck fel\u00e9p\u00edteni a saj\u00e1tunkat.<\/strong><\/p>\n\n<\/div><\/div><\/div>\n\n<div class=\"gb-grid-column gb-grid-column-51ef2e8e\"><div class=\"gb-container gb-container-51ef2e8e\"><div class=\"gb-inside-container\">\n\n<h4 class=\"wp-block-heading\">Kem\u00e9ny munk\u00e1val j\u00e1r<\/h4>\n\n\n\n<p class=\"\">Jelenleg a Vibetrace ez a&nbsp;<strong>egyszer\u0171en haszn\u00e1lhat\u00f3, de hat\u00e9kony eszk\u00f6z<\/strong>&nbsp;amely seg\u00edti az e-kereskedelmi marketingszakembereket&nbsp;<strong>szem\u00e9lyre szab\u00e1ssal \u00e9s automatiz\u00e1l\u00e1ssal a forgalmat elad\u00e1sokk\u00e1 alak\u00edtja \u00e1t.<\/strong><\/p>\n\n<\/div><\/div><\/div>\n\n<div class=\"gb-grid-column gb-grid-column-58f91747\"><div class=\"gb-container gb-container-58f91747\"><div class=\"gb-inside-container\">\n\n<h4 class=\"wp-block-heading\">J\u00f3 szakemberek<\/h4>\n\n\n\n<p class=\"\">Ez nagyon k\u00e9pzett programoz\u00f3k, intelligens technikusok \u00e9s nagyszer\u0171 tervez\u0151k folyamatos munk\u00e1ja ir\u00e1ny\u00edt\u00e1sa alatt&nbsp;<strong>t\u00f6bb e-kereskedelmi szakember<\/strong>, adattud\u00f3sok \u00e9s term\u00e9kmenedzserek, hogy minden nap jobb legyen.<\/p>\n\n<\/div><\/div><\/div>\n<\/div>\n<\/div><\/div>\n\n<div class=\"gb-container gb-container-ea29bac9\"><div class=\"gb-inside-container\">\n<div class=\"gb-grid-wrapper gb-grid-wrapper-7eca65fa\">\n<div class=\"gb-grid-column gb-grid-column-a05264a0\"><div class=\"gb-container gb-container-a05264a0\"><div class=\"gb-inside-container\">\n\n<h2 class=\"wp-block-heading\">R\u00f6vid betekint\u00e9s csapatunkr\u00f3l \u00e9s az el\u00e9rt eredm\u00e9nyekr\u0151l:<\/h2>\n\n\n\n<ul class=\"wp-block-list\"><li>Minden \u00fcgyfel\u00fcnk a kezdetekt\u0151l vel\u00fcnk van.<\/li><li>H\u00e1rom kontinensr\u0151l vannak vev\u0151ink: Eur\u00f3p\u00e1b\u00f3l, Ausztr\u00e1li\u00e1b\u00f3l \u00e9s Amerik\u00e1b\u00f3l<\/li><li>A konverzi\u00f3s ar\u00e1ny legnagyobb n\u00f6veked\u00e9se 73,6% volt egy k\u00f6zepes kliens eset\u00e9ben. (napi t\u00f6bb t\u00edz rendel\u00e9s)<\/li><li>A potenci\u00e1lis \u00fcgyfelek gy\u0171jt\u00e9s\u00e9nek legnagyobb napja 2013. szeptember 27. volt, 7392 e-mail c\u00edmmel egy \u00fcgyf\u00e9ln\u00e9l<\/li><li>Kisebb \u00fcgyfelekn\u00e9l (&lt; 10 rendel\u00e9s\/nap) a n\u00f6veked\u00e9s t\u00f6bb mint 100%.<\/li><\/ul>\n\n<\/div><\/div><\/div>\n\n<div class=\"gb-grid-column gb-grid-column-b801391d\"><div class=\"gb-container gb-container-b801391d\"><div class=\"gb-inside-container\"><\/div><\/div><\/div>\n<\/div>\n<\/div><\/div>","protected":false},"excerpt":{"rendered":"<p>Mi\u00e9rt minket? Hissz\u00fck, hogy a kiv\u00e1l\u00f3 szolg\u00e1ltat\u00e1s nagyszer\u0171 az \u00fczleti \u00e9let sz\u00e1m\u00e1ra.<\/p>","protected":false},"author":9,"featured_media":0,"parent":0,"menu_order":0,"comment_status":"closed","ping_status":"closed","template":"","meta":{"inline_featured_image":false,"footnotes":""},"class_list":["post-600","page","type-page","status-publish"],"_links":{"self":[{"href":"https:\/\/vibetrace.com\/hu\/wp-json\/wp\/v2\/pages\/600","targetHints":{"allow":["GET"]}}],"collection":[{"href":"https:\/\/vibetrace.com\/hu\/wp-json\/wp\/v2\/pages"}],"about":[{"href":"https:\/\/vibetrace.com\/hu\/wp-json\/wp\/v2\/types\/page"}],"author":[{"embeddable":true,"href":"https:\/\/vibetrace.com\/hu\/wp-json\/wp\/v2\/users\/9"}],"replies":[{"embeddable":true,"href":"https:\/\/vibetrace.com\/hu\/wp-json\/wp\/v2\/comments?post=600"}],"version-history":[{"count":0,"href":"https:\/\/vibetrace.com\/hu\/wp-json\/wp\/v2\/pages\/600\/revisions"}],"wp:attachment":[{"href":"https:\/\/vibetrace.com\/hu\/wp-json\/wp\/v2\/media?parent=600"}],"curies":[{"name":"wp","href":"https:\/\/api.w.org\/{rel}","templated":true}]}}