{"id":26629,"date":"2024-08-07T12:22:32","date_gmt":"2024-08-07T12:22:32","guid":{"rendered":"https:\/\/vibetrace.com\/?page_id=26629"},"modified":"2024-08-07T12:22:33","modified_gmt":"2024-08-07T12:22:33","slug":"essential-resources-for-digital-marketers-and-agencies","status":"publish","type":"page","link":"https:\/\/vibetrace.com\/hu\/alapveto-eroforrasok-a-digitalis-marketingesek-es-ugynoksegek-szamara\/","title":{"rendered":"Alapvet\u0151 forr\u00e1sok digit\u00e1lis marketingesek \u00e9s \u00fcgyn\u00f6ks\u00e9gek sz\u00e1m\u00e1ra"},"content":{"rendered":"<p>Ak\u00e1r tapasztalt marketingszakember, ak\u00e1r csak kezd\u0151, a megfelel\u0151 eszk\u00f6z\u00f6k \u00e9s er\u0151forr\u00e1sok birtok\u00e1ban minden v\u00e1ltoz\u00e1st jelenthet. A SEO \u00e9s a PPC elsaj\u00e1t\u00edt\u00e1s\u00e1t\u00f3l a lebilincsel\u0151 tartalom l\u00e9trehoz\u00e1s\u00e1ig, az adatok elemz\u00e9s\u00e9ig vagy az e-mailes marketingig a digit\u00e1lis marketing terep hatalmas \u00e9s folyamatosan fejl\u0151dik.<\/p>\n\n\n\n<p>\u00cdme az \u00fatmutat\u00f3, amely \u00f6sszegy\u0171jti azokat a legjobb forr\u00e1sokat, amelyeket a digit\u00e1lis marketingszakemberek eszk\u00f6zt\u00e1rukban tartalmazhatnak. <\/p>\n\n\n\n<p>\u00d6ssze\u00e1ll\u00edtottuk az alapvet\u0151 eszk\u00f6z\u00f6k, webhelyek \u00e9s platformok \u00e1tfog\u00f3 list\u00e1j\u00e1t, amelyek a digit\u00e1lis marketing minden aspektus\u00e1t lefedik. Ezek az er\u0151forr\u00e1sok seg\u00edtenek fejleszteni k\u00e9szs\u00e9geit, \u00e9sszer\u0171s\u00edteni a munkafolyamatot, \u00e9s v\u00e9gs\u0151 soron jobb eredm\u00e9nyeket \u00e9rhetnek el kamp\u00e1nyaiban.<a href=\"https:\/\/www.reddit.com\/r\/agency\/?f=flair_name%3A%22r%2FAgency%20Updates%22\" target=\"_blank\" rel=\"noopener\"><\/a><\/p>\n\n\n\n<h2 class=\"wp-block-heading\">PPC\/Paid Search<\/h2>\n\n\n\n<ul class=\"wp-block-list\">\n<li><a href=\"https:\/\/www.amazon.com\/Becoming-Digital-Marketer-Tech-Driven-Marketing\/dp\/1733794875\/\" target=\"_blank\" rel=\"noreferrer noopener\">Digit\u00e1lis marketingszakemberr\u00e9 v\u00e1l\u00e1s: A kem\u00e9ny \u00e9s l\u00e1gy k\u00e9szs\u00e9gek megszerz\u00e9se a technol\u00f3gia \u00e1ltal vez\u00e9relt marketinges karrierhez<\/a>\u00a0\u00edrta: Gil \u00e9s Anya Gildner<\/li>\n\n\n\n<li><a href=\"https:\/\/www.amazon.com\/Beginners-Guide-Google-Ads-Everything\/dp\/1733794808\" target=\"_blank\" rel=\"noreferrer noopener\">\u00datmutat\u00f3 kezd\u0151knek a Google Ads haszn\u00e1lat\u00e1hoz<\/a>\u00a0\u00cdrta: Anya Gildner<\/li>\n\n\n\n<li><a href=\"https:\/\/www.amazon.com\/Unlevel-Playing-Field-Biggest-Mindshift\/dp\/1544523335\/\" target=\"_blank\" rel=\"noreferrer noopener\">Egyenl\u00edtse ki a j\u00e1t\u00e9kteret: A legnagyobb gondolkod\u00e1sm\u00f3d a PPC t\u00f6rt\u00e9net\u00e9ben<\/a>\u00a0\u00edrta Frederick Vallaeys<\/li>\n\n\n\n<li><a href=\"https:\/\/www.amazon.com\/Ponderings-Professional-Philosophical-Pay-Click\/dp\/0578770199\/\" target=\"_blank\" rel=\"noreferrer noopener\">Egy PPC szakember t\u00f6preng\u00e9sei<\/a>\u00a0\u00edrta: Kirk Williams<\/li>\n<\/ul>\n\n\n\n<h2 class=\"wp-block-heading\">Ind\u00edt\u00f3 \u00fcgyn\u00f6ks\u00e9gek\/v\u00e1llalkoz\u00e1sok<\/h2>\n\n\n\n<ul class=\"wp-block-list\">\n<li><a href=\"https:\/\/www.amazon.com\/Building-Successful-Micro-Agency-Profitable-Sustainable\/dp\/1733794840\" target=\"_blank\" rel=\"noreferrer noopener\">Sikeres mikro\u00fcgyn\u00f6ks\u00e9g \u00e9p\u00edt\u00e9se: \u00datmutat\u00f3 a j\u00f6vedelmez\u0151 \u00e9s fenntarthat\u00f3 digit\u00e1lis marketing\u00fcgyn\u00f6ks\u00e9gek elind\u00edt\u00e1s\u00e1hoz<\/a>\u00a0\u00edrta: Gil \u00e9s Anya Gildner<\/li>\n\n\n\n<li><a href=\"https:\/\/www.amazon.com\/Zero-One-Notes-Startups-Future\/dp\/0804139296\/\" target=\"_blank\" rel=\"noreferrer noopener\">Nulla az egyhez: Megjegyz\u00e9sek az indul\u00f3 v\u00e1llalkoz\u00e1sokr\u00f3l, avagy Hogyan \u00e9p\u00edts\u00fck a j\u00f6v\u0151t<\/a>\u00a0szerz\u0151: Peter Thiel \u00e9s Blake Masters<\/li>\n\n\n\n<li><a href=\"https:\/\/www.amazon.com\/Stop-Scale-Building-Digital-Actually\/dp\/B09Z9QZWYL\" target=\"_blank\" rel=\"noreferrer noopener\">\u00c1ll\u00edtsd meg a sk\u00e1l\u00e1t: \u00e9p\u00edts fel egy olyan digit\u00e1lis \u00fcgyn\u00f6ks\u00e9get, amelyet igaz\u00e1n szeretsz<\/a>\u00a0\u00edrta: Kirk Williams<\/li>\n\n\n\n<li><a href=\"https:\/\/www.amazon.com\/Digital-Marketing-AI-World-Futureproofing\/dp\/1544513372\/\" target=\"_blank\" rel=\"noreferrer noopener\">Digit\u00e1lis marketing a mesters\u00e9ges intelligencia vil\u00e1g\u00e1ban: PPC \u00dcgyn\u00f6ks\u00e9g j\u00f6v\u0151biztoss\u00e1ga<\/a>\u00a0\u00edrta Fred Vallaeys<\/li>\n\n\n\n<li><a href=\"https:\/\/www.amazon.com\/Good-Great-Some-Companies-Others-ebook\/dp\/B0058DRUV6\" target=\"_blank\" rel=\"noreferrer noopener\">J\u00f3t\u00f3l Nagyig<\/a>\u00a0\u00edrta Jim Collins<\/li>\n<\/ul>\n\n\n\n<h2 class=\"wp-block-heading\">PPC\/Paid Search<\/h2>\n\n\n\n<ul class=\"wp-block-list\">\n<li><a href=\"https:\/\/www.discosloth.com\/beginners-guide-to-ppc\/?utm_source=ZATO%20Blog&amp;utm_medium=referral&amp;utm_campaign=where-to-start-in-ppc-blogpost\" target=\"_blank\" rel=\"noreferrer noopener\">\u00datmutat\u00f3 kezd\u0151knek a PPC-hirdet\u00e9sekhez<\/a>\u00a0szerz\u0151: Discosloth (ingyenes)<\/li>\n\n\n\n<li><a href=\"https:\/\/www.amazon.com\/Beginners-Guide-Google-Ads-Everything\/dp\/1733794808\" target=\"_blank\" rel=\"noreferrer noopener\">\u00datmutat\u00f3 kezd\u0151knek a Google Ads haszn\u00e1lat\u00e1hoz<\/a>\u00a0\u00cdrta: Anya Gildner<\/li>\n\n\n\n<li><a href=\"https:\/\/www.godtierads.com\/framework\/\" target=\"_blank\" rel=\"noreferrer noopener\">God Tier hirdet\u00e9sek<\/a>\u00a0\u00edrta Ed Leake<\/li>\n\n\n\n<li><a href=\"https:\/\/www.amazon.com\/Ponderings-Professional-Philosophical-Pay-Click\/dp\/0578770199\/\" target=\"_blank\" rel=\"noreferrer noopener\">Egy PPC szakember t\u00f6preng\u00e9sei<\/a>\u00a0\u00edrta: Kirk Williams<\/li>\n\n\n\n<li><a href=\"https:\/\/www.amazon.com\/Unlevel-Playing-Field-Biggest-Mindshift\/dp\/1544523335\/\" target=\"_blank\" rel=\"noreferrer noopener\">Egyenl\u00edtse ki a j\u00e1t\u00e9kteret: A legnagyobb gondolkod\u00e1sm\u00f3d a PPC t\u00f6rt\u00e9net\u00e9ben<\/a>\u00a0\u00edrta Frederick Vallaeys<\/li>\n\n\n\n<li><a href=\"https:\/\/www.udemy.com\/course\/the-ultimate-google-adwords-training-course\/\" target=\"_blank\" rel=\"noreferrer noopener\">V\u00e9gs\u0151 Google Ads-k\u00e9pz\u00e9s 2021<\/a>\u00a0\u00cdrta: Isaac Rudansky (elavult)<\/li>\n<\/ul>\n\n\n\n<h2 class=\"wp-block-heading\">SEO<\/h2>\n\n\n\n<ul class=\"wp-block-list\">\n<li><a href=\"https:\/\/moz.com\/beginners-guide-to-seo\" target=\"_blank\" rel=\"noreferrer noopener\">\u00datmutat\u00f3 kezd\u0151knek a SEO-hoz<\/a>\u00a0szerz\u0151: Rand Fishkin<\/li>\n\n\n\n<li><a href=\"https:\/\/zyppy.com\/seo-success-factors\/\" target=\"_blank\" rel=\"noreferrer noopener\">100+ Google rangsorol\u00e1si t\u00e9nyez\u0151<\/a>\u00a0\u00edrta: Zyppy<\/li>\n\n\n\n<li><a href=\"https:\/\/developers.google.com\/search\/docs\/fundamentals\/seo-starter-guide\" target=\"_blank\" rel=\"noreferrer noopener\">SEO kezd\u0151 \u00fatmutat\u00f3<\/a>\u00a0a Google-t\u00f3l<\/li>\n\n\n\n<li><a href=\"https:\/\/blog.hubspot.com\/marketing\/seo\" target=\"_blank\" rel=\"noreferrer noopener\">A SEO v\u00e9gs\u0151 \u00fatmutat\u00f3ja 2023-ban<\/a>\u00a0a Hubspott\u00f3l<\/li>\n<\/ul>\n\n\n\n<h2 class=\"wp-block-heading\">Email<\/h2>\n\n\n\n<p>B\u00e1rmit is \u00edr, k\u00e9t nagy kateg\u00f3ria van: hideg e-mail (outreach) \u00e9s e-mail marketing. A k\u00fcl\u00f6nbs\u00e9g meg\u00e9rt\u00e9s\u00e9nek egyszer\u0171 m\u00f3dja az, hogy a hideg e-mailekhez e-mail-list\u00e1kat v\u00e1s\u00e1rol\/keres, hogy megpr\u00f3b\u00e1ljon eladni nekik valamit, ahol az igazi e-mail marketing a list\u00e1k fel\u00e9p\u00edt\u00e9se \u00e9s az el\u0151fizet\u0151kkel val\u00f3 kapcsolattart\u00e1s az id\u0151 m\u00fal\u00e1s\u00e1val.<\/p>\n\n\n\n<ul class=\"wp-block-list\">\n<li><a href=\"https:\/\/backlinko.com\/email-marketing-guide\" target=\"_blank\" rel=\"noopener\">E-mail marketing \u00fatmutat\u00f3<\/a> Backlinko<\/li>\n\n\n\n<li><a href=\"https:\/\/www.litmus.com\/blog\/\" target=\"_blank\" rel=\"noopener\">Lakmusz Blog<\/a> \u2013 k\u00fcl\u00f6n\u00f6sen az e-mail technikai r\u00e9sze<\/li>\n\n\n\n<li><a href=\"https:\/\/academy.hubspot.com\/courses\/email-marketing\" target=\"_blank\" rel=\"noopener\">E-mail marketing tanfolyam<\/a> \u2013 Hubspot<\/li>\n\n\n\n<li><a href=\"https:\/\/www.coursera.org\/learn\/think-outside-the-inbox\" target=\"_blank\" rel=\"noopener\">Gondolkozz a dobozon k\u00edv\u00fcl: e-mail marketing<\/a> \u2013 Google\/Coursera<\/li>\n\n\n\n<li><a href=\"https:\/\/www.linkedin.com\/learning\/email-and-newsletter-marketing-foundations\/welcome\" target=\"_blank\" rel=\"noopener\">E-mail marketing alapok<\/a> \u2013 Linkedin<\/li>\n<\/ul>","protected":false},"excerpt":{"rendered":"<p>Legyen sz\u00f3 tapasztalt marketingszakemberr\u0151l, vagy \u00e9ppen kezd\u0151, a megfelel\u0151 eszk\u00f6z\u00f6kkel \u00e9s er\u0151forr\u00e1sokkal\u2026 <a title=\"Alapvet\u0151 forr\u00e1sok digit\u00e1lis marketingesek \u00e9s \u00fcgyn\u00f6ks\u00e9gek sz\u00e1m\u00e1ra\" class=\"read-more\" href=\"https:\/\/vibetrace.com\/hu\/alapveto-eroforrasok-a-digitalis-marketingesek-es-ugynoksegek-szamara\/\" aria-label=\"Tov\u00e1bbi inform\u00e1ci\u00f3 a digit\u00e1lis marketingesek \u00e9s \u00fcgyn\u00f6ks\u00e9gek sz\u00e1m\u00e1ra n\u00e9lk\u00fcl\u00f6zhetetlen forr\u00e1sokr\u00f3l\"> <\/a><\/p>","protected":false},"author":9,"featured_media":0,"parent":0,"menu_order":0,"comment_status":"closed","ping_status":"closed","template":"","meta":{"inline_featured_image":false,"footnotes":""},"class_list":["post-26629","page","type-page","status-publish"],"_links":{"self":[{"href":"https:\/\/vibetrace.com\/hu\/wp-json\/wp\/v2\/pages\/26629","targetHints":{"allow":["GET"]}}],"collection":[{"href":"https:\/\/vibetrace.com\/hu\/wp-json\/wp\/v2\/pages"}],"about":[{"href":"https:\/\/vibetrace.com\/hu\/wp-json\/wp\/v2\/types\/page"}],"author":[{"embeddable":true,"href":"https:\/\/vibetrace.com\/hu\/wp-json\/wp\/v2\/users\/9"}],"replies":[{"embeddable":true,"href":"https:\/\/vibetrace.com\/hu\/wp-json\/wp\/v2\/comments?post=26629"}],"version-history":[{"count":1,"href":"https:\/\/vibetrace.com\/hu\/wp-json\/wp\/v2\/pages\/26629\/revisions"}],"predecessor-version":[{"id":26630,"href":"https:\/\/vibetrace.com\/hu\/wp-json\/wp\/v2\/pages\/26629\/revisions\/26630"}],"wp:attachment":[{"href":"https:\/\/vibetrace.com\/hu\/wp-json\/wp\/v2\/media?parent=26629"}],"curies":[{"name":"wp","href":"https:\/\/api.w.org\/{rel}","templated":true}]}}