{"id":26547,"date":"2024-07-31T07:56:19","date_gmt":"2024-07-31T07:56:19","guid":{"rendered":"https:\/\/vibetrace.com\/?page_id=26547"},"modified":"2024-07-31T08:00:06","modified_gmt":"2024-07-31T08:00:06","slug":"content-partnership","status":"publish","type":"page","link":"https:\/\/vibetrace.com\/hu\/tartalmi-partnerseg\/","title":{"rendered":"Tartalmi partners\u00e9g"},"content":{"rendered":"<p>\u00c9rdekel, hogy j\u00f3, min\u0151s\u00e9gi tartalmat k\u00e9sz\u00edtsenek egy\u00fctt? mi is!<\/p>\n\n\n\n<p>Az online vil\u00e1gban a partners\u00e9gek nagyon j\u00f3l m\u0171k\u00f6dnek, ha mindk\u00e9t f\u00e9l hasznot h\u00faz bel\u0151le. Ha szeretne egy\u00fcttm\u0171k\u00f6dni egy tartalom elk\u00e9sz\u00edt\u00e9s\u00e9ben, tapasztalataink a k\u00f6vetkez\u0151kh\u00f6z kapcsol\u00f3dnak:<\/p>\n\n\n\n<ul class=\"wp-block-list\">\n<li>adatbetekint\u00e9sek, elemz\u00e9sek, k\u00fcl\u00f6n\u00f6sen az e-kereskedelemhez, az online utaz\u00e1si \u00e9s p\u00e9nz\u00fcgyi szolg\u00e1ltat\u00e1sokhoz kapcsol\u00f3d\u00f3an<\/li>\n\n\n\n<li>marketing automatiz\u00e1l\u00e1s, omni csatorna: email marketing, SMS, push \u00e9rtes\u00edt\u00e9sek, whatsapp marketing<\/li>\n\n\n\n<li>\u00fcgyf\u00e9l\u00e9lm\u00e9ny: szem\u00e9lyre szab\u00e1s, konverzi\u00f3s ar\u00e1ny, megtart\u00e1s<\/li>\n\n\n\n<li>\u00fcgyf\u00e9ladat-platformok: adatelemz\u00e9s, \u00fcgyf\u00e9lszegmensek, \u00fcgyf\u00e9lmodellek<\/li>\n<\/ul>\n\n\n\n<p><\/p>\n\n\n\n<p><strong>Tartalmi partners\u00e9g l\u00e9trehoz\u00e1s\u00e1nak el\u0151nyei<\/strong><\/p>\n\n\n\n<ul class=\"wp-block-list\">\n<li>Kitetts\u00e9g sz\u00e9lesebb k\u00f6z\u00f6ns\u00e9g sz\u00e1m\u00e1ra.<\/li>\n\n\n\n<li>A m\u00e1rka hiteless\u00e9g\u00e9nek n\u00f6vel\u00e9se<\/li>\n\n\n\n<li>K\u00f6lcs\u00f6n\u00f6s fejl\u0151d\u00e9si \u00e9s tanul\u00e1si lehet\u0151s\u00e9gek<\/li>\n\n\n\n<li>Hozz\u00e1f\u00e9r\u00e9s adatbetekint\u00e9seinkhez, bels\u0151 szak\u00e9rt\u0151i er\u0151forr\u00e1sainkhoz \u00e9s eszk\u00f6zeinkhez<\/li>\n<\/ul>\n\n\n\n<p><strong>Amit keres\u00fcnk<\/strong><\/p>\n\n\n\n<ul class=\"wp-block-list\">\n<li>Min\u0151s\u00e9gi tartalom szabv\u00e1nyok (pl. eredetis\u00e9g, relevancia, \u00e9rt\u00e9k)<\/li>\n\n\n\n<li>C\u00e9lk\u00f6z\u00f6ns\u00e9g \u00e9s ipar\u00e1gi relevancia. Itt a k\u00f6vetkez\u0151 k\u00f6z\u00f6ns\u00e9gekre \u00f6sszpontos\u00edtunk: digit\u00e1lis \u00fcgyn\u00f6ks\u00e9gek, e-kereskedelem, online szolg\u00e1ltat\u00e1sok, kiskereskedelem. <\/li>\n\n\n\n<li>Nem sz\u00e1m\u00edt, mekkora vagy kicsi vagy, vedd fel a kapcsolatot \u00e9s kezdj\u00fcnk el besz\u00e9lgetni<\/li>\n\n\n\n<li>Komolys\u00e1g <\/li>\n<\/ul>\n\n\n\n<p>Olyan partners\u00e9geket keres\u00fcnk, amelyek friss, eredeti \u00e9s \u00e9rt\u00e9kes tartalmat hoznak k\u00f6z\u00f6ns\u00e9g\u00fcnk sz\u00e1m\u00e1ra. Ide tartoznak a blogbejegyz\u00e9sek, vide\u00f3k, esettanulm\u00e1nyok \u00e9s az ipar\u00e1gunkhoz kapcsol\u00f3d\u00f3 egy\u00e9b tartalom. Els\u0151sorban azokra a tartalmakra helyezz\u00fck a hangs\u00falyt, amelyek megfelelnek k\u00f6z\u00f6ns\u00e9g\u00fcnk \u00e9rdekl\u0151d\u00e9s\u00e9nek, \u00e9s val\u00f3di \u00e9rt\u00e9ket ny\u00fajtanak.<\/p>\n\n\n\n<p><strong>Hogyan m\u0171k\u00f6dj\u00fcnk egy\u00fctt<\/strong><\/p>\n\n\n\n<ul class=\"wp-block-list\">\n<li>K\u00e9szen \u00e1ll a partnerre vel\u00fcnk? \u00cdme, hogyan:\n<ol class=\"wp-block-list\">\n<li><strong>\u00c9rd el:<\/strong> K\u00fcldj\u00f6n e-mailt a c\u00edmre <strong>contact@vibetrace.com<\/strong> \u00f6tlet\u00e9vel vagy javaslat\u00e1val. Tegye bele azt, amire \u00fagy gondolja, hogy sz\u00fcks\u00e9ge lesz t\u0151l\u00fcnk<\/li>\n\n\n\n<li><strong>\u00c1ttekint\u00e9s:<\/strong> Csapatunk fel\u00fclvizsg\u00e1lja aj\u00e1nlat\u00e1t, \u00e9s 1 h\u00e9ten bel\u00fcl felveszi \u00d6nnel a kapcsolatot.<\/li>\n\n\n\n<li><strong>Egy\u00fcttm\u0171k\u00f6dik:<\/strong> Miut\u00e1n megegyezt\u00fcnk, egy\u00fctt dolgozunk a tartalom l\u00e9trehoz\u00e1s\u00e1n \u00e9s n\u00e9pszer\u0171s\u00edt\u00e9s\u00e9n.<\/li>\n\n\n\n<li><strong>K\u00f6zz\u00e9t\u00e9tel:<\/strong> A tartalmat k\u00f6zz\u00e9tessz\u00fck a platformunkon, \u00e9s csatorn\u00e1inkon kereszt\u00fcl n\u00e9pszer\u0171s\u00edtj\u00fck (k\u00f6z\u00f6ss\u00e9gi m\u00e9dia + e-mail + hirdet\u00e9s)<\/li>\n<\/ol>\n<\/li>\n<\/ul>\n\n\n\n<p>Ha \u00e9rdekelnek a vend\u00e9gposztok, megteheted <a href=\"https:\/\/vibetrace.com\/hu\/vendeg-poszt-ir-nekunk\/\" data-type=\"page\" data-id=\"20855\">olvassa el k\u00f6vetelm\u00e9nyeinket itt<\/a>.<\/p>","protected":false},"excerpt":{"rendered":"<p>\u00c9rdekel, hogy j\u00f3, min\u0151s\u00e9gi tartalmakat k\u00e9sz\u00edtsenek egy\u00fctt? mi is! A\u2026 <a title=\"Tartalmi partners\u00e9g\" class=\"read-more\" href=\"https:\/\/vibetrace.com\/hu\/tartalmi-partnerseg\/\" aria-label=\"Tov\u00e1bbi inform\u00e1ci\u00f3 a tartalompartners\u00e9gr\u0151l\"> <\/a><\/p>","protected":false},"author":9,"featured_media":0,"parent":0,"menu_order":0,"comment_status":"closed","ping_status":"closed","template":"","meta":{"inline_featured_image":false,"footnotes":""},"class_list":["post-26547","page","type-page","status-publish"],"_links":{"self":[{"href":"https:\/\/vibetrace.com\/hu\/wp-json\/wp\/v2\/pages\/26547","targetHints":{"allow":["GET"]}}],"collection":[{"href":"https:\/\/vibetrace.com\/hu\/wp-json\/wp\/v2\/pages"}],"about":[{"href":"https:\/\/vibetrace.com\/hu\/wp-json\/wp\/v2\/types\/page"}],"author":[{"embeddable":true,"href":"https:\/\/vibetrace.com\/hu\/wp-json\/wp\/v2\/users\/9"}],"replies":[{"embeddable":true,"href":"https:\/\/vibetrace.com\/hu\/wp-json\/wp\/v2\/comments?post=26547"}],"version-history":[{"count":2,"href":"https:\/\/vibetrace.com\/hu\/wp-json\/wp\/v2\/pages\/26547\/revisions"}],"predecessor-version":[{"id":26550,"href":"https:\/\/vibetrace.com\/hu\/wp-json\/wp\/v2\/pages\/26547\/revisions\/26550"}],"wp:attachment":[{"href":"https:\/\/vibetrace.com\/hu\/wp-json\/wp\/v2\/media?parent=26547"}],"curies":[{"name":"wp","href":"https:\/\/api.w.org\/{rel}","templated":true}]}}