{"id":26493,"date":"2024-07-22T13:43:08","date_gmt":"2024-07-22T13:43:08","guid":{"rendered":"https:\/\/vibetrace.com\/?page_id=26493"},"modified":"2024-07-22T13:46:03","modified_gmt":"2024-07-22T13:46:03","slug":"gcalendar-call","status":"publish","type":"page","link":"https:\/\/vibetrace.com\/hu\/gcalendar-hivas\/","title":{"rendered":"GCalendar h\u00edv\u00e1s"},"content":{"rendered":"<p>V\u00e1lassza ki az id\u0151beoszt\u00e1s\u00e1hoz legjobban ill\u0151 id\u0151pontot. Megtehetj\u00fck a Zoomot vagy a Google Meetet is.<\/p>\n\n\n\n<iframe src=\"https:\/\/calendar.google.com\/calendar\/u\/0\/appointments\/schedules\/AcZssZ38wjAI2StiKtesXXRVNKGnZsf7z0PKyio90GPtulRgKXCfOkGXmpq_ANPiPGd7iaIdbKg0zFM0\" style=\"width:100%; min-height:800px\"><\/iframe>\n\n\n\n<p><\/p>","protected":false},"excerpt":{"rendered":"<p>V\u00e1lasszon egy id\u0151pontot, amely a legjobban illeszkedik az \u00fctemterv\u00e9hez. Zoomot vagy Google-t is tudunk csin\u00e1lni\u2026 <a title=\"GCalendar h\u00edv\u00e1s\" class=\"read-more\" href=\"https:\/\/vibetrace.com\/hu\/gcalendar-hivas\/\" aria-label=\"Tov\u00e1bbi inform\u00e1ci\u00f3 a GCalendar h\u00edv\u00e1sr\u00f3l\"> <\/a><\/p>","protected":false},"author":9,"featured_media":0,"parent":0,"menu_order":0,"comment_status":"closed","ping_status":"closed","template":"","meta":{"inline_featured_image":false,"footnotes":""},"class_list":["post-26493","page","type-page","status-publish"],"_links":{"self":[{"href":"https:\/\/vibetrace.com\/hu\/wp-json\/wp\/v2\/pages\/26493","targetHints":{"allow":["GET"]}}],"collection":[{"href":"https:\/\/vibetrace.com\/hu\/wp-json\/wp\/v2\/pages"}],"about":[{"href":"https:\/\/vibetrace.com\/hu\/wp-json\/wp\/v2\/types\/page"}],"author":[{"embeddable":true,"href":"https:\/\/vibetrace.com\/hu\/wp-json\/wp\/v2\/users\/9"}],"replies":[{"embeddable":true,"href":"https:\/\/vibetrace.com\/hu\/wp-json\/wp\/v2\/comments?post=26493"}],"version-history":[{"count":5,"href":"https:\/\/vibetrace.com\/hu\/wp-json\/wp\/v2\/pages\/26493\/revisions"}],"predecessor-version":[{"id":26499,"href":"https:\/\/vibetrace.com\/hu\/wp-json\/wp\/v2\/pages\/26493\/revisions\/26499"}],"wp:attachment":[{"href":"https:\/\/vibetrace.com\/hu\/wp-json\/wp\/v2\/media?parent=26493"}],"curies":[{"name":"wp","href":"https:\/\/api.w.org\/{rel}","templated":true}]}}