{"id":26131,"date":"2024-04-12T10:06:40","date_gmt":"2024-04-12T10:06:40","guid":{"rendered":"https:\/\/vibetrace.com\/?page_id=26131"},"modified":"2024-04-18T08:17:31","modified_gmt":"2024-04-18T08:17:31","slug":"mail-tester","status":"publish","type":"page","link":"https:\/\/vibetrace.com\/hu\/mail-tesztelo\/","title":{"rendered":"Mail Tester"},"content":{"rendered":"<p>Tesztelje e-mailjeit, hogy nem tartalmaz-e spameket mesters\u00e9ges intelligencia seg\u00edts\u00e9g\u00e9vel. DKIM, SPF \u00e9s DMARC tartalmazza.<\/p>\n\n\n\n<iframe loading=\"lazy\" src=\"https:\/\/www.mail-tester.com\/\" width=\"100%\" height=\"100px\" style=\"width:100%; min-height:1000px\"\/>\n\n\n\n<p>Ezt az eszk\u00f6zt a <a href=\"https:\/\/mail-tester.com\" target=\"_blank\" rel=\"noopener\">Mail Tester<\/a> \u00e9s semmi k\u00f6z\u00fcnk a megold\u00e1sukhoz. <\/p>","protected":false},"excerpt":{"rendered":"<p>Tesztelje e-mailjeit, hogy nem tartalmaz-e spameket mesters\u00e9ges intelligencia seg\u00edts\u00e9g\u00e9vel. DKIM, SPF \u00e9s DMARC tartalmazza. Ez az eszk\u00f6z\u2026 <a title=\"Mail Tester\" class=\"read-more\" href=\"https:\/\/vibetrace.com\/hu\/mail-tesztelo\/\" aria-label=\"Tov\u00e1bbi inform\u00e1ci\u00f3 a Mail Testerr\u0151l\"> <\/a><\/p>","protected":false},"author":9,"featured_media":0,"parent":0,"menu_order":0,"comment_status":"closed","ping_status":"closed","template":"","meta":{"inline_featured_image":false,"footnotes":""},"class_list":["post-26131","page","type-page","status-publish"],"_links":{"self":[{"href":"https:\/\/vibetrace.com\/hu\/wp-json\/wp\/v2\/pages\/26131","targetHints":{"allow":["GET"]}}],"collection":[{"href":"https:\/\/vibetrace.com\/hu\/wp-json\/wp\/v2\/pages"}],"about":[{"href":"https:\/\/vibetrace.com\/hu\/wp-json\/wp\/v2\/types\/page"}],"author":[{"embeddable":true,"href":"https:\/\/vibetrace.com\/hu\/wp-json\/wp\/v2\/users\/9"}],"replies":[{"embeddable":true,"href":"https:\/\/vibetrace.com\/hu\/wp-json\/wp\/v2\/comments?post=26131"}],"version-history":[{"count":3,"href":"https:\/\/vibetrace.com\/hu\/wp-json\/wp\/v2\/pages\/26131\/revisions"}],"predecessor-version":[{"id":26136,"href":"https:\/\/vibetrace.com\/hu\/wp-json\/wp\/v2\/pages\/26131\/revisions\/26136"}],"wp:attachment":[{"href":"https:\/\/vibetrace.com\/hu\/wp-json\/wp\/v2\/media?parent=26131"}],"curies":[{"name":"wp","href":"https:\/\/api.w.org\/{rel}","templated":true}]}}