{"id":25843,"date":"2024-03-26T11:44:13","date_gmt":"2024-03-26T11:44:13","guid":{"rendered":"https:\/\/vibetrace.com\/?page_id=25843"},"modified":"2024-03-26T11:45:34","modified_gmt":"2024-03-26T11:45:34","slug":"connected-media","status":"publish","type":"page","link":"https:\/\/vibetrace.com\/hu\/csatlakoztatott-media\/","title":{"rendered":"Csatlakoztatott m\u00e9dia"},"content":{"rendered":"<p>Az \u201e\u00f6sszekapcsolt m\u00e9dia\u201d a k\u00fcl\u00f6nf\u00e9le digit\u00e1lis csatorn\u00e1k \u00e9s eszk\u00f6z\u00f6k integr\u00e1ci\u00f3j\u00e1t jelenti, hogy z\u00f6kken\u0151mentes \u00e9s szem\u00e9lyre szabott \u00e9lm\u00e9nyt ny\u00fajtsanak a fogyaszt\u00f3knak. <\/p>\n\n\n\n<p>A marketing \u00e9s a rekl\u00e1m kontextus\u00e1ban az \u00f6sszekapcsolt m\u00e9dia jelent\u0151s lehet\u0151s\u00e9geket k\u00edn\u00e1l a m\u00e1rk\u00e1k sz\u00e1m\u00e1ra, hogy kapcsolatba l\u00e9pjenek c\u00e9lk\u00f6z\u00f6ns\u00e9g\u00fckkel t\u00f6bb \u00e9rintkez\u00e9si ponton, bele\u00e9rtve az okostelefonokat, t\u00e1blag\u00e9peket, asztali sz\u00e1m\u00edt\u00f3g\u00e9peket, okost\u00e9v\u00e9ket, hordhat\u00f3 eszk\u00f6z\u00f6ket stb. <\/p>\n\n\n\n<p>Egy olyan vil\u00e1gban, ahol a fogyaszt\u00f3k k\u00fcl\u00f6nf\u00e9le kommunik\u00e1ci\u00f3s csatorn\u00e1kat haszn\u00e1lnak, \u00d6nnek tudnia kell haszn\u00e1lni: e-mailt, sz\u00f6veget, webhelyet, whatsappot \u00e9s m\u00e9g mi hi\u00e1nyzik.<\/p>\n\n\n\n<p>Az \u00f6sszekapcsolt m\u00e9dia f\u0151bb jellemz\u0151i \u00e9s lehet\u0151s\u00e9gei a marketingben \u00e9s a rekl\u00e1moz\u00e1sban a k\u00f6vetkez\u0151k:<\/p>\n\n\n\n<ol class=\"wp-block-list\">\n<li><strong>T\u00f6bbcsatorn\u00e1s integr\u00e1ci\u00f3:<\/strong> Az \u00f6sszekapcsolt m\u00e9dia lehet\u0151v\u00e9 teszi a m\u00e1rk\u00e1k sz\u00e1m\u00e1ra, hogy integr\u00e1lj\u00e1k marketing er\u0151fesz\u00edt\u00e9seiket k\u00fcl\u00f6nb\u00f6z\u0151 csatorn\u00e1kon, p\u00e9ld\u00e1ul a k\u00f6z\u00f6ss\u00e9gi m\u00e9di\u00e1n, az e-mailen, a keres\u0151motorokon, a vizu\u00e1lis hirdet\u00e9seken \u00e9s a mobilalkalmaz\u00e1sokon kereszt\u00fcl. Ez az integr\u00e1ci\u00f3 \u00f6sszef\u00fcgg\u0151 \u00e9s konzisztens m\u00e1rka\u00e9lm\u00e9nyt tesz lehet\u0151v\u00e9 a fogyaszt\u00f3k sz\u00e1m\u00e1ra, mik\u00f6zben k\u00fcl\u00f6nb\u00f6z\u0151 platformokon interakci\u00f3ba l\u00e9pnek a m\u00e1rk\u00e1val.<\/li>\n\n\n\n<li><strong>Szem\u00e9lyre szab\u00e1s \u00e9s c\u00e9lz\u00e1s:<\/strong> A gazdag fogyaszt\u00f3i adatokhoz val\u00f3 hozz\u00e1f\u00e9r\u00e9snek \u00e9s a fejlett c\u00e9lz\u00e1si lehet\u0151s\u00e9geknek k\u00f6sz\u00f6nhet\u0151en a csatlakoztatott m\u00e9dia lehet\u0151v\u00e9 teszi a m\u00e1rk\u00e1k sz\u00e1m\u00e1ra, hogy szem\u00e9lyre szabott tartalmakat \u00e9s hirdet\u00e9seket biztos\u00edtsanak az egyes fogyaszt\u00f3k preferenci\u00e1ihoz, viselked\u00e9s\u00e9hez \u00e9s demogr\u00e1fiai adataihoz. Ez a szem\u00e9lyre szabott megk\u00f6zel\u00edt\u00e9s fokozza az elk\u00f6telezetts\u00e9get \u00e9s a marketing\u00fczenetek relevanci\u00e1j\u00e1t, ami magasabb konverzi\u00f3s ar\u00e1nyt \u00e9s ROI-t eredm\u00e9nyez.<\/li>\n\n\n\n<li><strong>Eszk\u00f6z\u00f6k k\u00f6z\u00f6tti k\u00f6vet\u00e9s:<\/strong> A csatlakoztatott m\u00e9dia lehet\u0151v\u00e9 teszi az eszk\u00f6z\u00f6k k\u00f6z\u00f6tti k\u00f6vet\u00e9st, lehet\u0151v\u00e9 t\u00e9ve a marketingesek sz\u00e1m\u00e1ra, hogy meg\u00e9rts\u00e9k, hogyan l\u00e9pnek kapcsolatba a fogyaszt\u00f3k a m\u00e1rk\u00e1jukkal a k\u00fcl\u00f6nb\u00f6z\u0151 eszk\u00f6z\u00f6k\u00f6n \u00e9s csatorn\u00e1kon kereszt\u00fcl. A fogyaszt\u00f3i magatart\u00e1s \u00e1tfog\u00f3 k\u00e9pe pontosabb hozz\u00e1rendel\u00e9si modellez\u00e9st \u00e9s a marketingkamp\u00e1nyok optimaliz\u00e1l\u00e1s\u00e1t teszi lehet\u0151v\u00e9 a hat\u00e9konys\u00e1g \u00e9s hat\u00e9konys\u00e1g maximaliz\u00e1l\u00e1sa \u00e9rdek\u00e9ben.<\/li>\n\n\n\n<li><strong>Val\u00f3s idej\u0171 kommunik\u00e1ci\u00f3:<\/strong> Az \u00f6sszekapcsolt m\u00e9dia lehet\u0151v\u00e9 teszi a val\u00f3s idej\u0171 kommunik\u00e1ci\u00f3t a m\u00e1rk\u00e1k \u00e9s a fogyaszt\u00f3k k\u00f6z\u00f6tt, lehet\u0151v\u00e9 t\u00e9ve az azonnali visszajelz\u00e9st, az \u00fcgyf\u00e9lszolg\u00e1latot \u00e9s az elk\u00f6telezetts\u00e9get. A m\u00e1rk\u00e1k a val\u00f3s idej\u0171 adatok felhaszn\u00e1l\u00e1s\u00e1val gyorsan v\u00e1laszolhatnak a fogyaszt\u00f3i k\u00e9rd\u00e9sekre, kezelhetik az agg\u00e1lyokat, \u00e9s kiakn\u00e1zhatj\u00e1k a piacon felmer\u00fcl\u0151 lehet\u0151s\u00e9geket.<\/li>\n\n\n\n<li><strong>Interakt\u00edv \u00e9lm\u00e9nyek:<\/strong> Az \u00f6sszekapcsolt m\u00e9dia lehet\u0151s\u00e9geket nyit az interakt\u00edv \u00e9s mag\u00e1val ragad\u00f3 \u00e9lm\u00e9nyekre, mint p\u00e9ld\u00e1ul a kiterjesztett val\u00f3s\u00e1g (AR), a virtu\u00e1lis val\u00f3s\u00e1g (VR), az \u00e9l\u0151 k\u00f6zvet\u00edt\u00e9s \u00e9s a j\u00e1t\u00e9km\u00f3d. Ezek az interakt\u00edv \u00e9lm\u00e9nyek leny\u0171g\u00f6zik a k\u00f6z\u00f6ns\u00e9get, \u00e9s elm\u00e9ly\u00edtik a m\u00e1rka elk\u00f6telezetts\u00e9g\u00e9t, el\u0151seg\u00edtve a m\u00e1rkah\u0171s\u00e9get \u00e9s \u00e9rdekk\u00e9pviseletet.<\/li>\n\n\n\n<li><strong>M\u00e9r\u00e9s \u00e9s elemz\u00e9s:<\/strong> A csatlakoztatott m\u00e9dia robusztus m\u00e9r\u00e9si \u00e9s elemz\u00e9si k\u00e9pess\u00e9geket biztos\u00edt, lehet\u0151v\u00e9 t\u00e9ve a marketingesek sz\u00e1m\u00e1ra, hogy val\u00f3s id\u0151ben nyomon k\u00f6vess\u00e9k \u00e9s elemezz\u00e9k kamp\u00e1nyaik teljes\u00edtm\u00e9ny\u00e9t. Az olyan mutat\u00f3k r\u00e9v\u00e9n, mint a megjelen\u00edt\u00e9sek, kattint\u00e1sok, konverzi\u00f3k \u00e9s elk\u00f6telez\u0151d\u00e9si ar\u00e1nyok, a m\u00e1rk\u00e1k \u00e9rt\u00e9kes betekint\u00e9st nyerhetnek marketingtev\u00e9kenys\u00e9geik hat\u00e9konys\u00e1g\u00e1ba, \u00e9s ennek megfelel\u0151en optimaliz\u00e1lhatj\u00e1k strat\u00e9gi\u00e1ikat.<\/li>\n<\/ol>","protected":false},"excerpt":{"rendered":"<p>A \u201ekapcsolt m\u00e9dia\u201d kifejez\u00e9s k\u00fcl\u00f6nf\u00e9le digit\u00e1lis csatorn\u00e1k \u00e9s eszk\u00f6z\u00f6k integr\u00e1ci\u00f3j\u00e1t jelenti a z\u00f6kken\u0151mentes \u2026 <a title=\"Csatlakoztatott m\u00e9dia\" class=\"read-more\" href=\"https:\/\/vibetrace.com\/hu\/csatlakoztatott-media\/\" aria-label=\"Tov\u00e1bbi inform\u00e1ci\u00f3 a csatlakoztatott m\u00e9di\u00e1r\u00f3l\"> <\/a><\/p>","protected":false},"author":9,"featured_media":0,"parent":0,"menu_order":0,"comment_status":"closed","ping_status":"closed","template":"","meta":{"inline_featured_image":false,"footnotes":""},"class_list":["post-25843","page","type-page","status-publish"],"_links":{"self":[{"href":"https:\/\/vibetrace.com\/hu\/wp-json\/wp\/v2\/pages\/25843","targetHints":{"allow":["GET"]}}],"collection":[{"href":"https:\/\/vibetrace.com\/hu\/wp-json\/wp\/v2\/pages"}],"about":[{"href":"https:\/\/vibetrace.com\/hu\/wp-json\/wp\/v2\/types\/page"}],"author":[{"embeddable":true,"href":"https:\/\/vibetrace.com\/hu\/wp-json\/wp\/v2\/users\/9"}],"replies":[{"embeddable":true,"href":"https:\/\/vibetrace.com\/hu\/wp-json\/wp\/v2\/comments?post=25843"}],"version-history":[{"count":3,"href":"https:\/\/vibetrace.com\/hu\/wp-json\/wp\/v2\/pages\/25843\/revisions"}],"predecessor-version":[{"id":25847,"href":"https:\/\/vibetrace.com\/hu\/wp-json\/wp\/v2\/pages\/25843\/revisions\/25847"}],"wp:attachment":[{"href":"https:\/\/vibetrace.com\/hu\/wp-json\/wp\/v2\/media?parent=25843"}],"curies":[{"name":"wp","href":"https:\/\/api.w.org\/{rel}","templated":true}]}}