{"id":25402,"date":"2024-02-21T09:20:10","date_gmt":"2024-02-21T09:20:10","guid":{"rendered":"https:\/\/vibetrace.com\/?page_id=25402"},"modified":"2024-02-21T10:14:33","modified_gmt":"2024-02-21T10:14:33","slug":"marketing-automation-roi-calculator","status":"publish","type":"page","link":"https:\/\/vibetrace.com\/hu\/marketing-automatizalasi-roi-kalkulator\/","title":{"rendered":"ROI kalkul\u00e1tor"},"content":{"rendered":"<p>\u00cdrja be sz\u00e1mait al\u00e1bb, \u00e9s megtudja, mennyi p\u00e9nzt hagy az asztalon Vibetrace n\u00e9lk\u00fcl<\/p>\n\n\n\n<style>\n.roi-pricing p.has-medium-font-size {margin-bottom:4px; margin-top:12px}\n.roi-pricing p.has-medium-font-size {margin-bottom:4px; margin-top:12px}\n<\/style>\n\n\n<div class=\"gb-container gb-container-ae3b4f52 roi-pricing\">\n<div class=\"gb-grid-wrapper gb-grid-wrapper-4307aaaf\">\n<div class=\"gb-grid-column gb-grid-column-8af595c2\"><div class=\"gb-container gb-container-8af595c2\">\n\n<p class=\"has-medium-font-size\" style=\"letter-spacing:0px\">A havi l\u00e1togat\u00f3k sz\u00e1ma<\/p>\n\n\n\n<input type=\"number\" min=\"0\" value=\"200000\" id=\"input_calc1\" class=\"input\" required=\"\">\n\n\n\n<p class=\"has-medium-font-size\">Megrendel\u00e9sek sz\u00e1ma havonta<\/p>\n\n\n\n<input type=\"number\" min=\"0\" value=\"1400\" id=\"input_calc2\" class=\"input\" required=\"\">\n\n\n\n<p class=\"has-medium-font-size\">\u00c1tlagos rendel\u00e9si \u00e9rt\u00e9k<\/p>\n\n\n\n<input type=\"number\" min=\"0\" value=\"220\" id=\"input_calc3\" class=\"input\" required=\"\">\n\n\n\n<p class=\"has-medium-font-size\">Vev\u0151 az \u00dcgyf\u00e9ld\u00edjhoz<\/p>\n\n\n\n<p class=\"has-small-font-size\">Ha nem rendelkezik adatokkal, hagyja \u00fcresen. <\/p>\n\n\n\n<input type=\"number\" min=\"0\" max=\"100\" step=\"0.1\" value=\"0.5\" id=\"input_calc4\" class=\"input\" required=\"\">\n\n\n\n<p class=\"has-medium-font-size\">\u00dcgyf\u00e9lmegtart\u00e1si ar\u00e1ny<\/p>\n\n\n\n<p class=\"has-small-font-size\">Ha nem rendelkezik adatokkal, hagyja \u00fcresen.<\/p>\n\n\n\n<input type=\"number\" min=\"0\" max=\"100\" step=\"1\" value=\"40\" id=\"input_calc5\" class=\"input\" required=\"\">\n\n\n\n<div style=\"height:50px\" aria-hidden=\"true\" class=\"wp-block-spacer\"><\/div>\n\n\n\n<div class=\"wp-block-buttons is-horizontal is-layout-flex wp-block-buttons-is-layout-flex\">\n<div class=\"wp-block-button\"><a class=\"wp-block-button__link wp-element-button\" href=\"javascript:calculateResult()\">Kisz\u00e1m\u00edtja<\/a><\/div>\n<\/div>\n\n<\/div><\/div>\n\n<div class=\"gb-grid-column gb-grid-column-e762286a\"><div class=\"gb-container gb-container-e762286a\">\n\n<p class=\"has-text-align-left has-medium-font-size\">Potenci\u00e1lis konverzi\u00f3s ar\u00e1ny a Vibetrace seg\u00edts\u00e9g\u00e9vel<\/p>\n\n\n\n<p class=\"gb-headline gb-headline-text\" id=\"result_html1\">1 <\/p>\n\n\n\n<p class=\"has-text-align-left has-medium-font-size\">Lehets\u00e9ges tov\u00e1bbi elad\u00e1sok<\/p>\n\n\n\n<p class=\"gb-headline gb-headline-text\" id=\"result_html2\">1 <\/p>\n\n\n\n<p class=\"has-text-align-left has-medium-font-size\">Potenci\u00e1lis AOV a Vibetrace-szel<\/p>\n\n\n\n<p class=\"gb-headline gb-headline-text\" id=\"result_html3\">1<\/p>\n\n\n\n<p class=\"has-text-align-left has-medium-font-size\">Lehets\u00e9ges \u00f3lom az \u00fcgyfelek ar\u00e1ny\u00e1hoz<\/p>\n\n\n\n<p class=\"has-text-align-left has-small-font-size\">A j\u00f3 potenci\u00e1lis \u00fcgyfelek ar\u00e1nya legal\u00e1bb 1% (az \u00e1tlag 2,5%)<\/p>\n\n\n\n<p class=\"gb-headline gb-headline-text\" id=\"result_html5\">1<\/p>\n\n\n\n<p class=\"has-text-align-left has-medium-font-size\">Potenci\u00e1lis \u00fcgyf\u00e9lmegtart\u00e1si ar\u00e1ny<\/p>\n\n\n\n<p class=\"has-text-align-left has-small-font-size\">A j\u00f3 \u00fcgyf\u00e9lmegtart\u00e1si ar\u00e1ny legal\u00e1bb 50%. (Az \u00e1tlag 60%)<\/p>\n\n\n\n<p class=\"gb-headline gb-headline-text\" id=\"result_html6\">1<\/p>\n\n\n\n<p class=\"has-text-align-left has-medium-font-size\">Becs\u00fclt havi el\u0151fizet\u00e9si k\u00f6lts\u00e9g<\/p>\n\n\n\n<p class=\"gb-headline gb-headline-text\" id=\"result_html7\">1<\/p>\n\n\n\n<p class=\"has-text-align-left has-medium-font-size\">Becs\u00fclt ROI<\/p>\n\n\n\n<p class=\"gb-headline gb-headline-text\" id=\"result_html8\">1<\/p>\n\n\n\n<script>\n      function calculateResult() {\nvar calc1 = document.getElementById('input_calc1').value;\nvar calc2 = document.getElementById('input_calc2').value;\nvar calc3 = document.getElementById('input_calc3').value;\nvar calc4 = document.getElementById('input_calc4').value;\nvar calc5 = document.getElementById('input_calc5').value;\n        \nvar result1=((calc2 \/ calc1) * 100);\nresult1 = result1*1.08;\n\/\/conversio rate\ndocument.getElementById('result_html1').innerHTML = result1.toFixed(2) + '%';\n\n\/\/aov\nvar result3=(calc3 * 1.14);\ndocument.getElementById('result_html3').innerHTML = result3.toFixed(2) + '';\n\/\/ additional sales\nresult2 = calc2*1.08 - calc2;\ndocument.getElementById('result_html2').innerHTML = result2 + '  = [$' + result3 * result2  + \"]\";\n\/\/lead to customer\nvar result5 = 2.5;\nif (calc4 > 2 && calc4<4) {\nresult5 = calc4*1.2\n}\nif (calc4 <= 2.5) {\nresult5 = calc4*1.4\n}\nif (calc4 > 4) {\nresult5 = calc4*1.06\n}\nif (result5<1) {result5 = 1}\ndocument.getElementById('result_html5').innerHTML = result5.toFixed(2) + '%';\nvar result6 = 55;\nif (calc5 > 50 && calc5<65) {\nresult6 = calc5*1.15\n}\nif (calc5 <= 50) {\nresult6 = calc5*1.3\n}\nif (calc4 > 70) {\nresult6 = calc5*1.08\n}\ndocument.getElementById('result_html6').innerHTML = result6.toFixed(2) + '%';\n\/\/costs\nresult7 = (calc1\/1000 * 6 + 15)\ndocument.getElementById('result_html7').innerHTML = \"$\" \n+ result7.toFixed(2) + '';\n\/\/ ROI\nvar result8 = (result3 * result2 ) - result7;\ndocument.getElementById('result_html8').innerHTML = \"$\" \n+ result8.toFixed(2) + '';\n\n      }\n    <\/script>\n\n<\/div><\/div>\n<\/div>\n\n\n<p><\/p>\n\n\n\n<p class=\"has-text-align-center has-medium-font-size\"> A befektet\u00e9s megt\u00e9r\u00fcl\u00e9se Eredm\u00e9nyek<\/p>\n\n\n\n<p>A k\u00f6vetkez\u0151 t\u00e1bl\u00e1zat a Vibetrace szolg\u00e1ltat\u00e1ssal el\u00e9rt hozamok becsl\u00e9se. \u00c9rdemes megeml\u00edteni, hogy ez egy magas szint\u0171 becsl\u00e9s, \u00e9s hat\u00e1ssal lehet r\u00e1 az \u00d6n egyedi \u00fczleti ig\u00e9nyei \u00e9s a jelenlegi helyzet.<\/p>\n\n\n\n<p><\/p>\n\n<\/div>\n\n\n<div style=\"height:100px\" aria-hidden=\"true\" class=\"wp-block-spacer\"><\/div>\n\n\n\n<p><\/p>\n\n\n\n<h2 class=\"wp-block-heading\">Marketing Automation ROI kalkul\u00e1tor<\/h2>\n\n\n\n<p>Marketingautomatiz\u00e1l\u00e1si ROI-kalkul\u00e1torunk c\u00e9lja, hogy p\u00e9nz\u00fcgyi hat\u00e1s\u00e1nak sz\u00e1mszer\u0171s\u00edt\u00e9s\u00e9vel seg\u00edtse a megalapozott d\u00f6nt\u00e9seket a marketingautomatiz\u00e1l\u00e1si technol\u00f3gi\u00e1ba t\u00f6rt\u00e9n\u0151 befektet\u00e9ssel kapcsolatban. <\/p>\n\n\n\n<p>Fontos azonban eml\u00e9kezni arra, hogy a marketingautomatiz\u00e1l\u00e1s val\u00f3di \u00e9rt\u00e9ke mag\u00e1ban foglalhat olyan megfoghatatlan el\u0151ny\u00f6ket is, mint p\u00e9ld\u00e1ul a jobb \u00fcgyf\u00e9l\u00e9lm\u00e9ny \u00e9s a m\u00e1rka\u00e9rz\u00e9kel\u00e9s, amelyek nem felt\u00e9tlen\u00fcl szerepelnek k\u00f6zvetlen\u00fcl a ROI-sz\u00e1m\u00edt\u00e1sban.<\/p>\n\n\n<div id=\"rank-math-faq\" class=\"rank-math-block\">\n<div class=\"rank-math-list\">\n<div id=\"faq-question-1708503817003\" class=\"rank-math-list-item\">\n<h3 class=\"rank-math-question\">Milyen k\u00f6lts\u00e9gekkel kell sz\u00e1molnom a Vibetrace \u00e9rt\u00e9kel\u00e9s\u00e9n\u00e9l?<\/h3>\n<div class=\"rank-math-answer\">\n\n<p>Bemeneti k\u00f6lts\u00e9gek<br \/><strong>Szoftver k\u00f6lts\u00e9gek:<\/strong> A marketingautomatiz\u00e1l\u00e1si platform havi vagy \u00e9ves el\u0151fizet\u00e9si d\u00edjai.<br \/><strong>Megval\u00f3s\u00edt\u00e1si k\u00f6lts\u00e9gek:<\/strong> A marketing automatiz\u00e1l\u00e1si rendszer be\u00e1ll\u00edt\u00e1s\u00e1val kapcsolatos egyszeri k\u00f6lts\u00e9gek, amelyek magukban foglalhatj\u00e1k a szoftver testreszab\u00e1s\u00e1t, integr\u00e1ci\u00f3j\u00e1t \u00e9s a szem\u00e9lyzet k\u00e9pz\u00e9s\u00e9t.<br \/><strong>M\u0171k\u00f6d\u00e9si k\u00f6lts\u00e9gek:<\/strong> Folyamatos k\u00f6lts\u00e9gek, p\u00e9ld\u00e1ul a marketingautomatiz\u00e1l\u00e1si folyamatok kezel\u00e9s\u00e9hez sz\u00fcks\u00e9ges tov\u00e1bbi szem\u00e9lyzet vagy tan\u00e1csad\u00f3k.<\/p>\n\n<\/div>\n<\/div>\n<div id=\"faq-question-1708503839701\" class=\"rank-math-list-item\">\n<h3 class=\"rank-math-question\">Milyen bev\u00e9teln\u00f6veked\u00e9st vegyek figyelembe<\/h3>\n<div class=\"rank-math-answer\">\n\n<p>A t\u00f6bb bev\u00e9telt a bev\u00e9teln\u00f6veked\u00e9s vagy a k\u00f6lts\u00e9gmegtakar\u00edt\u00e1s hat\u00e1rozhatja meg<\/p>\n<p><strong>Megn\u00f6vekedett potenci\u00e1lis \u00fcgyfelek gener\u00e1l\u00e1sa:<\/strong> Becs\u00fclje meg a potenci\u00e1lis \u00fcgyfelek sz\u00e1m\u00e1nak n\u00f6veked\u00e9s\u00e9t a hat\u00e9konyabb marketingkamp\u00e1nyok miatt.<br \/><strong>Jav\u00edtott konverzi\u00f3s ar\u00e1ny:<\/strong> A konverzi\u00f3s ar\u00e1nyok n\u00f6veked\u00e9se a potenci\u00e1lis \u00fcgyfelekkel val\u00f3 szem\u00e9lyre szabottabb \u00e9s id\u0151ben t\u00f6rt\u00e9n\u0151 kapcsolattart\u00e1s eredm\u00e9nyek\u00e9nt.<br \/><strong>Hat\u00e9konys\u00e1gn\u00f6veked\u00e9s:<\/strong> K\u00f6lts\u00e9gmegtakar\u00edt\u00e1s a kevesebb k\u00e9zi feladatb\u00f3l \u00e9s a hat\u00e9konyabb marketingfolyamatokb\u00f3l.<br \/><strong>\u00dcgyf\u00e9lmegtart\u00e1s:<\/strong> A szem\u00e9lyre szabott \u00fcgyf\u00e9l-elk\u00f6telez\u0151d\u00e9s \u00e1ltal vez\u00e9relt jobb \u00fcgyf\u00e9lmegtart\u00e1s \u00e9s h\u0171s\u00e9g p\u00e9nz\u00fcgyi hat\u00e1sa.<\/p>\n\n<\/div>\n<\/div>\n<div id=\"faq-question-1708503897183\" class=\"rank-math-list-item\">\n<h3 class=\"rank-math-question\">Mi az a ROI Formula?<\/h3>\n<div class=\"rank-math-answer\">\n\n<p>A megt\u00e9r\u00fcl\u00e9st a p\u00e9nz\u00fcgyi nyeres\u00e9g \u00e9s a k\u00f6lts\u00e9gek \u00f6sszehasonl\u00edt\u00e1s\u00e1val sz\u00e1m\u00edtj\u00e1k ki. A ROI alapk\u00e9plete a k\u00f6vetkez\u0151:<br \/>ROI = ((\u00d6sszes nyeres\u00e9g \u2212 Teljes k\u00f6lts\u00e9g) \/ Teljes k\u00f6lts\u00e9g ) \u00d7 100<\/p>\n\n<\/div>\n<\/div>\n<div id=\"faq-question-1708503989234\" class=\"rank-math-list-item\">\n<h3 class=\"rank-math-question\">Egy\u00e9b megfontol\u00e1sok<\/h3>\n<div class=\"rank-math-answer\">\n\n<p><strong>Id\u0151szak:<\/strong> A sz\u00e1mol\u00f3g\u00e9p lehet\u0151v\u00e9 teheti egy olyan id\u0151tartam megad\u00e1s\u00e1t, amelyen bel\u00fcl a ROI m\u00e9rhet\u0151, p\u00e9ld\u00e1ul egy \u00e9v, hogy figyelembe vegy\u00e9k azt a t\u00e9nyt, hogy a marketingautomatiz\u00e1l\u00e1sb\u00f3l sz\u00e1rmaz\u00f3 el\u0151ny\u00f6k id\u0151vel felhalmoz\u00f3dnak.<br \/><strong>Egy\u00e9ni mutat\u00f3k:<\/strong> Egyes sz\u00e1mol\u00f3g\u00e9pek lehet\u0151v\u00e9 teszik az \u00d6n v\u00e1llalkoz\u00e1s\u00e1nak vagy ipar\u00e1g\u00e1nak megfelel\u0151 egy\u00e9ni mutat\u00f3k hozz\u00e1ad\u00e1s\u00e1t, \u00edgy szem\u00e9lyre szabottabb ROI-becsl\u00e9st k\u00edn\u00e1lnak.<br \/><strong>A bemenetek pontoss\u00e1ga:<\/strong> A ROI sz\u00e1m\u00edt\u00e1s megb\u00edzhat\u00f3s\u00e1ga nagym\u00e9rt\u00e9kben f\u00fcgg a bemeneti adatok pontoss\u00e1g\u00e1t\u00f3l. A becsl\u00e9seknek a lehet\u0151 legre\u00e1lisabbnak kell lenni\u00fck.<br \/><strong>Benchmarking:<\/strong> Hasznos lehet a kisz\u00e1m\u00edtott ROI \u00f6sszehasonl\u00edt\u00e1sa az ipar\u00e1gi referencia\u00e9rt\u00e9kekkel vagy a kor\u00e1bbi teljes\u00edtm\u00e9nymutat\u00f3kkal a marketingautomatiz\u00e1l\u00e1si beruh\u00e1z\u00e1s hat\u00e9konys\u00e1g\u00e1nak felm\u00e9r\u00e9se \u00e9rdek\u00e9ben.<\/p>\n\n<\/div>\n<\/div>\n<div id=\"faq-question-1708506492488\" class=\"rank-math-list-item\">\n<h3 class=\"rank-math-question\">Hol tal\u00e1lok t\u00f6bbet az eml\u00edtett m\u00e9r\u0151sz\u00e1mokr\u00f3l?<\/h3>\n<div class=\"rank-math-answer\">\n\n<p>Ha t\u00f6bbet szeretne megtudni a mutat\u00f3k kisz\u00e1m\u00edt\u00e1s\u00e1r\u00f3l, olvassa el erre a c\u00e9lra szolg\u00e1l\u00f3 oldalainkat:<br \/><a href=\"https:\/\/vibetrace.com\/hu\/lead-ugyfel-aranya\/\">Vev\u0151ar\u00e1ny<\/a> <\/p>\n\n<\/div>\n<\/div>\n<\/div>\n<\/div>","protected":false},"excerpt":{"rendered":"<p>\u00cdrja be a sz\u00e1mait al\u00e1bb, \u00e9s megtudja, mennyi p\u00e9nzt hagy az asztalon an\u00e9lk\u00fcl, hogy\u2026 <a title=\"ROI kalkul\u00e1tor\" class=\"read-more\" href=\"https:\/\/vibetrace.com\/hu\/marketing-automatizalasi-roi-kalkulator\/\" aria-label=\"Tov\u00e1bbi inform\u00e1ci\u00f3 a ROI kalkul\u00e1torr\u00f3l\"> <\/a><\/p>","protected":false},"author":9,"featured_media":0,"parent":0,"menu_order":0,"comment_status":"closed","ping_status":"closed","template":"","meta":{"inline_featured_image":false,"footnotes":""},"class_list":["post-25402","page","type-page","status-publish"],"_links":{"self":[{"href":"https:\/\/vibetrace.com\/hu\/wp-json\/wp\/v2\/pages\/25402","targetHints":{"allow":["GET"]}}],"collection":[{"href":"https:\/\/vibetrace.com\/hu\/wp-json\/wp\/v2\/pages"}],"about":[{"href":"https:\/\/vibetrace.com\/hu\/wp-json\/wp\/v2\/types\/page"}],"author":[{"embeddable":true,"href":"https:\/\/vibetrace.com\/hu\/wp-json\/wp\/v2\/users\/9"}],"replies":[{"embeddable":true,"href":"https:\/\/vibetrace.com\/hu\/wp-json\/wp\/v2\/comments?post=25402"}],"version-history":[{"count":54,"href":"https:\/\/vibetrace.com\/hu\/wp-json\/wp\/v2\/pages\/25402\/revisions"}],"predecessor-version":[{"id":25469,"href":"https:\/\/vibetrace.com\/hu\/wp-json\/wp\/v2\/pages\/25402\/revisions\/25469"}],"wp:attachment":[{"href":"https:\/\/vibetrace.com\/hu\/wp-json\/wp\/v2\/media?parent=25402"}],"curies":[{"name":"wp","href":"https:\/\/api.w.org\/{rel}","templated":true}]}}