{"id":20297,"date":"2023-03-18T06:39:23","date_gmt":"2023-03-18T06:39:23","guid":{"rendered":"https:\/\/vibetrace.com\/?page_id=20297"},"modified":"2023-03-22T13:48:29","modified_gmt":"2023-03-22T13:48:29","slug":"lp-white-label-agencies2","status":"publish","type":"page","link":"https:\/\/vibetrace.com\/hu\/lp-feher-cimkeugynoksegek2\/","title":{"rendered":"White Label megold\u00e1s \u00fcgyn\u00f6ks\u00e9gek sz\u00e1m\u00e1ra"},"content":{"rendered":"<p><img decoding=\"async\" src=\"https:\/\/vibetrace.com\/wp-content\/uploads\/2023\/02\/logo_vibetrace_white@3x-300x65.png\" title=\"\" alt=\"\" loading=\"lazy\"><\/p>\n<h2>Saj\u00e1t m\u00e1rk\u00e1s Omni-Channel Marketing Platform!<\/h2>\n<p>E-mail marketing, SMS, fizetett hirdet\u00e9sek, felm\u00e9r\u00e9sek \u00e9s elemz\u00e9sek \u2013 szinkroniz\u00e1lja marketingj\u00e9t egyetlen hat\u00e9kony, enged\u00e9lyez\u0151list\u00e1n szerepl\u0151 platformmal!<\/p>\n<h2>Rendeljen egy \u00e9l\u0151 bemutat\u00f3t m\u00e9g ma!<\/h2>\n<style>\n.lp-input-container input.wp-lp-input {width:100%}<br \/>.lp-input-container {margin:10px 0}<br \/><\/style>\n<form id=\"demo_list_form\" action=\"https:\/\/pages.vtcdn.net\/lists\/213\/2693\/7ZPO5yLnxNeP\/subscribe\" method=\"POST\" target=\"_blank\" data-trp-original-action=\"https:\/\/pages.vtcdn.net\/lists\/213\/2693\/7ZPO5yLnxNeP\/subscribe\">\n<input name=\"name\" required=\"\" type=\"text\" placeholder=\"A neved *\"><br \/>\n<input name=\"email\" required=\"\" type=\"text\" placeholder=\"Az email c\u00edmed *\"><br \/>\n<input name=\"tel\" type=\"text\" placeholder=\"Telefonsz\u00e1m\"><br \/>\n<input name=\"source\" type=\"hidden\" value=\"lp_agency\"><br \/>\n<input style=\"display: none;\" name=\"__em\" type=\"text\" value=\"\"><br \/>\n<input style=\"display: none;\" name=\"__name\" type=\"text\" value=\"\"><br \/>\n<button>N\u00e9zze meg m\u0171k\u00f6d\u00e9s k\u00f6zben<\/button><br \/>\n<input type=\"hidden\" name=\"trp-form-language\" value=\"hu\"\/><\/form>\n<p>* Hagyja meg adatait \u00e9s mi felvessz\u00fck \u00d6nnel a kapcsolatot!<\/p>\n<h2>T\u00f6bb mint 100 m\u00e1rka megb\u00edzhat\u00f3<\/h2>\n<p>\u201eV\u00e1ltottunk a Vibetrace-re a Klaviyo-t\u00f3l, \u00e9s jobb eredm\u00e9nyeket \u00e9rt\u00fcnk el az integr\u00e1lt marketing megk\u00f6zel\u00edt\u00e9ssel\u201d<br \/>\n<img decoding=\"async\" width=\"608\" height=\"612\" src=\"https:\/\/vibetrace.com\/wp-content\/uploads\/2023\/03\/Screenshot-2023-03-18-at-10.24.03-AM.png\" alt=\"\" loading=\"lazy\"><br \/>\nAlina, kap MARA<br \/>\nTev\u00e9kenys\u00e9gek<br \/>\n<i>\ue934<\/i><i>\ue934<\/i><i>\ue934<\/i><i>\ue934<\/i><i>\ue934<\/i> 5\/5<br \/>\n\u201eV\u00e1ltottunk a Vibetrace-re a Klaviyo-t\u00f3l, \u00e9s az integr\u00e1lt marketing megk\u00f6zel\u00edt\u00e9ssel jobb eredm\u00e9nyeket \u00e9r\u00fcnk el.\u201d \u00dcgyfeleink sokkal jobban \u00e9rt\u00e9kelnek minket, \u00e9s nem vesz\u00edtett\u00fcnk el m\u00e1s \u00fcgyfelet sem, mert egy szabad\u00fasz\u00f3val \u201eolcs\u00f3bban kapj\u00e1k meg\u201d.<br \/>\nEzenk\u00edv\u00fcl a feh\u00e9r c\u00edmk\u00e9s szolg\u00e1ltat\u00e1sok seg\u00edtettek abban, hogy a m\u00e1sodik napon extra bev\u00e9telt szerezz\u00fcnk.\u201d<br \/>\n<img decoding=\"async\" src=\"https:\/\/vibetrace.com\/wp-content\/uploads\/2023\/02\/image-69.png\" title=\"\" alt=\"\" loading=\"lazy\"><br \/>\nMike, VebaMarketing<br \/>\nAlap\u00edt\u00f3<br \/>\n<i>\ue934<\/i><i>\ue934<\/i><i>\ue934<\/i><i>\ue934<\/i><i>\ue934<\/i> 5\/5<\/p>\n<h2>Legyen p\u00f3tolhatatlan.<br \/>\nSaj\u00e1t m\u00e1rk\u00e1s megold\u00e1ssal.<\/h2>\n<p>T\u00fal sok eszk\u00f6z nehez\u00edti az \u00e9let\u00e9t? Haszn\u00e1lja a Vibetrace-t egyablakos marketingmegold\u00e1sk\u00e9nt.<\/p>\n<p><img decoding=\"async\" width=\"1024\" height=\"1024\" src=\"https:\/\/vibetrace.com\/wp-content\/uploads\/2022\/05\/Whitelabel-for-Agencies-Hero-2.svg\" alt=\"Klaviyo Alternat\u00edva\" loading=\"lazy\"><\/p>\n<h2>Haszn\u00e1lja a Vibetrace-t egyablakos marketingmegold\u00e1sk\u00e9nt.<\/h2>\n<ul>\n<li>\n\t\t\t\t\t\t\t\t\t\tT\u0171nj\u00f6n ki az \u201e\u00e9n is\u201d \u00fcgyn\u00f6ks\u00e9gek \u00f3ce\u00e1nj\u00e1b\u00f3l.<\/li>\n<li>\n\t\t\t\t\t\t\t\t\t\tAz \u00fcgyfelek tov\u00e1bb maradnak \u00d6nnel, mert szeretik a platformj\u00e1t.<\/li>\n<li>\n\t\t\t\t\t\t\t\t\t\tA magas LTV lehet\u0151v\u00e9 teszi a legmagasabb szint\u0171 szolg\u00e1ltat\u00e1s ny\u00fajt\u00e1s\u00e1t.<\/li>\n<\/ul>\n<p><a href=\"#\" role=\"button\"><br \/>\nN\u00e9zze meg m\u0171k\u00f6d\u00e9s k\u00f6zben<br \/>\n<\/a><\/p>\n<h2>Omni Channel Marketing, egyszer\u0171en<\/h2>\n<h3>\n\t\t\t\t\t\tE-mail marketing \u00e9s automatiz\u00e1l\u00e1si folyamatok<\/h3>\n<p>\u00dcdv\u00f6z\u00f6lj\u00fck az \u00e1raml\u00e1sokat, a szekvenci\u00e1k \u00e1pol\u00e1s\u00e1t, az elad\u00e1sok elhagy\u00e1sa a kos\u00e1rfolyamokat \u00e9s m\u00e9g sok m\u00e1s! \u00c1ll\u00edtson be egy\u00e9ni aktiv\u00e1l\u00e1si szab\u00e1lyokat a kamp\u00e1ny ROI-j\u00e1nak n\u00f6vel\u00e9se \u00e9rdek\u00e9ben.<\/p>\n<h3>\n\t\t\t\t\t\tSMS \u00e9s web Push<\/h3>\n<p>Vonja be \u00fcgyfeleit, \u00e9s ford\u00edtsa figyelm\u00fcket<br \/>\na ROI-ba.<\/p>\n<h3>\n\t\t\t\t\t\tSpeci\u00e1lis szem\u00e9lyre szab\u00e1s<\/h3>\n<p>Haszn\u00e1ld a mesters\u00e9ges intelligencia erej\u00e9t, hogy eltal\u00e1ld a megfelel\u0151 akkordot!<br \/>\nTerm\u00e9kek aj\u00e1nl\u00e1sa a felhaszn\u00e1l\u00f3i viselked\u00e9s alapj\u00e1n.<\/p>\n<h3>\n\t\t\t\t\t\tWebhely el\u0151ugr\u00f3 ablakok<\/h3>\n<p>Minden l\u00e1togat\u00f3 sz\u00e1m\u00edt. Haszn\u00e1ljon felugr\u00f3 ablakokat izgalmas aj\u00e1nlatok n\u00e9pszer\u0171s\u00edt\u00e9s\u00e9hez<br \/>\n\u00e9s a l\u00e1togat\u00f3kat potenci\u00e1lis \u00fcgyfelekk\u00e9 vagy \u00fcgyfelekk\u00e9 alak\u00edthatja.<\/p>\n<h3>\n\t\t\t\t\t\tSzavaz\u00e1sok \u00e9s felm\u00e9r\u00e9sek<\/h3>\n<p>Hallgassa meg \u00fcgyfelei visszajelz\u00e9seit k\u00f6zv\u00e9lem\u00e9ny-kutat\u00e1sokkal \u00e9s felm\u00e9r\u00e9sekkel.<br \/>\nN\u00f6velje ROI-j\u00e1t kiv\u00e1l\u00f3 min\u0151s\u00e9g\u0171 adatokkal.<\/p>\n<h3>\n\t\t\t\t\t\tFacebook Rekl\u00e1m<\/h3>\n<p>M\u00e9retezze a kamp\u00e1nyokat a Holdra fizetett hirdet\u00e9sekkel. Haszn\u00e1lja ki a hat\u00e9kony c\u00e9lz\u00e1st<br \/>\nhogy bevonja a nem tudatos kil\u00e1t\u00e1sokat.<\/p>\n<h3>\n\t\t\t\t\t\tVal\u00f3s idej\u0171 jelent\u00e9sek<\/h3>\n<p>A be\u00e9p\u00edtett jelent\u00e9sek megk\u00f6nny\u00edtik a nyomon k\u00f6vet\u00e9st<br \/>\n\u00e9s elemezze a kamp\u00e1ny teljes\u00edtm\u00e9ny\u00e9t.<\/p>\n<h3>\n\t\t\t\t\t\tM\u00e1rka\u00e9p\u00edt\u00e9s<\/h3>\n<p>Adjon hozz\u00e1 m\u00e1rk\u00e1s URL-eket \u00e9s egy\u00e9ni m\u00e1rkajelz\u00e9st<br \/>\nmarketingkommunik\u00e1ci\u00f3j\u00e1t.<\/p>\n<h2>Z\u00f6kken\u0151mentes adatintegr\u00e1ci\u00f3<\/h2>\n<p>Mondjon b\u00facs\u00fat a neh\u00e9zkes m\u0171szerfalaknak!<\/p>\n<p>Legyen sz\u00f3 term\u00e9kr\u0151l, felhaszn\u00e1l\u00f3r\u00f3l, rendel\u00e9sr\u0151l vagy viselked\u00e9si adatokr\u00f3l, mindezt egyetlen adatb\u00e1zisban tartsa, \u00e9s m\u00e1sodpercek alatt csatlakoztassa kamp\u00e1nyaihoz.<\/p>\n<p><img decoding=\"async\" width=\"934\" height=\"416\" src=\"https:\/\/vibetrace.com\/wp-content\/uploads\/2023\/03\/Imagereporting-tool-white-label-automation.png\" alt=\"\" loading=\"lazy\" srcset=\"https:\/\/vibetrace.com\/wp-content\/uploads\/2023\/03\/Imagereporting-tool-white-label-automation.png 934w, https:\/\/vibetrace.com\/wp-content\/uploads\/2023\/03\/Imagereporting-tool-white-label-automation-300x134.png 300w, https:\/\/vibetrace.com\/wp-content\/uploads\/2023\/03\/Imagereporting-tool-white-label-automation-768x342.png 768w, https:\/\/vibetrace.com\/wp-content\/uploads\/2023\/03\/Imagereporting-tool-white-label-automation-18x8.png 18w\" sizes=\"auto, (max-width: 934px) 100vw, 934px\"><\/p>\n<h2>K\u00e9szen \u00e1ll a versenyel\u0151ny megszerz\u00e9s\u00e9re?<\/h2>\n<p>Tekintse meg a Vibetrace-t m\u0171k\u00f6d\u00e9s k\u00f6zben. Ismerje meg, hogyan emelheti \u00fcgyfelei kamp\u00e1nyait a k\u00f6vetkez\u0151 szintre.<\/p>\n<p><a href=\"#\" role=\"button\"><br \/>\nN\u00e9zze meg m\u0171k\u00f6d\u00e9s k\u00f6zben<br \/>\n<\/a><\/p>\n<p>2023 \u2013 Vibetrace \u2013 Z\u00fcrich Sv\u00e1jc<\/p>\n<p>White Label megold\u00e1sunk jelenleg az 500 legjobb online kiskeresked\u0151 \u00e9s e-kereskedelmi webhely k\u00f6z\u00fcl sok m\u0171k\u00f6dik. A Vibetrace egy term\u00e9kv\u00e1llalat, amely \u00fcgyn\u00f6ks\u00e9gekre \u00e9s nagym\u00e9ret\u0171 \u00fcgyfelekre \u00f6sszpontos\u00edt.<\/p>","protected":false},"excerpt":{"rendered":"<p>Saj\u00e1t m\u00e1rk\u00e1s, t\u00f6bbcsatorn\u00e1s marketingplatformod! E-mail marketing, SMS, fizetett hirdet\u00e9sek, felm\u00e9r\u00e9sek \u00e9s elemz\u00e9sek \u2013 \u2026 <a title=\"White Label megold\u00e1s \u00fcgyn\u00f6ks\u00e9gek sz\u00e1m\u00e1ra\" class=\"read-more\" href=\"https:\/\/vibetrace.com\/hu\/lp-feher-cimkeugynoksegek2\/\" aria-label=\"Tudjon meg t\u00f6bbet az \u00fcgyn\u00f6ks\u00e9geknek sz\u00e1nt White Label megold\u00e1sokr\u00f3l\"> <\/a><\/p>","protected":false},"author":9,"featured_media":0,"parent":0,"menu_order":0,"comment_status":"closed","ping_status":"closed","template":"","meta":{"inline_featured_image":false,"footnotes":""},"class_list":["post-20297","page","type-page","status-publish"],"_links":{"self":[{"href":"https:\/\/vibetrace.com\/hu\/wp-json\/wp\/v2\/pages\/20297","targetHints":{"allow":["GET"]}}],"collection":[{"href":"https:\/\/vibetrace.com\/hu\/wp-json\/wp\/v2\/pages"}],"about":[{"href":"https:\/\/vibetrace.com\/hu\/wp-json\/wp\/v2\/types\/page"}],"author":[{"embeddable":true,"href":"https:\/\/vibetrace.com\/hu\/wp-json\/wp\/v2\/users\/9"}],"replies":[{"embeddable":true,"href":"https:\/\/vibetrace.com\/hu\/wp-json\/wp\/v2\/comments?post=20297"}],"version-history":[{"count":0,"href":"https:\/\/vibetrace.com\/hu\/wp-json\/wp\/v2\/pages\/20297\/revisions"}],"wp:attachment":[{"href":"https:\/\/vibetrace.com\/hu\/wp-json\/wp\/v2\/media?parent=20297"}],"curies":[{"name":"wp","href":"https:\/\/api.w.org\/{rel}","templated":true}]}}