{"id":19301,"date":"2023-02-20T18:22:27","date_gmt":"2023-02-20T18:22:27","guid":{"rendered":"https:\/\/vibetrace.com\/?page_id=19301"},"modified":"2023-03-22T13:50:29","modified_gmt":"2023-03-22T13:50:29","slug":"lp-white-label-agencies","status":"publish","type":"page","link":"https:\/\/vibetrace.com\/hu\/lp-feher-cimke-ugynoksegek\/","title":{"rendered":"LP White Label Agencies"},"content":{"rendered":"<div class=\"gb-container gb-container-dbaba807\"><div class=\"gb-inside-container\">\n<div class=\"gb-container gb-container-aca22789\"><div class=\"gb-inside-container\">\n<div class=\"gb-grid-wrapper gb-grid-wrapper-3fbb2bd4\">\n<div class=\"gb-grid-column gb-grid-column-eb5d4634\"><div class=\"gb-container gb-container-eb5d4634\"><div class=\"gb-inside-container\">\n\n<figure class=\"wp-block-image size-large is-resized\"><a href=\"https:\/\/vibetrace.com\/hu\/\"><img loading=\"lazy\" decoding=\"async\" src=\"https:\/\/vibetrace.com\/wp-content\/uploads\/2023\/02\/logo_vibetrace_white@3x-1024x221.png\" alt=\"\" class=\"wp-image-19377\" width=\"228\" height=\"49\" srcset=\"https:\/\/vibetrace.com\/wp-content\/uploads\/2023\/02\/logo_vibetrace_white@3x-1024x221.png 1024w, https:\/\/vibetrace.com\/wp-content\/uploads\/2023\/02\/logo_vibetrace_white@3x-300x65.png 300w, https:\/\/vibetrace.com\/wp-content\/uploads\/2023\/02\/logo_vibetrace_white@3x-768x166.png 768w, https:\/\/vibetrace.com\/wp-content\/uploads\/2023\/02\/logo_vibetrace_white@3x-1536x332.png 1536w, https:\/\/vibetrace.com\/wp-content\/uploads\/2023\/02\/logo_vibetrace_white@3x-2048x442.png 2048w, https:\/\/vibetrace.com\/wp-content\/uploads\/2023\/02\/logo_vibetrace_white@3x-18x4.png 18w\" sizes=\"auto, (max-width: 228px) 100vw, 228px\" \/><\/a><\/figure>\n\n<\/div><\/div><\/div>\n\n<div class=\"gb-grid-column gb-grid-column-e40872a1\"><div class=\"gb-container gb-container-e40872a1\"><div class=\"gb-inside-container\"><\/div><\/div><\/div>\n<\/div>\n<\/div><\/div>\n\n<div class=\"gb-container gb-container-e28b46d5\"><div class=\"gb-inside-container\">\n<div class=\"gb-grid-wrapper gb-grid-wrapper-e86a6f43\">\n<div class=\"gb-grid-column gb-grid-column-e51f5970\"><div class=\"gb-container gb-container-e51f5970\"><div class=\"gb-inside-container\">\n\n<h2 class=\"gb-headline gb-headline-e5abb250 gb-headline-text\">N\u00f6velje bev\u00e9teleit az\u00e1ltal, hogy hosszabb ideig megtartja \u00fcgyfeleit<\/h2>\n\n\n\n<p class=\"has-base-3-color has-text-color\">Legyen saj\u00e1t <strong>komplett white label marketing automatiz\u00e1l\u00e1si szoftver<\/strong> az \u00fcgyn\u00f6ks\u00e9g \u00fcgyfelei sz\u00e1m\u00e1ra.<\/p>\n\n\n\n<p class=\"has-base-3-color has-text-color\">Tartson meg t\u00f6bb \u00fcgyfelet, \u00e9s vegye fel \u0151ket a megtart\u00e1s \u00e9s az \u00e9lettartam-\u00e9rt\u00e9k n\u00f6vel\u00e9se \u00e9rdek\u00e9ben.<\/p>\n\n<\/div><\/div><\/div>\n\n<div class=\"gb-grid-column gb-grid-column-988b9c58\"><div class=\"gb-container gb-container-988b9c58\"><div class=\"gb-inside-container\">\n\n<figure class=\"wp-block-image size-full\"><img loading=\"lazy\" decoding=\"async\" width=\"984\" height=\"566\" src=\"https:\/\/vibetrace.com\/wp-content\/uploads\/2023\/02\/white-label-customer-database-marketing-platform-2.png\" alt=\"\" class=\"wp-image-19426\" srcset=\"https:\/\/vibetrace.com\/wp-content\/uploads\/2023\/02\/white-label-customer-database-marketing-platform-2.png 984w, https:\/\/vibetrace.com\/wp-content\/uploads\/2023\/02\/white-label-customer-database-marketing-platform-2-300x173.png 300w, https:\/\/vibetrace.com\/wp-content\/uploads\/2023\/02\/white-label-customer-database-marketing-platform-2-768x442.png 768w, https:\/\/vibetrace.com\/wp-content\/uploads\/2023\/02\/white-label-customer-database-marketing-platform-2-18x10.png 18w\" sizes=\"auto, (max-width: 984px) 100vw, 984px\" \/><\/figure>\n\n<\/div><\/div><\/div>\n<\/div>\n<\/div><\/div>\n<\/div><\/div>\n\n<div class=\"gb-container gb-container-20d46cfa\"><div class=\"gb-inside-container\">\n\n<h2 class=\"gb-headline gb-headline-7f21273f gb-headline-text\">N\u00f6velje \u00e9s tartsa meg bev\u00e9teleit, mik\u00f6zben relev\u00e1ns marad<\/h2>\n\n\n\n<script>window.vt_stopcampaigns=true;<\/script>\n\n\n\n<p><\/p>\n\n\n<div class=\"gb-grid-wrapper gb-grid-wrapper-0f10da0d\">\n<div class=\"gb-grid-column gb-grid-column-f7960c80\"><div class=\"gb-container gb-container-f7960c80\"><div class=\"gb-inside-container\">\n\n<h3 class=\"wp-block-heading\">Amit kapsz:<\/h3>\n\n\n\n<ol class=\"wp-block-list\">\n<li>A saj\u00e1tod <strong>Marketing automatiz\u00e1l\u00e1si platform<\/strong><\/li>\n\n\n\n<li>Nincs t\u00f6bb\u00e9 t\u00f6bb szoftveres megold\u00e1s v\u00e1lt\u00e1sa \u00e9s tanul\u00e1sa<\/li>\n\n\n\n<li><strong>Kevesebb munka<\/strong> adatok \u00e9s m\u0171szaki megold\u00e1sok integr\u00e1l\u00e1sa.<\/li>\n\n\n\n<li>Lenni <strong>versenyk\u00e9pesebb<\/strong> a leg\u00fajabb trendekkel \u00e9s technol\u00f3gi\u00e1val<\/li>\n<\/ol>\n\n\n\n<p>Tartalmazott jellemz\u0151k:<\/p>\n\n\n\n<ul class=\"wp-block-list\">\n<li>E-mail marketing<\/li>\n\n\n\n<li>SMS \u00e9s webpush<\/li>\n\n\n\n<li>Automatiz\u00e1l\u00e1si munkafolyamatok<\/li>\n\n\n\n<li>Term\u00e9kaj\u00e1nlatok<\/li>\n\n\n\n<li>Webhely el\u0151ugr\u00f3 ablakok, dinamikus tartalom<\/li>\n\n\n\n<li>Szavaz\u00e1sok, felm\u00e9r\u00e9sek \u00e9s \u0171rlapok<\/li>\n\n\n\n<li>Facebook Rekl\u00e1m <\/li>\n<\/ul>\n\n\n\n<p>Ezen fel\u00fcl van<strong> teljes ellen\u0151rz\u00e9s az \u00e1rak, a sz\u00e1ml\u00e1z\u00e1s \u00e9s a fizet\u00e9sek felett<\/strong>. Az \u00fcgyfelek pontosan automatikusan ker\u00fclnek sz\u00e1ml\u00e1z\u00e1sra, \u00edgy \u00d6n az \u00faj \u00fczletekre \u00f6sszpontos\u00edthat.<\/p>\n\n\n\n<p>Jelentkezzen megold\u00e1sunk haszn\u00e1lat\u00e1ra \u00e9s k\u00e9sz\u00edtse el <strong>ak\u00e1r 30% t\u00f6bb haszon<\/strong>.<\/p>\n\n\n\n<p>K\u00f6nnyen integr\u00e1lhat\u00f3: Shopify, Magento, Prestashop, Woocommerce, Opencart az \u00fcgyfelek sz\u00e1m\u00e1ra<\/p>\n\n<\/div><\/div><\/div>\n\n<div class=\"gb-grid-column gb-grid-column-fca872b4\"><div class=\"gb-container gb-container-fca872b4\"><div class=\"gb-inside-container\">\n\n<h3 class=\"gb-headline gb-headline-cb47f91b gb-headline-text\">Dem\u00f3t szeretn\u00e9l?<\/h3>\n\n\n\n<p>Hagyja meg adatait, \u00e9s mihamarabb felvessz\u00fck \u00d6nnel a kapcsolatot!<\/p>\n\n\n\n<style>\n.lp-input-container input.wp-lp-input {width:100%}\n.lp-input-container {margin:10px 0}\n<\/style>\n<form id=\"demo_list_form\" class=\"book-form\" action=\"https:\/\/pages.vtcdn.net\/lists\/213\/2693\/7ZPO5yLnxNeP\/subscribe\" method=\"POST\" target=\"_blank\" data-trp-original-action=\"https:\/\/pages.vtcdn.net\/lists\/213\/2693\/7ZPO5yLnxNeP\/subscribe\">\n<div class=\"lp-input-container\">\n<input class=\"wp-block-search__input wp-block-search__input wp-lp-input\" placeholder=\"A neved *\" name=\"name\" required=\"\">\n<\/div>\n<div class=\"lp-input-container\">\n<input class=\"wp-block-search__input wp-block-search__input wp-lp-input\" placeholder=\"Az email c\u00edmed *\" name=\"email\" required=\"\">\n<\/div>\n<div class=\"lp-input-container\">\n<input class=\"wp-block-search__input wp-block-search__input wp-lp-input\" placeholder=\"Telefonsz\u00e1m\" name=\"tel\">\n<\/div>\n<input type=\"hidden\" value=\"lp_agency\" name=\"source\">\n<input type=\"text\" style=\"display:none\" name=\"__em\" value=\"\">\n<input type=\"text\" style=\"display:none\" name=\"__name\" value=\"\">\n<div class=\"lp-input-container\">\n<button class=\"\">Inform\u00e1ci\u00f3k k\u00fcld\u00e9se<\/button>\n<\/div>\n<input type=\"hidden\" name=\"trp-form-language\" value=\"hu\"\/><\/form>\n\n<\/div><\/div><\/div>\n<\/div>\n<\/div><\/div>\n\n<div class=\"gb-container gb-container-8bfaa8b3\"><div class=\"gb-inside-container\">\n\n<p class=\"has-text-align-center has-large-font-size\">Maradt m\u00e9g k\u00e9rd\u00e9s?<\/p>\n\n\n\n<p class=\"has-text-align-center has-medium-font-size\">Sz\u00edvesen besz\u00e9l\u00fcnk \u00d6nnel telefonon:<\/p>\n\n\n\n<p class=\"has-text-align-center has-medium-font-size\"><a href=\"tel: 41764656765\">+41 764 65 67 65<\/a> (CH)<\/p>\n\n<\/div><\/div>\n\n<div class=\"gb-container gb-container-40117758\"><div class=\"gb-inside-container\">\n<div class=\"gb-container gb-container-11add892\"><div class=\"gb-inside-container\">\n<div class=\"gb-grid-wrapper gb-grid-wrapper-b8d9abbf\">\n<div class=\"gb-grid-column gb-grid-column-c84977b6\"><div class=\"gb-container gb-container-c84977b6\"><div class=\"gb-inside-container\">\n\n<p class=\"has-text-align-center has-large-font-size\">1<\/p>\n\n\n\n<p class=\"has-text-align-center\">Teljes testreszab\u00e1s, m\u00e1rka\u00e9p\u00edt\u00e9s \u00e9s URL-ek<\/p>\n\n<\/div><\/div><\/div>\n\n<div class=\"gb-grid-column gb-grid-column-b31fd408\"><div class=\"gb-container gb-container-b31fd408\"><div class=\"gb-inside-container\">\n\n<p class=\"has-text-align-center has-large-font-size\">2 <\/p>\n\n\n\n<p class=\"has-text-align-center\">Gyors integr\u00e1ci\u00f3k \u00e9s \u00fcgyf\u00e9lbe\u00e9p\u00fcl\u00e9s<\/p>\n\n<\/div><\/div><\/div>\n\n<div class=\"gb-grid-column gb-grid-column-16d1af56\"><div class=\"gb-container gb-container-16d1af56\"><div class=\"gb-inside-container\">\n\n<p class=\"has-text-align-center has-large-font-size\">3<\/p>\n\n\n\n<p class=\"has-text-align-center\">White Label szolg\u00e1ltat\u00e1sok (marketing + fejleszt\u00e9s)<\/p>\n\n<\/div><\/div><\/div>\n\n<div class=\"gb-grid-column gb-grid-column-512e3db4\"><div class=\"gb-container gb-container-512e3db4\"><div class=\"gb-inside-container\">\n\n<p class=\"has-text-align-center has-large-font-size\">4<\/p>\n\n\n\n<p class=\"has-text-align-center\">Mennyis\u00e9gi engedm\u00e9nyek, egyedi \u00e1rk\u00e9pz\u00e9s \u00e9s automatikus sz\u00e1ml\u00e1z\u00e1s<\/p>\n\n<\/div><\/div><\/div>\n<\/div>\n<\/div><\/div>\n<\/div><\/div>\n\n<div class=\"gb-container gb-container-c038a6c8\"><div class=\"gb-inside-container\">\n\n<h3 class=\"wp-block-heading\">Amit a jelenlegi \u00fcgyn\u00f6ks\u00e9gek mondanak.<\/h3>\n\n\n<div class=\"gb-grid-wrapper gb-grid-wrapper-478292e2\">\n<div class=\"gb-grid-column gb-grid-column-c309719d\"><div class=\"gb-container gb-container-c309719d\"><div class=\"gb-inside-container\">\n<div class=\"wp-block-image\">\n<figure class=\"alignleft size-large is-resized\"><img loading=\"lazy\" decoding=\"async\" src=\"https:\/\/vibetrace.com\/wp-content\/uploads\/2023\/02\/image-34-1024x1024.png\" alt=\"\" class=\"wp-image-19370\" width=\"131\" height=\"131\" srcset=\"https:\/\/vibetrace.com\/wp-content\/uploads\/2023\/02\/image-34.png 1024w, https:\/\/vibetrace.com\/wp-content\/uploads\/2023\/02\/image-34-300x300.png 300w, https:\/\/vibetrace.com\/wp-content\/uploads\/2023\/02\/image-34-150x150.png 150w, https:\/\/vibetrace.com\/wp-content\/uploads\/2023\/02\/image-34-768x768.png 768w, https:\/\/vibetrace.com\/wp-content\/uploads\/2023\/02\/image-34-12x12.png 12w\" sizes=\"auto, (max-width: 131px) 100vw, 131px\" \/><\/figure>\n<\/div>\n\n\n<p>\u00c1tt\u00e9rt\u00fcnk a Vibetrace-re a Klaviyo haszn\u00e1lat\u00e1r\u00f3l \u00fcgyfeleink sz\u00e1m\u00e1ra, \u00e9s az integr\u00e1lt marketing megk\u00f6zel\u00edt\u00e9ssel jobb eredm\u00e9nyeket \u00e9rt\u00fcnk el. <\/p>\n\n\n\n<p>Nem kell k\u00fcl\u00f6nf\u00e9le eszk\u00f6z\u00f6ket bevinni, \u00e9s a felhaszn\u00e1l\u00f3k mindent \u00fagy l\u00e1tnak, mint a MI SZOFTVER\u00dcNK!<\/p>\n\n\n\n<p>Alina, m\u0171veletek @getMARA<\/p>\n\n\n\n<p><\/p>\n\n<\/div><\/div><\/div>\n\n<div class=\"gb-grid-column gb-grid-column-79a9b593\"><div class=\"gb-container gb-container-79a9b593\"><div class=\"gb-inside-container\">\n<div class=\"wp-block-image\">\n<figure class=\"alignleft size-large is-resized\"><img decoding=\"async\" src=\"https:\/\/vibetrace.com\/wp-content\/uploads\/2023\/02\/image-69-1024x1024.png\" alt=\"\" class=\"wp-image-19503\" width=\"131\" srcset=\"https:\/\/vibetrace.com\/wp-content\/uploads\/2023\/02\/image-69.png 1024w, https:\/\/vibetrace.com\/wp-content\/uploads\/2023\/02\/image-69-300x300.png 300w, https:\/\/vibetrace.com\/wp-content\/uploads\/2023\/02\/image-69-150x150.png 150w, https:\/\/vibetrace.com\/wp-content\/uploads\/2023\/02\/image-69-768x768.png 768w, https:\/\/vibetrace.com\/wp-content\/uploads\/2023\/02\/image-69-12x12.png 12w\" sizes=\"(max-width: 1024px) 100vw, 1024px\" \/><\/figure>\n<\/div>\n\n\n<p>\u00dcgyfeleink sokkal t\u00f6bbre becs\u00fclnek minket, \u00e9s nem vesztett\u00fcnk el m\u00e1s \u00fcgyfelet sem, mert szabad\u00fasz\u00f3val \u201eolcs\u00f3bban kapj\u00e1k meg\u201d. <\/p>\n\n\n\n<p>A white label szolg\u00e1ltat\u00e1sok is seg\u00edtettek abban, hogy a m\u00e1sodik napon t\u00f6bbletbev\u00e9telt \u00e9rj\u00fcnk el.<\/p>\n\n\n\n<p>Mike, a VebaMarketing alap\u00edt\u00f3ja<\/p>\n\n<\/div><\/div><\/div>\n<\/div>\n\n\n<p><\/p>\n\n\n\n<p>2023 \u2013 Vibetrace \u2013 Z\u00fcrich Sv\u00e1jc<\/p>\n\n\n\n<p>White Label megold\u00e1sunk jelenleg az 500 legjobb online kiskeresked\u0151 \u00e9s e-kereskedelmi webhely k\u00f6z\u00fcl sok m\u0171k\u00f6dik. A Vibetrace egy term\u00e9kv\u00e1llalat, amely \u00fcgyn\u00f6ks\u00e9gekre \u00e9s nagym\u00e9ret\u0171 \u00fcgyfelekre \u00f6sszpontos\u00edt.<\/p>\n\n<\/div><\/div>","protected":false},"excerpt":{"rendered":"<p>Grow and retain revenues while staying relevant Any questions left? We will be happy to &#8230; <a title=\"LP White Label Agencies\" class=\"read-more\" href=\"https:\/\/vibetrace.com\/hu\/lp-feher-cimke-ugynoksegek\/\" aria-label=\"Read more about LP White Label Agencies\"> <\/a><\/p>","protected":false},"author":9,"featured_media":0,"parent":0,"menu_order":0,"comment_status":"closed","ping_status":"closed","template":"","meta":{"inline_featured_image":false,"footnotes":""},"class_list":["post-19301","page","type-page","status-publish"],"_links":{"self":[{"href":"https:\/\/vibetrace.com\/hu\/wp-json\/wp\/v2\/pages\/19301","targetHints":{"allow":["GET"]}}],"collection":[{"href":"https:\/\/vibetrace.com\/hu\/wp-json\/wp\/v2\/pages"}],"about":[{"href":"https:\/\/vibetrace.com\/hu\/wp-json\/wp\/v2\/types\/page"}],"author":[{"embeddable":true,"href":"https:\/\/vibetrace.com\/hu\/wp-json\/wp\/v2\/users\/9"}],"replies":[{"embeddable":true,"href":"https:\/\/vibetrace.com\/hu\/wp-json\/wp\/v2\/comments?post=19301"}],"version-history":[{"count":0,"href":"https:\/\/vibetrace.com\/hu\/wp-json\/wp\/v2\/pages\/19301\/revisions"}],"wp:attachment":[{"href":"https:\/\/vibetrace.com\/hu\/wp-json\/wp\/v2\/media?parent=19301"}],"curies":[{"name":"wp","href":"https:\/\/api.w.org\/{rel}","templated":true}]}}