{"id":18524,"date":"2023-02-06T11:08:55","date_gmt":"2023-02-06T11:08:55","guid":{"rendered":"https:\/\/vibetrace.com\/?page_id=18524"},"modified":"2025-09-09T07:34:06","modified_gmt":"2025-09-09T07:34:06","slug":"book-call","status":"publish","type":"page","link":"https:\/\/vibetrace.com\/hu\/konyv-hivas\/","title":{"rendered":"Egyeztess\u00fcnk egy h\u00edv\u00e1st"},"content":{"rendered":"<p>V\u00e1lassza ki az id\u0151beoszt\u00e1s\u00e1hoz legjobban ill\u0151 id\u0151pontot. Megtehetj\u00fck a Zoomot vagy a Google Meetet is.<\/p>\n\n\n\n<iframe src=\"https:\/\/actor.do\/meet\/alex-vibetrace\" width=\"100%\" height=\"650\" style=\"border: none; max-width: 100%;\" allowfullscreen=\"\" loading=\"lazy\">\n<\/iframe>","protected":false},"excerpt":{"rendered":"<p>V\u00e1lasszon egy id\u0151pontot, amely a legjobban illeszkedik az \u00fctemterv\u00e9hez. Zoomot vagy Google-t is tudunk csin\u00e1lni\u2026 <a title=\"Egyeztess\u00fcnk egy h\u00edv\u00e1st\" class=\"read-more\" href=\"https:\/\/vibetrace.com\/hu\/konyv-hivas\/\" aria-label=\"Tov\u00e1bbi inform\u00e1ci\u00f3 a H\u00edv\u00e1s \u00fctemez\u00e9se c\u00edm\u0171 t\u00e9mak\u00f6rben\"> <\/a><\/p>","protected":false},"author":9,"featured_media":0,"parent":0,"menu_order":0,"comment_status":"closed","ping_status":"closed","template":"","meta":{"inline_featured_image":false,"footnotes":""},"class_list":["post-18524","page","type-page","status-publish"],"_links":{"self":[{"href":"https:\/\/vibetrace.com\/hu\/wp-json\/wp\/v2\/pages\/18524","targetHints":{"allow":["GET"]}}],"collection":[{"href":"https:\/\/vibetrace.com\/hu\/wp-json\/wp\/v2\/pages"}],"about":[{"href":"https:\/\/vibetrace.com\/hu\/wp-json\/wp\/v2\/types\/page"}],"author":[{"embeddable":true,"href":"https:\/\/vibetrace.com\/hu\/wp-json\/wp\/v2\/users\/9"}],"replies":[{"embeddable":true,"href":"https:\/\/vibetrace.com\/hu\/wp-json\/wp\/v2\/comments?post=18524"}],"version-history":[{"count":1,"href":"https:\/\/vibetrace.com\/hu\/wp-json\/wp\/v2\/pages\/18524\/revisions"}],"predecessor-version":[{"id":26737,"href":"https:\/\/vibetrace.com\/hu\/wp-json\/wp\/v2\/pages\/18524\/revisions\/26737"}],"wp:attachment":[{"href":"https:\/\/vibetrace.com\/hu\/wp-json\/wp\/v2\/media?parent=18524"}],"curies":[{"name":"wp","href":"https:\/\/api.w.org\/{rel}","templated":true}]}}