{"id":18406,"date":"2023-02-02T14:52:17","date_gmt":"2023-02-02T14:52:17","guid":{"rendered":"https:\/\/vibetrace.com\/?page_id=18406"},"modified":"2023-02-02T16:30:50","modified_gmt":"2023-02-02T16:30:50","slug":"email-subject-lines-generator","status":"publish","type":"page","link":"https:\/\/vibetrace.com\/hu\/email-targysorok-generator\/","title":{"rendered":"E-mail t\u00e1rgysorok gener\u00e1tora"},"content":{"rendered":"<h3 class=\"wp-block-heading\">Hozzunk l\u00e9tre \u00e9s jav\u00edtsunk t\u00e1rgysorokat mesters\u00e9ges intelligencia seg\u00edts\u00e9g\u00e9vel:<\/h3>\n\n\n\n<p>Belef\u00e1radt abba, hogy a t\u00f6k\u00e9letes t\u00e1rgysort keresse e-mailje sz\u00e1m\u00e1ra? Hozzon l\u00e9tre egyedi t\u00e1rgysorokat, vagy \u00e9rt\u00e9kelje \u00f6tleteit az OpenAI \u00e9s GPT technol\u00f3gi\u00e1n alapul\u00f3 e-mail t\u00e1rgysor gener\u00e1torunkkal:<\/p>\n\n\n\n<iframe src=\"https:\/\/subjectlines.vibetrace.com\/\" style=\"border:0px; width:100%; height:1000px\"><\/iframe>\n\n\n\n<p>Egy j\u00f3 e-mail t\u00e1rgysor-gener\u00e1tornak k\u00e9pesnek kell lennie kreat\u00edv, f\u00fclbem\u00e1sz\u00f3 \u00e9s figyelemfelkelt\u0151 t\u00e1rgysorok gener\u00e1l\u00e1s\u00e1ra, amelyek az e-mail tartalm\u00e1hoz igazodnak.<\/p>\n\n\n\n<p>K\u00e9pesnek kell lennie arra is, hogy t\u00e1rgysorokat javasoljon az e-mail t\u00f6rzs\u00e9ben haszn\u00e1lt kulcsszavak alapj\u00e1n. E-mail t\u00e1rgysor-gener\u00e1torunknak k\u00e9pesnek kell lennie arra, hogy olyan konkr\u00e9t szavakat, kifejez\u00e9seket \u00e9s \u00edr\u00e1sjeleket aj\u00e1nljon, amelyek seg\u00edts\u00e9g\u00e9vel hat\u00e9konyabb\u00e1 teheti a t\u00e1rgysort.<\/p>\n\n\n\n<p>Egy j\u00f3 t\u00e1rgysor egy\u00e9bk\u00e9nt 10-50 karakter hossz\u00fa. Hozzon l\u00e9tre egyet a Vibetrace Email Marketing \u00e1ltal biztos\u00edtott mesters\u00e9ges intelligenci\u00e1val, OpenAi-val \u00e9s ChatGPT-vel egy\u00fctt<\/p>\n\n\n\n<p>Az e-mail t\u00e1rgysorok fontos t\u00e9m\u00e1ja az e-mail marketingnek, ez\u00e9rt k\u00e9sz\u00edtett\u00fcnk n\u00e9h\u00e1ny cikket&nbsp;<a href=\"https:\/\/vibetrace.com\/hu\/tag\/email-subject-lines\/\" target=\"_blank\" rel=\"noreferrer noopener\">k\u00fcl\u00f6nleges \u00fcnnepek<\/a>.<\/p>","protected":false},"excerpt":{"rendered":"<p>Gener\u00e1ljunk \u00e9s jav\u00edtsunk t\u00e1rgysorokat mesters\u00e9ges intelligencia seg\u00edts\u00e9g\u00e9vel: Belef\u00e1radtunk a t\u00f6k\u00e9letes t\u00e9ma keres\u00e9s\u00e9be\u2026 <a title=\"E-mail t\u00e1rgysorok gener\u00e1tora\" class=\"read-more\" href=\"https:\/\/vibetrace.com\/hu\/email-targysorok-generator\/\" aria-label=\"Tov\u00e1bbi inform\u00e1ci\u00f3 az e-mail t\u00e1rgysorok gener\u00e1tor\u00e1r\u00f3l\"> <\/a><\/p>","protected":false},"author":9,"featured_media":18427,"parent":0,"menu_order":0,"comment_status":"closed","ping_status":"closed","template":"","meta":{"inline_featured_image":false,"footnotes":""},"class_list":["post-18406","page","type-page","status-publish","has-post-thumbnail"],"_links":{"self":[{"href":"https:\/\/vibetrace.com\/hu\/wp-json\/wp\/v2\/pages\/18406","targetHints":{"allow":["GET"]}}],"collection":[{"href":"https:\/\/vibetrace.com\/hu\/wp-json\/wp\/v2\/pages"}],"about":[{"href":"https:\/\/vibetrace.com\/hu\/wp-json\/wp\/v2\/types\/page"}],"author":[{"embeddable":true,"href":"https:\/\/vibetrace.com\/hu\/wp-json\/wp\/v2\/users\/9"}],"replies":[{"embeddable":true,"href":"https:\/\/vibetrace.com\/hu\/wp-json\/wp\/v2\/comments?post=18406"}],"version-history":[{"count":0,"href":"https:\/\/vibetrace.com\/hu\/wp-json\/wp\/v2\/pages\/18406\/revisions"}],"wp:featuredmedia":[{"embeddable":true,"href":"https:\/\/vibetrace.com\/hu\/wp-json\/wp\/v2\/media\/18427"}],"wp:attachment":[{"href":"https:\/\/vibetrace.com\/hu\/wp-json\/wp\/v2\/media?parent=18406"}],"curies":[{"name":"wp","href":"https:\/\/api.w.org\/{rel}","templated":true}]}}