{"id":168,"date":"2021-08-12T09:55:01","date_gmt":"2021-08-12T09:55:01","guid":{"rendered":"https:\/\/vibetrace.com\/blog\/?page_id=168"},"modified":"2023-06-14T08:15:55","modified_gmt":"2023-06-14T08:15:55","slug":"refund-policy","status":"publish","type":"page","link":"https:\/\/vibetrace.com\/hu\/penzvisszateritesi-eljaras\/","title":{"rendered":"P\u00e9nzvisszat\u00e9r\u00edt\u00e9si elj\u00e1r\u00e1s"},"content":{"rendered":"<div class=\"gb-container gb-container-f62b97ef\"><div class=\"gb-inside-container\">\n\n<h3 class=\"gb-headline gb-headline-c663a4db gb-headline-text\">P\u00e9nzvisszat\u00e9r\u00edt\u00e9si elj\u00e1r\u00e1s<\/h3>\n\n\n\n<p><strong>Havi el\u0151fizet\u00e9sek:<\/strong>&nbsp;Harminc (30) napja van az eredeti v\u00e1s\u00e1rl\u00e1s d\u00e1tum\u00e1t\u00f3l sz\u00e1m\u00edtva, hogy k\u00e9rje a havi el\u0151fizet\u00e9s visszat\u00e9r\u00edt\u00e9s\u00e9t. A HARMINC (30) NAPOS hat\u00e1rid\u0151 ut\u00e1ni visszat\u00e9r\u00edt\u00e9si k\u00e9relmeket nem dolgozzuk fel. A kezdeti HARMINC (30) nap letelte ut\u00e1n b\u00e1rmikor lemondhatja az el\u0151fizet\u00e9st.<\/p>\n\n\n\n<p><strong>\u00c9ves el\u0151fizet\u00e9sek:<\/strong>&nbsp;\u00c9ves el\u0151fizet\u00e9ses v\u00e1s\u00e1rl\u00e1sok eset\u00e9n az eredeti v\u00e1s\u00e1rl\u00e1s d\u00e1tum\u00e1t\u00f3l sz\u00e1m\u00edtva HARMINC (30) nap \u00e1ll rendelkez\u00e9s\u00e9re, hogy k\u00e9rje az \u00e9ves el\u0151fizet\u00e9s visszat\u00e9r\u00edt\u00e9s\u00e9t. A 30 nap ut\u00e1ni visszat\u00e9r\u00edt\u00e9si k\u00e9relmeket az eredeti \u00e9ves el\u0151fizet\u00e9si id\u0151szakb\u00f3l h\u00e1tral\u00e9v\u0151 id\u0151vel ar\u00e1nyos\u00edtjuk. P\u00e9lda: Ha ez \u00e9v janu\u00e1rj\u00e1ban v\u00e1s\u00e1rol \u00e9ves el\u0151fizet\u00e9st, \u00e9s \u00fagy d\u00f6nt, hogy a v\u00e1s\u00e1rl\u00e1s d\u00e1tum\u00e1t\u00f3l sz\u00e1m\u00edtott 6 h\u00f3nap eltelt\u00e9vel visszat\u00e9r\u00edt\u00e9st szeretne kapni, akkor az ar\u00e1nyos visszat\u00e9r\u00edt\u00e9s a v\u00e9tel\u00e1r 501 TP3 tonna \u00f6sszege lesz. A visszak\u00fcld\u00e9s vagy az \u00e9rv\u00e9nyes visszat\u00e9r\u00edt\u00e9si k\u00e9relem beny\u00fajt\u00e1sa ut\u00e1n a visszat\u00e9r\u00edt\u00e9si folyamat legfeljebb 30 napot vesz ig\u00e9nybe. Az \u00f6sszes visszat\u00e9r\u00edt\u00e9st vagy visszak\u00fcldik az eredeti hitelk\u00e1rty\u00e1ra \u2013 VAGY \u2013 csekk form\u00e1j\u00e1ban elk\u00fcldik a sz\u00e1ml\u00e1z\u00e1si n\u00e9vre \u00e9s c\u00edmre. A nemzetk\u00f6zi rendel\u00e9sek visszat\u00e9r\u00edt\u00e9se az eredeti hitelk\u00e1rty\u00e1ra, a PayPal rendel\u00e9sek pedig a PayPal-sz\u00e1ml\u00e1n ker\u00fclnek j\u00f3v\u00e1\u00edr\u00e1sra.<\/p>\n\n\n\n<p><\/p>\n\n\n\n<p>A visszat\u00e9r\u00edtend\u0151 v\u00e9g\u00f6sszegb\u0151l levonjuk a felhaszn\u00e1lt er\u0151forr\u00e1sokat, amelyeket ki kell fizetni v\u00e1llalkoz\u00f3inknak: SMS j\u00f3v\u00e1\u00edr\u00e1s, e-mail haszn\u00e1lat, hirdet\u00e9si k\u00f6lts\u00e9gek.<\/p>\n\n<\/div><\/div>","protected":false},"excerpt":{"rendered":"<p>Visszat\u00e9r\u00edt\u00e9si szab\u00e1lyzat Havi el\u0151fizet\u00e9sek: HARMINC (30) nap \u00e1ll rendelkez\u00e9s\u00e9re az eredeti v\u00e1s\u00e1rl\u00e1s d\u00e1tum\u00e1t\u00f3l sz\u00e1m\u00edtva\u2026 <a title=\"P\u00e9nzvisszat\u00e9r\u00edt\u00e9si elj\u00e1r\u00e1s\" class=\"read-more\" href=\"https:\/\/vibetrace.com\/hu\/penzvisszateritesi-eljaras\/\" aria-label=\"Tov\u00e1bbi inform\u00e1ci\u00f3 a visszat\u00e9r\u00edt\u00e9si szab\u00e1lyzatr\u00f3l\"> <\/a><\/p>","protected":false},"author":9,"featured_media":0,"parent":0,"menu_order":0,"comment_status":"closed","ping_status":"closed","template":"","meta":{"inline_featured_image":false,"footnotes":""},"class_list":["post-168","page","type-page","status-publish"],"_links":{"self":[{"href":"https:\/\/vibetrace.com\/hu\/wp-json\/wp\/v2\/pages\/168","targetHints":{"allow":["GET"]}}],"collection":[{"href":"https:\/\/vibetrace.com\/hu\/wp-json\/wp\/v2\/pages"}],"about":[{"href":"https:\/\/vibetrace.com\/hu\/wp-json\/wp\/v2\/types\/page"}],"author":[{"embeddable":true,"href":"https:\/\/vibetrace.com\/hu\/wp-json\/wp\/v2\/users\/9"}],"replies":[{"embeddable":true,"href":"https:\/\/vibetrace.com\/hu\/wp-json\/wp\/v2\/comments?post=168"}],"version-history":[{"count":0,"href":"https:\/\/vibetrace.com\/hu\/wp-json\/wp\/v2\/pages\/168\/revisions"}],"wp:attachment":[{"href":"https:\/\/vibetrace.com\/hu\/wp-json\/wp\/v2\/media?parent=168"}],"curies":[{"name":"wp","href":"https:\/\/api.w.org\/{rel}","templated":true}]}}