{"id":167,"date":"2021-08-12T09:55:01","date_gmt":"2021-08-12T09:55:01","guid":{"rendered":"https:\/\/vibetrace.com\/blog\/?page_id=167"},"modified":"2023-03-30T10:08:54","modified_gmt":"2023-03-30T10:08:54","slug":"data-processing","status":"publish","type":"page","link":"https:\/\/vibetrace.com\/hu\/adatfeldolgozas\/","title":{"rendered":"Adatkezel\u00e9si meg\u00e1llapod\u00e1s"},"content":{"rendered":"<div class=\"gb-container gb-container-92c4bcb7\"><div class=\"gb-inside-container\">\n\n<h1 class=\"wp-block-heading\">Adatkezel\u00e9si meg\u00e1llapod\u00e1s<\/h1>\n\n\n\n<p>Adatkezel\u00e9si meg\u00e1llapod\u00e1st k\u00edn\u00e1lunk szervezete adataira, \u00edgy k\u00f6nnyebben megbizonyosodhat arr\u00f3l, hogy a legjobb gyakorlatnak megfelel\u0151 szerz\u0151d\u00e9ses v\u00e9delmet alkalmazza. Adatkezel\u00e9si szerz\u0151d\u00e9s\u00fcnk egy\u00e9rtelm\u0171en megfogalmazza adatv\u00e9delmi k\u00f6telezetts\u00e9geinket.<\/p>\n\n\n\n<p>Szolg\u00e1ltat\u00e1sunk ny\u00fajt\u00e1sa sor\u00e1n a Vibetrace az \u00d6n nev\u00e9ben szem\u00e9lyes adatokat dolgozhat fel. Ez a dokumentum a Vibetrace-szel (mint adatfeldolgoz\u00f3val) \u00e9s \u00fcgyfeleinkkel (Adatkezel\u0151kkel) k\u00f6t\u00f6tt szolg\u00e1ltat\u00e1si szerz\u0151d\u00e9s r\u00e9sz\u00e9t k\u00e9pezi. Ez az adatv\u00e9delmi nyilatkozat t\u00fckr\u00f6zi a felek meg\u00e1llapod\u00e1s\u00e1t a szolg\u00e1ltat\u00e1sunk haszn\u00e1lat\u00e1val v\u00e9gzett szem\u00e9lyes adatok feldolgoz\u00e1s\u00e1ra vonatkoz\u00f3an. DPA-nk beleegyez\u00e9s\u00e9vel teljes k\u00f6r\u0171 szolg\u00e1ltat\u00e1sunkat ig\u00e9nybe veheti.<\/p>\n\n\n\n<h3 class=\"wp-block-heading\">Hogyan vonatkozik ez a meg\u00e1llapod\u00e1s?<\/h3>\n\n\n\n<p>Ha az Adatkezel\u0151 a Vibetrace fizet\u0151 \u00fcgyfele, a jelen Szerz\u0151d\u00e9s a Vibetrace-szel k\u00f6t\u00f6tt szolg\u00e1ltat\u00e1si szerz\u0151d\u00e9s r\u00e9sz\u00e9t k\u00e9pezi. Ha a jelen Szerz\u0151d\u00e9st elfogad\u00f3 Adatkezel\u0151 nem fizet a Vibetrace szolg\u00e1ltat\u00e1sai\u00e9rt, a jelen Szerz\u0151d\u00e9s \u00e9rv\u00e9nytelen \u00e9s jogilag nem k\u00f6telez\u0151 \u00e9rv\u00e9ny\u0171.<\/p>\n\n\n\n<p>Ha sz\u00fcks\u00e9ge van erre a meg\u00e1llapod\u00e1sra nyomtatott form\u00e1ban, k\u00e9rj\u00fck, vegye fel vel\u00fcnk a kapcsolatot, hogy \u00edgy k\u00e9sz\u00edts\u00fck el.<\/p>\n\n\n\n<h3 class=\"wp-block-heading\">Defin\u00edci\u00f3k<\/h3>\n\n\n\n<p><strong>&quot;Vez\u00e9rl\u0151&quot;<\/strong>&nbsp;az a term\u00e9szetes vagy jogi szem\u00e9ly, hat\u00f3s\u00e1g, \u00fcgyn\u00f6ks\u00e9g vagy egy\u00e9b szerv, amely egyed\u00fcl vagy m\u00e1sokkal egy\u00fctt meghat\u00e1rozza a Szem\u00e9lyes Adatok Feldolgoz\u00e1s\u00e1nak c\u00e9ljait \u00e9s eszk\u00f6zeit. Konkr\u00e9t eset\u00fcnkben az Adatkezel\u0151t \u00fcgyfeleink k\u00e9pviselik, akik fi\u00f3kot hoznak l\u00e9tre szolg\u00e1ltat\u00e1sunkon.<\/p>\n\n\n\n<p><strong>\u201eAdatv\u00e9delmi t\u00f6rv\u00e9ny\u201d<\/strong>&nbsp;az adatv\u00e9delemre \u00e9s a mag\u00e1n\u00e9let v\u00e9delm\u00e9re vonatkoz\u00f3 \u00f6sszes vonatkoz\u00f3 jogszab\u00e1lyt jelenti, bele\u00e9rtve korl\u00e1toz\u00e1s n\u00e9lk\u00fcl az EU 95\/46\/EK adatv\u00e9delmi ir\u00e1nyelv\u00e9t \u00e9s minden olyan helyi t\u00f6rv\u00e9nyt \u00e9s rendeletet, amely ezeket m\u00f3dos\u00edtja vagy felv\u00e1ltja, bele\u00e9rtve a GDPR-t, valamint b\u00e1rmely tag\u00e1llam nemzeti v\u00e9grehajt\u00e1si t\u00f6rv\u00e9ny\u00e9t. az Eur\u00f3pai Uni\u00f3 \u00e1llam\u00e1ban vagy adott m\u00e9rt\u00e9kben b\u00e1rmely m\u00e1s orsz\u00e1gban, id\u0151r\u0151l id\u0151re m\u00f3dos\u00edtva, hat\u00e1lyon k\u00edv\u00fcl helyezve, egys\u00e9ges szerkezetbe foglalva vagy felv\u00e1ltva. A \u201efolyamat\u201d, \u201efolyamatok\u201d \u00e9s \u201efeldolgozott\u201d kifejez\u00e9sek ennek megfelel\u0151en \u00e9rtelmezend\u0151k.<\/p>\n\n\n\n<p><strong>\u201eAdatalany\u201d<\/strong>&nbsp;azt az egy\u00e9nt jelenti, akire a szem\u00e9lyes adat vonatkozik.<\/p>\n\n\n\n<p><strong>&quot;GDPR&quot;<\/strong>&nbsp;az Eur\u00f3pai Parlament \u00e9s a Tan\u00e1cs 2016. \u00e1prilis 27-i (EU) 2016\/679 \u00e1ltal\u00e1nos adatv\u00e9delmi rendelet\u00e9t jelenti a term\u00e9szetes szem\u00e9lyeknek a szem\u00e9lyes adatok kezel\u00e9se tekintet\u00e9ben t\u00f6rt\u00e9n\u0151 v\u00e9delm\u00e9r\u0151l \u00e9s az ilyen adatok szabad \u00e1raml\u00e1s\u00e1r\u00f3l.<\/p>\n\n\n\n<p><strong>&quot;Utas\u00edt\u00e1s&quot;<\/strong>&nbsp;az Adatkezel\u0151 \u00e1ltal az Adatfeldolgoz\u00f3nak adott \u00edr\u00e1sos, dokument\u00e1lt utas\u00edt\u00e1st jelenti, amely a Szem\u00e9lyes adatokkal kapcsolatos konkr\u00e9t int\u00e9zked\u00e9s v\u00e9grehajt\u00e1s\u00e1ra utas\u00edtja (ide\u00e9rtve, de nem kiz\u00e1r\u00f3lagosan a szem\u00e9lytelen\u00edt\u00e9st, z\u00e1rol\u00e1st, t\u00f6rl\u00e9st, el\u00e9rhet\u0151v\u00e9 t\u00e9telt).<\/p>\n\n\n\n<p><strong>&quot;Szem\u00e9lyes adatok&quot;<\/strong>&nbsp;b\u00e1rmely azonos\u00edtott vagy azonos\u00edthat\u00f3 egy\u00e9nre vonatkoz\u00f3 inform\u00e1ci\u00f3, ha az ilyen inform\u00e1ci\u00f3t az \u00dcgyf\u00e9ladatok tartalmazz\u00e1k, \u00e9s a vonatkoz\u00f3 adatv\u00e9delmi t\u00f6rv\u00e9ny \u00e9rtelm\u00e9ben a szem\u00e9lyes adatokhoz vagy a szem\u00e9lyazonos\u00edt\u00e1sra alkalmas inform\u00e1ci\u00f3khoz hasonl\u00f3an v\u00e9dettek.<\/p>\n\n\n\n<p><strong>\u201eSzem\u00e9lyes adatok megs\u00e9rt\u00e9se\u201d<\/strong>&nbsp;a biztons\u00e1g megs\u00e9rt\u00e9se, amely a tov\u00e1bb\u00edtott, t\u00e1rolt vagy m\u00e1s m\u00f3don feldolgozott Szem\u00e9lyes adatok v\u00e9letlen vagy jogellenes megsemmis\u00fcl\u00e9s\u00e9hez, elveszt\u00e9s\u00e9hez, megv\u00e1ltoztat\u00e1s\u00e1hoz, jogosulatlan nyilv\u00e1noss\u00e1gra hozatal\u00e1hoz vagy azokhoz val\u00f3 hozz\u00e1f\u00e9r\u00e9shez vezet.<\/p>\n\n\n\n<p><strong>&quot;Feldolgoz\u00e1s&quot;<\/strong>&nbsp;minden olyan m\u0171veletet vagy m\u0171veletsort jelent, amelyet a Szem\u00e9lyes adatokon hajtanak v\u00e9gre, bele\u00e9rtve a gy\u0171jt\u00e9st, r\u00f6gz\u00edt\u00e9st, rendszerez\u00e9st, struktur\u00e1l\u00e1st, t\u00e1rol\u00e1st, adapt\u00e1l\u00e1st vagy megv\u00e1ltoztat\u00e1st, visszakeres\u00e9st, konzult\u00e1ci\u00f3t, felhaszn\u00e1l\u00e1st, tov\u00e1bb\u00edt\u00e1ssal, terjeszt\u00e9ssel vagy m\u00e1s m\u00f3don el\u00e9rhet\u0151v\u00e9 t\u00e9tellel, \u00f6sszehangol\u00e1ssal vagy kombin\u00e1ci\u00f3val t\u00f6rt\u00e9n\u0151 k\u00f6zz\u00e9t\u00e9telt, a szem\u00e9lyes adatok korl\u00e1toz\u00e1sa vagy t\u00f6rl\u00e9se.<\/p>\n\n\n\n<p><strong>&quot;processzor&quot;<\/strong>&nbsp;olyan term\u00e9szetes vagy jogi szem\u00e9ly, hat\u00f3s\u00e1g, \u00fcgyn\u00f6ks\u00e9g vagy egy\u00e9b szerv, amely az Adatkezel\u0151 nev\u00e9ben szem\u00e9lyes adatokat dolgoz fel. Ebben az esetben mi vagyunk, Vibetrace<\/p>\n\n\n\n<p><strong>&quot;Szolg\u00e1ltat\u00e1s felt\u00e9telei&quot;<\/strong>&nbsp;az Adatkezel\u0151, mint felhaszn\u00e1l\u00f3 \u00e9s az Adatfeldolgoz\u00f3 k\u00f6z\u00f6tt l\u00e9trej\u00f6tt jogi meg\u00e1llapod\u00e1s, amely szab\u00e1lyozza az Adatkezel\u0151 korl\u00e1tozott, nem kiz\u00e1r\u00f3lagos \u00e9s megsz\u00fcntethet\u0151 jog\u00e1t a Vibetrace oldal \u00e9s szolg\u00e1ltat\u00e1sok haszn\u00e1lat\u00e1ra a Szolg\u00e1ltat\u00e1si felt\u00e9telekben meghat\u00e1rozottak szerint.<\/p>\n\n\n\n<h3 class=\"wp-block-heading\">Id\u0151pont egyeztet\u00e9s<\/h3>\n\n\n\n<p>Az Adatfeldolgoz\u00f3t az Adatkezel\u0151 jel\u00f6li ki, hogy az ilyen Szem\u00e9lyes adatokat az Adatkezel\u0151 sz\u00e1m\u00e1ra \u00e9s nev\u00e9ben feldolgozza. A Vibetrace \u00e1ltal ny\u00fajtott szolg\u00e1ltat\u00e1sok sz\u00fcks\u00e9gess\u00e9 teszik ennek a meg\u00e1llapod\u00e1snak a fenn\u00e1ll\u00e1s\u00e1t, mivel a szem\u00e9lyes adatok k\u00f6nnyen eljutnak az Adatkezel\u0151t\u0151l az Adatfeldolgoz\u00f3hoz.<\/p>\n\n\n\n<p>Az Adatkezel\u0151 a Szem\u00e9lyes adatokat a vonatkoz\u00f3 jogszab\u00e1lyok el\u0151\u00edr\u00e1sainak megfelel\u0151en kezeli. Az Adatkezel\u0151 kiz\u00e1r\u00f3lagos felel\u0151ss\u00e9ggel tartozik minden adat pontoss\u00e1g\u00e1\u00e9rt, min\u0151s\u00e9g\u00e9\u00e9rt \u00e9s jogszer\u0171s\u00e9g\u00e9\u00e9rt, valamint a szem\u00e9lyes adatok megszerz\u00e9s\u00e9nek m\u00f3djai\u00e9rt.<\/p>\n\n\n\n<h3 class=\"wp-block-heading\">Id\u0151tartam<\/h3>\n\n\n\n<p>Ez a Meg\u00e1llapod\u00e1s azon a napon l\u00e9p hat\u00e1lyba, amikor az Adatkezel\u0151 (a Vibetrace \u00fcgyfele) fi\u00f3kot hoz l\u00e9tre, vagy fi\u00f3kot szerez platformunkon\/webhely\u00fcnk\u00f6n.<\/p>\n\n\n\n<p>Az adatkezel\u00e9si szerz\u0151d\u00e9s a k\u00f6vetkez\u0151 id\u0151pontig \u00e9rv\u00e9nyes:<\/p>\n\n\n\n<ul class=\"wp-block-list\">\n<li>Az Adatkezel\u00e9si Szerz\u0151d\u00e9s megsz\u0171nik vagy visszavon\u00e1sra ker\u00fcl.<\/li>\n\n\n\n<li>A F\u0151szolg\u00e1ltat\u00e1sok ny\u00fajt\u00e1s\u00e1ra vonatkoz\u00f3 szerz\u0151d\u00e9s(ek) megsz\u0171nnek<\/li>\n<\/ul>\n\n\n\n<p>Minden Vibetrace szolg\u00e1ltat\u00e1st haszn\u00e1l\u00f3 vez\u00e9rl\u0151 teljes m\u00e9rt\u00e9kben fel\u00fcgyeli a szem\u00e9lyes d\u00e1tum\u00e1t, \u00e9s eld\u00f6nti, hogy mennyi ideig ker\u00fclj\u00f6n ment\u00e9sre a szolg\u00e1ltat\u00e1sba. A bizonyos id\u0151 ut\u00e1n inakt\u00edvv\u00e1 v\u00e1l\u00f3 r\u00e9gi adatok automatikusan t\u00f6rl\u0151dnek a Vibetrace szerverekr\u0151l.<\/p>\n\n\n\n<h3 class=\"wp-block-heading\">Adatfeldolgoz\u00e1s<\/h3>\n\n\n\n<p>Az Adatfeldolgoz\u00f3 a Szem\u00e9lyes Adatokat a Felek k\u00f6z\u00f6tt l\u00e9trej\u00f6tt \u00c1ltal\u00e1nos Szerz\u0151d\u00e9si Felt\u00e9telekben meghat\u00e1rozott c\u00e9lb\u00f3l, az Adatkezel\u0151 nev\u00e9ben \u00e9s ir\u00e1ny\u00edt\u00e1sa alatt kezeli.<\/p>\n\n\n\n<p>Az adatokat az Eur\u00f3pai Uni\u00f3 valamely \u00e1llam\u00e1n bel\u00fcl vagy azon k\u00edv\u00fcl kezelj\u00fck. Az Adatfeldolgoz\u00f3, a Vibetrace fenntartja mag\u00e1nak a jogot arra, hogy szolg\u00e1ltat\u00e1sainak ny\u00fajt\u00e1sa \u00e9rdek\u00e9ben adatokat tov\u00e1bb\u00edtson az Eur\u00f3pai Uni\u00f3 ter\u00fclet\u00e9n k\u00edv\u00fclre.<\/p>\n\n\n\n<h3 class=\"wp-block-heading\">M\u0171szaki \u00e9s szervez\u00e9si int\u00e9zked\u00e9sek<\/h3>\n\n\n\n<p>A Vibetrace minden \u00e9sszer\u0171 technikai \u00e9s szervez\u00e9si int\u00e9zked\u00e9st megtesz annak \u00e9rdek\u00e9ben, hogy k\u00f6telezetts\u00e9get v\u00e1llaljon az \u00d6n adatainak bizalmas kezel\u00e9s\u00e9re, bele\u00e9rtve:<\/p>\n\n\n\n<ul class=\"wp-block-list\">\n<li>Titkos\u00edt\u00e1s haszn\u00e1lata<\/li>\n\n\n\n<li>Rendszereink titkoss\u00e1g\u00e1nak, integrit\u00e1s\u00e1nak, el\u00e9rhet\u0151s\u00e9g\u00e9nek \u00e9s rugalmass\u00e1g\u00e1nak folyamatos ellen\u0151rz\u00e9se<\/li>\n\n\n\n<li>Felk\u00e9sz\u00fclts\u00e9g szolg\u00e1ltat\u00e1saink el\u00e9rhet\u0151s\u00e9g\u00e9nek helyre\u00e1ll\u00edt\u00e1s\u00e1ra fizikai vagy m\u0171szaki esem\u00e9ny eset\u00e9n<\/li>\n\n\n\n<li>Minden rendszer rendszeres kock\u00e1zat\u00e9rt\u00e9kel\u00e9se<\/li>\n\n\n\n<li>Kereskedelmileg \u00e9sszer\u0171 l\u00e9p\u00e9sek annak biztos\u00edt\u00e1s\u00e1ra, hogy az alkalmazottak \u00e9s a Vibetrace nev\u00e9ben elj\u00e1r\u00f3 szem\u00e9lyek meg\u0151rizz\u00e9k a szem\u00e9lyes adatok bizalmas kezel\u00e9s\u00e9t<\/li>\n\n\n\n<li>Adatszerz\u0151d\u00e9sek \u00e9s adatv\u00e9delmi visszaigazol\u00e1sok a Vibetrace sz\u00e1m\u00e1ra szolg\u00e1ltat\u00e1st ny\u00fajt\u00f3 \u00f6sszes alfeldolgoz\u00f3r\u00f3l<\/li>\n\n\n\n<li>Adjon \u00edr\u00e1sos v\u00e1laszt az \u00fcgyfelek \u00e1ltal beny\u00fajtott minden \u00e9sszer\u0171 inform\u00e1ci\u00f3k\u00e9r\u00e9sre<\/li>\n\n\n\n<li>\u00c9sszer\u0171en seg\u00edtse az \u00fcgyfeleket az adatbiztons\u00e1gi auditokban, bele\u00e9rtve az \u00fcgyf\u00e9l, auditorok vagy m\u00e1s fel\u00fcgyeleti hat\u00f3s\u00e1gok \u00e1ltal v\u00e9gzett ellen\u0151rz\u00e9seket is.<\/li>\n\n\n\n<li>Az \u00fcgyfelek t\u00e1j\u00e9koztat\u00e1sa a szem\u00e9lyes adatok megs\u00e9rt\u00e9s\u00e9r\u0151l<\/li>\n<\/ul>\n\n\n\n<h3 class=\"wp-block-heading\">Adatokhoz f\u0171z\u0151d\u0151 jogok<\/h3>\n\n\n\n<p>Az adatkezel\u0151ket \u00e9s az alanyokat az al\u00e1bbi jogok illetik meg a Vibetrace \u00e1ltal feldolgozott Szem\u00e9lyes adatokkal kapcsolatban<\/p>\n\n\n\n<p><strong>T\u00e1j\u00e9koztat\u00e1shoz val\u00f3 jog:<\/strong>&nbsp;Az adatkezel\u0151k vagy alanyaik b\u00e1rmikor r\u00e1k\u00e9rdezhetnek a szem\u00e9lyes adatokra, azok felhaszn\u00e1l\u00e1s\u00e1ra \u00e9s felhaszn\u00e1l\u00e1s\u00e1ra.<\/p>\n\n\n\n<p><strong>Hozz\u00e1f\u00e9r\u00e9si jog: Az adatv\u00e9delmi szab\u00e1lyzatunkban le\u00edrtak szerint (Hozz\u00e1f\u00e9r\u00e9s a szem\u00e9lyes adatokhoz).<\/strong><\/p>\n\n\n\n<p><strong>Helyesb\u00edt\u00e9s joga:<\/strong>&nbsp;Az adatkezel\u0151k vagy alanyaik b\u00e1rmikor friss\u00edthetik (vagy k\u00e9rhetik) a szem\u00e9lyes adatokat.<\/p>\n\n\n\n<p><strong>T\u00f6rl\u00e9si jog:<\/strong>&nbsp;Az adatkezel\u0151k b\u00e1rmikor t\u00f6r\u00f6lhetik fi\u00f3kjukat, \u00e9s k\u00e9rhetik tov\u00e1bb\u00e1, hogy a Vibetrace t\u00f6r\u00f6lje az \u00f6sszes Szem\u00e9lyes adatot, hagyja abba az adatok tov\u00e1bbi terjeszt\u00e9s\u00e9t, \u00e9s harmadik felekkel is le\u00e1ll\u00edthatja az adatok feldolgoz\u00e1s\u00e1t. Az \u00d6n \u00c9rintettei azt is k\u00e9rhetik, hogy az Adatkezel\u0151k ugyanezt tegy\u00e9k meg szem\u00e9lyes adataikkal kapcsolatban. A Vibetrace fenntartja a jogot arra, hogy megtartsa a minim\u00e1lis mennyis\u00e9g\u0171 inform\u00e1ci\u00f3t, amely seg\u00edt megel\u0151zni a csal\u00e1sokat, hogy a lehet\u0151 legmagasabb legyen a sz\u00e1ll\u00edthat\u00f3s\u00e1g.<\/p>\n\n\n\n<p><strong>Az adatkezel\u00e9s korl\u00e1toz\u00e1s\u00e1nak joga:<\/strong>&nbsp;A vez\u00e9rl\u0151k b\u00e1rmikor felf\u00fcggeszthetik fi\u00f3kj\u00e1t, ami korl\u00e1tozza az e-mailes kommunik\u00e1ci\u00f3, a sz\u00f6veges \u00fczenetek vagy a push \u00e9rtes\u00edt\u00e9sek k\u00fcld\u00e9s\u00e9t. Adatait tov\u00e1bbra is feldolgozzuk m\u00e1s m\u0171veletekhez, p\u00e9ld\u00e1ul sz\u00e1ml\u00e1z\u00e1shoz, valamint alfeldolgoz\u00f3ink \u00e1ltal. Az adatkezel\u0151k t\u00f6r\u00f6lhetik fi\u00f3kjukat, hogy korl\u00e1tozz\u00e1k az \u00d6n adatainak \u00f6sszes adatkezel\u00e9s\u00e9t, \u00e9s \u00fajraaktiv\u00e1lj\u00e1k azt mindaddig, am\u00edg m\u00e9g nem t\u00f6r\u00f6lt\u00fck az \u00d6n adatait adatmeg\u0151rz\u00e9si szab\u00e1lyzatunknak megfelel\u0151en.<\/p>\n\n\n\n<p><strong>Az adathordozhat\u00f3s\u00e1ghoz val\u00f3 jog:<\/strong>&nbsp;Az adatkezel\u0151k b\u00e1rmikor export\u00e1lhatj\u00e1k az \u00d6n list\u00e1it vagy a list\u00e1kon bel\u00fcli kiv\u00e1lasztott inform\u00e1ci\u00f3kat, amikor az \u00d6n fi\u00f3kja akt\u00edv.<\/p>\n\n\n\n<h3 class=\"wp-block-heading\">Alprocesszorok<\/h3>\n\n\n\n<p>Az Adatfeldolgoz\u00f3 a szem\u00e9lyes adatoknak az Adatkezel\u0151 r\u00e9sz\u00e9re t\u00f6rt\u00e9n\u0151 feldolgoz\u00e1s\u00e1hoz harmadik feleket is ig\u00e9nybe vehet, amennyiben ez az al\u00e1bbiakban szerepel:<\/p>\n\n\n\n<ul class=\"wp-block-list\">\n<li>jelen Adatkezel\u00e9si Szerz\u0151d\u00e9s 3. sz\u00e1m\u00fa mell\u00e9klete, ill<\/li>\n\n\n\n<li>Adatfeldolgoz\u00f3 utas\u00edt\u00e1sai.<\/li>\n<\/ul>\n\n\n\n<p>A Harmadik f\u00e9l adatfeldolgoz\u00f3nak ugyanolyan adatv\u00e9delmi k\u00f6telezetts\u00e9geket kell v\u00e1llalnia, mint az Adatfeldolgoz\u00f3nak (bele\u00e9rtve az Adatkezel\u00e9si Szerz\u0151d\u00e9sben foglaltakat is).<\/p>\n\n\n\n<p>A Harmadik f\u00e9l adatfeldolgoz\u00f3 csak kifejezetten az Adatkezel\u0151vel egyeztetett Utas\u00edt\u00e1sokkal \u00f6sszhangban \u00e9s azokhoz kapcsol\u00f3d\u00f3an j\u00e1r el. Elt\u00e9r\u0151 meg\u00e1llapod\u00e1s hi\u00e1ny\u00e1ban a Harmadik F\u00e9l Adatfeldolgoz\u00f3val folytatott minden kommunik\u00e1ci\u00f3t az Adatfeldolgoz\u00f3 kezel. Az Adatkezel\u0151t\u0151l az Utas\u00edt\u00e1sokban bek\u00f6vetkezett b\u00e1rmilyen v\u00e1ltoz\u00e1st vagy pontos\u00edt\u00e1st az Adatfeldolgoz\u00f3 halad\u00e9ktalanul tov\u00e1bb\u00edt a Harmadik F\u00e9l Adatfeldolgoz\u00f3nak.<\/p>\n\n\n\n<p>Az Adatfeldolgoz\u00f3 k\u00f6zvetlen\u00fcl felel\u0151s az\u00e9rt, hogy a Harmadik F\u00e9l Adatfeldolgoz\u00f3 a szem\u00e9lyes adatokat ugyanolyan m\u00f3don kezelje, mintha azokat maga az Adatfeldolgoz\u00f3 kezeln\u00e9.<\/p>\n\n\n\n<h3 class=\"wp-block-heading\">1. f\u00fcggel\u00e9k \u2013 F\u0151 szolg\u00e1ltat\u00e1sok<\/h3>\n\n\n\n<p>A hat\u00e1lyos kieg\u00e9sz\u00edt\u00e9ssel a Kedvezm\u00e9nyezett felhatalmazza az Adatfeldolgoz\u00f3t (Szolg\u00e1ltat\u00f3t) arra, hogy: Azonos\u00edtsa, gy\u0171jtse, \u00f6sszes\u00edtse, feldolgozza \u00e9s t\u00e1rolja a jelen Szerz\u0151d\u00e9sben eml\u00edtett szem\u00e9lyes adatokat, amelyeket k\u00f6zvetlen\u00fcl az Adatkezel\u0151t\u0151l kapott az Adatkezel\u0151 \u00e1ltal biztos\u00edtott k\u00f3dok technikai rendszerintegr\u00e1ci\u00f3i r\u00e9v\u00e9n. (Vibetrace) vagy manu\u00e1lis import\u00e1l\u00e1s a Controller Platformon vagy az Adatkezel\u0151 \u00e1ltal biztos\u00edtott API-k haszn\u00e1lat\u00e1val, \u00e9s ezeket az adatokat az Adatkezel\u0151 felhaszn\u00e1l\u00f3i (Adatalanyok) viselked\u00e9s\u00e9nek \u00e9s a szolg\u00e1ltat\u00e1sok ny\u00fajt\u00e1s\u00e1nak elemz\u00e9s\u00e9re haszn\u00e1lja.<\/p>\n\n\n\n<p>A szolg\u00e1ltat\u00e1sok ny\u00fajt\u00e1sa mag\u00e1ban foglalja, de nem kiz\u00e1r\u00f3lagosan az Adatkezel\u0151 nev\u00e9ben t\u00f6rt\u00e9n\u0151 kommunik\u00e1ci\u00f3t a felhaszn\u00e1l\u00f3ival, az Adatkezel\u0151 \u00e1ltal meghat\u00e1rozott szab\u00e1lyok szerint.<\/p>\n\n\n\n<ul class=\"wp-block-list\">\n<li>E-mailek vagy sz\u00f6veges \u00fczenetek k\u00fcld\u00e9se mobilsz\u00e1mokon<\/li>\n\n\n\n<li>Szem\u00e9lyes push \u00e9rtes\u00edt\u00e9s k\u00fcld\u00e9se a t\u00e1rgy eszk\u00f6z\u00e9re<\/li>\n\n\n\n<li>Szem\u00e9lyre szabhatja a webhely tartalm\u00e1t az egyes alanyprofiloknak megfelel\u0151en<\/li>\n\n\n\n<li>Gy\u0171jts\u00f6n adatokat felm\u00e9r\u00e9sek \u00e9s k\u00f6zv\u00e9lem\u00e9ny-kutat\u00e1sok seg\u00edts\u00e9g\u00e9vel<\/li>\n\n\n\n<li>Szem\u00e9lyre szabott hirdet\u00e9sek k\u00e9zbes\u00edt\u00e9se Facebook, Instagram, Google \u00e9s Bing hirdet\u00e9si h\u00e1l\u00f3zatokon kereszt\u00fcl<\/li>\n<\/ul>\n\n\n\n<h3 class=\"wp-block-heading\">2. f\u00fcggel\u00e9k \u2013 Adatt\u00edpusok \u00e9s kateg\u00f3ri\u00e1k<\/h3>\n\n\n\n<p>Az Adatfeldolgoz\u00f3 \u00e1ltal feldolgozott adatok a k\u00f6vetkez\u0151k lehetnek, de nem kiz\u00e1r\u00f3lagosan:<\/p>\n\n\n\n<ul class=\"wp-block-list\">\n<li>E-mail c\u00edm, az alanyok vagy c\u00edmek kereszt- \u00e9s vezet\u00e9kneve<\/li>\n\n\n\n<li>Telefonsz\u00e1mok<\/li>\n\n\n\n<li>B\u00f6ng\u00e9sz\u0151 Push \u00e9rtes\u00edt\u00e9si tokenek<\/li>\n\n\n\n<li>Eszk\u00f6z IP-c\u00edme (anonimiz\u00e1lt form\u00e1tumban t\u00e1rolva)<\/li>\n\n\n\n<li>Eszk\u00f6z k\u00e9perny\u0151felbont\u00e1sa, oper\u00e1ci\u00f3s rendszer, b\u00f6ng\u00e9sz\u0151 t\u00edpusa<\/li>\n\n\n\n<li>F\u00f6ldrajzi elhelyezked\u00e9s<\/li>\n\n\n\n<li>Megl\u00e1togatott oldalak, rendel\u00e9sek<\/li>\n\n\n\n<li>Hivatkoz\u00f3 URL-ek \u00e9s domainek<\/li>\n<\/ul>\n\n\n\n<h3 class=\"wp-block-heading\">3. f\u00fcggel\u00e9k \u2013 Alfeldolgoz\u00f3k<\/h3>\n\n\n\n<p>A k\u00f6vetkez\u0151 lista a j\u00f6v\u0151ben friss\u00fclhet, ha m\u00e1s alprocesszorokat haszn\u00e1lnak. ha tiltakozik az al-feldolgoz\u00f3 hozz\u00e1ad\u00e1s\u00e1val szemben, akkor az \u00e9rtes\u00edt\u00e9st\u0151l sz\u00e1m\u00edtott 5 napon bel\u00fcl t\u00f6r\u00f6lheti fi\u00f3kj\u00e1t, felt\u00e9ve, hogy a tiltakoz\u00e1s \u00e9sszer\u0171 adatv\u00e9delmi indokokon alapul.<\/p>\n\n\n\n<figure class=\"wp-block-table table\"><table><tbody><tr><td>DigitalOcean<\/td><td>Sparkpost<\/td><td>amazon<\/td><td>Paypal<\/td><td>Google<\/td><td>Sodr\u00f3d\u00e1s<\/td><\/tr><tr><td>Microsoft<\/td><td>Braintree<\/td><td>\u00c9rt\u00e9kes\u00edt\u00e9si er\u0151<\/td><td>Kissmetrics<\/td><td>Cloudflare<\/td><td>Twilio<\/td><\/tr><tr><td>Lakmusz<\/td><td>Hubspot<\/td><td>Intercom<\/td><\/tr><\/tbody><\/table><\/figure>\n\n\n\n<h3 class=\"wp-block-heading\">4. f\u00fcggel\u00e9k \u2013 A DPA t\u00e9teleinek list\u00e1ja<\/h3>\n\n\n\n<p>Javasoljuk \u00fcgyfeleinknek, hogy az al\u00e1bbi t\u00e9telsort az \u00c1ltal\u00e1nos Szerz\u0151d\u00e9si Felt\u00e9telek, illetve az Adatkezel\u00e9si szerz\u0151d\u00e9s oldal\u00e1ra vegy\u00e9k fel.<\/p>\n\n\n\n<ul class=\"wp-block-list\">\n<li>Szolg\u00e1ltat\u00e1saink fejleszt\u00e9se \u00e9rdek\u00e9ben a Vibetrace Marketing Automation platformon (https:\/\/vibetrace.com) figyelj\u00fck, nyomon k\u00f6vetj\u00fck \u00e9s egyedi profilokat k\u00e9sz\u00edt\u00fcnk l\u00e1togat\u00f3inkr\u00f3l \u00e9s \u00fcgyfeleinkr\u0151l.<\/li>\n\n\n\n<li>Ezek a tev\u00e9kenys\u00e9gek nem sz\u00fcks\u00e9gesek megrendel\u00e9s l\u00e9trehoz\u00e1s\u00e1hoz vagy weboldalunk haszn\u00e1lat\u00e1hoz, \u00e9s nincsenek jogilag k\u00f6telez\u0151 \u00e9rv\u00e9ny\u0171ek. A felhaszn\u00e1l\u00f3k d\u00f6nthetnek \u00fagy, hogy nem k\u00f6vetik nyomon \u0151ket, \u00e9s nem kapj\u00e1k meg marketingkommunik\u00e1ci\u00f3inkat.<\/li>\n\n\n\n<li>A Vibetrace szolg\u00e1ltat\u00e1sok m\u0171k\u00f6d\u00e9s\u00e9hez \u00e9s az \u00e1ltaluk k\u00edn\u00e1lt marketingautomatiz\u00e1l\u00e1si szolg\u00e1ltat\u00e1sok alapj\u00e1ul szolg\u00e1l\u00f3 marketing adatplatform l\u00e9trehoz\u00e1s\u00e1hoz a k\u00f6vetkez\u0151 inform\u00e1ci\u00f3kat gy\u0171jtj\u00fck: e-mail, telefonsz\u00e1mok, IP-c\u00edm, hely, b\u00f6ng\u00e9sz\u0151 inform\u00e1ci\u00f3i, interakci\u00f3 a webhely oldalaival. , valamint a m\u0171veletek id\u0151b\u00e9lyeg\u00e9t.<\/li>\n\n\n\n<li>A Vibetrace \u00e1ltal a fent eml\u00edtett szolg\u00e1ltat\u00e1sok ny\u00fajt\u00e1s\u00e1hoz haszn\u00e1lt alfeldolgoz\u00f3k list\u00e1ja mindig megtal\u00e1lhat\u00f3 a https:\/\/vibetrace.com\/data-processing\/ oldalon.<\/li>\n\n\n\n<li>Az adatok meg\u0151rz\u00e9se az azonos\u00edtott l\u00e1togat\u00f3k eset\u00e9ben (azok, akik rendelkeznek e-mail c\u00edmmel) legfeljebb 2 \u00e9vig, a t\u00e1rs\u00edtott e-mail c\u00edmmel \u00e9s\/vagy telefonsz\u00e1mmal nem rendelkez\u0151 l\u00e1togat\u00f3k eset\u00e9ben legfeljebb 6 h\u00f3napig<\/li>\n<\/ul>\n\n<\/div><\/div>","protected":false},"excerpt":{"rendered":"<p>Adatkezel\u00e9si szerz\u0151d\u00e9s Adatkezel\u00e9si szerz\u0151d\u00e9st k\u00edn\u00e1lunk szervezete adataira, \u00edgy\u2026 <a title=\"Adatkezel\u00e9si meg\u00e1llapod\u00e1s\" class=\"read-more\" href=\"https:\/\/vibetrace.com\/hu\/adatfeldolgozas\/\" aria-label=\"Tov\u00e1bbi inform\u00e1ci\u00f3 az adatkezel\u00e9si meg\u00e1llapod\u00e1sr\u00f3l\"> <\/a><\/p>","protected":false},"author":9,"featured_media":0,"parent":0,"menu_order":0,"comment_status":"closed","ping_status":"closed","template":"","meta":{"inline_featured_image":false,"footnotes":""},"class_list":["post-167","page","type-page","status-publish"],"_links":{"self":[{"href":"https:\/\/vibetrace.com\/hu\/wp-json\/wp\/v2\/pages\/167","targetHints":{"allow":["GET"]}}],"collection":[{"href":"https:\/\/vibetrace.com\/hu\/wp-json\/wp\/v2\/pages"}],"about":[{"href":"https:\/\/vibetrace.com\/hu\/wp-json\/wp\/v2\/types\/page"}],"author":[{"embeddable":true,"href":"https:\/\/vibetrace.com\/hu\/wp-json\/wp\/v2\/users\/9"}],"replies":[{"embeddable":true,"href":"https:\/\/vibetrace.com\/hu\/wp-json\/wp\/v2\/comments?post=167"}],"version-history":[{"count":0,"href":"https:\/\/vibetrace.com\/hu\/wp-json\/wp\/v2\/pages\/167\/revisions"}],"wp:attachment":[{"href":"https:\/\/vibetrace.com\/hu\/wp-json\/wp\/v2\/media?parent=167"}],"curies":[{"name":"wp","href":"https:\/\/api.w.org\/{rel}","templated":true}]}}