{"id":166,"date":"2021-08-12T09:55:01","date_gmt":"2021-08-12T09:55:01","guid":{"rendered":"https:\/\/vibetrace.com\/blog\/?page_id=166"},"modified":"2023-06-14T08:15:19","modified_gmt":"2023-06-14T08:15:19","slug":"cookie-policy","status":"publish","type":"page","link":"https:\/\/vibetrace.com\/hu\/cookie-politika\/","title":{"rendered":"Cookie-szab\u00e1lyzat"},"content":{"rendered":"<div class=\"gb-container gb-container-1d3c9211\"><div class=\"gb-inside-container\">\n\n<h1 class=\"gb-headline gb-headline-c7d43197 gb-headline-text\">Cookie-szab\u00e1lyzat<\/h1>\n\n\n\n<p class=\"gb-headline gb-headline-d3ef2b05 gb-headline-text\">Hogyan kezeli a Vibetrace a cookie-kat.<\/p>\n\n\n\n<p>Utols\u00f3 m\u00f3dos\u00edt\u00e1s: 2018. m\u00e1jus<\/p>\n\n\n\n<p>Ez a weboldal vagy harmadik f\u00e9lt\u0151l sz\u00e1rmaz\u00f3 eszk\u00f6zei cookie-kat haszn\u00e1lnak, amelyek sz\u00fcks\u00e9gesek a m\u0171k\u00f6d\u00e9s\u00e9hez \u00e9s a jelen cookie szab\u00e1lyzatban bemutatott c\u00e9lok el\u00e9r\u00e9s\u00e9hez. A s\u00fctire figyelmeztet\u0151 szalaghirdet\u00e9s bez\u00e1r\u00e1s\u00e1val, az oldal g\u00f6rget\u00e9s\u00e9vel, egy hivatkoz\u00e1sra kattint\u00e1ssal vagy a b\u00f6ng\u00e9sz\u00e9s m\u00e1s m\u00f3don t\u00f6rt\u00e9n\u0151 folytat\u00e1s\u00e1val \u00d6n hozz\u00e1j\u00e1rul a cookie-k haszn\u00e1lat\u00e1hoz.<\/p>\n\n<\/div><\/div>\n\n<div class=\"gb-container gb-container-3c618fce\"><div class=\"gb-inside-container\">\n\n<h2 class=\"gb-headline gb-headline-6ab5fe31 gb-headline-text\">Mik azok a s\u00fctik?<\/h2>\n\n\n\n<p>Ahhoz, hogy a modern weboldalak a l\u00e1togat\u00f3k elv\u00e1r\u00e1sainak megfelel\u0151en m\u0171k\u00f6djenek, \u00f6ssze kell gy\u0171jteni\u00fck bizonyos alapvet\u0151 inform\u00e1ci\u00f3kat a l\u00e1togat\u00f3kr\u00f3l. Ennek \u00e9rdek\u00e9ben egy webhely kis sz\u00f6veges f\u00e1jlokat hoz l\u00e9tre, amelyeket a l\u00e1togat\u00f3 eszk\u00f6zein helyez el \u2013 ezeket a f\u00e1jlokat cookie-knak nevezz\u00fck. A cookie-k minden l\u00e1togat\u00f3hoz egyedileg vannak hozz\u00e1rendelve, \u00e9s csak a cookie-t a l\u00e1togat\u00f3nak ki\u00e1ll\u00edt\u00f3 domain webszervere tudja elolvasni. A cookie-k nem haszn\u00e1lhat\u00f3k programok futtat\u00e1s\u00e1ra vagy v\u00edrusok eljuttat\u00e1s\u00e1ra a l\u00e1togat\u00f3 eszk\u00f6z\u00e9re.<\/p>\n\n\n\n<p>A s\u00fctik k\u00fcl\u00f6nf\u00e9le feladatokat l\u00e1tnak el, amelyek sokkal g\u00f6rd\u00fcl\u00e9kenyebb\u00e9 \u00e9s interakt\u00edvabb\u00e1 teszik a l\u00e1togat\u00f3 internetes \u00e9lm\u00e9ny\u00e9t. A cookie-k p\u00e9ld\u00e1ul arra szolg\u00e1lnak, hogy eml\u00e9kezzenek a l\u00e1togat\u00f3 preferenci\u00e1ira az \u00e1ltala gyakran l\u00e1togatott webhelyeken, eml\u00e9kezzenek a nyelvi preferenci\u00e1kra, \u00e9s seg\u00edtsenek hat\u00e9konyabban navig\u00e1lni az oldalak k\u00f6z\u00f6tt. Az \u00f6sszegy\u0171jt\u00f6tt adatok nagy r\u00e9sze, b\u00e1r nem minden, n\u00e9vtelen, b\u00e1r egy r\u00e9sz\u00fck a b\u00f6ng\u00e9sz\u00e9si mint\u00e1k \u00e9s a hozz\u00e1vet\u0151leges f\u00f6ldrajzi hely \u00e9szlel\u00e9s\u00e9re szolg\u00e1l a l\u00e1togat\u00f3i \u00e9lm\u00e9ny jav\u00edt\u00e1sa \u00e9rdek\u00e9ben.<\/p>\n\n\n\n<h2 class=\"gb-headline gb-headline-8e136e62 gb-headline-text\">Hogyan haszn\u00e1lj\u00e1k a s\u00fctiket a vibetrace.com oldalon?<\/h2>\n\n\n\n<p>A Vibetrace cookie-kat helyez el, hogy elt\u00e1roljon, majd kis mennyis\u00e9g\u0171 inform\u00e1ci\u00f3t lek\u00e9rjen a sz\u00e1m\u00edt\u00f3g\u00e9p\u00e9n, amikor megl\u00e1togatja. Ezzel biztos\u00edtjuk, hogy tartalmunk az \u00d6n specifik\u00e1ci\u00f3ihoz igazodjon, ez\u00e1ltal jav\u00edtva az oldal l\u00e1togat\u00f3i \u00e9lm\u00e9ny\u00e9t. T\u00f6bbek k\u00f6z\u00f6tt az \u00e1ltalunk haszn\u00e1lt s\u00fctik lehet\u0151v\u00e9 teszik a l\u00e1togat\u00f3k sz\u00e1m\u00e1ra, hogy regisztr\u00e1ljanak az oldalra, \u00e9s (anonim m\u00f3don) kisz\u00e1moljuk, h\u00e1ny l\u00e1togat\u00f3ja van a webhelynek.<\/p>\n\n\n\n<p>\u00dagy gondoljuk, hogy a weboldal l\u00e1togat\u00f3i \u00e9lm\u00e9ny\u00e9t h\u00e1tr\u00e1nyosan \u00e9rinten\u00e9, ha a l\u00e1togat\u00f3k letiltj\u00e1k az \u00e1ltalunk haszn\u00e1lt s\u00fctiket.<\/p>\n\n\n\n<h2 class=\"gb-headline gb-headline-7a48a6d9 gb-headline-text\">Milyen t\u00edpus\u00fa s\u00fctik vannak, \u00e9s melyeket haszn\u00e1lunk?<\/h2>\n\n\n\n<p>A s\u00fctik kateg\u00f3ri\u00e1kba sorolhat\u00f3k a t\u00e1rol\u00e1suk id\u0151tartama \u00e9s funkci\u00f3juk alapj\u00e1n.<\/p>\n\n\n\n<h3 class=\"gb-headline gb-headline-029c37a4 gb-headline-text\">A t\u00e1rol\u00e1s id\u0151tartama szerint kategoriz\u00e1lt s\u00fctik:<\/h3>\n\n\n\n<h4 class=\"gb-headline gb-headline-6b95bc84 gb-headline-text\">\u00c1lland\u00f3 cookie-k<\/h4>\n\n\n\n<p>Az \u00e1lland\u00f3 cookie-k a l\u00e1togat\u00f3 eszk\u00f6z\u00e9n a cookie-ban megadott meghat\u00e1rozott ideig maradnak. Minden alkalommal aktiv\u00e1l\u00f3dnak, amikor a l\u00e1togat\u00f3 felkeresi azt a webhelyet, amely az adott cookie-t l\u00e9trehozta.<\/p>\n\n\n\n<p>P\u00e9ld\u00e1k az \u00e1lland\u00f3 cookie-k haszn\u00e1lat\u00e1ra:<\/p>\n\n\n\n<ul class=\"wp-block-list\">\n<li>Lehet\u0151v\u00e9 teszi a l\u00e1togat\u00f3k regisztr\u00e1ci\u00f3j\u00e1t<\/li>\n\n\n\n<li>Az oldal l\u00e1togat\u00f3inak sz\u00e1m\u00e1nak kisz\u00e1m\u00edt\u00e1sa<\/li>\n<\/ul>\n\n\n\n<h4 class=\"gb-headline gb-headline-aa22531c gb-headline-text\">Munkamenet cookie-k<\/h4>\n\n\n\n<p>A munkamenet cookie-k ideiglenesek. Lehet\u0151v\u00e9 teszik a webhelyek \u00fczemeltet\u0151i sz\u00e1m\u00e1ra, hogy \u00f6sszekapcsolj\u00e1k a l\u00e1togat\u00f3 m\u0171veleteit a b\u00f6ng\u00e9sz\u0151 munkamenete sor\u00e1n. A b\u00f6ng\u00e9sz\u0151 munkamenet akkor kezd\u0151dik, amikor a l\u00e1togat\u00f3 megnyit egy b\u00f6ng\u00e9sz\u0151ablakot, \u00e9s akkor fejez\u0151dik be, amikor bez\u00e1rja azt. A b\u00f6ng\u00e9sz\u0151 bez\u00e1r\u00e1sa ut\u00e1n az \u00f6sszes munkamenet cookie t\u00f6rl\u0151dik.<\/p>\n\n\n\n<p>P\u00e9ld\u00e1k a munkamenet-cookie-k haszn\u00e1lat\u00e1ra:<\/p>\n\n\n\n<ul class=\"wp-block-list\">\n<li>Oldalunk haszn\u00e1lhat\u00f3s\u00e1g\u00e1nak jav\u00edt\u00e1sa \u00e9rdek\u00e9ben<\/li>\n\n\n\n<li>A l\u00e1togat\u00f3 \u00e1tir\u00e1ny\u00edt\u00e1sa a legink\u00e1bb el\u00e9rhet\u0151 webszerverre<\/li>\n<\/ul>\n\n\n\n<h3 class=\"gb-headline gb-headline-78dd96e0 gb-headline-text\">A s\u00fctik funkci\u00f3 szerint kategoriz\u00e1lva:<\/h3>\n\n\n\n<h4 class=\"gb-headline gb-headline-13d6fc6a gb-headline-text\">Szigor\u00faan sz\u00fcks\u00e9ges s\u00fctik<\/h4>\n\n\n\n<p>A felt\u00e9tlen\u00fcl sz\u00fcks\u00e9ges cookie-k elengedhetetlenek a webhelyen val\u00f3 navig\u00e1l\u00e1shoz \u00e9s funkci\u00f3inak haszn\u00e1lat\u00e1hoz. N\u00e9lk\u00fcl\u00fck a l\u00e1togat\u00f3k nem vehetn\u00e9nek ig\u00e9nybe olyan alapvet\u0151 szolg\u00e1ltat\u00e1sokat, mint a regisztr\u00e1ci\u00f3. Ezek a cookie-k nem gy\u0171jtenek olyan inform\u00e1ci\u00f3kat a l\u00e1togat\u00f3kr\u00f3l, amelyeket marketing c\u00e9lokra haszn\u00e1lhatn\u00e1nak fel, vagy megjegyezn\u00e9k, hogy a l\u00e1togat\u00f3 hol j\u00e1rt az interneten.<\/p>\n\n\n\n<p>P\u00e9ld\u00e1k arra, hogy a Vibetrace hogyan haszn\u00e1lja a \u201eszigor\u00faan sz\u00fcks\u00e9ges\u201d cookie-kat:<\/p>\n\n\n\n<ul class=\"wp-block-list\">\n<li>Lehet\u0151v\u00e9 teszi a l\u00e1togat\u00f3k sz\u00e1m\u00e1ra, hogy regisztr\u00e1lt felhaszn\u00e1l\u00f3k\u00e9nt jelentkezzenek be a webhelyre<\/li>\n<\/ul>\n\n\n\n<h4 class=\"gb-headline gb-headline-e7d44885 gb-headline-text\">Nem alapvet\u0151 s\u00fctik<\/h4>\n\n\n\n<p>Ezek olyan cookie-k, amelyek nem esnek az alapvet\u0151 cookie-k defin\u00edci\u00f3j\u00e1ba, p\u00e9ld\u00e1ul a webhelyen tan\u00fas\u00edtott viselked\u00e9s elemz\u00e9s\u00e9re haszn\u00e1lt cookie-k (&quot;analitikai&quot; cookie-k) vagy a hirdet\u00e9sek megjelen\u00edt\u00e9s\u00e9re haszn\u00e1lt cookie-k (&quot;hirdet\u00e9si&quot; cookie-k).<\/p>\n\n\n\n<p>A teljes\u00edtm\u00e9ny-cookie-k anonim adatokat gy\u0171jtenek statisztikai c\u00e9lokra arr\u00f3l, hogy a l\u00e1togat\u00f3k hogyan haszn\u00e1lj\u00e1k a webhelyet, \u00e9s a l\u00e1togat\u00f3i \u00e9lm\u00e9ny jav\u00edt\u00e1s\u00e1ra haszn\u00e1lj\u00e1k fel \u0151ket. L\u00e9teznek nem alapvet\u0151 cookie-k is, amelyek azonos\u00edtj\u00e1k a felhaszn\u00e1l\u00f3kat annak \u00e9rdek\u00e9ben, hogy szem\u00e9lyre szabhass\u00e1k, hogyan keresse \u0151ket a webhely, valamint hogy szem\u00e9lyre szabj\u00e1k a webhelyet, \u00e9s jav\u00edts\u00e1k a marketinget.<\/p>\n\n\n\n<p>P\u00e9ld\u00e1k arra, hogy a Vibetrace hogyan haszn\u00e1lja a teljes\u00edtm\u00e9ny cookie-kat:<\/p>\n\n\n\n<ul class=\"wp-block-list\">\n<li>Adatok gy\u0171jt\u00e9se a webhely l\u00e1togat\u00e1sair\u00f3l, bele\u00e9rtve a l\u00e1togat\u00f3k \u00e9s l\u00e1togat\u00e1sok sz\u00e1m\u00e1t, a webhelyen elt\u00f6lt\u00f6tt id\u0151 hossz\u00e1t, a kattintott oldalakat vagy a l\u00e1togat\u00f3k \u00e9rkez\u00e9si hely\u00e9t<\/li>\n\n\n\n<li>A teljes\u00edtm\u00e9ny cookie-k \u00e1ltal szolg\u00e1ltatott inform\u00e1ci\u00f3k seg\u00edtenek meg\u00e9rteni, hogyan haszn\u00e1lj\u00e1k a l\u00e1togat\u00f3k a webhelyet; p\u00e9ld\u00e1ul, hogy a l\u00e1togat\u00f3k j\u00e1rtak-e kor\u00e1bban, mit n\u00e9ztek meg vagy kattintottak r\u00e1 a l\u00e1togat\u00f3k, \u00e9s hogyan tal\u00e1ltak r\u00e1nk<\/li>\n\n\n\n<li>A teljes\u00edtm\u00e9ny cookie-k \u00e1ltal szolg\u00e1ltatott inform\u00e1ci\u00f3kat (\u00fajra)marketing tev\u00e9kenys\u00e9gek sor\u00e1n haszn\u00e1ljuk fel.<\/li>\n\n\n\n<li>Eml\u00e9kez\u00e9s a l\u00e1togat\u00f3 nyelvv\u00e1laszt\u00e1s\u00e1ra<\/li>\n\n\n\n<li>Eml\u00e9kezzen a bejelentkez\u00e9si oldal felhaszn\u00e1l\u00f3nev\u00e9re.<\/li>\n<\/ul>\n\n\n\n<h2 class=\"gb-headline gb-headline-493b2fba gb-headline-text\">Hogyan szab\u00e1lyozhatj\u00e1k a l\u00e1togat\u00f3k a s\u00fctiket?<\/h2>\n\n\n\n<p>A l\u00e1togat\u00f3knak tiszt\u00e1ban kell lenni\u00fck azzal, hogy a cookie-k t\u00f6rl\u00e9s\u00e9vel minden preferencia elveszik, \u00e9s sok webhely nem fog megfelel\u0151en m\u0171k\u00f6dni, vagy a funkcionalit\u00e1s elveszik. A Vibetrace ez\u00e9rt nem javasolja a cookie-k kikapcsol\u00e1s\u00e1t a vibetrace.com haszn\u00e1latakor.<\/p>\n\n\n\n<p>A legt\u00f6bb b\u00f6ng\u00e9sz\u0151 automatikusan elfogadja a cookie-kat, de a l\u00e1togat\u00f3k m\u00f3dos\u00edthatj\u00e1k b\u00f6ng\u00e9sz\u0151j\u00fck be\u00e1ll\u00edt\u00e1sait a cookie-k t\u00f6rl\u00e9se vagy az automatikus elfogad\u00e1s megakad\u00e1lyoz\u00e1sa \u00e9rdek\u00e9ben. A b\u00f6ng\u00e9sz\u0151k \u00e1ltal\u00e1ban lehet\u0151s\u00e9get biztos\u00edtanak az aktu\u00e1lisan t\u00e1rolt cookie-k megtekint\u00e9s\u00e9hez, valamint a cookie-k elfogad\u00e1s\u00e1ra, elutas\u00edt\u00e1s\u00e1ra vagy t\u00f6rl\u00e9s\u00e9re, harmadik f\u00e9lt\u0151l sz\u00e1rmaz\u00f3 cookie-k letilt\u00e1s\u00e1ra, bizonyos webhelyek cookie-jainak blokkol\u00e1s\u00e1ra, az \u00f6sszes cookie elfogad\u00e1s\u00e1ra \u00e9s feliratkoz\u00e1sra a cookie-k kiad\u00e1s\u00e1r\u00f3l sz\u00f3l\u00f3 \u00e9rtes\u00edt\u00e9sre. A b\u00f6ng\u00e9sz\u0151 \u201eopci\u00f3k\u201d vagy \u201ebe\u00e1ll\u00edt\u00e1sok\u201d men\u00fcj\u00e9nek megl\u00e1togat\u00e1s\u00e1val a l\u00e1togat\u00f3k m\u00f3dos\u00edthatj\u00e1k a be\u00e1ll\u00edt\u00e1sokat. A b\u00f6ng\u00e9sz\u0151 s\u00fag\u00f3ja \u00e1ltal\u00e1ban r\u00e9szletes t\u00e1j\u00e9koztat\u00e1st ny\u00fajt ennek megval\u00f3s\u00edt\u00e1s\u00e1r\u00f3l.<\/p>\n\n\n\n<h3 class=\"gb-headline gb-headline-38daf538 gb-headline-text\">A teljes\u00edtm\u00e9ny cookie-k kezel\u00e9se<\/h3>\n\n\n\n<p>Lehet\u0151s\u00e9g van lemondani arr\u00f3l, hogy a weboldalakon v\u00e9gzett anonimiz\u00e1lt b\u00f6ng\u00e9sz\u00e9si tev\u00e9kenys\u00e9g\u00e9t teljes\u00edtm\u00e9ny cookie-k r\u00f6gz\u00edts\u00e9k. A l\u00e1togat\u00f3k megakad\u00e1lyozhatj\u00e1k adataik felhaszn\u00e1l\u00e1s\u00e1t egy b\u00f6ng\u00e9sz\u0151b\u0151v\u00edtm\u00e9ny telep\u00edt\u00e9s\u00e9vel, amely blokkolja a funkcionalit\u00e1st.<\/p>\n\n\n\n<p>A Vibetrace.com k\u00fcl\u00f6nf\u00e9le eszk\u00f6z\u00f6ket haszn\u00e1l a teljes\u00edtm\u00e9ny cookie-k r\u00f6gz\u00edt\u00e9s\u00e9re:<\/p>\n\n\n\n<ul class=\"wp-block-list\">\n<li>A Google Analytics<\/li>\n\n\n\n<li>Google Adwords (DoubleClick)<\/li>\n\n\n\n<li>Facebook Pixel<\/li>\n\n\n\n<li>Egy\u00e9b hasonl\u00f3, harmadik f\u00e9lt\u0151l sz\u00e1rmaz\u00f3 szolg\u00e1ltat\u00e1sok<\/li>\n<\/ul>\n\n\n\n<p>Ne felejtse el, hogy a teljes\u00edtm\u00e9ny cookie-k enged\u00e9lyez\u00e9se megakad\u00e1lyozza, hogy megtudjuk, mit szeretnek vagy mit nem szeretnek az emberek webhely\u00fcnk\u00f6n, hogy jobb\u00e1 tegy\u00fck.<\/p>\n\n\n\n<h2 class=\"gb-headline gb-headline-fc46a9f1 gb-headline-text\">L\u00e1togat\u00f3 hozz\u00e1j\u00e1rul\u00e1sa<\/h2>\n\n\n\n<p>A weboldal haszn\u00e1lat\u00e1nak folytat\u00e1s\u00e1val \u00d6n beleegyezik, hogy cookie-k ker\u00fcljenek elhelyez\u00e9sre eszk\u00f6z\u00e9n. Ha \u00fagy d\u00f6nt, hogy nem fogadja cookie-jainkat, nem tudjuk garant\u00e1lni, hogy az \u00d6n \u00e9lm\u00e9nye olyan kiel\u00e9g\u00edt\u0151 lesz, mint egy\u00e9bk\u00e9nt.<\/p>\n\n<\/div><\/div>","protected":false},"excerpt":{"rendered":"<p>S\u00fctikre vonatkoz\u00f3 ir\u00e1nyelvek Hogyan kezeli a Vibetrace a s\u00fctiket? Utols\u00f3 m\u00f3dos\u00edt\u00e1s: 2018. m\u00e1jus Ez a weboldal vagy annak harmadik\u2026 <a title=\"Cookie-szab\u00e1lyzat\" class=\"read-more\" href=\"https:\/\/vibetrace.com\/hu\/cookie-politika\/\" aria-label=\"Tov\u00e1bbi inform\u00e1ci\u00f3 a s\u00fctikre vonatkoz\u00f3 ir\u00e1nyelvekr\u0151l\"> <\/a><\/p>","protected":false},"author":9,"featured_media":0,"parent":0,"menu_order":0,"comment_status":"closed","ping_status":"closed","template":"","meta":{"inline_featured_image":false,"footnotes":""},"class_list":["post-166","page","type-page","status-publish"],"_links":{"self":[{"href":"https:\/\/vibetrace.com\/hu\/wp-json\/wp\/v2\/pages\/166","targetHints":{"allow":["GET"]}}],"collection":[{"href":"https:\/\/vibetrace.com\/hu\/wp-json\/wp\/v2\/pages"}],"about":[{"href":"https:\/\/vibetrace.com\/hu\/wp-json\/wp\/v2\/types\/page"}],"author":[{"embeddable":true,"href":"https:\/\/vibetrace.com\/hu\/wp-json\/wp\/v2\/users\/9"}],"replies":[{"embeddable":true,"href":"https:\/\/vibetrace.com\/hu\/wp-json\/wp\/v2\/comments?post=166"}],"version-history":[{"count":0,"href":"https:\/\/vibetrace.com\/hu\/wp-json\/wp\/v2\/pages\/166\/revisions"}],"wp:attachment":[{"href":"https:\/\/vibetrace.com\/hu\/wp-json\/wp\/v2\/media?parent=166"}],"curies":[{"name":"wp","href":"https:\/\/api.w.org\/{rel}","templated":true}]}}