{"id":15099,"date":"2022-09-21T12:43:52","date_gmt":"2022-09-21T12:43:52","guid":{"rendered":"https:\/\/vibetrace.com\/?page_id=15099"},"modified":"2022-09-21T12:44:27","modified_gmt":"2022-09-21T12:44:27","slug":"hosted-marketing-automation","status":"publish","type":"page","link":"https:\/\/vibetrace.com\/hu\/hosztolt-marketing-automatizalas\/","title":{"rendered":"Hosted Marketing Automation"},"content":{"rendered":"<p><\/p>\n\n\n\n<p>Ez az oldal a hosztolt marketingautomatiz\u00e1l\u00e1s lehet\u0151s\u00e9g\u00e9t mutatja be.<\/p>\n\n\n\n<p>Nagyv\u00e1llalatok \u00e9s v\u00e1llalkoz\u00e1sok megc\u00e9lz\u00e1sa.<\/p>\n\n\n\n<p>Legal\u00e1bb 5 milli\u00f3 akt\u00edv havi felhaszn\u00e1l\u00f3.<\/p>","protected":false},"excerpt":{"rendered":"<p>Ez az oldal a hosztolt marketingautomatiz\u00e1l\u00e1s lehet\u0151s\u00e9g\u00e9t mutatja be. Nagyv\u00e1llalatok \u00e9s v\u00e1llalkoz\u00e1sok megc\u00e9lz\u00e1sa. \u2026 <a title=\"Hosted Marketing Automation\" class=\"read-more\" href=\"https:\/\/vibetrace.com\/hu\/hosztolt-marketing-automatizalas\/\" aria-label=\"Tov\u00e1bbi inform\u00e1ci\u00f3 a Hosted Marketing Automationr\u00f3l\"> <\/a><\/p>","protected":false},"author":9,"featured_media":0,"parent":0,"menu_order":0,"comment_status":"closed","ping_status":"closed","template":"","meta":{"inline_featured_image":false,"footnotes":""},"class_list":["post-15099","page","type-page","status-publish"],"_links":{"self":[{"href":"https:\/\/vibetrace.com\/hu\/wp-json\/wp\/v2\/pages\/15099","targetHints":{"allow":["GET"]}}],"collection":[{"href":"https:\/\/vibetrace.com\/hu\/wp-json\/wp\/v2\/pages"}],"about":[{"href":"https:\/\/vibetrace.com\/hu\/wp-json\/wp\/v2\/types\/page"}],"author":[{"embeddable":true,"href":"https:\/\/vibetrace.com\/hu\/wp-json\/wp\/v2\/users\/9"}],"replies":[{"embeddable":true,"href":"https:\/\/vibetrace.com\/hu\/wp-json\/wp\/v2\/comments?post=15099"}],"version-history":[{"count":0,"href":"https:\/\/vibetrace.com\/hu\/wp-json\/wp\/v2\/pages\/15099\/revisions"}],"wp:attachment":[{"href":"https:\/\/vibetrace.com\/hu\/wp-json\/wp\/v2\/media?parent=15099"}],"curies":[{"name":"wp","href":"https:\/\/api.w.org\/{rel}","templated":true}]}}