{"id":120,"date":"2021-08-11T08:36:45","date_gmt":"2021-08-11T08:36:45","guid":{"rendered":"https:\/\/vibetrace.com\/blog\/?page_id=120"},"modified":"2021-08-14T14:34:22","modified_gmt":"2021-08-14T14:34:22","slug":"ecommerce-crm","status":"publish","type":"page","link":"https:\/\/vibetrace.com\/hu\/e-kereskedelem-crm\/","title":{"rendered":"E-kereskedelmi CRM"},"content":{"rendered":"<div class=\"gb-container gb-container-6b1c7030\"><div class=\"gb-inside-container\">\n<div class=\"gb-grid-wrapper gb-grid-wrapper-c2668a42\">\n<div class=\"gb-grid-column gb-grid-column-e9f2de89\"><div class=\"gb-container gb-container-e9f2de89\"><div class=\"gb-inside-container\">\n\n<h1 class=\"gb-headline gb-headline-6198c2a0 gb-headline-text\">E-kereskedelmi CRM<\/h1>\n\n\n\n<p class=\"gb-headline gb-headline-c7d89497\"><span class=\"gb-icon\"><svg style=\"fill-rule:evenodd;clip-rule:evenodd;stroke-linejoin:round;stroke-miterlimit:2;\" xml:space=\"preserve\" xmlns:xlink=\"http:\/\/www.w3.org\/1999\/xlink\" xmlns=\"http:\/\/www.w3.org\/2000\/svg\" version=\"1.1\" viewbox=\"0 0 600 456\" height=\"100%\" width=\"100%\"><path style=\"fill-rule:nonzero;\" d=\"M214.5,443.5c-7.7,7.7 -16.4,11.6 -26.1,11.6c-9.7,0 -18.4,-3.9 -26.1,-11.6l-162.3,-162.3l52.2,-52.2l136.2,136.2l362.3,-365.2l49.3,52.2l-385.5,391.3Z\"><\/path><\/svg><\/span><span class=\"gb-headline-text\">N\u00f6velje a marketingkamp\u00e1nyok ROI-j\u00e1t gazdag \u00fcgyf\u00e9linform\u00e1ci\u00f3kkal<\/span><\/p>\n\n\n\n<p class=\"gb-headline gb-headline-7d862e64\"><span class=\"gb-icon\"><svg style=\"fill-rule:evenodd;clip-rule:evenodd;stroke-linejoin:round;stroke-miterlimit:2;\" xml:space=\"preserve\" xmlns:xlink=\"http:\/\/www.w3.org\/1999\/xlink\" xmlns=\"http:\/\/www.w3.org\/2000\/svg\" version=\"1.1\" viewbox=\"0 0 600 456\" height=\"100%\" width=\"100%\"><path style=\"fill-rule:nonzero;\" d=\"M214.5,443.5c-7.7,7.7 -16.4,11.6 -26.1,11.6c-9.7,0 -18.4,-3.9 -26.1,-11.6l-162.3,-162.3l52.2,-52.2l136.2,136.2l362.3,-365.2l49.3,52.2l-385.5,391.3Z\"><\/path><\/svg><\/span><span class=\"gb-headline-text\"><strong>A kommunik\u00e1ci\u00f3 szem\u00e9lyre szab\u00e1sa<\/strong>\u00a0minden \u00fcgyf\u00e9llel<\/span><\/p>\n\n\n\n<p class=\"gb-headline gb-headline-8511c2f6\"><span class=\"gb-icon\"><svg style=\"fill-rule:evenodd;clip-rule:evenodd;stroke-linejoin:round;stroke-miterlimit:2;\" xml:space=\"preserve\" xmlns:xlink=\"http:\/\/www.w3.org\/1999\/xlink\" xmlns=\"http:\/\/www.w3.org\/2000\/svg\" version=\"1.1\" viewbox=\"0 0 600 456\" height=\"100%\" width=\"100%\"><path style=\"fill-rule:nonzero;\" d=\"M214.5,443.5c-7.7,7.7 -16.4,11.6 -26.1,11.6c-9.7,0 -18.4,-3.9 -26.1,-11.6l-162.3,-162.3l52.2,-52.2l136.2,136.2l362.3,-365.2l49.3,52.2l-385.5,391.3Z\"><\/path><\/svg><\/span><span class=\"gb-headline-text\"><strong>N\u00f6velje az elk\u00f6telezetts\u00e9get<\/strong>\u00a0\u00e9s optimaliz\u00e1lja a h\u0171s\u00e9get<\/span><\/p>\n\n\n\n<p class=\"gb-headline gb-headline-3d67146b\"><span class=\"gb-icon\"><svg style=\"fill-rule:evenodd;clip-rule:evenodd;stroke-linejoin:round;stroke-miterlimit:2;\" xml:space=\"preserve\" xmlns:xlink=\"http:\/\/www.w3.org\/1999\/xlink\" xmlns=\"http:\/\/www.w3.org\/2000\/svg\" version=\"1.1\" viewbox=\"0 0 600 456\" height=\"100%\" width=\"100%\"><path style=\"fill-rule:nonzero;\" d=\"M214.5,443.5c-7.7,7.7 -16.4,11.6 -26.1,11.6c-9.7,0 -18.4,-3.9 -26.1,-11.6l-162.3,-162.3l52.2,-52.2l136.2,136.2l362.3,-365.2l49.3,52.2l-385.5,391.3Z\"><\/path><\/svg><\/span><span class=\"gb-headline-text\">Szegment\u00e1lja a felhaszn\u00e1l\u00f3kat \u00fcgyf\u00e9l\u00e9rt\u00e9k, \u00e9letciklus-tev\u00e9kenys\u00e9g vagy elk\u00f6telez\u0151d\u00e9s alapj\u00e1n<\/span><\/p>\n\n\n\n<p class=\"gb-headline gb-headline-1d94a96e\"><span class=\"gb-icon\"><svg style=\"fill-rule:evenodd;clip-rule:evenodd;stroke-linejoin:round;stroke-miterlimit:2;\" xml:space=\"preserve\" xmlns:xlink=\"http:\/\/www.w3.org\/1999\/xlink\" xmlns=\"http:\/\/www.w3.org\/2000\/svg\" version=\"1.1\" viewbox=\"0 0 600 456\" height=\"100%\" width=\"100%\"><path style=\"fill-rule:nonzero;\" d=\"M214.5,443.5c-7.7,7.7 -16.4,11.6 -26.1,11.6c-9.7,0 -18.4,-3.9 -26.1,-11.6l-162.3,-162.3l52.2,-52.2l136.2,136.2l362.3,-365.2l49.3,52.2l-385.5,391.3Z\"><\/path><\/svg><\/span><span class=\"gb-headline-text\">Hozza ki a legt\u00f6bbet minden \u00fcgyf\u00e9lb\u0151l, \u00e9s alkosson\u00a0<strong>ism\u00e9telje meg a v\u00e1s\u00e1rl\u00e1si magatart\u00e1st<\/strong><\/span><\/p>\n\n<\/div><\/div><\/div>\n\n<div class=\"gb-grid-column gb-grid-column-bf84404e\"><div class=\"gb-container gb-container-bf84404e\"><div class=\"gb-inside-container\">\n\n<figure class=\"wp-block-image size-full\"><img loading=\"lazy\" decoding=\"async\" width=\"598\" height=\"376\" src=\"https:\/\/vibetrace.com\/blog\/wp-content\/uploads\/2021\/08\/ecommerce-crm.webp\" alt=\"\" class=\"wp-image-443\" srcset=\"https:\/\/vibetrace.com\/wp-content\/uploads\/2021\/08\/ecommerce-crm.webp 598w, https:\/\/vibetrace.com\/wp-content\/uploads\/2021\/08\/ecommerce-crm-300x189.webp 300w\" sizes=\"auto, (max-width: 598px) 100vw, 598px\" \/><\/figure>\n\n<\/div><\/div><\/div>\n<\/div>\n<\/div><\/div>\n\n<div class=\"gb-container gb-container-3c675f5c\"><div class=\"gb-inside-container\">\n<div class=\"gb-grid-wrapper gb-grid-wrapper-9aa1cfd1\">\n<div class=\"gb-grid-column gb-grid-column-d47fa173\"><div class=\"gb-container gb-container-d47fa173 box-shadow\"><div class=\"gb-inside-container\">\n<div class=\"gb-button-wrapper gb-button-wrapper-b1932e92\">\n\n<a class=\"gb-button gb-button-90d9518b gb-button-text\" href=\"https:\/\/vibetrace.com\/hu\/blog\/pricing\/\">\u00c1rak megtekint\u00e9se<\/a>\n\n<\/div>\n\n\n<div class=\"gb-headline gb-headline-5039b65d gb-headline-text\">Az \u00d6n \u00fcgyfelei a legfontosabb eszk\u00f6zei. Hozza ki a legt\u00f6bbet, \u00e9s n\u00f6velje az elad\u00e1sokat.<\/div>\n\n<\/div><\/div><\/div>\n<\/div>\n<\/div><\/div>\n\n<div class=\"gb-container gb-container-4b9794f7\"><div class=\"gb-inside-container\">\n<div class=\"gb-grid-wrapper gb-grid-wrapper-41e9f2fa\">\n<div class=\"gb-grid-column gb-grid-column-25d49cf4\"><div class=\"gb-container gb-container-25d49cf4\"><div class=\"gb-inside-container\">\n\n<h3 class=\"wp-block-heading\">Szem\u00e9lyes szinten kommunik\u00e1lj<\/h3>\n\n\n\n<ul class=\"wp-block-list\"><li><strong>N\u00f6velje ROI-j\u00e1t a csatorn\u00e1kon kereszt\u00fcl az \u00fcgyfelekkel folytatott szem\u00e9lyre szabott kommunik\u00e1ci\u00f3s megk\u00f6zel\u00edt\u00e9ssel.<\/strong><\/li><li><strong>N\u00f6velje az elad\u00e1sokat \u00e9s a konverzi\u00f3s ar\u00e1nyokat<\/strong>&nbsp;az\u00e1ltal, hogy a vev\u0151t helyezi a kiskereskedelmi strat\u00e9gia k\u00f6z\u00e9ppontj\u00e1ba.<\/li><li>Adja meg a&nbsp;<strong>szem\u00e9lyre szabott v\u00e1s\u00e1rl\u00e1si \u00e9lm\u00e9ny<\/strong>&nbsp;az \u00fcgyfelek bevon\u00e1s\u00e1ra \u00e9s a h\u0171s\u00e9g kialak\u00edt\u00e1s\u00e1ra.<\/li><\/ul>\n\n\n\n<h3 class=\"wp-block-heading\">Customer Intelligence Engine<\/h3>\n\n\n\n<p>Az \u00f6sszes felhaszn\u00e1l\u00f3i inform\u00e1ci\u00f3t, tev\u00e9kenys\u00e9get \u00e9s v\u00e1s\u00e1rl\u00e1st az \u00fagynevezett Customer Intelligence Engine-ben gy\u0171jtj\u00fck \u00f6ssze. Ez a Vibetrace gerince, csatlakoztatva az \u00fczlet\u00e9hez&nbsp;<strong>a bev\u00e9tel \u00e9s a konverzi\u00f3s ar\u00e1ny n\u00f6vel\u00e9se automatiz\u00e1l\u00e1s \u00e9s szem\u00e9lyre szab\u00e1s r\u00e9v\u00e9n.<\/strong><\/p>\n\n<\/div><\/div><\/div>\n\n<div class=\"gb-grid-column gb-grid-column-b670558e\"><div class=\"gb-container gb-container-b670558e\"><div class=\"gb-inside-container\">\n\n<figure class=\"wp-block-image size-full\"><img loading=\"lazy\" decoding=\"async\" width=\"489\" height=\"436\" src=\"https:\/\/vibetrace.com\/blog\/wp-content\/uploads\/2021\/08\/personalized-communication-1.webp\" alt=\"\" class=\"wp-image-510\" srcset=\"https:\/\/vibetrace.com\/wp-content\/uploads\/2021\/08\/personalized-communication-1.webp 489w, https:\/\/vibetrace.com\/wp-content\/uploads\/2021\/08\/personalized-communication-1-300x267.webp 300w\" sizes=\"auto, (max-width: 489px) 100vw, 489px\" \/><\/figure>\n\n<\/div><\/div><\/div>\n<\/div>\n<\/div><\/div>\n\n<div class=\"gb-container gb-container-00c0c01c\"><div class=\"gb-inside-container\">\n<div class=\"gb-container gb-container-8a4fbb37\"><div class=\"gb-inside-container\">\n<div class=\"gb-grid-wrapper gb-grid-wrapper-07335223\">\n<div class=\"gb-grid-column gb-grid-column-d5084e57\"><div class=\"gb-container gb-container-d5084e57\"><div class=\"gb-inside-container\">\n\n<h4 class=\"has-text-align-center wp-block-heading\">Inform\u00e1ci\u00f3 gy\u0171jt\u00e9se<\/h4>\n\n\n\n<p>A Vibetrace intelligensen figyelembe veszi az egyes l\u00e1togat\u00f3kat a webhely\u00e9n val\u00f3 utaz\u00e1s sor\u00e1n. Nyomon k\u00f6veti, hogyan jutnak el webhely\u00e9re, milyen term\u00e9keket n\u00e9ztek meg, melyeket v\u00e1lasztanak ki vagy hagynak figyelmen k\u00edv\u00fcl, milyen v\u00e1s\u00e1rl\u00e1sokat hajtanak v\u00e9gre \u00e9s melyeket elhagynak.<\/p>\n\n<\/div><\/div><\/div>\n\n<div class=\"gb-grid-column gb-grid-column-85af019a\"><div class=\"gb-container gb-container-85af019a\"><div class=\"gb-inside-container\">\n\n<h4 class=\"has-text-align-center wp-block-heading\">Adatok elemz\u00e9se<\/h4>\n\n\n\n<p>Elemezz\u00fck a felhaszn\u00e1l\u00f3k viselked\u00e9s\u00e9t az \u00d6n webhely\u00e9n, az e-mailez\u00e9si tev\u00e9kenys\u00e9get, a l\u00e1togat\u00e1si folyamatot, \u00e9s ezeket vezet\u0151 viselked\u00e9smodellez\u00e9si technik\u00e1kba keverj\u00fck, hogy el\u0151re jelezz\u00fck a vev\u0151 k\u00edv\u00e1ns\u00e1gait \u00e9s ig\u00e9nyeit. Az adatok gy\u0171jt\u00e9se sor\u00e1n gazdag fogyaszt\u00f3i profil j\u00f6n l\u00e9tre.<\/p>\n\n<\/div><\/div><\/div>\n\n<div class=\"gb-grid-column gb-grid-column-8dc97181\"><div class=\"gb-container gb-container-8dc97181\"><div class=\"gb-inside-container\">\n\n<h5 class=\"has-text-align-center wp-block-heading\">Szem\u00e9lyre szab\u00e1s<\/h5>\n\n\n\n<p>Ez a profil a t\u00f6bbi v\u00e1s\u00e1rl\u00f3 tev\u00e9kenys\u00e9g\u00e9vel kombin\u00e1lva a term\u00e9kaj\u00e1nl\u00e1sok \u00e9s az oldal szem\u00e9lyre szab\u00e1s\u00e1nak alapja. Az eredm\u00e9ny minden l\u00e1togat\u00f3 sz\u00e1m\u00e1ra szem\u00e9lyre szabott v\u00e1s\u00e1rl\u00e1si \u00e9lm\u00e9ny: a nyit\u00f3oldalt\u00f3l a p\u00e9nzt\u00e1rig.<\/p>\n\n<\/div><\/div><\/div>\n<\/div>\n<\/div><\/div>\n<\/div><\/div>\n\n<div class=\"gb-container gb-container-7ffa1e8f\"><div class=\"gb-inside-container\">\n<div class=\"gb-grid-wrapper gb-grid-wrapper-d6af49d5\">\n<div class=\"gb-grid-column gb-grid-column-84ef6882\"><div class=\"gb-container gb-container-84ef6882\"><div class=\"gb-inside-container\">\n\n<h2 class=\"gb-headline gb-headline-357a88bf gb-headline-text\">Szeretne t\u00f6bbet megtudni a felhaszn\u00e1l\u00f3ir\u00f3l?<\/h2>\n\n<\/div><\/div><\/div>\n\n<div class=\"gb-grid-column gb-grid-column-4584798e\"><div class=\"gb-container gb-container-4584798e\"><div class=\"gb-inside-container\">\n<div class=\"gb-button-wrapper gb-button-wrapper-8d6a8be0\">\n\n<span class=\"gb-button gb-button-771305e4 gb-button-text\">Ismerje meg \u00fcgyfeleit, k\u00e9rjen bemutat\u00f3t<\/span>\n\n<\/div>\n<\/div><\/div><\/div>\n<\/div>\n\n\n<p class=\"has-text-align-center\">El\u0151sz\u00f6r rajtunk van, \u00e9s j\u00f3 p\u00e1r sz\u00e9p helyet ismer\u00fcnk<\/p>\n\n<\/div><\/div>","protected":false},"excerpt":{"rendered":"<p>El\u0151sz\u00f6r rajtunk van, \u00e9s j\u00f3 p\u00e1r sz\u00e9p helyet ismer\u00fcnk<\/p>","protected":false},"author":9,"featured_media":0,"parent":0,"menu_order":0,"comment_status":"closed","ping_status":"closed","template":"","meta":{"inline_featured_image":false,"footnotes":""},"class_list":["post-120","page","type-page","status-publish"],"_links":{"self":[{"href":"https:\/\/vibetrace.com\/hu\/wp-json\/wp\/v2\/pages\/120","targetHints":{"allow":["GET"]}}],"collection":[{"href":"https:\/\/vibetrace.com\/hu\/wp-json\/wp\/v2\/pages"}],"about":[{"href":"https:\/\/vibetrace.com\/hu\/wp-json\/wp\/v2\/types\/page"}],"author":[{"embeddable":true,"href":"https:\/\/vibetrace.com\/hu\/wp-json\/wp\/v2\/users\/9"}],"replies":[{"embeddable":true,"href":"https:\/\/vibetrace.com\/hu\/wp-json\/wp\/v2\/comments?post=120"}],"version-history":[{"count":0,"href":"https:\/\/vibetrace.com\/hu\/wp-json\/wp\/v2\/pages\/120\/revisions"}],"wp:attachment":[{"href":"https:\/\/vibetrace.com\/hu\/wp-json\/wp\/v2\/media?parent=120"}],"curies":[{"name":"wp","href":"https:\/\/api.w.org\/{rel}","templated":true}]}}