{"id":622,"date":"2021-08-15T06:31:18","date_gmt":"2021-08-15T06:31:18","guid":{"rendered":"https:\/\/vibetrace.com\/blog\/?page_id=622"},"modified":"2025-03-17T15:16:54","modified_gmt":"2025-03-17T15:16:54","slug":"marketing-automation-integrations","status":"publish","type":"page","link":"https:\/\/vibetrace.com\/fr\/marketing-automatisation-integrations\/","title":{"rendered":"Int\u00e9grations"},"content":{"rendered":"<div class=\"gb-container gb-container-c2b4f7f7\"><div class=\"gb-inside-container\">\n<div class=\"gb-grid-wrapper gb-grid-wrapper-6934b972\">\n<div class=\"gb-grid-column gb-grid-column-75c68282\"><div class=\"gb-container gb-container-75c68282\"><div class=\"gb-inside-container\">\n\n<h1 class=\"gb-headline gb-headline-91eb2c2e gb-headline-text\">Ajouter l&#039;automatisation du marketing au magasin de commerce \u00e9lectronique<\/h1>\n\n\n\n<p>Int\u00e9gration avec les plates-formes de commerce \u00e9lectronique les plus courantes \u00e0 l&#039;aide de modules, plugins, extensions ou applications.<\/p>\n\n\n\n<p>Si ton<strong> plateforme de commerce \u00e9lectronique<\/strong> n&#039;est pas r\u00e9pertori\u00e9 contactez-nous pour le faire faire ! <\/p>\n\n\n\n<p>Toutes les int\u00e9grations sont fournies<strong> gratuitement en tant que fonctionnalit\u00e9s compl\u00e9mentaires<\/strong>Bien que ces int\u00e9grations am\u00e9liorent les fonctionnalit\u00e9s, elles sont propos\u00e9es \u00ab telles quelles \u00bb et ne sont pas couvertes par notre support ou notre garantie.<br><br><br><br><\/p>\n\n<\/div><\/div><\/div>\n\n<div class=\"gb-grid-column gb-grid-column-829ccd04\"><div class=\"gb-container gb-container-829ccd04\"><div class=\"gb-inside-container\">\n\n<figure class=\"wp-block-image size-full\"><img loading=\"lazy\" decoding=\"async\" width=\"976\" height=\"1019\" src=\"https:\/\/vibetrace.com\/blog\/wp-content\/uploads\/2021\/08\/integration2.webp\" alt=\"\" class=\"wp-image-637\" srcset=\"https:\/\/vibetrace.com\/wp-content\/uploads\/2021\/08\/integration2.webp 976w, https:\/\/vibetrace.com\/wp-content\/uploads\/2021\/08\/integration2-287x300.webp 287w, https:\/\/vibetrace.com\/wp-content\/uploads\/2021\/08\/integration2-768x802.webp 768w\" sizes=\"auto, (max-width: 976px) 100vw, 976px\" \/><\/figure>\n\n<\/div><\/div><\/div>\n<\/div>\n<\/div><\/div>\n\n<div class=\"gb-container gb-container-66ff8dcf\"><div class=\"gb-inside-container\">\n<div class=\"gb-grid-wrapper gb-grid-wrapper-45051440\">\n<div class=\"gb-grid-column gb-grid-column-06d791a0\"><div class=\"gb-container gb-container-06d791a0\"><div class=\"gb-inside-container\">\n\n<figure class=\"wp-block-image size-large\"><img loading=\"lazy\" decoding=\"async\" width=\"1024\" height=\"1012\" src=\"https:\/\/vibetrace.com\/blog\/wp-content\/uploads\/2021\/08\/integrations-1024x1012.webp\" alt=\"\" class=\"wp-image-638\" srcset=\"https:\/\/vibetrace.com\/wp-content\/uploads\/2021\/08\/integrations-1024x1012.webp 1024w, https:\/\/vibetrace.com\/wp-content\/uploads\/2021\/08\/integrations-300x297.webp 300w, https:\/\/vibetrace.com\/wp-content\/uploads\/2021\/08\/integrations-768x759.webp 768w, https:\/\/vibetrace.com\/wp-content\/uploads\/2021\/08\/integrations.webp 1056w\" sizes=\"auto, (max-width: 1024px) 100vw, 1024px\" \/><\/figure>\n\n<\/div><\/div><\/div>\n\n<div class=\"gb-grid-column gb-grid-column-e54bac35\"><div class=\"gb-container gb-container-e54bac35\"><div class=\"gb-inside-container\">\n\n<h2 class=\"wp-block-heading\">Toutes les fonctionnalit\u00e9s en quelques clics<\/h2>\n\n\n\n<p>Communiquez avec vos clients via les canaux les plus efficaces :<\/p>\n\n\n\n<ul class=\"wp-block-list\">\n<li>publicit\u00e9 par e-mail<\/li>\n\n\n\n<li>notifications webpush<\/li>\n\n\n\n<li>Commercialisation par SMS<\/li>\n<\/ul>\n\n\n\n<p>Personnalisez le site Web avec :<\/p>\n\n\n\n<ul class=\"wp-block-list\">\n<li>\u00e9diteur de contenu intelligent<\/li>\n\n\n\n<li>recommandations de produits<\/li>\n<\/ul>\n\n\n\n<p>Guider les utilisateurs pour acheter\u00a0:<\/p>\n\n\n\n<ul class=\"wp-block-list\">\n<li>messages dynamiques<\/li>\n\n\n\n<li>popups ou widgets<\/li>\n<\/ul>\n\n\n\n<p>Segmentation de la client\u00e8le<\/p>\n\n\n\n<ul class=\"wp-block-list\">\n<li>listes de destinataires<\/li>\n\n\n\n<li>segments dynamiques<\/li>\n\n\n\n<li>auditoires intelligents<\/li>\n<\/ul>\n\n<\/div><\/div><\/div>\n<\/div>\n<\/div><\/div>\n\n<div class=\"gb-container gb-container-79335e6f\"><div class=\"gb-inside-container\">\n<div class=\"gb-grid-wrapper gb-grid-wrapper-cad3b67f\">\n<div class=\"gb-grid-column gb-grid-column-300cbee3\"><div class=\"gb-container gb-container-300cbee3\"><div class=\"gb-inside-container\">\n\n<figure class=\"wp-block-image size-large\"><img loading=\"lazy\" decoding=\"async\" width=\"1024\" height=\"506\" src=\"https:\/\/vibetrace.com\/blog\/wp-content\/uploads\/2021\/08\/woocommerce-1024x506.webp\" alt=\"\" class=\"wp-image-25\" srcset=\"https:\/\/vibetrace.com\/wp-content\/uploads\/2021\/08\/woocommerce-1024x506.webp 1024w, https:\/\/vibetrace.com\/wp-content\/uploads\/2021\/08\/woocommerce-300x148.webp 300w, https:\/\/vibetrace.com\/wp-content\/uploads\/2021\/08\/woocommerce-768x379.webp 768w, https:\/\/vibetrace.com\/wp-content\/uploads\/2021\/08\/woocommerce.webp 1029w\" sizes=\"auto, (max-width: 1024px) 100vw, 1024px\" \/><\/figure>\n\n<\/div><\/div><\/div>\n\n<div class=\"gb-grid-column gb-grid-column-dd51dc00\"><div class=\"gb-container gb-container-dd51dc00\"><div class=\"gb-inside-container\">\n\n<figure class=\"wp-block-image size-large\"><img loading=\"lazy\" decoding=\"async\" width=\"1024\" height=\"222\" src=\"https:\/\/vibetrace.com\/blog\/wp-content\/uploads\/2021\/08\/prestashop-1024x222.webp\" alt=\"\" class=\"wp-image-17\" srcset=\"https:\/\/vibetrace.com\/wp-content\/uploads\/2021\/08\/prestashop-1024x222.webp 1024w, https:\/\/vibetrace.com\/wp-content\/uploads\/2021\/08\/prestashop-300x65.webp 300w, https:\/\/vibetrace.com\/wp-content\/uploads\/2021\/08\/prestashop-768x166.webp 768w, https:\/\/vibetrace.com\/wp-content\/uploads\/2021\/08\/prestashop.webp 1174w\" sizes=\"auto, (max-width: 1024px) 100vw, 1024px\" \/><\/figure>\n\n<\/div><\/div><\/div>\n\n<div class=\"gb-grid-column gb-grid-column-bb3d2f62\"><div class=\"gb-container gb-container-bb3d2f62\"><div class=\"gb-inside-container\">\n\n<figure class=\"wp-block-image size-large\"><img loading=\"lazy\" decoding=\"async\" width=\"1024\" height=\"362\" src=\"https:\/\/vibetrace.com\/blog\/wp-content\/uploads\/2021\/08\/magento-1024x362.webp\" alt=\"\" class=\"wp-image-15\" srcset=\"https:\/\/vibetrace.com\/wp-content\/uploads\/2021\/08\/magento-1024x362.webp 1024w, https:\/\/vibetrace.com\/wp-content\/uploads\/2021\/08\/magento-300x106.webp 300w, https:\/\/vibetrace.com\/wp-content\/uploads\/2021\/08\/magento-768x271.webp 768w, https:\/\/vibetrace.com\/wp-content\/uploads\/2021\/08\/magento.webp 1283w\" sizes=\"auto, (max-width: 1024px) 100vw, 1024px\" \/><\/figure>\n\n<\/div><\/div><\/div>\n\n<div class=\"gb-grid-column gb-grid-column-d55643e5\"><div class=\"gb-container gb-container-d55643e5\"><div class=\"gb-inside-container\">\n\n<figure class=\"wp-block-image size-full\"><img loading=\"lazy\" decoding=\"async\" width=\"939\" height=\"507\" src=\"https:\/\/vibetrace.com\/blog\/wp-content\/uploads\/2021\/08\/opencart.webp\" alt=\"\" class=\"wp-image-16\" srcset=\"https:\/\/vibetrace.com\/wp-content\/uploads\/2021\/08\/opencart.webp 939w, https:\/\/vibetrace.com\/wp-content\/uploads\/2021\/08\/opencart-300x162.webp 300w, https:\/\/vibetrace.com\/wp-content\/uploads\/2021\/08\/opencart-768x415.webp 768w\" sizes=\"auto, (max-width: 939px) 100vw, 939px\" \/><\/figure>\n\n<\/div><\/div><\/div>\n\n<div class=\"gb-grid-column gb-grid-column-da51a487\"><div class=\"gb-container gb-container-da51a487\"><div class=\"gb-inside-container\">\n\n<figure class=\"wp-block-image size-large\"><img loading=\"lazy\" decoding=\"async\" width=\"1024\" height=\"367\" src=\"https:\/\/vibetrace.com\/blog\/wp-content\/uploads\/2021\/08\/shopify-gray-1024x367.webp\" alt=\"\" class=\"wp-image-20\" srcset=\"https:\/\/vibetrace.com\/wp-content\/uploads\/2021\/08\/shopify-gray-1024x367.webp 1024w, https:\/\/vibetrace.com\/wp-content\/uploads\/2021\/08\/shopify-gray-300x108.webp 300w, https:\/\/vibetrace.com\/wp-content\/uploads\/2021\/08\/shopify-gray-768x276.webp 768w, https:\/\/vibetrace.com\/wp-content\/uploads\/2021\/08\/shopify-gray.webp 1098w\" sizes=\"auto, (max-width: 1024px) 100vw, 1024px\" \/><\/figure>\n\n<\/div><\/div><\/div>\n<\/div>\n<\/div><\/div>\n\n<div class=\"gb-container gb-container-88195033\"><div class=\"gb-inside-container\">\n<div class=\"gb-grid-wrapper gb-grid-wrapper-33b1bbe2\">\n<div class=\"gb-grid-column gb-grid-column-f7e248d5\"><div class=\"gb-container gb-container-f7e248d5\"><div class=\"gb-inside-container\">\n\n<h2 class=\"wp-block-heading has-text-align-center\">Int\u00e9grations avec les plateformes de commerce \u00e9lectronique<\/h2>\n\n<\/div><\/div><\/div>\n<\/div>\n<\/div><\/div>\n\n<div class=\"gb-container gb-container-c61238a2\"><div class=\"gb-inside-container\">\n<div class=\"gb-grid-wrapper gb-grid-wrapper-26ab5a29\">\n<div class=\"gb-grid-column gb-grid-column-425d553b\"><div class=\"gb-container gb-container-425d553b\"><div class=\"gb-inside-container\">\n\n<figure class=\"wp-block-image size-large is-resized\"><img loading=\"lazy\" decoding=\"async\" width=\"150\" height=\"42\" src=\"https:\/\/vibetrace.com\/wp-content\/uploads\/2022\/05\/Shopify_logo_2018-1-2.svg\" alt=\"\" class=\"wp-image-14398\" style=\"width:292px;height:82px\"\/><\/figure>\n\n<\/div><\/div><\/div>\n\n<div class=\"gb-grid-column gb-grid-column-b2657ce2\"><div class=\"gb-container gb-container-b2657ce2\"><div class=\"gb-inside-container\">\n\n<h3 class=\"gb-headline gb-headline-0f4f80ed gb-headline-text\">Shopify et Shopify Plus<\/h3>\n\n\n\n<p>L&#039;int\u00e9gration de Shopify \u00e0 Vibetrace automatisera les \u00e9l\u00e9ments suivants\u00a0:<\/p>\n\n\n\n<ul class=\"wp-block-list\">\n<li>Suivi des \u00e9v\u00e9nements<\/li>\n\n\n\n<li>Donn\u00e9es du catalogue de produits<\/li>\n\n\n\n<li>Informations sur le profil<\/li>\n\n\n\n<li>Clients existants (sur demande)<\/li>\n<\/ul>\n\n<\/div><\/div><\/div>\n<\/div>\n<\/div><\/div>\n\n<div class=\"gb-container gb-container-c96be2fe\"><div class=\"gb-inside-container\">\n\n<hr class=\"wp-block-separator has-alpha-channel-opacity\"\/>\n\n\n<div class=\"gb-grid-wrapper gb-grid-wrapper-c3b7a8ac\">\n<div class=\"gb-grid-column gb-grid-column-0e78139e\"><div class=\"gb-container gb-container-0e78139e\"><div class=\"gb-inside-container\">\n\n<figure class=\"wp-block-image size-large is-resized\"><img loading=\"lazy\" decoding=\"async\" width=\"206\" height=\"34\" src=\"https:\/\/vibetrace.com\/wp-content\/uploads\/2022\/05\/prestashop-seeklogo.com-1.svg\" alt=\"\" class=\"wp-image-14394\" style=\"width:307px;height:51px\"\/><\/figure>\n\n<\/div><\/div><\/div>\n\n<div class=\"gb-grid-column gb-grid-column-3bc085dd\"><div class=\"gb-container gb-container-3bc085dd\"><div class=\"gb-inside-container\">\n\n<h3 class=\"gb-headline gb-headline-d796b85e gb-headline-text\">Prestashop <\/h3>\n\n\n\n<p>Vibetrace fournit un plugin Prestashop pour l&#039;int\u00e9gration<\/p>\n\n\n\n<ul class=\"wp-block-list\">\n<li>Suivi des \u00e9v\u00e9nements<\/li>\n\n\n\n<li>Donn\u00e9es du catalogue de produits<\/li>\n\n\n\n<li>Informations sur le profil<\/li>\n\n\n\n<li>Clients existants (sur demande)<\/li>\n<\/ul>\n\n<\/div><\/div><\/div>\n<\/div>\n<\/div><\/div>\n\n<div class=\"gb-container gb-container-8df60b3e\"><div class=\"gb-inside-container\">\n\n<hr class=\"wp-block-separator has-alpha-channel-opacity\"\/>\n\n\n<div class=\"gb-grid-wrapper gb-grid-wrapper-255b595a\">\n<div class=\"gb-grid-column gb-grid-column-6dab3a8f\"><div class=\"gb-container gb-container-6dab3a8f\"><div class=\"gb-inside-container\">\n\n<figure class=\"wp-block-image size-large is-resized\"><img loading=\"lazy\" decoding=\"async\" width=\"1200\" height=\"800\" src=\"https:\/\/vibetrace.com\/wp-content\/uploads\/2022\/11\/Magento-Logo.wine_.svg\" alt=\"\" class=\"wp-image-15552\" style=\"width:372px;height:248px\"\/><\/figure>\n\n<\/div><\/div><\/div>\n\n<div class=\"gb-grid-column gb-grid-column-f3c0ee94\"><div class=\"gb-container gb-container-f3c0ee94\"><div class=\"gb-inside-container\">\n\n<h3 class=\"gb-headline gb-headline-ecdc5bde gb-headline-text\">Magento <\/h3>\n\n\n\n<p>Vibetrace fournit une extension Magento pour l&#039;int\u00e9gration. Il prend \u00e9galement en charge la version 1.9 ainsi que 2.x, en utilisant diff\u00e9rentes versions de l&#039;extension<\/p>\n\n\n\n<ul class=\"wp-block-list\">\n<li>Suivi des \u00e9v\u00e9nements<\/li>\n\n\n\n<li>Donn\u00e9es du catalogue de produits<\/li>\n\n\n\n<li>Informations sur le profil<\/li>\n\n\n\n<li>Clients existants (sur demande)<\/li>\n<\/ul>\n\n\n\n<p>Il fonctionne \u00e9galement avec plusieurs sites dans Magento.<\/p>\n\n<\/div><\/div><\/div>\n<\/div>\n<\/div><\/div>\n\n<div class=\"gb-container gb-container-1fa2f518\"><div class=\"gb-inside-container\">\n\n<hr class=\"wp-block-separator has-alpha-channel-opacity\"\/>\n\n\n<div class=\"gb-grid-wrapper gb-grid-wrapper-c83823d2\">\n<div class=\"gb-grid-column gb-grid-column-7a2cf2d3\"><div class=\"gb-container gb-container-7a2cf2d3\"><div class=\"gb-inside-container\">\n\n<figure class=\"wp-block-image size-large is-resized\"><img loading=\"lazy\" decoding=\"async\" width=\"1200\" height=\"800\" src=\"https:\/\/vibetrace.com\/wp-content\/uploads\/2022\/11\/OpenCart-Logo.wine_.svg\" alt=\"\" class=\"wp-image-15551\" style=\"width:342px;height:228px\"\/><\/figure>\n\n<\/div><\/div><\/div>\n\n<div class=\"gb-grid-column gb-grid-column-d0eef0d4\"><div class=\"gb-container gb-container-d0eef0d4\"><div class=\"gb-inside-container\">\n\n<h3 class=\"gb-headline gb-headline-e125f7c2 gb-headline-text\">Opencart <\/h3>\n\n\n\n<p>Vibetrace fournit une int\u00e9gration avec Opencart via un module d\u00e9di\u00e9. Si vous ex\u00e9cutez sur Opencart 2.x ou 3.x devrait sans probl\u00e8me. Facile \u00e0 installer et \u00e0 configurer.<\/p>\n\n\n\n<ul class=\"wp-block-list\">\n<li>Suivi des \u00e9v\u00e9nements<\/li>\n\n\n\n<li>Donn\u00e9es du catalogue de produits<\/li>\n\n\n\n<li>Informations sur le profil<\/li>\n\n\n\n<li>Clients existants (sur demande)<\/li>\n<\/ul>\n\n\n\n<p><\/p>\n\n<\/div><\/div><\/div>\n<\/div>\n<\/div><\/div>\n\n<div class=\"gb-container gb-container-4be5ca6f\"><div class=\"gb-inside-container\">\n\n<hr class=\"wp-block-separator has-alpha-channel-opacity\"\/>\n\n\n<div class=\"gb-grid-wrapper gb-grid-wrapper-3f3fde5f\">\n<div class=\"gb-grid-column gb-grid-column-a32a6fb4\"><div class=\"gb-container gb-container-a32a6fb4\"><div class=\"gb-inside-container\">\n\n<figure class=\"wp-block-image size-large is-resized\"><img loading=\"lazy\" decoding=\"async\" width=\"1200\" height=\"800\" src=\"https:\/\/vibetrace.com\/wp-content\/uploads\/2022\/11\/WordPress-Logo.wine_.svg\" alt=\"\" class=\"wp-image-15554\" style=\"width:246px;height:164px\"\/><\/figure>\n\n\n\n<figure class=\"wp-block-image size-large is-resized\"><img loading=\"lazy\" decoding=\"async\" width=\"1200\" height=\"800\" src=\"https:\/\/vibetrace.com\/wp-content\/uploads\/2022\/11\/WooCommerce-Logo.wine_.svg\" alt=\"\" class=\"wp-image-15553\" style=\"width:201px;height:134px\"\/><\/figure>\n\n<\/div><\/div><\/div>\n\n<div class=\"gb-grid-column gb-grid-column-727900f3\"><div class=\"gb-container gb-container-727900f3\"><div class=\"gb-inside-container\">\n\n<h3 class=\"gb-headline gb-headline-d413c56c gb-headline-text\">WordPress + Woocommerce<\/h3>\n\n\n\n<p>Si vous exploitez votre boutique en ligne sur WordPress + Woocommerce, vous disposez de 2 modules. Un qui fonctionne uniquement sur les sites WordPress (pas de catalogue de produits) et un pour Woocommerce (catalogue de produits et options de commerce \u00e9lectronique)<\/p>\n\n\n\n<ul class=\"wp-block-list\">\n<li>Suivi des \u00e9v\u00e9nements<\/li>\n\n\n\n<li>Donn\u00e9es du catalogue de produits<\/li>\n\n\n\n<li>Informations sur le profil<\/li>\n<\/ul>\n\n\n\n<p><\/p>\n\n<\/div><\/div><\/div>\n<\/div>\n<\/div><\/div>\n\n<div class=\"gb-container gb-container-4405b082\"><div class=\"gb-inside-container\">\n\n<hr class=\"wp-block-separator has-alpha-channel-opacity\"\/>\n\n\n<div class=\"gb-grid-wrapper gb-grid-wrapper-c42c355e\">\n<div class=\"gb-grid-column gb-grid-column-f1a07a3e\"><div class=\"gb-container gb-container-f1a07a3e\"><div class=\"gb-inside-container\">\n\n<p>Coutume <\/p>\n\n<\/div><\/div><\/div>\n\n<div class=\"gb-grid-column gb-grid-column-d3629e29\"><div class=\"gb-container gb-container-d3629e29\"><div class=\"gb-inside-container\">\n\n<h3 class=\"gb-headline gb-headline-e9d8c645 gb-headline-text\">Plateforme personnalis\u00e9e \/ autre<\/h3>\n\n\n\n<p>Si votre entreprise num\u00e9rique fonctionne sur un CMS diff\u00e9rent et que vous souhaitez y ajouter Vibetrace Marketing Automation, nous pouvons le faire (gratuitement ou moyennant des frais).<\/p>\n\n\n\n<ul class=\"wp-block-list\">\n<li>Donn\u00e9es du catalogue de produits<\/li>\n\n\n\n<li>TagManager (int\u00e9gration JS)<\/li>\n\n\n\n<li>Synchronisation du catalogue de produits<\/li>\n<\/ul>\n\n<\/div><\/div><\/div>\n<\/div>\n<\/div><\/div>\n\n<div class=\"gb-container gb-container-6d36e379\"><div class=\"gb-inside-container\">\n<div class=\"gb-grid-wrapper gb-grid-wrapper-4031ee55\">\n<div class=\"gb-grid-column gb-grid-column-477fa7aa\"><div class=\"gb-container gb-container-477fa7aa\"><div class=\"gb-inside-container\"><\/div><\/div><\/div>\n\n<div class=\"gb-grid-column gb-grid-column-52199f6e\"><div class=\"gb-container gb-container-52199f6e\"><div class=\"gb-inside-container\">\n\n<h2 class=\"gb-headline gb-headline-05fa8b4f gb-headline-text\">Vous ne savez pas comment vous int\u00e9grer ? Contactez-nous pour nos services g\u00e9r\u00e9s.<\/h2>\n\n\n<div class=\"gb-button-wrapper gb-button-wrapper-cfd29e19\">\n\n<span class=\"gb-button gb-button-a75e6e9d gb-button-text vt-register\">Contactez-nous<\/span>\n\n<\/div>\n<\/div><\/div><\/div>\n\n<div class=\"gb-grid-column gb-grid-column-b5a6fc58\"><div class=\"gb-container gb-container-b5a6fc58\"><div class=\"gb-inside-container\"><\/div><\/div><\/div>\n<\/div>\n<\/div><\/div>\n\n<div class=\"gb-container gb-container-59dab31f\"><div class=\"gb-inside-container\">\n<div class=\"gb-grid-wrapper gb-grid-wrapper-9273d0ba\">\n<div class=\"gb-grid-column gb-grid-column-280e37c7\"><div class=\"gb-container gb-container-280e37c7\"><div class=\"gb-inside-container\">\n\n<h2 class=\"gb-headline gb-headline-47392e57 gb-headline-text\">Int\u00e9grations avec d&#039;autres logiciels de marketing<\/h2>\n\n<\/div><\/div><\/div>\n<\/div>\n<\/div><\/div>\n\n<div class=\"gb-container gb-container-3fdfc1f1\"><div class=\"gb-inside-container\">\n\n<hr class=\"wp-block-separator has-alpha-channel-opacity\"\/>\n\n\n<div class=\"gb-grid-wrapper gb-grid-wrapper-01dcaa63\">\n<div class=\"gb-grid-column gb-grid-column-7ccb53cb\"><div class=\"gb-container gb-container-7ccb53cb\"><div class=\"gb-inside-container\">\n\n<figure class=\"wp-block-image size-large is-resized\"><img loading=\"lazy\" decoding=\"async\" width=\"113\" height=\"56\" src=\"https:\/\/vibetrace.com\/wp-content\/uploads\/2022\/05\/google_analytics-ar21-1-1-1.svg\" alt=\"\" class=\"wp-image-14423\" style=\"width:214px;height:106px\"\/><\/figure>\n\n<\/div><\/div><\/div>\n\n<div class=\"gb-grid-column gb-grid-column-30b59197\"><div class=\"gb-container gb-container-30b59197\"><div class=\"gb-inside-container\">\n\n<h3 class=\"gb-headline gb-headline-884d9fdb gb-headline-text\">Google Analytics<\/h3>\n\n\n\n<p>Int\u00e9grez notre logiciel d&#039;automatisation du marketing \u00e0 Google Analytics pour\u00a0:<\/p>\n\n\n\n<ul class=\"wp-block-list\">\n<li>co-suivi des param\u00e8tres UTM<\/li>\n\n\n\n<li>Rapports de marketing par e-mail dans Google Analytics<\/li>\n\n\n\n<li>\u00c9v\u00e9nements et objectifs personnalis\u00e9s<\/li>\n\n\n\n<li>Soumissions de formulaire<\/li>\n\n\n\n<li>ID de l&#039;utilisateur<\/li>\n<\/ul>\n\n<\/div><\/div><\/div>\n<\/div>\n<\/div><\/div>\n\n<div class=\"gb-container gb-container-ac072bd4\"><div class=\"gb-inside-container\">\n\n<hr class=\"wp-block-separator has-alpha-channel-opacity\"\/>\n\n\n<div class=\"gb-grid-wrapper gb-grid-wrapper-625db84f\">\n<div class=\"gb-grid-column gb-grid-column-2f75117b\"><div class=\"gb-container gb-container-2f75117b\"><div class=\"gb-inside-container\">\n\n<p>ESP sur site ou personnalis\u00e9<\/p>\n\n<\/div><\/div><\/div>\n\n<div class=\"gb-grid-column gb-grid-column-6e5ed89f\"><div class=\"gb-container gb-container-6e5ed89f\"><div class=\"gb-inside-container\">\n\n<h3 class=\"gb-headline gb-headline-c1489d92 gb-headline-text\">Fournisseurs de services de messagerie<\/h3>\n\n\n\n<p>Nous prenons en charge l&#039;int\u00e9gration pr\u00eate \u00e0 l&#039;emploi avec\u00a0:<\/p>\n\n\n\n<ul class=\"wp-block-list\">\n<li>Sparkpost<\/li>\n\n\n\n<li>Mandrill<\/li>\n\n\n\n<li>Mailgun<\/li>\n\n\n\n<li>Grille d&#039;envoi<\/li>\n\n\n\n<li>Amazon SE<\/li>\n\n\n\n<li>Netcore (ex Pepipost)<\/li>\n\n\n\n<li>n&#039;importe quel SMTP<\/li>\n<\/ul>\n\n<\/div><\/div><\/div>\n<\/div>\n<\/div><\/div>\n\n<div class=\"gb-container gb-container-4ff70561\"><div class=\"gb-inside-container\">\n\n<hr class=\"wp-block-separator has-alpha-channel-opacity\"\/>\n\n\n<div class=\"gb-grid-wrapper gb-grid-wrapper-f9c740f6\">\n<div class=\"gb-grid-column gb-grid-column-37124722\"><div class=\"gb-container gb-container-37124722\">\n\n<h3 class=\"gb-headline gb-headline-5125b0fa gb-headline-text\">Fournisseurs de services tiers<\/h3>\n\n\n\n<p>Nous d\u00e9veloppons des applications personnalis\u00e9es \u00e0 int\u00e9grer avec divers fournisseurs de syst\u00e8mes\u00a0:<\/p>\n\n\n\n<ul class=\"wp-block-list\">\n<li><a href=\"https:\/\/clarity.microsoft.com\/\" target=\"_blank\" rel=\"noopener\">Clart\u00e9 Microsoft<\/a><\/li>\n\n\n\n<li><a href=\"https:\/\/profitmetrics.io\/\" target=\"_blank\" rel=\"noopener\">Profitmetrics.io<\/a><\/li>\n\n\n\n<li><a href=\"https:\/\/mailchimp.com\/\" target=\"_blank\" rel=\"noopener\">MailChimp<\/a><\/li>\n<\/ul>\n\n<\/div><\/div>\n<\/div>\n<\/div><\/div>","protected":false},"excerpt":{"rendered":"","protected":false},"author":9,"featured_media":0,"parent":0,"menu_order":0,"comment_status":"closed","ping_status":"closed","template":"","meta":{"inline_featured_image":false,"footnotes":""},"class_list":["post-622","page","type-page","status-publish"],"_links":{"self":[{"href":"https:\/\/vibetrace.com\/fr\/wp-json\/wp\/v2\/pages\/622","targetHints":{"allow":["GET"]}}],"collection":[{"href":"https:\/\/vibetrace.com\/fr\/wp-json\/wp\/v2\/pages"}],"about":[{"href":"https:\/\/vibetrace.com\/fr\/wp-json\/wp\/v2\/types\/page"}],"author":[{"embeddable":true,"href":"https:\/\/vibetrace.com\/fr\/wp-json\/wp\/v2\/users\/9"}],"replies":[{"embeddable":true,"href":"https:\/\/vibetrace.com\/fr\/wp-json\/wp\/v2\/comments?post=622"}],"version-history":[{"count":3,"href":"https:\/\/vibetrace.com\/fr\/wp-json\/wp\/v2\/pages\/622\/revisions"}],"predecessor-version":[{"id":26724,"href":"https:\/\/vibetrace.com\/fr\/wp-json\/wp\/v2\/pages\/622\/revisions\/26724"}],"wp:attachment":[{"href":"https:\/\/vibetrace.com\/fr\/wp-json\/wp\/v2\/media?parent=622"}],"curies":[{"name":"wp","href":"https:\/\/api.w.org\/{rel}","templated":true}]}}