{"id":600,"date":"2021-08-14T18:19:47","date_gmt":"2021-08-14T18:19:47","guid":{"rendered":"https:\/\/vibetrace.com\/blog\/?page_id=600"},"modified":"2021-08-23T10:37:02","modified_gmt":"2021-08-23T10:37:02","slug":"why-vibetrace","status":"publish","type":"page","link":"https:\/\/vibetrace.com\/fr\/pourquoi-vibetrace\/","title":{"rendered":"Pourquoi Vibetrace"},"content":{"rendered":"<div class=\"gb-container gb-container-65dc0282\"><div class=\"gb-inside-container\">\n\n<h1 class=\"gb-headline gb-headline-c6197b0e gb-headline-text\">Pourquoi nous<\/h1>\n\n\n\n<p class=\"gb-headline gb-headline-3fe98b7a gb-headline-text\">Nous pensons qu&#039;un service exceptionnel est id\u00e9al pour les entreprises<\/p>\n\n<\/div><\/div>\n\n<div class=\"gb-container gb-container-ca70e7d4\"><div class=\"gb-inside-container\">\n<div class=\"gb-grid-wrapper gb-grid-wrapper-2224c9a9\">\n<div class=\"gb-grid-column gb-grid-column-3cb2db8a\"><div class=\"gb-container gb-container-3cb2db8a\"><div class=\"gb-inside-container\">\n\n<h4 class=\"wp-block-heading\">Exp\u00e9rience de commerce \u00e9lectronique<\/h4>\n\n\n\n<p class=\"\">Depuis 2007, nous travaillons avec diverses entreprises en ligne pour les aider \u00e0 augmenter leur taux de conversion. Dans ce temps&nbsp;<strong>nous avons utilis\u00e9 plus de quelques dizaines d&#039;outils pour nos clients.<\/strong><\/p>\n\n<\/div><\/div><\/div>\n\n<div class=\"gb-grid-column gb-grid-column-281c305b\"><div class=\"gb-container gb-container-281c305b\"><div class=\"gb-inside-container\">\n\n<h4 class=\"wp-block-heading\">Nous testons (encore) des outils concurrents<\/h4>\n\n\n\n<p class=\"\">Des solutions de marketing par e-mail aux tests A\/B, des cr\u00e9ateurs de formulaires de contact aux widgets de partage social, des recommandations de produits aux banni\u00e8res bas\u00e9es sur la m\u00e9t\u00e9o, nous les avons tous essay\u00e9s. Certains ont bien fonctionn\u00e9, d&#039;autres non. Entre-temps&nbsp;<strong>nous avons trouv\u00e9 ce dont les d\u00e9taillants en ligne ont vraiment besoin, alors nous avons commenc\u00e9 \u00e0 cr\u00e9er le n\u00f4tre.<\/strong><\/p>\n\n<\/div><\/div><\/div>\n\n<div class=\"gb-grid-column gb-grid-column-51ef2e8e\"><div class=\"gb-container gb-container-51ef2e8e\"><div class=\"gb-inside-container\">\n\n<h4 class=\"wp-block-heading\">Travail acharn\u00e9 impliqu\u00e9<\/h4>\n\n\n\n<p class=\"\">Actuellement Vibetrace c&#039;est un&nbsp;<strong>outil simple \u00e0 utiliser mais puissant<\/strong>&nbsp;qui aide les sp\u00e9cialistes du marketing e-commerce&nbsp;<strong>convertir le trafic en ventes en utilisant la personnalisation et l&#039;automatisation.<\/strong><\/p>\n\n<\/div><\/div><\/div>\n\n<div class=\"gb-grid-column gb-grid-column-58f91747\"><div class=\"gb-container gb-container-58f91747\"><div class=\"gb-inside-container\">\n\n<h4 class=\"wp-block-heading\">De bons sp\u00e9cialistes<\/h4>\n\n\n\n<p class=\"\">C&#039;est le travail continu de programmeurs tr\u00e8s qualifi\u00e9s, de techniciens intelligents et de grands designers sous la direction de&nbsp;<strong>plusieurs sp\u00e9cialistes du commerce \u00e9lectronique<\/strong>, data scientists et chefs de produits pour l&#039;am\u00e9liorer chaque jour.<\/p>\n\n<\/div><\/div><\/div>\n<\/div>\n<\/div><\/div>\n\n<div class=\"gb-container gb-container-ea29bac9\"><div class=\"gb-inside-container\">\n<div class=\"gb-grid-wrapper gb-grid-wrapper-7eca65fa\">\n<div class=\"gb-grid-column gb-grid-column-a05264a0\"><div class=\"gb-container gb-container-a05264a0\"><div class=\"gb-inside-container\">\n\n<h2 class=\"wp-block-heading\">Un aper\u00e7u rapide de notre \u00e9quipe et de ce que nous avons r\u00e9alis\u00e9\u00a0:<\/h2>\n\n\n\n<ul class=\"wp-block-list\"><li>Tous nos clients sont avec nous depuis le d\u00e9but.<\/li><li>Nous avons des clients de trois continents : Europe, Australie et Am\u00e9rique<\/li><li>La plus forte augmentation du taux de conversion a \u00e9t\u00e9 de 73,6% pour un client moyen. (dizaines de commandes par jour)<\/li><li>Le plus beau jour dans la collecte de prospects a \u00e9t\u00e9 le 27 septembre 2013 avec 7392 adresses e-mail pour un client<\/li><li>Pour les petits clients (&lt; 10 commandes\/jour) l&#039;augmentation est sup\u00e9rieure \u00e0 100%.<\/li><\/ul>\n\n<\/div><\/div><\/div>\n\n<div class=\"gb-grid-column gb-grid-column-b801391d\"><div class=\"gb-container gb-container-b801391d\"><div class=\"gb-inside-container\"><\/div><\/div><\/div>\n<\/div>\n<\/div><\/div>","protected":false},"excerpt":{"rendered":"<p>Pourquoi nous ? Nous pensons qu&#039;un service exceptionnel est excellent pour les affaires.<\/p>","protected":false},"author":9,"featured_media":0,"parent":0,"menu_order":0,"comment_status":"closed","ping_status":"closed","template":"","meta":{"inline_featured_image":false,"footnotes":""},"class_list":["post-600","page","type-page","status-publish"],"_links":{"self":[{"href":"https:\/\/vibetrace.com\/fr\/wp-json\/wp\/v2\/pages\/600","targetHints":{"allow":["GET"]}}],"collection":[{"href":"https:\/\/vibetrace.com\/fr\/wp-json\/wp\/v2\/pages"}],"about":[{"href":"https:\/\/vibetrace.com\/fr\/wp-json\/wp\/v2\/types\/page"}],"author":[{"embeddable":true,"href":"https:\/\/vibetrace.com\/fr\/wp-json\/wp\/v2\/users\/9"}],"replies":[{"embeddable":true,"href":"https:\/\/vibetrace.com\/fr\/wp-json\/wp\/v2\/comments?post=600"}],"version-history":[{"count":0,"href":"https:\/\/vibetrace.com\/fr\/wp-json\/wp\/v2\/pages\/600\/revisions"}],"wp:attachment":[{"href":"https:\/\/vibetrace.com\/fr\/wp-json\/wp\/v2\/media?parent=600"}],"curies":[{"name":"wp","href":"https:\/\/api.w.org\/{rel}","templated":true}]}}