{"id":26629,"date":"2024-08-07T12:22:32","date_gmt":"2024-08-07T12:22:32","guid":{"rendered":"https:\/\/vibetrace.com\/?page_id=26629"},"modified":"2024-08-07T12:22:33","modified_gmt":"2024-08-07T12:22:33","slug":"essential-resources-for-digital-marketers-and-agencies","status":"publish","type":"page","link":"https:\/\/vibetrace.com\/fr\/ressources-essentielles-pour-les-specialistes-du-marketing-numerique-et-les-agences\/","title":{"rendered":"Ressources essentielles pour les sp\u00e9cialistes du marketing num\u00e9rique et les agences"},"content":{"rendered":"<p>Que vous soyez un sp\u00e9cialiste du marketing chevronn\u00e9 ou d\u00e9butant, disposer des bons outils et des bonnes ressources peut faire toute la diff\u00e9rence. De la ma\u00eetrise du r\u00e9f\u00e9rencement et du PPC \u00e0 la cr\u00e9ation de contenu engageant, en passant par l&#039;analyse de donn\u00e9es ou le marketing par e-mail, le paysage du marketing num\u00e9rique est vaste et en constante \u00e9volution.<\/p>\n\n\n\n<p>Voici votre guide de r\u00e9f\u00e9rence, compilant les meilleures ressources que les sp\u00e9cialistes du marketing num\u00e9rique devraient avoir dans leur bo\u00eete \u00e0 outils. <\/p>\n\n\n\n<p>Nous avons dress\u00e9 une liste compl\u00e8te d&#039;outils, de sites Web et de plateformes essentiels qui couvrent tous les aspects du marketing num\u00e9rique. Ces ressources vous aideront \u00e0 am\u00e9liorer vos comp\u00e9tences, \u00e0 rationaliser votre flux de travail et, en fin de compte, \u00e0 obtenir de meilleurs r\u00e9sultats pour vos campagnes.<a href=\"https:\/\/www.reddit.com\/r\/agency\/?f=flair_name%3A%22r%2FAgency%20Updates%22\" target=\"_blank\" rel=\"noopener\"><\/a><\/p>\n\n\n\n<h2 class=\"wp-block-heading\">PPC\/Recherche payante<\/h2>\n\n\n\n<ul class=\"wp-block-list\">\n<li><a href=\"https:\/\/www.amazon.com\/Becoming-Digital-Marketer-Tech-Driven-Marketing\/dp\/1733794875\/\" target=\"_blank\" rel=\"noreferrer noopener\">Devenir un sp\u00e9cialiste du marketing num\u00e9rique : acqu\u00e9rir les comp\u00e9tences techniques et g\u00e9n\u00e9rales pour une carri\u00e8re en marketing ax\u00e9e sur la technologie<\/a>\u00a0par Gil et Anya Gildner<\/li>\n\n\n\n<li><a href=\"https:\/\/www.amazon.com\/Beginners-Guide-Google-Ads-Everything\/dp\/1733794808\" target=\"_blank\" rel=\"noreferrer noopener\">Le guide du d\u00e9butant sur Google Ads<\/a>\u00a0par Anya Gildner<\/li>\n\n\n\n<li><a href=\"https:\/\/www.amazon.com\/Unlevel-Playing-Field-Biggest-Mindshift\/dp\/1544523335\/\" target=\"_blank\" rel=\"noreferrer noopener\">In\u00e9galiser les r\u00e8gles du jeu : le plus grand changement de mentalit\u00e9 de l&#039;histoire du PPC<\/a>\u00a0par Frederick Vallaeys<\/li>\n\n\n\n<li><a href=\"https:\/\/www.amazon.com\/Ponderings-Professional-Philosophical-Pay-Click\/dp\/0578770199\/\" target=\"_blank\" rel=\"noreferrer noopener\">R\u00e9flexions d&#039;un professionnel du PPC<\/a>\u00a0par Kirk Williams<\/li>\n<\/ul>\n\n\n\n<h2 class=\"wp-block-heading\">D\u00e9marrer une agence ou une entreprise<\/h2>\n\n\n\n<ul class=\"wp-block-list\">\n<li><a href=\"https:\/\/www.amazon.com\/Building-Successful-Micro-Agency-Profitable-Sustainable\/dp\/1733794840\" target=\"_blank\" rel=\"noreferrer noopener\">Cr\u00e9er une micro-agence performante : un guide pour d\u00e9marrer des agences de marketing num\u00e9rique rentables et durables<\/a>\u00a0par Gil et Anya Gildner<\/li>\n\n\n\n<li><a href=\"https:\/\/www.amazon.com\/Zero-One-Notes-Startups-Future\/dp\/0804139296\/\" target=\"_blank\" rel=\"noreferrer noopener\">De z\u00e9ro \u00e0 un : notes sur les startups ou comment construire l&#039;avenir<\/a>\u00a0par Peter Thiel et Blake Masters<\/li>\n\n\n\n<li><a href=\"https:\/\/www.amazon.com\/Stop-Scale-Building-Digital-Actually\/dp\/B09Z9QZWYL\" target=\"_blank\" rel=\"noreferrer noopener\">Arr\u00eatez la balance : cr\u00e9ez une agence num\u00e9rique qui vous pla\u00eet vraiment<\/a>\u00a0par Kirk Williams<\/li>\n\n\n\n<li><a href=\"https:\/\/www.amazon.com\/Digital-Marketing-AI-World-Futureproofing\/dp\/1544513372\/\" target=\"_blank\" rel=\"noreferrer noopener\">Le marketing num\u00e9rique dans un monde d&#039;IA : p\u00e9renniser votre agence PPC<\/a>\u00a0par Fred Vallaeys<\/li>\n\n\n\n<li><a href=\"https:\/\/www.amazon.com\/Good-Great-Some-Companies-Others-ebook\/dp\/B0058DRUV6\" target=\"_blank\" rel=\"noreferrer noopener\">De bon \u00e0 excellent<\/a>\u00a0par Jim Collins<\/li>\n<\/ul>\n\n\n\n<h2 class=\"wp-block-heading\">PPC\/Recherche payante<\/h2>\n\n\n\n<ul class=\"wp-block-list\">\n<li><a href=\"https:\/\/www.discosloth.com\/beginners-guide-to-ppc\/?utm_source=ZATO%20Blog&amp;utm_medium=referral&amp;utm_campaign=where-to-start-in-ppc-blogpost\" target=\"_blank\" rel=\"noreferrer noopener\">Le guide du d\u00e9butant sur la publicit\u00e9 PPC<\/a>\u00a0par Discosloth (gratuit)<\/li>\n\n\n\n<li><a href=\"https:\/\/www.amazon.com\/Beginners-Guide-Google-Ads-Everything\/dp\/1733794808\" target=\"_blank\" rel=\"noreferrer noopener\">Le guide du d\u00e9butant sur Google Ads<\/a>\u00a0par Anya Gildner<\/li>\n\n\n\n<li><a href=\"https:\/\/www.godtierads.com\/framework\/\" target=\"_blank\" rel=\"noreferrer noopener\">Annonces de niveau divin<\/a>\u00a0par Ed Leake<\/li>\n\n\n\n<li><a href=\"https:\/\/www.amazon.com\/Ponderings-Professional-Philosophical-Pay-Click\/dp\/0578770199\/\" target=\"_blank\" rel=\"noreferrer noopener\">R\u00e9flexions d&#039;un professionnel du PPC<\/a>\u00a0par Kirk Williams<\/li>\n\n\n\n<li><a href=\"https:\/\/www.amazon.com\/Unlevel-Playing-Field-Biggest-Mindshift\/dp\/1544523335\/\" target=\"_blank\" rel=\"noreferrer noopener\">In\u00e9galiser les r\u00e8gles du jeu : le plus grand changement de mentalit\u00e9 de l&#039;histoire du PPC<\/a>\u00a0par Frederick Vallaeys<\/li>\n\n\n\n<li><a href=\"https:\/\/www.udemy.com\/course\/the-ultimate-google-adwords-training-course\/\" target=\"_blank\" rel=\"noreferrer noopener\">Formation ultime sur Google Ads 2021<\/a>\u00a0par Isaac Rudansky (obsol\u00e8te)<\/li>\n<\/ul>\n\n\n\n<h2 class=\"wp-block-heading\">R\u00e9f\u00e9rencement<\/h2>\n\n\n\n<ul class=\"wp-block-list\">\n<li><a href=\"https:\/\/moz.com\/beginners-guide-to-seo\" target=\"_blank\" rel=\"noreferrer noopener\">Guide du d\u00e9butant en mati\u00e8re de r\u00e9f\u00e9rencement<\/a>\u00a0par Rand Fishkin<\/li>\n\n\n\n<li><a href=\"https:\/\/zyppy.com\/seo-success-factors\/\" target=\"_blank\" rel=\"noreferrer noopener\">Plus de 100 facteurs de classement Google<\/a>\u00a0par Zyppy<\/li>\n\n\n\n<li><a href=\"https:\/\/developers.google.com\/search\/docs\/fundamentals\/seo-starter-guide\" target=\"_blank\" rel=\"noreferrer noopener\">Guide de d\u00e9marrage SEO<\/a>\u00a0de Google<\/li>\n\n\n\n<li><a href=\"https:\/\/blog.hubspot.com\/marketing\/seo\" target=\"_blank\" rel=\"noreferrer noopener\">Le guide ultime du r\u00e9f\u00e9rencement en 2023<\/a>\u00a0de Hubspot<\/li>\n<\/ul>\n\n\n\n<h2 class=\"wp-block-heading\">E-mail<\/h2>\n\n\n\n<p>Quelle que soit votre activit\u00e9 d&#039;e-mailing, il existe deux grandes cat\u00e9gories : l&#039;e-mailing \u00e0 froid (outreach) et l&#039;e-mail marketing. La fa\u00e7on simple de comprendre la diff\u00e9rence est que pour l&#039;e-mailing \u00e0 froid, vous achetez\/trouvez des listes d&#039;adresses e-mail pour essayer de leur vendre quelque chose, alors que le v\u00e9ritable marketing par e-mail consiste \u00e0 cr\u00e9er des listes et \u00e0 interagir avec les abonn\u00e9s au fil du temps.<\/p>\n\n\n\n<ul class=\"wp-block-list\">\n<li><a href=\"https:\/\/backlinko.com\/email-marketing-guide\" target=\"_blank\" rel=\"noopener\">Guide de marketing par courriel<\/a> Lien retour<\/li>\n\n\n\n<li><a href=\"https:\/\/www.litmus.com\/blog\/\" target=\"_blank\" rel=\"noopener\">Le blog de Litmus<\/a> \u2013 surtout pour la partie technique du courrier \u00e9lectronique<\/li>\n\n\n\n<li><a href=\"https:\/\/academy.hubspot.com\/courses\/email-marketing\" target=\"_blank\" rel=\"noopener\">Cours de marketing par e-mail<\/a> \u2013 HubSpot<\/li>\n\n\n\n<li><a href=\"https:\/\/www.coursera.org\/learn\/think-outside-the-inbox\" target=\"_blank\" rel=\"noopener\">Sortez des sentiers battus : le marketing par e-mail<\/a> \u2013 Google\/Coursera<\/li>\n\n\n\n<li><a href=\"https:\/\/www.linkedin.com\/learning\/email-and-newsletter-marketing-foundations\/welcome\" target=\"_blank\" rel=\"noopener\">Les bases du marketing par e-mail<\/a> \u2013 Linkedin<\/li>\n<\/ul>","protected":false},"excerpt":{"rendered":"<p>Que vous soyez un sp\u00e9cialiste du marketing chevronn\u00e9 ou d\u00e9butant, disposer des bons outils et des bonnes ressources\u2026 <a title=\"Ressources essentielles pour les sp\u00e9cialistes du marketing num\u00e9rique et les agences\" class=\"read-more\" href=\"https:\/\/vibetrace.com\/fr\/ressources-essentielles-pour-les-specialistes-du-marketing-numerique-et-les-agences\/\" aria-label=\"En savoir plus sur Ressources essentielles pour les sp\u00e9cialistes du marketing num\u00e9rique et les agences\"> <\/a><\/p>","protected":false},"author":9,"featured_media":0,"parent":0,"menu_order":0,"comment_status":"closed","ping_status":"closed","template":"","meta":{"inline_featured_image":false,"footnotes":""},"class_list":["post-26629","page","type-page","status-publish"],"_links":{"self":[{"href":"https:\/\/vibetrace.com\/fr\/wp-json\/wp\/v2\/pages\/26629","targetHints":{"allow":["GET"]}}],"collection":[{"href":"https:\/\/vibetrace.com\/fr\/wp-json\/wp\/v2\/pages"}],"about":[{"href":"https:\/\/vibetrace.com\/fr\/wp-json\/wp\/v2\/types\/page"}],"author":[{"embeddable":true,"href":"https:\/\/vibetrace.com\/fr\/wp-json\/wp\/v2\/users\/9"}],"replies":[{"embeddable":true,"href":"https:\/\/vibetrace.com\/fr\/wp-json\/wp\/v2\/comments?post=26629"}],"version-history":[{"count":1,"href":"https:\/\/vibetrace.com\/fr\/wp-json\/wp\/v2\/pages\/26629\/revisions"}],"predecessor-version":[{"id":26630,"href":"https:\/\/vibetrace.com\/fr\/wp-json\/wp\/v2\/pages\/26629\/revisions\/26630"}],"wp:attachment":[{"href":"https:\/\/vibetrace.com\/fr\/wp-json\/wp\/v2\/media?parent=26629"}],"curies":[{"name":"wp","href":"https:\/\/api.w.org\/{rel}","templated":true}]}}