{"id":26547,"date":"2024-07-31T07:56:19","date_gmt":"2024-07-31T07:56:19","guid":{"rendered":"https:\/\/vibetrace.com\/?page_id=26547"},"modified":"2024-07-31T08:00:06","modified_gmt":"2024-07-31T08:00:06","slug":"content-partnership","status":"publish","type":"page","link":"https:\/\/vibetrace.com\/fr\/partenariat-de-contenu\/","title":{"rendered":"Partenariat de contenu"},"content":{"rendered":"<p>Souhaitez-vous produire ensemble un contenu de qualit\u00e9 et de qualit\u00e9\u00a0? Nous aussi !<\/p>\n\n\n\n<p>Dans le monde en ligne, les partenariats fonctionnent tr\u00e8s bien lorsque les deux parties en b\u00e9n\u00e9ficient. Si vous souhaitez collaborer sur un contenu, notre exp\u00e9rience est li\u00e9e \u00e0 :<\/p>\n\n\n\n<ul class=\"wp-block-list\">\n<li>informations sur les donn\u00e9es, analyses, notamment li\u00e9es au commerce \u00e9lectronique, aux voyages en ligne et aux services financiers<\/li>\n\n\n\n<li>automatisation du marketing, omnicanal\u00a0: marketing par e-mail, SMS, notifications push, marketing WhatsApp<\/li>\n\n\n\n<li>exp\u00e9rience client : personnalisation, taux de conversion, fid\u00e9lisation<\/li>\n\n\n\n<li>plateformes de donn\u00e9es clients\u00a0: analyse de donn\u00e9es, segments clients, mod\u00e8les clients<\/li>\n<\/ul>\n\n\n\n<p><\/p>\n\n\n\n<p><strong>Avantages de faire un partenariat de contenu<\/strong><\/p>\n\n\n\n<ul class=\"wp-block-list\">\n<li>Exposition \u00e0 un public plus large.<\/li>\n\n\n\n<li>Am\u00e9liorer la cr\u00e9dibilit\u00e9 de votre marque<\/li>\n\n\n\n<li>Croissance mutuelle et opportunit\u00e9s d\u2019apprentissage<\/li>\n\n\n\n<li>Acc\u00e8s \u00e0 nos informations sur les donn\u00e9es, \u00e0 nos ressources d&#039;experts internes et \u00e0 nos outils<\/li>\n<\/ul>\n\n\n\n<p><strong>Ce que nous recherchons<\/strong><\/p>\n\n\n\n<ul class=\"wp-block-list\">\n<li>Normes de contenu de qualit\u00e9 (par exemple, originalit\u00e9, pertinence, valeur)<\/li>\n\n\n\n<li>Public cible et pertinence pour l\u2019industrie. Nous nous concentrons ici sur les publics suivants\u00a0: agences num\u00e9riques, commerce \u00e9lectronique, services en ligne, vente au d\u00e9tail. <\/li>\n\n\n\n<li>Peu importe votre taille, contactez-nous et commen\u00e7ons \u00e0 en parler.<\/li>\n\n\n\n<li>S\u00e9rieux <\/li>\n<\/ul>\n\n\n\n<p>Nous recherchons des partenariats qui apportent un contenu nouveau, original et pr\u00e9cieux \u00e0 notre public. Cela inclut des articles de blog, des vid\u00e9os, des \u00e9tudes de cas et d&#039;autres formes de contenu pertinents pour notre secteur. Notre objectif principal est de cr\u00e9er un contenu qui correspond aux int\u00e9r\u00eats de notre public et qui apporte une r\u00e9elle valeur ajout\u00e9e.<\/p>\n\n\n\n<p><strong>Comment collaborer<\/strong><\/p>\n\n\n\n<ul class=\"wp-block-list\">\n<li>Pr\u00eat \u00e0 collaborer avec nous ? Voici comment:\n<ol class=\"wp-block-list\">\n<li><strong>Atteindre:<\/strong> Envoyez-nous un email \u00e0 <strong>contact@vibetrace.com<\/strong> avec votre id\u00e9e ou proposition. Incluez ce dont vous pensez avoir besoin de notre part<\/li>\n\n\n\n<li><strong>Revoir:<\/strong> Notre \u00e9quipe examinera votre proposition et vous r\u00e9pondra dans un d\u00e9lai d&#039;une semaine.<\/li>\n\n\n\n<li><strong>Collaborer:<\/strong> Une fois convenu, nous travaillerons ensemble pour cr\u00e9er et promouvoir le contenu.<\/li>\n\n\n\n<li><strong>Publier:<\/strong> Nous publierons le contenu sur notre plateforme et en ferons la promotion via nos canaux (m\u00e9dias sociaux + e-mail + publicit\u00e9)<\/li>\n<\/ol>\n<\/li>\n<\/ul>\n\n\n\n<p>Si vous \u00eates int\u00e9ress\u00e9 par les articles d&#039;invit\u00e9s, vous pouvez <a href=\"https:\/\/vibetrace.com\/fr\/guest-post-ecrivez-pour-nous\/\" data-type=\"page\" data-id=\"20855\">lisez nos exigences ici<\/a>.<\/p>","protected":false},"excerpt":{"rendered":"<p>Vous souhaitez produire ensemble du contenu de qualit\u00e9 ? Nous aussi ! Dans le \u2026 <a title=\"Partenariat de contenu\" class=\"read-more\" href=\"https:\/\/vibetrace.com\/fr\/partenariat-de-contenu\/\" aria-label=\"En savoir plus sur Content Partnership\"> <\/a><\/p>","protected":false},"author":9,"featured_media":0,"parent":0,"menu_order":0,"comment_status":"closed","ping_status":"closed","template":"","meta":{"inline_featured_image":false,"footnotes":""},"class_list":["post-26547","page","type-page","status-publish"],"_links":{"self":[{"href":"https:\/\/vibetrace.com\/fr\/wp-json\/wp\/v2\/pages\/26547","targetHints":{"allow":["GET"]}}],"collection":[{"href":"https:\/\/vibetrace.com\/fr\/wp-json\/wp\/v2\/pages"}],"about":[{"href":"https:\/\/vibetrace.com\/fr\/wp-json\/wp\/v2\/types\/page"}],"author":[{"embeddable":true,"href":"https:\/\/vibetrace.com\/fr\/wp-json\/wp\/v2\/users\/9"}],"replies":[{"embeddable":true,"href":"https:\/\/vibetrace.com\/fr\/wp-json\/wp\/v2\/comments?post=26547"}],"version-history":[{"count":2,"href":"https:\/\/vibetrace.com\/fr\/wp-json\/wp\/v2\/pages\/26547\/revisions"}],"predecessor-version":[{"id":26550,"href":"https:\/\/vibetrace.com\/fr\/wp-json\/wp\/v2\/pages\/26547\/revisions\/26550"}],"wp:attachment":[{"href":"https:\/\/vibetrace.com\/fr\/wp-json\/wp\/v2\/media?parent=26547"}],"curies":[{"name":"wp","href":"https:\/\/api.w.org\/{rel}","templated":true}]}}