{"id":25843,"date":"2024-03-26T11:44:13","date_gmt":"2024-03-26T11:44:13","guid":{"rendered":"https:\/\/vibetrace.com\/?page_id=25843"},"modified":"2024-03-26T11:45:34","modified_gmt":"2024-03-26T11:45:34","slug":"connected-media","status":"publish","type":"page","link":"https:\/\/vibetrace.com\/fr\/medias-connectes\/","title":{"rendered":"M\u00e9dias connect\u00e9s"},"content":{"rendered":"<p>Les \u00ab m\u00e9dias connect\u00e9s \u00bb font r\u00e9f\u00e9rence \u00e0 l&#039;int\u00e9gration de divers canaux et appareils num\u00e9riques pour offrir aux consommateurs des exp\u00e9riences fluides et personnalis\u00e9es. <\/p>\n\n\n\n<p>Dans le contexte du marketing et de la publicit\u00e9, les m\u00e9dias connect\u00e9s offrent aux marques d&#039;importantes opportunit\u00e9s d&#039;interagir avec leurs publics cibles sur plusieurs points de contact, notamment les smartphones, les tablettes, les ordinateurs de bureau, les t\u00e9l\u00e9viseurs intelligents, les appareils portables, etc. <\/p>\n\n\n\n<p>Dans un monde o\u00f9 les consommateurs utilisent diff\u00e9rents canaux de communication, vous devez pouvoir utiliser : e-mail, SMS, site Web, WhatsApp et tout ce qui manque.<\/p>\n\n\n\n<p>Les principales caract\u00e9ristiques et opportunit\u00e9s des m\u00e9dias connect\u00e9s dans le marketing et la publicit\u00e9 comprennent\u00a0:<\/p>\n\n\n\n<ol class=\"wp-block-list\">\n<li><strong>Int\u00e9gration multicanal\u00a0:<\/strong> Les m\u00e9dias connect\u00e9s permettent aux marques d&#039;int\u00e9grer leurs efforts marketing sur diff\u00e9rents canaux tels que les r\u00e9seaux sociaux, le courrier \u00e9lectronique, les moteurs de recherche, la publicit\u00e9 display et les applications mobiles. Cette int\u00e9gration permet une exp\u00e9rience de marque coh\u00e9rente et coh\u00e9rente pour les consommateurs lorsqu&#039;ils interagissent avec la marque sur diverses plateformes.<\/li>\n\n\n\n<li><strong>Personnalisation et ciblage\u00a0:<\/strong> Gr\u00e2ce \u00e0 l&#039;acc\u00e8s \u00e0 de riches donn\u00e9es sur les consommateurs et \u00e0 des capacit\u00e9s de ciblage avanc\u00e9es, les m\u00e9dias connect\u00e9s permettent aux marques de proposer un contenu et des publicit\u00e9s personnalis\u00e9s adapt\u00e9s aux pr\u00e9f\u00e9rences, aux comportements et aux donn\u00e9es d\u00e9mographiques de chaque consommateur. Cette approche personnalis\u00e9e am\u00e9liore l&#039;engagement et augmente la pertinence des messages marketing, conduisant \u00e0 des taux de conversion et un retour sur investissement plus \u00e9lev\u00e9s.<\/li>\n\n\n\n<li><strong>Suivi multi-appareils\u00a0:<\/strong> Les m\u00e9dias connect\u00e9s permettent un suivi multi-appareils, permettant aux sp\u00e9cialistes du marketing de comprendre comment les consommateurs interagissent avec leur marque sur diff\u00e9rents appareils et canaux. Cette vue compl\u00e8te du comportement des consommateurs permet une mod\u00e9lisation d&#039;attribution plus pr\u00e9cise et une optimisation des campagnes marketing afin de maximiser l&#039;efficacit\u00e9 et l&#039;efficience.<\/li>\n\n\n\n<li><strong>Communication en temps r\u00e9el\u00a0:<\/strong> Les m\u00e9dias connect\u00e9s facilitent la communication en temps r\u00e9el entre les marques et les consommateurs, permettant un feedback, un support client et un engagement instantan\u00e9s. Les marques peuvent exploiter les donn\u00e9es en temps r\u00e9el pour r\u00e9pondre rapidement aux demandes des consommateurs, r\u00e9pondre aux pr\u00e9occupations et tirer parti des opportunit\u00e9s \u00e9mergentes sur le march\u00e9.<\/li>\n\n\n\n<li><strong>Exp\u00e9riences interactives\u00a0:<\/strong> Les m\u00e9dias connect\u00e9s ouvrent des opportunit\u00e9s pour des exp\u00e9riences interactives et immersives, telles que la r\u00e9alit\u00e9 augment\u00e9e (AR), la r\u00e9alit\u00e9 virtuelle (VR), la diffusion en direct et la gamification. Ces exp\u00e9riences interactives captivent le public et approfondissent l\u2019engagement envers la marque, favorisant ainsi la fid\u00e9lit\u00e9 et la d\u00e9fense de la marque.<\/li>\n\n\n\n<li><strong>Mesures et analyses\u00a0:<\/strong> Les m\u00e9dias connect\u00e9s offrent de solides capacit\u00e9s de mesure et d&#039;analyse, permettant aux sp\u00e9cialistes du marketing de suivre et d&#039;analyser les performances de leurs campagnes en temps r\u00e9el. Gr\u00e2ce \u00e0 des mesures telles que les impressions, les clics, les conversions et les taux d&#039;engagement, les marques peuvent obtenir des informations pr\u00e9cieuses sur l&#039;efficacit\u00e9 de leurs efforts marketing et optimiser leurs strat\u00e9gies en cons\u00e9quence.<\/li>\n<\/ol>","protected":false},"excerpt":{"rendered":"<p>Les \u00ab m\u00e9dias connect\u00e9s \u00bb font r\u00e9f\u00e9rence \u00e0 l\u2019int\u00e9gration de divers canaux et appareils num\u00e9riques pour offrir une exp\u00e9rience fluide \u2026 <a title=\"M\u00e9dias connect\u00e9s\" class=\"read-more\" href=\"https:\/\/vibetrace.com\/fr\/medias-connectes\/\" aria-label=\"En savoir plus sur M\u00e9dias Connect\u00e9s\"> <\/a><\/p>","protected":false},"author":9,"featured_media":0,"parent":0,"menu_order":0,"comment_status":"closed","ping_status":"closed","template":"","meta":{"inline_featured_image":false,"footnotes":""},"class_list":["post-25843","page","type-page","status-publish"],"_links":{"self":[{"href":"https:\/\/vibetrace.com\/fr\/wp-json\/wp\/v2\/pages\/25843","targetHints":{"allow":["GET"]}}],"collection":[{"href":"https:\/\/vibetrace.com\/fr\/wp-json\/wp\/v2\/pages"}],"about":[{"href":"https:\/\/vibetrace.com\/fr\/wp-json\/wp\/v2\/types\/page"}],"author":[{"embeddable":true,"href":"https:\/\/vibetrace.com\/fr\/wp-json\/wp\/v2\/users\/9"}],"replies":[{"embeddable":true,"href":"https:\/\/vibetrace.com\/fr\/wp-json\/wp\/v2\/comments?post=25843"}],"version-history":[{"count":3,"href":"https:\/\/vibetrace.com\/fr\/wp-json\/wp\/v2\/pages\/25843\/revisions"}],"predecessor-version":[{"id":25847,"href":"https:\/\/vibetrace.com\/fr\/wp-json\/wp\/v2\/pages\/25843\/revisions\/25847"}],"wp:attachment":[{"href":"https:\/\/vibetrace.com\/fr\/wp-json\/wp\/v2\/media?parent=25843"}],"curies":[{"name":"wp","href":"https:\/\/api.w.org\/{rel}","templated":true}]}}